{"id":9962,"date":"2022-11-15T10:05:20","date_gmt":"2022-11-15T10:05:20","guid":{"rendered":"https:\/\/www.sunkaraoke.hu\/?post_type=product&#038;p=9962"},"modified":"2025-08-16T06:09:12","modified_gmt":"2025-08-16T04:09:12","slug":"betli-duo-az-egyiknek-sikerul-2022","status":"publish","type":"product","link":"https:\/\/www.sunkaraoke.hu\/index.php\/termek\/betli-duo-az-egyiknek-sikerul-2022\/","title":{"rendered":"<div class=\"wcmp-player-container product-9962\"><audio controlslist=\"nodownload\" data-product=\"9962\"  volume=\"1\"  preload=\"none\" data-lazyloading=\"none\" class=\"wcmp-player track mejs-classic\" data-duration=\"0:31\" data-estimated_duration=\"4\"><source src=\"https:\/\/www.sunkaraoke.hu\/wp-content\/uploads\/2022\/11\/Az-egyiknek-sikerul_demo.mp3\" type=\"audio\/mp3\" \/><\/audio><\/div>Betli Duo &#8211; Az egyiknek siker\u00fcl (Original)"},"content":{"rendered":"<p><strong>03:14<\/strong> | <strong><img loading=\"lazy\" decoding=\"async\" class=\"alignnone size-full wp-image-467\" src=\"https:\/\/www.sunkaraoke.hu\/wp-content\/uploads\/2022\/07\/choir_2-copy.webp\" alt=\"\" width=\"30\" height=\"30\" \/> <\/strong><\/p>\n","protected":false},"excerpt":{"rendered":"<h6><strong>Bits\u0171r\u0171s\u00e9g: 320kb\/s<\/strong><br \/>\n<strong>Hossz:03:14<\/strong><\/h6>\n<h6><strong>Vok\u00e1lt tartalmaz: Nem <img loading=\"lazy\" decoding=\"async\" class=\"alignnone size-full wp-image-467\" src=\"http:\/\/www.sunkaraoke.hu\/wp-content\/uploads\/2022\/07\/choir_2-copy.png\" alt=\"\" width=\"30\" height=\"30\" \/><\/strong><\/h6>\n<p>Sunkaraoke mp3 st\u00fadi\u00f3 \/ www.sunkaraoke.hu \/ Inf: Tel: 06 20 4275001<\/p>\n<p>&#8212;Intr\u00f3&#8212;<br \/>\nEgyszer volt, nem is olyan r\u00e9gen,<br \/>\nhol nem volt, angyali vid\u00e9ken.<br \/>\nNizz\u00e1ban \u00f6reg zongorista r\u00f3tta.<br \/>\nH\u0171s pezsg\u0151 csillog\u00f3 poh\u00e1rba,<br \/>\nott \u00fclt\u00fcnk a divatos b\u00e1rba&#8217;,<br \/>\nakkor lett n\u00e9pszer\u0171v\u00e9 ez a n\u00f3ta.<br \/>\nAz egyiknek siker\u00fcl, a m\u00e1siknak nem,<br \/>\na sors olykor nem tudja mit akar.<br \/>\nAz egyiknek kider\u00fcl, s a Nap f\u00e9nylik fenn,<br \/>\na m\u00e1siknak nem jut, csak zivatar.<br \/>\nAz \u00e9n sz\u00edvem nem sejti, mi a cs\u00f3kos napsug\u00e1r,<br \/>\nmert n\u00e9kem nincs senkim, ki sz\u00edv dobogva hazav\u00e1r.<br \/>\nAz egyiknek siker\u00fcl, a m\u00e1siknak nem,<br \/>\na sors olykor nem tudja mit akar.<br \/>\nEgyszer volt, nem is olyan r\u00e9gen,<br \/>\nhol nem volt, angyali vid\u00e9ken,<br \/>\nNizz\u00e1ban \u00f6reg zongorista r\u00f3tta.<br \/>\nH\u0171s pezsg\u0151, csillog\u00f3 poh\u00e1rba,<br \/>\nott \u00fclt\u00fcnk, a divatos b\u00e1rba&#8217;,<br \/>\nakkor lett n\u00e9pszer\u0171v\u00e9 ez a n\u00f3ta.<br \/>\nAz egyiknek siker\u00fcl, a m\u00e1siknak nem,<br \/>\na sors olykor nem tudja mit akar.<br \/>\nAz egyiknek kider\u00fcl, s a Nap f\u00e9nylik fenn,<br \/>\na m\u00e1siknak nem jut, csak zivatar.<br \/>\nAz \u00e9n sz\u00edvem nem sejti, mi a cs\u00f3kos napsug\u00e1r,<br \/>\nmert n\u00e9kem nincs senkim, ki sz\u00edv dobogva hazav\u00e1r.<br \/>\nAz egyiknek siker\u00fcl, a m\u00e1siknak nem,<br \/>\na sors olykor nem tudja mit akar.<br \/>\n&#8212;Sz\u00f3l\u00f3&#8212;<br \/>\nAz egyiknek siker\u00fcl, a m\u00e1siknak nem,<br \/>\na sors olykor nem tudja mit akar.<br \/>\nAz egyiknek kider\u00fcl, s a Nap f\u00e9nylik fenn,<br \/>\na m\u00e1siknak nem jut, csak zivatar.<br \/>\nAz \u00e9n sz\u00edvem nem sejti, mi a cs\u00f3kos napsug\u00e1r,<br \/>\nmert n\u00e9kem nincs senkim, ki sz\u00edv dobogva hazav\u00e1r.<br \/>\nAz egyiknek siker\u00fcl, a m\u00e1siknak nem,<br \/>\na sors olykor nem tudja mit akar.<br \/>\nAz egyiknek siker\u00fcl, a m\u00e1siknak nem,<br \/>\na sors olykor nem tudja mit akar.<br \/>\nAz egyiknek kider\u00fcl, s a Nap f\u00e9nylik fenn,<br \/>\na m\u00e1siknak nem jut, csak zivatar.<br \/>\nAz \u00e9n sz\u00edvem nem sejti, mi a cs\u00f3kos napsug\u00e1r,<br \/>\nmert n\u00e9kem nincs senkim, ki sz\u00edv dobogva hazav\u00e1r.<br \/>\nAz egyiknek siker\u00fcl, a m\u00e1siknak nem,<br \/>\na sors olykor nem tudja mit akar.<br \/>\n&#8212;V\u00e9ge&#8212;<\/p>\n","protected":false},"featured_media":9025,"template":"","meta":{"site-sidebar-layout":"default","site-content-layout":"default","ast-site-content-layout":"default","site-content-style":"default","site-sidebar-style":"default","ast-global-header-display":"","ast-banner-title-visibility":"","ast-main-header-display":"","ast-hfb-above-header-display":"","ast-hfb-below-header-display":"","ast-hfb-mobile-header-display":"","site-post-title":"","ast-breadcrumbs-content":"","ast-featured-img":"","footer-sml-layout":"","theme-transparent-header-meta":"default","adv-header-id-meta":"","stick-header-meta":"","header-above-stick-meta":"","header-main-stick-meta":"","header-below-stick-meta":"","astra-migrate-meta-layouts":"set","ast-page-background-enabled":"default","ast-page-background-meta":{"desktop":{"background-color":"var(--ast-global-color-4)","background-image":"","background-repeat":"repeat","background-position":"center center","background-size":"auto","background-attachment":"scroll","background-type":"","background-media":"","overlay-type":"","overlay-color":"","overlay-opacity":"","overlay-gradient":""},"tablet":{"background-color":"","background-image":"","background-repeat":"repeat","background-position":"center center","background-size":"auto","background-attachment":"scroll","background-type":"","background-media":"","overlay-type":"","overlay-color":"","overlay-opacity":"","overlay-gradient":""},"mobile":{"background-color":"","background-image":"","background-repeat":"repeat","background-position":"center center","background-size":"auto","background-attachment":"scroll","background-type":"","background-media":"","overlay-type":"","overlay-color":"","overlay-opacity":"","overlay-gradient":""}},"ast-content-background-meta":{"desktop":{"background-color":"var(--ast-global-color-5)","background-image":"","background-repeat":"repeat","background-position":"center center","background-size":"auto","background-attachment":"scroll","background-type":"","background-media":"","overlay-type":"","overlay-color":"","overlay-opacity":"","overlay-gradient":""},"tablet":{"background-color":"var(--ast-global-color-5)","background-image":"","background-repeat":"repeat","background-position":"center center","background-size":"auto","background-attachment":"scroll","background-type":"","background-media":"","overlay-type":"","overlay-color":"","overlay-opacity":"","overlay-gradient":""},"mobile":{"background-color":"var(--ast-global-color-5)","background-image":"","background-repeat":"repeat","background-position":"center center","background-size":"auto","background-attachment":"scroll","background-type":"","background-media":"","overlay-type":"","overlay-color":"","overlay-opacity":"","overlay-gradient":""}}},"product_cat":[48],"product_tag":[],"class_list":["post-9962","product","type-product","status-publish","has-post-thumbnail","hentry","product_cat-sunkaraoke-dalok","desktop-align-left","tablet-align-left","mobile-align-left"],"_links":{"self":[{"href":"https:\/\/www.sunkaraoke.hu\/index.php\/wp-json\/wp\/v2\/product\/9962","targetHints":{"allow":["GET"]}}],"collection":[{"href":"https:\/\/www.sunkaraoke.hu\/index.php\/wp-json\/wp\/v2\/product"}],"about":[{"href":"https:\/\/www.sunkaraoke.hu\/index.php\/wp-json\/wp\/v2\/types\/product"}],"wp:featuredmedia":[{"embeddable":true,"href":"https:\/\/www.sunkaraoke.hu\/index.php\/wp-json\/wp\/v2\/media\/9025"}],"wp:attachment":[{"href":"https:\/\/www.sunkaraoke.hu\/index.php\/wp-json\/wp\/v2\/media?parent=9962"}],"wp:term":[{"taxonomy":"product_cat","embeddable":true,"href":"https:\/\/www.sunkaraoke.hu\/index.php\/wp-json\/wp\/v2\/product_cat?post=9962"},{"taxonomy":"product_tag","embeddable":true,"href":"https:\/\/www.sunkaraoke.hu\/index.php\/wp-json\/wp\/v2\/product_tag?post=9962"}],"curies":[{"name":"wp","href":"https:\/\/api.w.org\/{rel}","templated":true}]}}