{"id":9801,"date":"2022-10-23T17:35:47","date_gmt":"2022-10-23T17:35:47","guid":{"rendered":"https:\/\/www.sunkaraoke.hu\/?post_type=product&#038;p=9801"},"modified":"2025-06-22T15:53:51","modified_gmt":"2025-06-22T13:53:51","slug":"voice-bulizenekar-elvarazsolt-ejszakak","status":"publish","type":"product","link":"https:\/\/www.sunkaraoke.hu\/index.php\/termek\/voice-bulizenekar-elvarazsolt-ejszakak\/","title":{"rendered":"<div class=\"wcmp-player-container product-9801\"><audio controlslist=\"nodownload\" data-product=\"9801\"  volume=\"1\"  preload=\"none\" data-lazyloading=\"none\" class=\"wcmp-player track mejs-classic\" data-duration=\"0:31\" data-estimated_duration=\"4\"><source src=\"https:\/\/www.sunkaraoke.hu\/wp-content\/uploads\/2022\/10\/Elvarazsolt-_demo.mp3\" type=\"audio\/mp3\" \/><\/audio><\/div>Voice Bulizenekar- Elvar\u00e1zsolt \u00e9jszak\u00e1k (Original)"},"content":{"rendered":"<p><strong>03:30<\/strong> \/<img decoding=\"async\" src=\"https:\/\/www.sunkaraoke.hu\/wp-content\/uploads\/2022\/07\/choir_1-copy.webp\" \/> \u00a0 \/<\/p>\n","protected":false},"excerpt":{"rendered":"<h6><strong>Bits\u0171r\u0171s\u00e9g: 320kb\/s<\/strong><br \/>\n<strong>Hossz: 03:30<\/strong><br \/>\n<strong>Vok\u00e1lt tartalmaz: Igen\u00a0 <img decoding=\"async\" src=\"https:\/\/www.sunkaraoke.hu\/wp-content\/uploads\/2022\/07\/choir_1-copy.png\" \/><\/strong><strong style=\"font-size: 16px;\"><br \/>\n<\/strong><\/h6>\n<p>Sunkaraoke mp3 st\u00fadi\u00f3 \/ www.sunkaraoke.hu \/ Inf: Tel: 06 20 4275001<\/p>\n<p>&#8212;Intr\u00f3&#8212;<br \/>\nBecsaptad a sz\u00edvemet, mindig hazudt\u00e1l,<br \/>\nhamis volt a szerelmed, csak j\u00e1tszott\u00e1l csup\u00e1n.<br \/>\nHazugs\u00e1g volt minden szavad,<br \/>\nmost m\u00e1r tudom, ne is tagadd,<br \/>\nF\u00e1j\u00f3 sz\u00edvvel gondolok majd r\u00e1d!<\/p>\n<p>Elvar\u00e1zsolt \u00e9jszak\u00e1k, elfelejtett kisszob\u00e1k,<br \/>\n\u00e1lmaimban m\u00e9g ott vagyok, m\u00e1st szeretni nem tudok.<br \/>\nElvar\u00e1zsolt \u00e9jszak\u00e1k, \u00e1t\u00e9lt\u00fcnk m\u00e1r sok csod\u00e1t,<br \/>\nelfelejtett sz\u00e9p napok, mindig csak r\u00e1d gondolok.<br \/>\n&#8212;Sz\u00f3l\u00f3&#8212;<br \/>\n\u00cdg\u00e9rted hogy mindig szeretsz, nem csalod meg a sz\u00edvemet,<br \/>\nazt \u00edg\u00e9rted velem leszel, mindig csak engem szeretsz.<\/p>\n<p>Hazugs\u00e1g volt minden szavad,<br \/>\nmost m\u00e1r tudom, ne is tagadd,<br \/>\nF\u00e1j\u00f3 sz\u00edvvel gondolok majd r\u00e1d!<\/p>\n<p>Elvar\u00e1zsolt \u00e9jszak\u00e1k, elfelejtett kisszob\u00e1k,<br \/>\n\u00e1lmaimban m\u00e9g ott vagyok, m\u00e1st szeretni nem tudok.<br \/>\nElvar\u00e1zsolt \u00e9jszak\u00e1k, \u00e1t\u00e9lt\u00fcnk m\u00e1r sok csod\u00e1t,<br \/>\nelfelejtett sz\u00e9p napok, mindig csak r\u00e1d gondolok.<br \/>\n&#8212;Sz\u00f3l\u00f3&#8212;<br \/>\nElvar\u00e1zsolt \u00e9jszak\u00e1k, elfelejtett kisszob\u00e1k,<br \/>\n\u00e1lmaimban m\u00e9g ott vagyok, m\u00e1st szeretni nem tudok.<br \/>\nElvar\u00e1zsolt \u00e9jszak\u00e1k, \u00e1t\u00e9lt\u00fcnk m\u00e1r sok csod\u00e1t,<br \/>\nelfelejtett sz\u00e9p napok, mindig csak r\u00e1d gondolok.<br \/>\n&#8212;V\u00e9ge&#8212;<\/p>\n","protected":false},"featured_media":9804,"template":"","meta":{"site-sidebar-layout":"default","site-content-layout":"default","ast-site-content-layout":"default","site-content-style":"default","site-sidebar-style":"default","ast-global-header-display":"","ast-banner-title-visibility":"","ast-main-header-display":"","ast-hfb-above-header-display":"","ast-hfb-below-header-display":"","ast-hfb-mobile-header-display":"","site-post-title":"","ast-breadcrumbs-content":"","ast-featured-img":"","footer-sml-layout":"","theme-transparent-header-meta":"default","adv-header-id-meta":"","stick-header-meta":"","header-above-stick-meta":"","header-main-stick-meta":"","header-below-stick-meta":"","astra-migrate-meta-layouts":"set","ast-page-background-enabled":"default","ast-page-background-meta":{"desktop":{"background-color":"var(--ast-global-color-4)","background-image":"","background-repeat":"repeat","background-position":"center center","background-size":"auto","background-attachment":"scroll","background-type":"","background-media":"","overlay-type":"","overlay-color":"","overlay-opacity":"","overlay-gradient":""},"tablet":{"background-color":"","background-image":"","background-repeat":"repeat","background-position":"center center","background-size":"auto","background-attachment":"scroll","background-type":"","background-media":"","overlay-type":"","overlay-color":"","overlay-opacity":"","overlay-gradient":""},"mobile":{"background-color":"","background-image":"","background-repeat":"repeat","background-position":"center center","background-size":"auto","background-attachment":"scroll","background-type":"","background-media":"","overlay-type":"","overlay-color":"","overlay-opacity":"","overlay-gradient":""}},"ast-content-background-meta":{"desktop":{"background-color":"var(--ast-global-color-5)","background-image":"","background-repeat":"repeat","background-position":"center center","background-size":"auto","background-attachment":"scroll","background-type":"","background-media":"","overlay-type":"","overlay-color":"","overlay-opacity":"","overlay-gradient":""},"tablet":{"background-color":"var(--ast-global-color-5)","background-image":"","background-repeat":"repeat","background-position":"center center","background-size":"auto","background-attachment":"scroll","background-type":"","background-media":"","overlay-type":"","overlay-color":"","overlay-opacity":"","overlay-gradient":""},"mobile":{"background-color":"var(--ast-global-color-5)","background-image":"","background-repeat":"repeat","background-position":"center center","background-size":"auto","background-attachment":"scroll","background-type":"","background-media":"","overlay-type":"","overlay-color":"","overlay-opacity":"","overlay-gradient":""}}},"product_cat":[89],"product_tag":[],"class_list":["post-9801","product","type-product","status-publish","has-post-thumbnail","hentry","product_cat-balog-bence","desktop-align-left","tablet-align-left","mobile-align-left"],"_links":{"self":[{"href":"https:\/\/www.sunkaraoke.hu\/index.php\/wp-json\/wp\/v2\/product\/9801","targetHints":{"allow":["GET"]}}],"collection":[{"href":"https:\/\/www.sunkaraoke.hu\/index.php\/wp-json\/wp\/v2\/product"}],"about":[{"href":"https:\/\/www.sunkaraoke.hu\/index.php\/wp-json\/wp\/v2\/types\/product"}],"wp:featuredmedia":[{"embeddable":true,"href":"https:\/\/www.sunkaraoke.hu\/index.php\/wp-json\/wp\/v2\/media\/9804"}],"wp:attachment":[{"href":"https:\/\/www.sunkaraoke.hu\/index.php\/wp-json\/wp\/v2\/media?parent=9801"}],"wp:term":[{"taxonomy":"product_cat","embeddable":true,"href":"https:\/\/www.sunkaraoke.hu\/index.php\/wp-json\/wp\/v2\/product_cat?post=9801"},{"taxonomy":"product_tag","embeddable":true,"href":"https:\/\/www.sunkaraoke.hu\/index.php\/wp-json\/wp\/v2\/product_tag?post=9801"}],"curies":[{"name":"wp","href":"https:\/\/api.w.org\/{rel}","templated":true}]}}