{"id":9709,"date":"2022-10-17T09:08:47","date_gmt":"2022-10-17T09:08:47","guid":{"rendered":"https:\/\/www.sunkaraoke.hu\/?post_type=product&#038;p=9709"},"modified":"2025-04-13T16:10:28","modified_gmt":"2025-04-13T16:10:28","slug":"bertici-fiverek-erdely-legszebb-viragszala","status":"publish","type":"product","link":"https:\/\/www.sunkaraoke.hu\/index.php\/termek\/bertici-fiverek-erdely-legszebb-viragszala\/","title":{"rendered":"<div class=\"wcmp-player-container product-9709\"><audio controlslist=\"nodownload\" data-product=\"9709\"  volume=\"1\"  preload=\"none\" data-lazyloading=\"none\" class=\"wcmp-player track mejs-classic\" data-duration=\"0:32\" data-estimated_duration=\"4\"><source src=\"https:\/\/www.sunkaraoke.hu\/wp-content\/uploads\/2022\/10\/Erdely-legszebb-viragszala-vok-Bertici-.demoo_.mp3\" type=\"audio\/mp3\" \/><\/audio><\/div>Bertici Fiv\u00e9rek- Erd\u00e9ly legszebb vir\u00e1gsz\u00e1la (Original)"},"content":{"rendered":"<p><strong>04:05<\/strong>\u00a0\/\u00a0 <img decoding=\"async\" src=\"https:\/\/www.sunkaraoke.hu\/wp-content\/uploads\/2022\/07\/choir_1-copy.webp\" \/> \/<\/p>\n","protected":false},"excerpt":{"rendered":"<h6><strong>Bits\u0171r\u0171s\u00e9g: 320kb\/s<\/strong><br \/>\n<strong>Hossz: 04:05<\/strong><br \/>\n<strong>Vok\u00e1lt tartalmaz: <img decoding=\"async\" src=\"https:\/\/www.sunkaraoke.hu\/wp-content\/uploads\/2022\/07\/choir_1-copy.png\" \/> Igen<\/strong><strong style=\"font-size: 16px;\"><br \/>\n<\/strong><\/h6>\n<p>Sunkaraoke mp3 st\u00fadi\u00f3 \/ www.sunkaraoke.hu \/ Inf: Tel: 06 20 4275001<\/p>\n<p>&#8212;Intr\u00f3&#8212;<\/p>\n<p>Ha Erd\u00e9ly legszebb vir\u00e1gsz\u00e1la,<br \/>\nHa \u00e1t\u00f6lelne \u00e9s \u00fagy im\u00e1dna,<br \/>\n\u00c9n lenn\u00e9k a legboldogabb ember.<br \/>\nEgy \u00e9des cs\u00f3kj\u00e1\u00e9rt mit megtenn\u00e9k,<br \/>\nA Hargit\u00e1n \u00e1trep\u00fcln\u00e9k,<br \/>\n\u00e9s minden \u00e9jjel sz\u00e1zat lopn\u00e9k t\u0151le, csak t\u0151le\/<br \/>\nHa Erd\u00e9ly legszebb vir\u00e1gsz\u00e1la,<br \/>\nHa \u00e1t\u00f6lelne \u00e9s \u00fagy im\u00e1dna,<br \/>\n\u00c9n lenn\u00e9k a legboldogabb ember.<br \/>\nEgy \u00e9des cs\u00f3kj\u00e1\u00e9rt mit megtenn\u00e9k,<br \/>\nA Hargit\u00e1n \u00e1trep\u00fcln\u00e9k.<br \/>\n\u00e9s minden \u00e9jjel sz\u00e1zat lopn\u00e9k t\u0151le, csak t\u0151le\/<br \/>\nsz\u00e1zat lopn\u00e9k el!<br \/>\nHajnal csillag ragyog m\u00e9g az \u00e9gen,<br \/>\nA szememre nem j\u00f6n \u00e1lom m\u00e9gsem.<br \/>\nHallgatom a sz\u00edvem dobban\u00e1s\u00e1t,<br \/>\nAzt suttogja hogy egy l\u00e1ny\u00e9rt \u00fagy f\u00e1j.<br \/>\nNem f\u00e1jna ha \u00e1t\u00f6lelne \u00fajra,<br \/>\nNem f\u00e1jna ha sz\u00e9p szavakat s\u00fagna.<br \/>\nK\u00e9t szem\u00e9ben v\u00e1gya t\u00fcze \u00e9gne,<br \/>\n\u00c9n a sorst\u00f3l csak is ennyit k\u00e9rek, \u00fagy k\u00e9rem\u2026<br \/>\nHa Erd\u00e9ly legszebb vir\u00e1gsz\u00e1la,<br \/>\nHa \u00e1t\u00f6lelne \u00e9s \u00fagy im\u00e1dna,<br \/>\n\u00c9n lenn\u00e9k a legboldogabb ember.<br \/>\nEgy \u00e9des cs\u00f3kj\u00e1\u00e9rt mit megtenn\u00e9k,<br \/>\nA Hargit\u00e1n \u00e1trep\u00fcln\u00e9k,<br \/>\n\u00e9s minden \u00e9jjel sz\u00e1zat lopn\u00e9k t\u0151le, csak t\u0151le\/<br \/>\nHa Erd\u00e9ly legszebb vir\u00e1gsz\u00e1la,<br \/>\nHa \u00e1t\u00f6lelne \u00e9s \u00fagy im\u00e1dna,<br \/>\n\u00c9n lennek a legboldogabb ember.<br \/>\nEgy \u00e9des cs\u00f3kj\u00e1\u00e9rt mit megtenn\u00e9k,<br \/>\nA Hargit\u00e1n \u00e1trep\u00fcln\u00e9k,<br \/>\n\u00e9s minden \u00e9jjel sz\u00e1zat lopn\u00e9k t\u0151le, csak t\u0151le\/<br \/>\nSz\u00e1zat lopn\u00e9k el\u2026..<br \/>\nHajnal csillag ragyog m\u00e9g az \u00e9gen,<br \/>\nMosolyog a hold is ahogy n\u00e9zem.<br \/>\nJ\u00f3l tudj\u00e1k, hogy r\u00f3lad \u00e1lmodoztam,<br \/>\nEg\u00e9sz \u00e9jjel a neved suttogtam.<br \/>\nMegfogadom, hogy am\u00edg csak \u00e9lek,<br \/>\nA boldogs\u00e1got hozom el Te n\u00e9ked.<br \/>\nMinden pillanat \u00e9s minden \u00f3ra,<br \/>\nCsak is a mi szerelm\u00fcnkr\u0151l sz\u00f3lna, r\u00f3lunk sz\u00f3lna!<br \/>\nHa Erd\u00e9ly legszebb vir\u00e1gsz\u00e1la,<br \/>\nHa \u00e1t\u00f6lelne \u00e9s \u00fagy im\u00e1dna,<br \/>\n\u00c9n lenn\u00e9k a legboldogabb ember.<br \/>\nEgy \u00e9des cs\u00f3kj\u00e1\u00e9rt mit megtenn\u00e9k,<br \/>\nA Hargit\u00e1n \u00e1trep\u00fcln\u00e9k,<br \/>\n\u00e9s minden \u00e9jjel sz\u00e1zat lopn\u00e9k t\u0151le, csak t\u0151le\/<br \/>\nHa Erd\u00e9ly legszebb vir\u00e1gsz\u00e1la,<br \/>\nHa \u00e1t\u00f6lelne \u00e9s \u00fagy im\u00e1dna,<br \/>\n\u00c9n lenn\u00e9k a legboldogabb ember.<br \/>\nEgy \u00e9des cs\u00f3kj\u00e1\u00e9rt mit megtenn\u00e9k<br \/>\nA Hargit\u00e1n \u00e1trep\u00fcln\u00e9k<br \/>\n\u00e9s minden \u00e9jjel sz\u00e1zat lopn\u00e9k t\u0151le, csak t\u0151le\/<br \/>\nSz\u00e1zat lopn\u00e9k el,<br \/>\nSz\u00e1zat lopn\u00e9k el&#8230;.<\/p>\n","protected":false},"featured_media":9712,"template":"","meta":{"site-sidebar-layout":"default","site-content-layout":"default","ast-site-content-layout":"default","site-content-style":"default","site-sidebar-style":"default","ast-global-header-display":"","ast-banner-title-visibility":"","ast-main-header-display":"","ast-hfb-above-header-display":"","ast-hfb-below-header-display":"","ast-hfb-mobile-header-display":"","site-post-title":"","ast-breadcrumbs-content":"","ast-featured-img":"","footer-sml-layout":"","theme-transparent-header-meta":"default","adv-header-id-meta":"","stick-header-meta":"","header-above-stick-meta":"","header-main-stick-meta":"","header-below-stick-meta":"","astra-migrate-meta-layouts":"set","ast-page-background-enabled":"default","ast-page-background-meta":{"desktop":{"background-color":"var(--ast-global-color-4)","background-image":"","background-repeat":"repeat","background-position":"center center","background-size":"auto","background-attachment":"scroll","background-type":"","background-media":"","overlay-type":"","overlay-color":"","overlay-opacity":"","overlay-gradient":""},"tablet":{"background-color":"","background-image":"","background-repeat":"repeat","background-position":"center center","background-size":"auto","background-attachment":"scroll","background-type":"","background-media":"","overlay-type":"","overlay-color":"","overlay-opacity":"","overlay-gradient":""},"mobile":{"background-color":"","background-image":"","background-repeat":"repeat","background-position":"center center","background-size":"auto","background-attachment":"scroll","background-type":"","background-media":"","overlay-type":"","overlay-color":"","overlay-opacity":"","overlay-gradient":""}},"ast-content-background-meta":{"desktop":{"background-color":"var(--ast-global-color-5)","background-image":"","background-repeat":"repeat","background-position":"center center","background-size":"auto","background-attachment":"scroll","background-type":"","background-media":"","overlay-type":"","overlay-color":"","overlay-opacity":"","overlay-gradient":""},"tablet":{"background-color":"var(--ast-global-color-5)","background-image":"","background-repeat":"repeat","background-position":"center center","background-size":"auto","background-attachment":"scroll","background-type":"","background-media":"","overlay-type":"","overlay-color":"","overlay-opacity":"","overlay-gradient":""},"mobile":{"background-color":"var(--ast-global-color-5)","background-image":"","background-repeat":"repeat","background-position":"center center","background-size":"auto","background-attachment":"scroll","background-type":"","background-media":"","overlay-type":"","overlay-color":"","overlay-opacity":"","overlay-gradient":""}}},"product_cat":[46],"product_tag":[],"class_list":["post-9709","product","type-product","status-publish","has-post-thumbnail","hentry","product_cat-eredeti-karaoke-dalok","desktop-align-left","tablet-align-left","mobile-align-left"],"_links":{"self":[{"href":"https:\/\/www.sunkaraoke.hu\/index.php\/wp-json\/wp\/v2\/product\/9709","targetHints":{"allow":["GET"]}}],"collection":[{"href":"https:\/\/www.sunkaraoke.hu\/index.php\/wp-json\/wp\/v2\/product"}],"about":[{"href":"https:\/\/www.sunkaraoke.hu\/index.php\/wp-json\/wp\/v2\/types\/product"}],"wp:featuredmedia":[{"embeddable":true,"href":"https:\/\/www.sunkaraoke.hu\/index.php\/wp-json\/wp\/v2\/media\/9712"}],"wp:attachment":[{"href":"https:\/\/www.sunkaraoke.hu\/index.php\/wp-json\/wp\/v2\/media?parent=9709"}],"wp:term":[{"taxonomy":"product_cat","embeddable":true,"href":"https:\/\/www.sunkaraoke.hu\/index.php\/wp-json\/wp\/v2\/product_cat?post=9709"},{"taxonomy":"product_tag","embeddable":true,"href":"https:\/\/www.sunkaraoke.hu\/index.php\/wp-json\/wp\/v2\/product_tag?post=9709"}],"curies":[{"name":"wp","href":"https:\/\/api.w.org\/{rel}","templated":true}]}}