{"id":9655,"date":"2022-10-12T09:52:39","date_gmt":"2022-10-12T09:52:39","guid":{"rendered":"https:\/\/www.sunkaraoke.hu\/?post_type=product&#038;p=9655"},"modified":"2025-04-13T15:55:57","modified_gmt":"2025-04-13T15:55:57","slug":"bitto-duo-hol-az-a-lany","status":"publish","type":"product","link":"https:\/\/www.sunkaraoke.hu\/index.php\/termek\/bitto-duo-hol-az-a-lany\/","title":{"rendered":"<div class=\"wcmp-player-container product-9655\"><audio controlslist=\"nodownload\" data-product=\"9655\"  volume=\"1\"  preload=\"none\" data-lazyloading=\"none\" class=\"wcmp-player track mejs-classic\" data-duration=\"0:30\" data-estimated_duration=\"3\"><source src=\"https:\/\/www.sunkaraoke.hu\/wp-content\/uploads\/2022\/10\/Hol-az-a-lany-Bitto_demo.mp3\" type=\"audio\/mp3\" \/><\/audio><\/div>Bitt\u00f3 Du\u00f3 -Hol az a l\u00e1ny (Original)"},"content":{"rendered":"<p><strong>04:12<\/strong>\u00a0| <strong><img loading=\"lazy\" decoding=\"async\" class=\"alignnone size-full wp-image-467\" src=\"https:\/\/www.sunkaraoke.hu\/wp-content\/uploads\/2022\/07\/choir_2-copy.webp\" alt=\"\" width=\"30\" height=\"30\" \/> <\/strong><\/p>\n","protected":false},"excerpt":{"rendered":"<p><strong>Bits\u0171r\u0171s\u00e9g: 320kb\/s<\/strong><br \/>\n<strong>Hossz: 04:12<\/strong><br \/>\n<strong>Vok\u00e1lt tartalmaz: Nem <img loading=\"lazy\" decoding=\"async\" class=\"alignnone size-full wp-image-467\" src=\"http:\/\/www.sunkaraoke.hu\/wp-content\/uploads\/2022\/07\/choir_2-copy.png\" alt=\"\" width=\"30\" height=\"30\" \/><\/strong><strong style=\"font-size: 16px;\"><br \/>\n<\/strong><\/p>\n<p>Sunkaraoke mp3 st\u00fadi\u00f3 \/ www.sunkaraoke.hu \/ Inf: Tel: 06 20 4275001<\/p>\n<p>&#8212;Intr\u00f3&#8212;<br \/>\nHova t\u00fcnt az a perc, ami csak r\u00f3la sz\u00f3lt,<br \/>\nmiv\u00e9 lett a t\u0171z, mi sz\u00edvemen \u00e1thatolt.<br \/>\nNem akarom azt, hogy majd r\u00e1mtal\u00e1lj,<br \/>\nnem akarom azt, hogy majd s\u00edrni l\u00e1ss \u00e9jjel.<br \/>\nMert b\u0171n\u00f6s ez a j\u00e1t\u00e9k, mit j\u00e1tszol velem,<br \/>\nel\u00e9get\u00ed most a sz\u00edvem.<br \/>\nNem akarom, m\u00e9gis a rabja vagyok,<br \/>\nelengedni nem tudom \u00e9rzem.<\/p>\n<p>Hol az a l\u00e1ny, ki v\u00e1r r\u00e1m,<br \/>\nhol az a l\u00e1ny,<br \/>\na sz\u00edvem f\u00e1j, m\u00e9g v\u00e1rj r\u00e1m,<br \/>\nmondd merre j\u00e1rsz?<br \/>\nNincs arra sz\u00f3, \u00f3,\u00f3,\u00f3,\u00f3&#8230;.?<br \/>\nHogy volna j\u00f3, \u00f3,\u00f3,\u00f3,\u00f3&#8230;..?<br \/>\nF\u00e1j minden sz\u00f3!<br \/>\n&#8212;Sz\u00f3l\u00f3&#8212;<br \/>\nHova t\u00fcnt az a perc, ami csak r\u00f3la sz\u00f3lt,<br \/>\nmiv\u00e1 lett a t\u0171z, mi sz\u00edvemen \u00e1thatolt.<br \/>\nNem akarom azt, hogy majd r\u00e1mtal\u00e1lj,<br \/>\nnem akarom azt, hogy majd s\u00edrni l\u00e1ss \u00e9jjel.<br \/>\nMert b\u0171n\u00f6s ez a j\u00e1t\u00e9k, mit j\u00e1tszol velem,<br \/>\nel\u00e9get\u00ed most a sz\u00edvem.<br \/>\nNem akarom, m\u00e9gis a rabja vagyok,<br \/>\nelengedni nem tudom \u00e9rzem.<\/p>\n<p>Hol az a l\u00e1ny, ki v\u00e1r r\u00e1m,<br \/>\nhol az a l\u00e1ny,<br \/>\na sz\u00edvem f\u00e1j, m\u00e9g v\u00e1rj r\u00e1m,<br \/>\nmondd merre j\u00e1rsz?<br \/>\nNincs arra sz\u00f3, \u00f3,\u00f3,\u00f3,\u00f3&#8230;.?<br \/>\nHogy volna j\u00f3, \u00f3,\u00f3,\u00f3,\u00f3&#8230;..?<br \/>\nF\u00e1j minden sz\u00f3!<br \/>\n&#8212;Sz\u00f3l\u00f3&#8212;<br \/>\nHova t\u00fcnt az a perc, ami csak r\u00f3la sz\u00f3lt,<br \/>\nmiv\u00e1 lett a t\u0171z, mi sz\u00edvemen \u00e1thatolt.<br \/>\nNem akarom azt, hogy majd r\u00e1mtal\u00e1lj,<br \/>\nnem akarom azt, hogy majd s\u00edrni l\u00e1ss \u00e9jjel.<br \/>\nMert b\u0171n\u00f6s ez a j\u00e1t\u00e9k, mit j\u00e1tszol velem,<br \/>\nel\u00e9get\u00ed most a sz\u00edvem.<br \/>\nNem akarom, m\u00e9gis a rabja vagyok,<br \/>\nelengedni nem tudom \u00e9rzem.<\/p>\n<p>Hol az a l\u00e1ny, ki v\u00e1r r\u00e1m,<br \/>\nhol az a l\u00e1ny,<br \/>\na sz\u00edvem f\u00e1j, m\u00e9g v\u00e1rj r\u00e1m,<br \/>\nmondd merre j\u00e1rsz?<br \/>\nNincs arra sz\u00f3, \u00f3,\u00f3,\u00f3,\u00f3&#8230;.?<br \/>\nHogy volna j\u00f3, \u00f3,\u00f3,\u00f3,\u00f3&#8230;..?<br \/>\nF\u00e1j minden sz\u00f3!<br \/>\n&#8212;V\u00e9ge&#8212;<\/p>\n","protected":false},"featured_media":8718,"template":"","meta":{"site-sidebar-layout":"default","site-content-layout":"default","ast-site-content-layout":"default","site-content-style":"default","site-sidebar-style":"default","ast-global-header-display":"","ast-banner-title-visibility":"","ast-main-header-display":"","ast-hfb-above-header-display":"","ast-hfb-below-header-display":"","ast-hfb-mobile-header-display":"","site-post-title":"","ast-breadcrumbs-content":"","ast-featured-img":"","footer-sml-layout":"","theme-transparent-header-meta":"default","adv-header-id-meta":"","stick-header-meta":"","header-above-stick-meta":"","header-main-stick-meta":"","header-below-stick-meta":"","astra-migrate-meta-layouts":"set","ast-page-background-enabled":"default","ast-page-background-meta":{"desktop":{"background-color":"var(--ast-global-color-4)","background-image":"","background-repeat":"repeat","background-position":"center center","background-size":"auto","background-attachment":"scroll","background-type":"","background-media":"","overlay-type":"","overlay-color":"","overlay-opacity":"","overlay-gradient":""},"tablet":{"background-color":"","background-image":"","background-repeat":"repeat","background-position":"center center","background-size":"auto","background-attachment":"scroll","background-type":"","background-media":"","overlay-type":"","overlay-color":"","overlay-opacity":"","overlay-gradient":""},"mobile":{"background-color":"","background-image":"","background-repeat":"repeat","background-position":"center center","background-size":"auto","background-attachment":"scroll","background-type":"","background-media":"","overlay-type":"","overlay-color":"","overlay-opacity":"","overlay-gradient":""}},"ast-content-background-meta":{"desktop":{"background-color":"var(--ast-global-color-5)","background-image":"","background-repeat":"repeat","background-position":"center center","background-size":"auto","background-attachment":"scroll","background-type":"","background-media":"","overlay-type":"","overlay-color":"","overlay-opacity":"","overlay-gradient":""},"tablet":{"background-color":"var(--ast-global-color-5)","background-image":"","background-repeat":"repeat","background-position":"center center","background-size":"auto","background-attachment":"scroll","background-type":"","background-media":"","overlay-type":"","overlay-color":"","overlay-opacity":"","overlay-gradient":""},"mobile":{"background-color":"var(--ast-global-color-5)","background-image":"","background-repeat":"repeat","background-position":"center center","background-size":"auto","background-attachment":"scroll","background-type":"","background-media":"","overlay-type":"","overlay-color":"","overlay-opacity":"","overlay-gradient":""}}},"product_cat":[48],"product_tag":[],"class_list":["post-9655","product","type-product","status-publish","has-post-thumbnail","hentry","product_cat-sunkaraoke-dalok","desktop-align-left","tablet-align-left","mobile-align-left"],"_links":{"self":[{"href":"https:\/\/www.sunkaraoke.hu\/index.php\/wp-json\/wp\/v2\/product\/9655","targetHints":{"allow":["GET"]}}],"collection":[{"href":"https:\/\/www.sunkaraoke.hu\/index.php\/wp-json\/wp\/v2\/product"}],"about":[{"href":"https:\/\/www.sunkaraoke.hu\/index.php\/wp-json\/wp\/v2\/types\/product"}],"wp:featuredmedia":[{"embeddable":true,"href":"https:\/\/www.sunkaraoke.hu\/index.php\/wp-json\/wp\/v2\/media\/8718"}],"wp:attachment":[{"href":"https:\/\/www.sunkaraoke.hu\/index.php\/wp-json\/wp\/v2\/media?parent=9655"}],"wp:term":[{"taxonomy":"product_cat","embeddable":true,"href":"https:\/\/www.sunkaraoke.hu\/index.php\/wp-json\/wp\/v2\/product_cat?post=9655"},{"taxonomy":"product_tag","embeddable":true,"href":"https:\/\/www.sunkaraoke.hu\/index.php\/wp-json\/wp\/v2\/product_tag?post=9655"}],"curies":[{"name":"wp","href":"https:\/\/api.w.org\/{rel}","templated":true}]}}