{"id":9650,"date":"2022-10-10T14:25:44","date_gmt":"2022-10-10T14:25:44","guid":{"rendered":"https:\/\/www.sunkaraoke.hu\/?post_type=product&#038;p=9650"},"modified":"2025-04-04T20:07:46","modified_gmt":"2025-04-04T20:07:46","slug":"didi-lamour-utolso-tanc","status":"publish","type":"product","link":"https:\/\/www.sunkaraoke.hu\/index.php\/termek\/didi-lamour-utolso-tanc\/","title":{"rendered":"<div class=\"wcmp-player-container product-9650\"><audio controlslist=\"nodownload\" data-product=\"9650\"  volume=\"1\"  preload=\"none\" data-lazyloading=\"none\" class=\"wcmp-player track mejs-classic\" data-duration=\"0:30\" data-estimated_duration=\"3\"><source src=\"https:\/\/www.sunkaraoke.hu\/wp-content\/uploads\/2022\/10\/Utolso-tanc-Didi_Demo.mp3\" type=\"audio\/mp3\" \/><\/audio><\/div>Didi Lamour &#8211; Utols\u00f3 t\u00e1nc  (Original)"},"content":{"rendered":"<p><strong>03:25<\/strong>\u00a0 \/ <strong><img loading=\"lazy\" decoding=\"async\" class=\"alignnone size-full wp-image-466\" src=\"https:\/\/www.sunkaraoke.hu\/wp-content\/uploads\/2022\/07\/choir_1-copy.webp\" alt=\"\" width=\"30\" height=\"30\" \/> \/<\/strong><\/p>\n","protected":false},"excerpt":{"rendered":"<h6><strong>Bits\u0171r\u0171s\u00e9g: 320kb\/s<\/strong><br \/>\n<strong>Hossz: 03:17<\/strong><br \/>\n<strong>Vok\u00e1lt tartalmaz: Igen <img loading=\"lazy\" decoding=\"async\" class=\"alignnone size-full wp-image-466\" src=\"http:\/\/www.sunkaraoke.hu\/wp-content\/uploads\/2022\/07\/choir_1-copy.png\" alt=\"\" width=\"30\" height=\"30\" \/><\/strong><strong style=\"font-size: 16px;\"><br \/>\n<\/strong><\/h6>\n<p>Sunkaraoke mp3 st\u00fadi\u00f3 \/ www.sunkaraoke.hu \/ Inf: Tel: 06 20 4275001<\/p>\n<p>&#8212;Intr\u00f3&#8212;<\/p>\n<p>\u00dagy f\u00e1j a sz\u00edvem \u00e9s sz\u00e1zszor megdobban,<br \/>\nne v\u00e1rj, ne l\u00e1ss.<br \/>\nHisz nem szerethetsz m\u00e1r,<br \/>\nne s\u00edrj mert k\u00f6nnyebb a b\u00facs\u00faz\u00e1s.<br \/>\nEgy sz\u00f3, egy cs\u00f3k, semmi m\u00e1s.<br \/>\nBel\u00fcl sok sz\u00e1z eml\u00e9ket felkavart a sz\u00e9l,<br \/>\na b\u00e1natom \u00fagy \u00e9get \u00e9s a sz\u00edvem t\u00e9pi sz\u00e9t.<br \/>\nK\u00f6nnyeim m\u00e1r sz\u00e1zezerszer folytak szerte sz\u00e9t,<br \/>\na zongor\u00e1n egy hang m\u00e9g \u00e9l.<\/p>\n<p>Nem kell, hogy \u00e9rtsd,<br \/>\nel kell, hogy engedj.<br \/>\nAz utols\u00f3 t\u00e1nc ez a t\u00e1nc mi csakis a ti\u00e9d.<br \/>\nNem kell, hogy \u00e9rtsd,<br \/>\nel kell, hogy engedj.<br \/>\nAz utols\u00f3 t\u00e1nc ez a t\u00e1nc mi csak a ti\u00e9d.<\/p>\n<p>\u00d6r\u00f6k az \u00e9rz\u00e9s amit nem felejtek el,<br \/>\nsokszor elpattant egy h\u00far bel\u00fcl a sz\u00edvemben.<br \/>\nHull a k\u00f6nny mert egy\u00fctt voltunk annyi \u00e9jszak\u00e1n,<br \/>\nboldog velem volt\u00e1l.<\/p>\n<p>Az utols\u00f3 t\u00e1nc ez a t\u00e1nc mi csakis a ti\u00e9d.<br \/>\nAz utols\u00f3 t\u00e1nc ez a t\u00e1nc mi csak a ti\u00e9d.<\/p>\n<p>Nevess vagy s\u00edrj hisz mind a kett\u0151 f\u00e1j,<br \/>\naz \u00e9letem s az \u00e9leted \u00f6sszeforrva j\u00e1rt.<br \/>\nFelcsend\u00fcl egy hang, egy dallam sz\u00f3l a zongor\u00e1n,<br \/>\negy dal, egy t\u00e1nc m\u00e9g j\u00e1r.<br \/>\nEgy dal, egy t\u00e1nc m\u00e9g j\u00e1r.<\/p>\n<p>&#8212;v\u00e9ge&#8212;<\/p>\n<p>&nbsp;<\/p>\n","protected":false},"featured_media":721,"template":"","meta":{"site-sidebar-layout":"default","site-content-layout":"default","ast-site-content-layout":"default","site-content-style":"default","site-sidebar-style":"default","ast-global-header-display":"","ast-banner-title-visibility":"","ast-main-header-display":"","ast-hfb-above-header-display":"","ast-hfb-below-header-display":"","ast-hfb-mobile-header-display":"","site-post-title":"","ast-breadcrumbs-content":"","ast-featured-img":"","footer-sml-layout":"","theme-transparent-header-meta":"default","adv-header-id-meta":"","stick-header-meta":"","header-above-stick-meta":"","header-main-stick-meta":"","header-below-stick-meta":"","astra-migrate-meta-layouts":"set","ast-page-background-enabled":"default","ast-page-background-meta":{"desktop":{"background-color":"var(--ast-global-color-4)","background-image":"","background-repeat":"repeat","background-position":"center center","background-size":"auto","background-attachment":"scroll","background-type":"","background-media":"","overlay-type":"","overlay-color":"","overlay-opacity":"","overlay-gradient":""},"tablet":{"background-color":"","background-image":"","background-repeat":"repeat","background-position":"center center","background-size":"auto","background-attachment":"scroll","background-type":"","background-media":"","overlay-type":"","overlay-color":"","overlay-opacity":"","overlay-gradient":""},"mobile":{"background-color":"","background-image":"","background-repeat":"repeat","background-position":"center center","background-size":"auto","background-attachment":"scroll","background-type":"","background-media":"","overlay-type":"","overlay-color":"","overlay-opacity":"","overlay-gradient":""}},"ast-content-background-meta":{"desktop":{"background-color":"var(--ast-global-color-5)","background-image":"","background-repeat":"repeat","background-position":"center center","background-size":"auto","background-attachment":"scroll","background-type":"","background-media":"","overlay-type":"","overlay-color":"","overlay-opacity":"","overlay-gradient":""},"tablet":{"background-color":"var(--ast-global-color-5)","background-image":"","background-repeat":"repeat","background-position":"center center","background-size":"auto","background-attachment":"scroll","background-type":"","background-media":"","overlay-type":"","overlay-color":"","overlay-opacity":"","overlay-gradient":""},"mobile":{"background-color":"var(--ast-global-color-5)","background-image":"","background-repeat":"repeat","background-position":"center center","background-size":"auto","background-attachment":"scroll","background-type":"","background-media":"","overlay-type":"","overlay-color":"","overlay-opacity":"","overlay-gradient":""}}},"product_cat":[46],"product_tag":[],"class_list":["post-9650","product","type-product","status-publish","has-post-thumbnail","hentry","product_cat-eredeti-karaoke-dalok","desktop-align-left","tablet-align-left","mobile-align-left"],"_links":{"self":[{"href":"https:\/\/www.sunkaraoke.hu\/index.php\/wp-json\/wp\/v2\/product\/9650","targetHints":{"allow":["GET"]}}],"collection":[{"href":"https:\/\/www.sunkaraoke.hu\/index.php\/wp-json\/wp\/v2\/product"}],"about":[{"href":"https:\/\/www.sunkaraoke.hu\/index.php\/wp-json\/wp\/v2\/types\/product"}],"wp:featuredmedia":[{"embeddable":true,"href":"https:\/\/www.sunkaraoke.hu\/index.php\/wp-json\/wp\/v2\/media\/721"}],"wp:attachment":[{"href":"https:\/\/www.sunkaraoke.hu\/index.php\/wp-json\/wp\/v2\/media?parent=9650"}],"wp:term":[{"taxonomy":"product_cat","embeddable":true,"href":"https:\/\/www.sunkaraoke.hu\/index.php\/wp-json\/wp\/v2\/product_cat?post=9650"},{"taxonomy":"product_tag","embeddable":true,"href":"https:\/\/www.sunkaraoke.hu\/index.php\/wp-json\/wp\/v2\/product_tag?post=9650"}],"curies":[{"name":"wp","href":"https:\/\/api.w.org\/{rel}","templated":true}]}}