{"id":9620,"date":"2022-10-03T15:07:33","date_gmt":"2022-10-03T15:07:33","guid":{"rendered":"https:\/\/www.sunkaraoke.hu\/?post_type=product&#038;p=9620"},"modified":"2025-04-04T05:16:27","modified_gmt":"2025-04-04T05:16:27","slug":"slager-tibo-te-leszel-a-hajo","status":"publish","type":"product","link":"https:\/\/www.sunkaraoke.hu\/index.php\/termek\/slager-tibo-te-leszel-a-hajo\/","title":{"rendered":"<div class=\"wcmp-player-container product-9620\"><audio controlslist=\"nodownload\" data-product=\"9620\"  volume=\"1\"  preload=\"none\" data-lazyloading=\"none\" class=\"wcmp-player track mejs-classic\" data-duration=\"0:31\" data-estimated_duration=\"4\"><source src=\"https:\/\/www.sunkaraoke.hu\/wp-content\/uploads\/2022\/10\/Te-leszel-a-hajo-Slager-Tibo.-demoo.mp3\" type=\"audio\/mp3\" \/><\/audio><\/div>Sl\u00e1ger Tib\u00f3 -Te leszel a haj\u00f3n (Original)"},"content":{"rendered":"<p><strong>03:35<\/strong>\u00a0| <strong><img loading=\"lazy\" decoding=\"async\" class=\"alignnone size-full wp-image-467\" src=\"https:\/\/www.sunkaraoke.hu\/wp-content\/uploads\/2022\/07\/choir_2-copy.webp\" alt=\"\" width=\"30\" height=\"30\" \/> <\/strong><\/p>\n","protected":false},"excerpt":{"rendered":"<h6><strong>Bits\u0171r\u0171s\u00e9g: 320kb\/s<\/strong><br \/>\n<strong>Hossz: 03:35<\/strong><br \/>\n<strong>Vok\u00e1lt tartalmaz: Nem <img loading=\"lazy\" decoding=\"async\" class=\"alignnone size-full wp-image-467\" src=\"http:\/\/www.sunkaraoke.hu\/wp-content\/uploads\/2022\/07\/choir_2-copy.png\" alt=\"\" width=\"30\" height=\"30\" \/><\/strong><strong style=\"font-size: 16px;\"><br \/>\n<\/strong><\/h6>\n<p>Sunkaraoke mp3 st\u00fadi\u00f3 \/ www.sunkaraoke.hu \/ Inf: Tel: 06 20 4275001<\/p>\n<p>&#8212;Intr\u00f3&#8212;<br \/>\nGyere indulj m\u00e1r, r\u00e1nk egy \u00e1lomvil\u00e1g v\u00e1r.<br \/>\nBontsunk vitorl\u00e1t,azt\u00e1n ir\u00e1ny az \u00f3ce\u00e1n.<br \/>\n\u00c9n leszek a holnapod,ha te is \u00fagy akarod,<br \/>\nk\u00e9telkedni bennem, nincs okod.<br \/>\nTe leszel a haj\u00f3, ha \u00e9n a sziget.<br \/>\nA szerelem a tenger s partra vet.<br \/>\nHagyjuk hullni, m\u00falni a k\u00f6nnyed k\u00f6nnyeket.<br \/>\nTe leszel a vonat, a kiindul\u00e1s.<br \/>\n\u00c9n leszek a v\u00e9g\u00e1llom\u00e1s,<br \/>\nnekem nem kell senki m\u00e1s.<br \/>\n\u00dajra itt a ny\u00e1r,meleg\u00edt a napsug\u00e1r.<br \/>\nV\u00e1r re\u00e1nk m\u00e9g annyi minden,h\u00edv a boldogs\u00e1g.<br \/>\n\u00c9n leszek a holnapod,ha te is \u00fagy akarod,<br \/>\nk\u00e9telkedni bennem, nincs okod.<br \/>\nTe leszel a haj\u00f3, ha \u00e9n a sziget.<br \/>\nA szerelem a tenger s partra vet.<br \/>\nHagyjuk hullni, m\u00falni a k\u00f6nnyed k\u00f6nnyeket.<br \/>\nTe leszel a vonat, a kiindul\u00e1s.<br \/>\n\u00c9n leszek a v\u00e9g\u00e1llom\u00e1s,<br \/>\nnekem nem kell senki m\u00e1s.<br \/>\n&#8212;Sz\u00f3l\u00f3&#8212;<br \/>\n\u00c9n leszek a holnapod,ha te is \u00fagy akarod,<br \/>\nk\u00e9telkedni bennem, nincs okod.<br \/>\nTe leszel a haj\u00f3, ha \u00e9n a sziget.<br \/>\nA szerelem a tenger s partra vet.<br \/>\nHagyjuk hullni, m\u00falni, a k\u00f6nnyed k\u00f6nnyeket.<br \/>\nTe leszel a vonat, a kiindul\u00e1s.<br \/>\n\u00c9n leszek a v\u00e9g\u00e1llom\u00e1s,<br \/>\nnekem nem, kell senki m\u00e1s.<br \/>\nTe leszel a haj\u00f3, ha \u00e9n a sziget.<br \/>\nA szerelem a tenger s partra vet.<br \/>\nHagyjuk hullni, m\u00falni, a k\u00f6nnyed k\u00f6nnyeket.<br \/>\nTe leszel a vonat, a kiindul\u00e1s.<br \/>\n\u00c9n leszek a v\u00e9g\u00e1llom\u00e1s,<br \/>\nnekem nem kell, senki m\u00e1s.<br \/>\nTe leszel a haj\u00f3, ha \u00e9n a sziget.<br \/>\nA szerelem a tenger s partra vet.<br \/>\nHagyjuk hullni, m\u00falni, a k\u00f6nnyed k\u00f6nnyeket.<br \/>\nTe leszel a vonat, a kiindul\u00e1s.<br \/>\n\u00c9n leszek a v\u00e9g\u00e1llom\u00e1s,<br \/>\nnekem nem kell, senki m\u00e1s.<br \/>\nTe leszel a haj\u00f3, ha \u00e9n a sziget.<br \/>\nA szerelem a tenger s partra vet.<br \/>\nHagyjuk hullni, m\u00falni, a k\u00f6nnyed k\u00f6nnyeket.<br \/>\nTe leszel a vonat, a kiindul\u00e1s.<br \/>\n\u00c9n leszek a v\u00e9g\u00e1llom\u00e1s,<br \/>\nnekem nem kell, senki m\u00e1s.<br \/>\n&#8212;V\u00e9ge&#8212;<\/p>\n<p>&nbsp;<\/p>\n<p>&nbsp;<\/p>\n<p>&nbsp;<\/p>\n<p>&nbsp;<\/p>\n<p>&nbsp;<\/p>\n<p>&nbsp;<\/p>\n<p>&nbsp;<\/p>\n","protected":false},"featured_media":9289,"template":"","meta":{"site-sidebar-layout":"default","site-content-layout":"default","ast-site-content-layout":"default","site-content-style":"default","site-sidebar-style":"default","ast-global-header-display":"","ast-banner-title-visibility":"","ast-main-header-display":"","ast-hfb-above-header-display":"","ast-hfb-below-header-display":"","ast-hfb-mobile-header-display":"","site-post-title":"","ast-breadcrumbs-content":"","ast-featured-img":"","footer-sml-layout":"","theme-transparent-header-meta":"default","adv-header-id-meta":"","stick-header-meta":"","header-above-stick-meta":"","header-main-stick-meta":"","header-below-stick-meta":"","astra-migrate-meta-layouts":"set","ast-page-background-enabled":"default","ast-page-background-meta":{"desktop":{"background-color":"var(--ast-global-color-4)","background-image":"","background-repeat":"repeat","background-position":"center center","background-size":"auto","background-attachment":"scroll","background-type":"","background-media":"","overlay-type":"","overlay-color":"","overlay-opacity":"","overlay-gradient":""},"tablet":{"background-color":"","background-image":"","background-repeat":"repeat","background-position":"center center","background-size":"auto","background-attachment":"scroll","background-type":"","background-media":"","overlay-type":"","overlay-color":"","overlay-opacity":"","overlay-gradient":""},"mobile":{"background-color":"","background-image":"","background-repeat":"repeat","background-position":"center center","background-size":"auto","background-attachment":"scroll","background-type":"","background-media":"","overlay-type":"","overlay-color":"","overlay-opacity":"","overlay-gradient":""}},"ast-content-background-meta":{"desktop":{"background-color":"var(--ast-global-color-5)","background-image":"","background-repeat":"repeat","background-position":"center center","background-size":"auto","background-attachment":"scroll","background-type":"","background-media":"","overlay-type":"","overlay-color":"","overlay-opacity":"","overlay-gradient":""},"tablet":{"background-color":"var(--ast-global-color-5)","background-image":"","background-repeat":"repeat","background-position":"center center","background-size":"auto","background-attachment":"scroll","background-type":"","background-media":"","overlay-type":"","overlay-color":"","overlay-opacity":"","overlay-gradient":""},"mobile":{"background-color":"var(--ast-global-color-5)","background-image":"","background-repeat":"repeat","background-position":"center center","background-size":"auto","background-attachment":"scroll","background-type":"","background-media":"","overlay-type":"","overlay-color":"","overlay-opacity":"","overlay-gradient":""}}},"product_cat":[46],"product_tag":[],"class_list":["post-9620","product","type-product","status-publish","has-post-thumbnail","hentry","product_cat-eredeti-karaoke-dalok","desktop-align-left","tablet-align-left","mobile-align-left"],"_links":{"self":[{"href":"https:\/\/www.sunkaraoke.hu\/index.php\/wp-json\/wp\/v2\/product\/9620","targetHints":{"allow":["GET"]}}],"collection":[{"href":"https:\/\/www.sunkaraoke.hu\/index.php\/wp-json\/wp\/v2\/product"}],"about":[{"href":"https:\/\/www.sunkaraoke.hu\/index.php\/wp-json\/wp\/v2\/types\/product"}],"wp:featuredmedia":[{"embeddable":true,"href":"https:\/\/www.sunkaraoke.hu\/index.php\/wp-json\/wp\/v2\/media\/9289"}],"wp:attachment":[{"href":"https:\/\/www.sunkaraoke.hu\/index.php\/wp-json\/wp\/v2\/media?parent=9620"}],"wp:term":[{"taxonomy":"product_cat","embeddable":true,"href":"https:\/\/www.sunkaraoke.hu\/index.php\/wp-json\/wp\/v2\/product_cat?post=9620"},{"taxonomy":"product_tag","embeddable":true,"href":"https:\/\/www.sunkaraoke.hu\/index.php\/wp-json\/wp\/v2\/product_tag?post=9620"}],"curies":[{"name":"wp","href":"https:\/\/api.w.org\/{rel}","templated":true}]}}