{"id":9424,"date":"2022-09-08T20:18:23","date_gmt":"2022-09-08T20:18:23","guid":{"rendered":"https:\/\/www.sunkaraoke.hu\/?post_type=product&#038;p=9424"},"modified":"2025-04-14T04:44:52","modified_gmt":"2025-04-14T04:44:52","slug":"juhasz-maria-ha-arulnak-majd-gesztenyet-2022-mulatos-cover","status":"publish","type":"product","link":"https:\/\/www.sunkaraoke.hu\/index.php\/termek\/juhasz-maria-ha-arulnak-majd-gesztenyet-2022-mulatos-cover\/","title":{"rendered":"<div class=\"wcmp-player-container product-9424\"><audio controlslist=\"nodownload\" data-product=\"9424\"  volume=\"1\"  preload=\"none\" data-lazyloading=\"none\" class=\"wcmp-player track mejs-classic\" data-duration=\"0:31\" data-estimated_duration=\"4\"><source src=\"https:\/\/www.sunkaraoke.hu\/wp-content\/uploads\/2022\/09\/Ha-arulnak-majd-Mulatos-Cover-2022.-PB._demo.mp3\" type=\"audio\/mp3\" \/><\/audio><\/div>Juh\u00e1sz M\u00e1ria- Ha \u00e1rulnak majd  geszteny\u00e9t (Original PB Mulat\u00f3s Cover)"},"content":{"rendered":"<p><strong>04:02<\/strong>\u00a0| <strong><img loading=\"lazy\" decoding=\"async\" class=\"alignnone size-full wp-image-467\" src=\"https:\/\/www.sunkaraoke.hu\/wp-content\/uploads\/2022\/07\/choir_2-copy.webp\" alt=\"\" width=\"30\" height=\"30\" \/> \u00a0<\/strong><\/p>\n","protected":false},"excerpt":{"rendered":"<h6><strong>Bits\u0171r\u0171s\u00e9g: 320kb\/s<\/strong><br \/>\n<strong>Hossz: 04:02<\/strong><\/h6>\n<h6><strong>Vok\u00e1lt tartalmaz: Nem <img loading=\"lazy\" decoding=\"async\" class=\"alignnone size-full wp-image-467\" src=\"http:\/\/www.sunkaraoke.hu\/wp-content\/uploads\/2022\/07\/choir_2-copy.png\" alt=\"\" width=\"30\" height=\"30\" \/><\/strong><\/h6>\n<p>Sunkaraoke mp3 st\u00fadi\u00f3 \/ www.sunkaraoke.hu \/ Inf: Tel: 06 20 4275001<\/p>\n<p>&#8212;Intr\u00f3&#8212;\u00a0 \/\/Em\/\/<br \/>\nHa \u00e1rulnak majd geszteny\u00e9t,<br \/>\nmegk\u00e9rdezem, a n\u00e9nik\u00e9t,<br \/>\nhogy eml\u00e9kszik e r\u00e1nk, vagy \u00e9n csak,<br \/>\n\u00e1lmodtam, egy sz\u00e9p mes\u00e9t!<br \/>\nEgy f\u00e9l \u00e9ve sincs, m\u00e9g tal\u00e1n,<br \/>\nhogy itt v\u00e1rt\u00e1l, te \u00e9nre\u00e1m,<br \/>\na lezuhan\u00f3 nap pirosra festette a k\u00f6rutat.<br \/>\n\u00dagy b\u00e1nt engem, egy gondolat,<br \/>\nhogy te most vajon, merre vagy,<br \/>\n\u00e9s mit borzongat, itt bel\u00fcl,<br \/>\naz emberben, a ny\u00e1ri nap!<\/p>\n<p>Ott vett\u00e9l akkor, geszteny\u00e9t,<br \/>\nj\u00f3 forr\u00f3 meleg, geszteny\u00e9t,<br \/>\na forr\u00f3s\u00e1ga j\u00e1rta \u00e1t, a kett\u0151nk zseb\u00e9t, \u00e9s kez\u00e9t.<br \/>\nEgy f\u00e9l \u00e9ve sincs, m\u00e9g tal\u00e1n,<br \/>\nhogy itt v\u00e1rt\u00e1l, te \u00e9nre\u00e1m,<br \/>\na f\u00e1kt\u00f3l s\u00edrva, b\u00facs\u00fazott sok, sz\u00e1raz, s\u00e1rga kis lev\u00e9l!<br \/>\n\u00dagy b\u00e1nt engem, egy gondolat,<br \/>\nhogy te most vajon, merre vagy,<br \/>\n\u00e9s mit borzongat, itt bel\u00fcl,<br \/>\naz emberben, a ny\u00e1ri nap!<br \/>\n&#8212;Sz\u00f3l\u00f3&#8212;<br \/>\nHa \u00e1rulnak majd geszteny\u00e9t,<br \/>\nmegk\u00e9rdezem, a n\u00e9nik\u00e9t,<br \/>\nhogy eml\u00e9kszik e r\u00e1nk, vagy \u00e9n csak,<br \/>\n\u00e1lmodtam, egy sz\u00e9p mes\u00e9t!<br \/>\nEgy f\u00e9l \u00e9ve sincs, m\u00e9g tal\u00e1n,<br \/>\nhogy itt v\u00e1rt\u00e1l, te \u00e9nre\u00e1m,<br \/>\na lezuhan\u00f3 nap pirosra festette a k\u00f6rutat.<br \/>\n\u00dagy b\u00e1nt engem, egy gondolat,<br \/>\nhogy te most vajon, merre vagy,<br \/>\n\u00e9s mit borzongat, itt bel\u00fcl,<br \/>\naz emberben, a ny\u00e1ri nap!<\/p>\n<p>Ott vett\u00e9l akkor, geszteny\u00e9t,<br \/>\nj\u00f3 forr\u00f3 meleg, geszteny\u00e9t,<br \/>\na forr\u00f3s\u00e1ga j\u00e1rta \u00e1t, a kett\u0151nk zseb\u00e9t, \u00e9s kez\u00e9t,<br \/>\negy f\u00e9l \u00e9ve sincs, m\u00e9g tal\u00e1n,<br \/>\nhogy itt v\u00e1rt\u00e1l, te \u00e9nre\u00e1m,<br \/>\na f\u00e1kt\u00f3l s\u00edrva, b\u00facs\u00fazott sok, sz\u00e1raz, s\u00e1rga kis lev\u00e9l!<br \/>\n\u00dagy b\u00e1nt engem, egy gondolat,<br \/>\nhogy te most vajon, merre vagy,<br \/>\n\u00e9s mit borzongat, itt bel\u00fcl,<br \/>\naz emberben, a ny\u00e1ri nap.<br \/>\n&#8212;V\u00e9ge&#8212;<\/p>\n","protected":false},"featured_media":9431,"template":"","meta":{"site-sidebar-layout":"default","site-content-layout":"default","ast-site-content-layout":"default","site-content-style":"default","site-sidebar-style":"default","ast-global-header-display":"","ast-banner-title-visibility":"","ast-main-header-display":"","ast-hfb-above-header-display":"","ast-hfb-below-header-display":"","ast-hfb-mobile-header-display":"","site-post-title":"","ast-breadcrumbs-content":"","ast-featured-img":"","footer-sml-layout":"","theme-transparent-header-meta":"default","adv-header-id-meta":"","stick-header-meta":"","header-above-stick-meta":"","header-main-stick-meta":"","header-below-stick-meta":"","astra-migrate-meta-layouts":"set","ast-page-background-enabled":"default","ast-page-background-meta":{"desktop":{"background-color":"var(--ast-global-color-4)","background-image":"","background-repeat":"repeat","background-position":"center center","background-size":"auto","background-attachment":"scroll","background-type":"","background-media":"","overlay-type":"","overlay-color":"","overlay-opacity":"","overlay-gradient":""},"tablet":{"background-color":"","background-image":"","background-repeat":"repeat","background-position":"center center","background-size":"auto","background-attachment":"scroll","background-type":"","background-media":"","overlay-type":"","overlay-color":"","overlay-opacity":"","overlay-gradient":""},"mobile":{"background-color":"","background-image":"","background-repeat":"repeat","background-position":"center center","background-size":"auto","background-attachment":"scroll","background-type":"","background-media":"","overlay-type":"","overlay-color":"","overlay-opacity":"","overlay-gradient":""}},"ast-content-background-meta":{"desktop":{"background-color":"var(--ast-global-color-5)","background-image":"","background-repeat":"repeat","background-position":"center center","background-size":"auto","background-attachment":"scroll","background-type":"","background-media":"","overlay-type":"","overlay-color":"","overlay-opacity":"","overlay-gradient":""},"tablet":{"background-color":"var(--ast-global-color-5)","background-image":"","background-repeat":"repeat","background-position":"center center","background-size":"auto","background-attachment":"scroll","background-type":"","background-media":"","overlay-type":"","overlay-color":"","overlay-opacity":"","overlay-gradient":""},"mobile":{"background-color":"var(--ast-global-color-5)","background-image":"","background-repeat":"repeat","background-position":"center center","background-size":"auto","background-attachment":"scroll","background-type":"","background-media":"","overlay-type":"","overlay-color":"","overlay-opacity":"","overlay-gradient":""}}},"product_cat":[48],"product_tag":[],"class_list":["post-9424","product","type-product","status-publish","has-post-thumbnail","hentry","product_cat-sunkaraoke-dalok","desktop-align-left","tablet-align-left","mobile-align-left"],"_links":{"self":[{"href":"https:\/\/www.sunkaraoke.hu\/index.php\/wp-json\/wp\/v2\/product\/9424","targetHints":{"allow":["GET"]}}],"collection":[{"href":"https:\/\/www.sunkaraoke.hu\/index.php\/wp-json\/wp\/v2\/product"}],"about":[{"href":"https:\/\/www.sunkaraoke.hu\/index.php\/wp-json\/wp\/v2\/types\/product"}],"wp:featuredmedia":[{"embeddable":true,"href":"https:\/\/www.sunkaraoke.hu\/index.php\/wp-json\/wp\/v2\/media\/9431"}],"wp:attachment":[{"href":"https:\/\/www.sunkaraoke.hu\/index.php\/wp-json\/wp\/v2\/media?parent=9424"}],"wp:term":[{"taxonomy":"product_cat","embeddable":true,"href":"https:\/\/www.sunkaraoke.hu\/index.php\/wp-json\/wp\/v2\/product_cat?post=9424"},{"taxonomy":"product_tag","embeddable":true,"href":"https:\/\/www.sunkaraoke.hu\/index.php\/wp-json\/wp\/v2\/product_tag?post=9424"}],"curies":[{"name":"wp","href":"https:\/\/api.w.org\/{rel}","templated":true}]}}