{"id":9269,"date":"2022-08-26T07:51:42","date_gmt":"2022-08-26T07:51:42","guid":{"rendered":"https:\/\/www.sunkaraoke.hu\/?post_type=product&#038;p=9269"},"modified":"2025-04-07T13:20:33","modified_gmt":"2025-04-07T13:20:33","slug":"piros-bela-piros-mulatos-mix-57","status":"publish","type":"product","link":"https:\/\/www.sunkaraoke.hu\/index.php\/termek\/piros-bela-piros-mulatos-mix-57\/","title":{"rendered":"<div class=\"wcmp-player-container product-9269\"><audio controlslist=\"nodownload\" data-product=\"9269\"  volume=\"1\"  preload=\"none\" data-lazyloading=\"none\" class=\"wcmp-player track mejs-classic\" data-duration=\"0:32\" data-estimated_duration=\"4\"><source src=\"https:\/\/www.sunkaraoke.hu\/wp-content\/uploads\/2022\/08\/Piros-Bela-mulatos-mix-57-Orig.-demooo.mp3\" type=\"audio\/mp3\" \/><\/audio><\/div>Piros B\u00e9la: Piros mulat\u00f3s mix 57. (Original)"},"content":{"rendered":"<p><strong>18:07<\/strong>\u00a0| <strong><img loading=\"lazy\" decoding=\"async\" class=\"alignnone size-full wp-image-467\" src=\"https:\/\/www.sunkaraoke.hu\/wp-content\/uploads\/2022\/07\/choir_2-copy.webp\" alt=\"\" width=\"30\" height=\"30\" \/> <\/strong><\/p>\n","protected":false},"excerpt":{"rendered":"<h6><strong>Bits\u0171r\u0171s\u00e9g: 320kb\/s<\/strong><br \/>\n<strong>Hossz: 18:07<\/strong><\/h6>\n<h6><strong>Vok\u00e1lt tartalmaz: Nem <img loading=\"lazy\" decoding=\"async\" class=\"alignnone size-full wp-image-467\" src=\"http:\/\/www.sunkaraoke.hu\/wp-content\/uploads\/2022\/07\/choir_2-copy.png\" alt=\"\" width=\"30\" height=\"30\" \/><\/strong><strong style=\"font-size: 16px;\"><br \/>\n<\/strong><\/h6>\n<p>Sunkaraoke mp3 st\u00fadi\u00f3 \/ www.sunkaraoke.hu \/ Inf: Tel: 06 20 4275001<\/p>\n<p>&#8212;Intr\u00f3&#8212;<br \/>\nZavaros a Tisza vize,nem lehet hal\u00e1szni,<br \/>\n\u00edgy h\u00e1t kedves kis angyalom,r\u00e1d fogok vigy\u00e1zni.<br \/>\nNem kell \u00e9nr\u00e1m m\u00e1r vigy\u00e1zni,nem f\u00e1j n\u00e9kem semmi,<br \/>\nCsak az f\u00e1j,hogy nem tudtalak igaz\u00e1n szeretni.<br \/>\nNem kell \u00e9nr\u00e1m m\u00e1r vigy\u00e1zni,nem f\u00e1j n\u00e9kem semmi,<br \/>\nCsak az f\u00e1j,hogy nem tudtalak igaz\u00e1n szeretni.<br \/>\nHaragszanak r\u00e1m a l\u00e1nyok,hogy \u00e9n hozz\u00e1d j\u00e1rok,<br \/>\nHogy \u00e9n a te k\u00e9k szemedn\u00e9l szebbet nem tal\u00e1lok.<br \/>\nK\u00e9k a szemed,a piros ajkad minden boldogs\u00e1gom,<br \/>\nnem szerettem \u00edgy m\u00e9g senkit ezen a vil\u00e1gon.<br \/>\nK\u00e9k a szemed,a piros ajkad minden boldogs\u00e1gom,<br \/>\nnem szerettem \u00edgy m\u00e9g senkit ezen a vil\u00e1gon.<br \/>\nKimegyek a temet\u0151be,besz\u00e9lek a cs\u0151sszel,<br \/>\n\u00e1ssa meg az \u00e9n s\u00edromat m\u00e9g az id\u00e9n \u0151sszel!<br \/>\nEgy s\u00edr helyett kett\u0151t \u00e1sson,mert egy kev\u00e9s n\u00e9kem,<br \/>\negyik kell a szeret\u0151mnek,a m\u00e1sik meg n\u00e9kem.<br \/>\nEgy s\u00edr helyett kett\u0151t \u00e1sson,mert egy kev\u00e9s n\u00e9kem,<br \/>\negyik kell a szeret\u0151mnek,a m\u00e1sik meg n\u00e9kem.<br \/>\n&#8212;Sz\u00f3l\u00f3&#8212;<br \/>\nNincs szebb mad\u00e1r, fecsk\u00e9n\u00e9l, obdi l\u00e1di l\u00e1di lom, dil\u00e1rom,<br \/>\na feh\u00e9r l\u00e1b\u00fa menyecsk\u00e9n\u00e9l, obdi l\u00e1di l\u00e1di lom, dil\u00e1rom.<br \/>\nA feh\u00e9r l\u00e1b\u00e1t mossa mossa, obdi l\u00e1rom, dil\u00e1rom, galambom,<br \/>\nhideg a v\u00edz nem \u00e1llhatja, obdi l\u00e1di l\u00e1di lom, dil\u00e1rom.<br \/>\nA feh\u00e9r l\u00e1b\u00e1t mossa mossa, obdi l\u00e1rom, dil\u00e1rom, galambom,<br \/>\nhideg a v\u00edz nem \u00e1llhatja, obdi l\u00e1di l\u00e1di lom, dil\u00e1rom.<br \/>\nAz \u00e9n pr\u00edm\u00e1som heged\u0171je, obdi l\u00e1di l\u00e1di lom, dil\u00e1rom,<br \/>\nveszett volna az erd\u0151be, obdi l\u00e1di l\u00e1di lom, dil\u00e1rom.<br \/>\nHeged\u0171je nem lett volna, obdi l\u00e1rom, dil\u00e1rom, galambom,<br \/>\nszerelmes sem lettem volna, obdi l\u00e1di l\u00e1di lom, dil\u00e1rom.<br \/>\nHeged\u0171je nem lett volna,obdi l\u00e1rom, dil\u00e1rom, galambom,<br \/>\nszerelmes sem lettem volna, obdi l\u00e1di l\u00e1di lom, dil\u00e1rom.<br \/>\nA zen\u00e9sz gyerek az fasza gyerek, obdi l\u00e1di l\u00e1di lom, dil\u00e1rom,<br \/>\nmert j\u00f3l ismeri az \u00e9letet, obdi l\u00e1di l\u00e1di lom, dil\u00e1rom.<br \/>\nHa meg l\u00e1t egy csinos h\u00f6lgyet, obdi l\u00e1di l\u00e1di lom, dil\u00e1rom.<br \/>\nkeres rajta hegyet v\u00f6lgyet, obdi l\u00e1di l\u00e1di lom, dil\u00e1rom.<br \/>\nHa meg l\u00e1t egy csinos h\u00f6lgyet, obdi l\u00e1di l\u00e1di lom, dil\u00e1rom.<br \/>\nkeres rajta hegyet v\u00f6lgyet, obdi l\u00e1di l\u00e1di lom, dil\u00e1rom.<br \/>\nHa megl\u00e1t egy csinos h\u00f6lgyet, obdi l\u00e1di l\u00e1di lom, dil\u00e1rom.<br \/>\nkeres rajta hegyet v\u00f6lgyet, obdi l\u00e1di l\u00e1di lom, dil\u00e1rom.<br \/>\n&#8212;Sz\u00f3l\u00f3&#8212;<br \/>\nVan nekem szeret\u0151m egyn\u00e9h\u00e1ny, mint az \u00e9gen a csillag.<br \/>\nSz\u0151ke \u00e9s barna valah\u00e1ny, mind szemembe kacsintgat.<br \/>\nHej, de \u00e9n csak egyel kezdek ki, a m\u00e1sik lesheti mi lesz a v\u00e9ge,<br \/>\nszombaton egy kicsit \u00edgy, meg \u00fagy, hisz nem veszik azt \u00e9szre.<br \/>\nHej, de \u00e9n csak egyel kezdek ki, a m\u00e1sik lesheti mi lesz a v\u00e9ge,<br \/>\nSzombaton egy kicsit \u00edgy, meg \u00fagy, hisz nem veszik azt \u00e9szre.<br \/>\nVan nekem szeret\u0151m egyn\u00e9h\u00e1ny, mint az \u00e9gen a csillag.<br \/>\nSz\u0151ke \u00e9s fekete valah\u00e1ny, mind szemembe kacsintgat.<br \/>\nSz\u00e1z fel\u00e9 nevetek, sz\u00e1z leg\u00e9nyt \u00f6lelek, m\u00edg egyet szeretek v\u00e9gre.<br \/>\nSzombaton egy kicsit megcsalom, \u00fagysem veszik \u00e9szre.<br \/>\nSz\u00e1z fel\u00e9 nevetek, sz\u00e1z leg\u00e9nyt \u00f6lelek, m\u00edg egyet szeretek v\u00e9gre.<br \/>\nSzombaton egy kicsit megcsalom, \u00fagysem veszik \u00e9szre.<br \/>\n&#8212;Sz\u00f3l\u00f3&#8212;<br \/>\n\u0150sszel \u00e9rik bab\u00e1m a fekete sz\u0151l\u0151,te volt\u00e1l az igazi szeret\u0151.<br \/>\nBocs\u00e1ss meg, ha vala valaha v\u00e9tettem,<br \/>\nellenedre bab\u00e1m, rosszat cselekedtem.<br \/>\nBocs\u00e1ss meg, ha vala valaha v\u00e9tettem,<br \/>\nellenedre bab\u00e1m, rosszat cselekedtem.<br \/>\nJaj, de sz\u00e9pen z\u00f6ldell a rim\u00f3ci hat\u00e1r,k\u00f6zepibe legel egy kis b\u00e1r\u00e1ny.<br \/>\nK\u00f6zepibe gy\u00f6ngyen legel egy kis b\u00e1r\u00e1ny,<br \/>\nJaj, de csinos, b\u00fcszke a rim\u00f3ci kisl\u00e1ny.<br \/>\nK\u00f6zepibe gy\u00f6ngyen legel egy kis b\u00e1r\u00e1ny,<br \/>\nJaj, de csinos, b\u00fcszke a rim\u00f3ci kisl\u00e1ny.<br \/>\nKinek, varrod bab\u00e1m azt a h\u00edmzett kend\u0151t?<br \/>\nNeked varrom, hogy legy\u00e9l szeret\u0151m.<br \/>\nN\u00e9gysark\u00e1ba n\u00e9gy sz\u00e1l feh\u00e9r rozmaringot,<br \/>\nk\u00f6zepibe bab\u00e1m, hogy szeret\u0151d vagyok.<br \/>\nN\u00e9gysark\u00e1ba n\u00e9gy sz\u00e1l feh\u00e9r rozmaringot,<br \/>\nk\u00f6zepibe bab\u00e1m, hogy szeret\u0151d vagyok.<br \/>\n&#8212;Sz\u00f3l\u00f3&#8212;<br \/>\n\u00dagy m\u00e9g sose volt, hogy valahogy ne lett volna.<br \/>\n\u00c9n nem b\u00fasulok, hogy nem szeretsz tegnap \u00f3ta.<br \/>\nNincs m\u00e1r divatban csal\u00f3d\u00e1st\u00f3l gy\u00e1szba j\u00e1rni.<br \/>\nEgy ha el is hagy, mindig lehet m\u00e1st tal\u00e1lni.<br \/>\nNincs m\u00e1r divatban csal\u00f3d\u00e1st\u00f3l gy\u00e1szba j\u00e1rni.<br \/>\nEgy ha el is hagy, mindig lehet m\u00e1st tal\u00e1lni.<br \/>\n\u00c9n is tal\u00e1ltam, cukor annak minden cs\u00f3kja.<br \/>\nR\u00e9gi galambom, nem \u00f6lelhetsz k\u00e9t karodba.<br \/>\nSz\u00edved ha f\u00e1jna, vigasztaljon ez a n\u00f3ta.<br \/>\n\u00dagy m\u00e9g sose volt, hogy valahogy ne lett volna.<br \/>\nSz\u00edved ha f\u00e1jna, vigasztaljon ez a n\u00f3ta.<br \/>\n\u00dagy m\u00e9g sose volt, hogy valahogy ne lett volna.<br \/>\n&#8212;Sz\u00f3l\u00f3&#8212;<br \/>\nJegenyef\u00e1n f\u00e9szket rak a cs\u00f3ka,<br \/>\nbarna kisl\u00e1ny tan\u00edtott a cs\u00f3kra.<br \/>\nT\u00fczes cs\u00f3kj\u00e1t,jaj,de sokat vissza-visszak\u00e9rtem,<br \/>\na sz\u00edvemet,a lelkemet adtam oda neki \u00e9rte.<br \/>\nAdtam cs\u00f3kot,az Isten tudja,h\u00e1nyat,<br \/>\ncs\u00f3kolom a cs\u00f3kra termett sz\u00e1dat.<br \/>\nDe mi\u00f3ta sz\u00e9jjelszakadt a szerelm\u00fcnk l\u00e1nca,<br \/>\na faluban nincsen olyan kov\u00e1cs,sej,aki \u00f6sszekalap\u00e1lja.<br \/>\nHa meghalok,csak az a k\u00e9r\u00e9sem,<br \/>\ncig\u00e1nybanda s\u00edromig k\u00eds\u00e9rjen!<br \/>\nA h\u00e1zamt\u00f3l a s\u00edromig mindig csak azt h\u00fazza,<br \/>\nezt a leg\u00e9nyt a szerelem vitte el a s\u00f6t\u00e9t s\u00edrba.<br \/>\n&#8212;Sz\u00f3l\u00f3&#8212;<br \/>\nVolt id\u0151, mikor m\u00e9g nem volt\u00e1l,<br \/>\ns nem \u00e9reztem, hogy f\u00e1jna majd, ha nem voln\u00e1l.<br \/>\n\u00c9s most l\u00e1tod, f\u00e9ltelek, \u0151rizlek, v\u00e9delek,<br \/>\nmert lesz id\u0151 meglehet , hogy nem leszel m\u00e1r.<br \/>\nVoltak, akik szerettek, \u00fagy hiszem,<br \/>\nma sem tudom, v\u00e9g\u00fcl mi\u00e9rt hagytak el.<br \/>\nDe t\u00e9ged most m\u00e1r f\u00e9ltelek, szeress \u00fagy, hogy j\u00f3 legyek,<br \/>\n\u0151rizz meg elveszek, ha nem figyelsz r\u00e1m.<br \/>\nV\u00e1ltoznak az \u00e9vszakok, rossz id\u0151k, sz\u00e9p napok,<br \/>\nb\u00fajj hozz\u00e1m, ne hagyj el, ha \u00e9n menn\u00e9k, ne engedj el!<br \/>\nV\u00e1ltoznak az \u00e9vszakok, j\u00f3 id\u0151k, rossz napok,<br \/>\nb\u00fajj hozz\u00e1m, ne hagyj el, ha \u00e9n menn\u00e9k, ne engedj el!<br \/>\nPr\u00f3b\u00e1ltam m\u00e1sokkal, m\u00e1shogyan,<br \/>\nma egyik is, m\u00e1sik is messze van.<br \/>\n\u00c9s v\u00e9letlen \u00fagy lehet, de t\u00e9ged m\u00e1r f\u00e9ltelek,<br \/>\n\u0151rizz meg elveszek, ha nem figyelsz r\u00e1m.<br \/>\nVoltak, akik szerettek, \u00fagy hiszem,<br \/>\nma sem tudom, v\u00e9g\u00fcl mi\u00e9rt hagytak el.<br \/>\nDe t\u00e9ged most m\u00e1r f\u00e9ltelek, szeress \u00fagy, hogy j\u00f3 legyek,<br \/>\n\u0151rizz meg elveszek, ha nem figyelsz r\u00e1m.<br \/>\nV\u00e1ltoznak az \u00e9vszakok, rossz id\u0151k, sz\u00e9p napok,<br \/>\nb\u00fajj hozz\u00e1m, ne hagyj el, ha \u00e9n menn\u00e9k, ne engedj el!<br \/>\nV\u00e1ltoznak az \u00e9vszakok, j\u00f3 id\u0151k, rossz napok,<br \/>\nb\u00fajj hozz\u00e1m, ne hagyj el, ha \u00e9n menn\u00e9k, ne engedj el!<br \/>\n&#8212;Sz\u00f3l\u00f3&#8212;<br \/>\nRemete l\u00e1ny csak \u00edgy h\u00edvtak,<br \/>\nremete l\u00e1ny akik h\u00edvtak,<br \/>\n\u00e9s akikkel sosem mentem el.<br \/>\nRemete l\u00e1ny ha nem is voltam,<br \/>\nremete l\u00e1ny belenyugodtam,<br \/>\nhogy engem egy fi\u00fa sem \u00e9rdekel.<br \/>\nSzob\u00e1m m\u00e9ly\u00e9n sajn\u00e1ltam magam,<br \/>\neg\u00e9szen addig, am\u00edg meguntam.<br \/>\nNem tudom mi van velem,<br \/>\nkin\u0151ttem a szerepem ,<br \/>\nha a jelmez sz\u00e9tszakad,<br \/>\nnem veszek fel egy m\u00e1sikat.<br \/>\nNem tudom mi van velem,<br \/>\nj\u00f6hetne a szerelem<br \/>\nmert a sz\u00edvem megszakad,<br \/>\nhonnan szerzek egy m\u00e1sikat.<br \/>\nRemete l\u00e1ny,micsoda \u00f6tlet,<br \/>\nremete l\u00e1ny soha, soha t\u00f6bbet ,<br \/>\nnem szeretn\u00e9k egyed\u00fcl lenni m\u00e1r.<br \/>\nRemete l\u00e1ny ha nem is voltam,<br \/>\nremete l\u00e1ny de azt gondoltam,<br \/>\na nagyvil\u00e1gban k\u00f6r\u00fcln\u00e9zni k\u00e1r.<br \/>\nSzob\u00e1m m\u00e9ly\u00e9n sajn\u00e1ltam magam,<br \/>\neg\u00e9szen addig, am\u00edg meguntam.<br \/>\nNem tudom mi van velem,<br \/>\nkin\u0151ttem a szerepem ,<br \/>\nha a jelmez sz\u00e9tszakad,<br \/>\nnem veszek fel egy m\u00e1sikat.<br \/>\nNem tudom mi van velem,<br \/>\nj\u00f6hetne a szerelem<br \/>\nmert a sz\u00edvem megszakad,<br \/>\nhonnan szerzek egy m\u00e1sikat.<br \/>\n&#8212;Sz\u00f3l\u00f3&#8212;<br \/>\nVan \u00e9bred\u00e9s, \u00e9s vannak \u00e1lmok,<br \/>\n\u00e9s j\u00f3l tudom, mi mennyit \u00e9r.<br \/>\nDe nem tudom, egy sz\u00e9p napon,<br \/>\nmit hoz fel\u00e9m, a k\u00f6nny\u0171 sz\u00e9l.<br \/>\nLehet, hogy t\u00e9ged v\u00e1rtalak mindig,<br \/>\nminden \u00e9jszak\u00e1n.<br \/>\nLehet, hogy, te vagy minden \u00e9jjel,<br \/>\nminden \u00e1lmom.<br \/>\nBiztos, hogy, t\u00e9ged v\u00e1rtalak mindig,<br \/>\nminden \u00e9jszak\u00e1n,<br \/>\n\u00e9rted s\u00edrtam \u00e1t, sok \u00e9jszak\u00e1t!<br \/>\n\u00c9s van egy l\u00e1ny, az \u00e1lmaimban,<br \/>\nelt\u0171nik minden, hajnalon.<br \/>\nHogy j\u00f6n fel\u00e9m, azt v\u00e1rom \u00e9n,<br \/>\ntal\u00e1n te vagy, \u00e9s te j\u00f6ssz fel\u00e9m.<br \/>\nLehet, hogy t\u00e9ged v\u00e1rtalak mindig,<br \/>\nminden \u00e9jszak\u00e1n.<br \/>\nLehet, hogy, te vagy minden \u00e9jjel,<br \/>\nminden \u00e1lmom.<br \/>\nBiztos, hogy, t\u00e9ged v\u00e1rtalak mindig,<br \/>\nminden \u00e9jszak\u00e1n,<br \/>\n\u00e9rted s\u00edrtam \u00e1t,a sok sok \u00e9jszak\u00e1t!<br \/>\n&#8212;V\u00e9ge&#8212;<\/p>\n<p>&nbsp;<\/p>\n","protected":false},"featured_media":12989,"template":"","meta":{"site-sidebar-layout":"default","site-content-layout":"default","ast-site-content-layout":"default","site-content-style":"default","site-sidebar-style":"default","ast-global-header-display":"","ast-banner-title-visibility":"","ast-main-header-display":"","ast-hfb-above-header-display":"","ast-hfb-below-header-display":"","ast-hfb-mobile-header-display":"","site-post-title":"","ast-breadcrumbs-content":"","ast-featured-img":"","footer-sml-layout":"","theme-transparent-header-meta":"default","adv-header-id-meta":"","stick-header-meta":"","header-above-stick-meta":"","header-main-stick-meta":"","header-below-stick-meta":"","astra-migrate-meta-layouts":"set","ast-page-background-enabled":"default","ast-page-background-meta":{"desktop":{"background-color":"var(--ast-global-color-4)","background-image":"","background-repeat":"repeat","background-position":"center center","background-size":"auto","background-attachment":"scroll","background-type":"","background-media":"","overlay-type":"","overlay-color":"","overlay-opacity":"","overlay-gradient":""},"tablet":{"background-color":"","background-image":"","background-repeat":"repeat","background-position":"center center","background-size":"auto","background-attachment":"scroll","background-type":"","background-media":"","overlay-type":"","overlay-color":"","overlay-opacity":"","overlay-gradient":""},"mobile":{"background-color":"","background-image":"","background-repeat":"repeat","background-position":"center center","background-size":"auto","background-attachment":"scroll","background-type":"","background-media":"","overlay-type":"","overlay-color":"","overlay-opacity":"","overlay-gradient":""}},"ast-content-background-meta":{"desktop":{"background-color":"var(--ast-global-color-5)","background-image":"","background-repeat":"repeat","background-position":"center center","background-size":"auto","background-attachment":"scroll","background-type":"","background-media":"","overlay-type":"","overlay-color":"","overlay-opacity":"","overlay-gradient":""},"tablet":{"background-color":"var(--ast-global-color-5)","background-image":"","background-repeat":"repeat","background-position":"center center","background-size":"auto","background-attachment":"scroll","background-type":"","background-media":"","overlay-type":"","overlay-color":"","overlay-opacity":"","overlay-gradient":""},"mobile":{"background-color":"var(--ast-global-color-5)","background-image":"","background-repeat":"repeat","background-position":"center center","background-size":"auto","background-attachment":"scroll","background-type":"","background-media":"","overlay-type":"","overlay-color":"","overlay-opacity":"","overlay-gradient":""}}},"product_cat":[48],"product_tag":[],"class_list":["post-9269","product","type-product","status-publish","has-post-thumbnail","hentry","product_cat-sunkaraoke-dalok","desktop-align-left","tablet-align-left","mobile-align-left"],"_links":{"self":[{"href":"https:\/\/www.sunkaraoke.hu\/index.php\/wp-json\/wp\/v2\/product\/9269","targetHints":{"allow":["GET"]}}],"collection":[{"href":"https:\/\/www.sunkaraoke.hu\/index.php\/wp-json\/wp\/v2\/product"}],"about":[{"href":"https:\/\/www.sunkaraoke.hu\/index.php\/wp-json\/wp\/v2\/types\/product"}],"wp:featuredmedia":[{"embeddable":true,"href":"https:\/\/www.sunkaraoke.hu\/index.php\/wp-json\/wp\/v2\/media\/12989"}],"wp:attachment":[{"href":"https:\/\/www.sunkaraoke.hu\/index.php\/wp-json\/wp\/v2\/media?parent=9269"}],"wp:term":[{"taxonomy":"product_cat","embeddable":true,"href":"https:\/\/www.sunkaraoke.hu\/index.php\/wp-json\/wp\/v2\/product_cat?post=9269"},{"taxonomy":"product_tag","embeddable":true,"href":"https:\/\/www.sunkaraoke.hu\/index.php\/wp-json\/wp\/v2\/product_tag?post=9269"}],"curies":[{"name":"wp","href":"https:\/\/api.w.org\/{rel}","templated":true}]}}