{"id":9146,"date":"2022-08-23T11:18:55","date_gmt":"2022-08-23T11:18:55","guid":{"rendered":"https:\/\/www.sunkaraoke.hu\/?post_type=product&#038;p=9146"},"modified":"2026-04-18T07:25:17","modified_gmt":"2026-04-18T05:25:17","slug":"jerzsele-zoltan-van-ket-lovam","status":"publish","type":"product","link":"https:\/\/www.sunkaraoke.hu\/index.php\/termek\/jerzsele-zoltan-van-ket-lovam\/","title":{"rendered":"<div class=\"wcmp-player-container product-9146\"><audio controlslist=\"nodownload\" data-product=\"9146\"  volume=\"1\"  preload=\"none\" data-lazyloading=\"none\" class=\"wcmp-player track mejs-classic\" data-duration=\"0:35\" data-estimated_duration=\"4\"><source src=\"https:\/\/www.sunkaraoke.hu\/wp-content\/uploads\/2022\/08\/Van-ket-lovam-Jero.-kdemoo.mp3\" type=\"audio\/mp3\" \/><\/audio><\/div>Jerzsele Zolt\u00e1n: Van k\u00e9t lovam (Original)"},"content":{"rendered":"<p><b>03:32<\/b>| <strong><img loading=\"lazy\" decoding=\"async\" class=\"alignnone size-full wp-image-467\" src=\"https:\/\/www.sunkaraoke.hu\/wp-content\/uploads\/2022\/07\/choir_2-copy.webp\" alt=\"\" width=\"30\" height=\"30\" \/> <\/strong><\/p>\n","protected":false},"excerpt":{"rendered":"<h6><strong>Bits\u0171r\u0171s\u00e9g: 160kb\/s &#8211; 320 kb\/s<\/strong><br \/>\n<strong>Hossz: 03:32<\/strong><\/h6>\n<h6><strong>Vok\u00e1lt tartalmaz: Nem<\/strong> <img loading=\"lazy\" decoding=\"async\" class=\"alignnone size-full wp-image-467\" src=\"http:\/\/www.sunkaraoke.hu\/wp-content\/uploads\/2022\/07\/choir_2-copy.png\" alt=\"\" width=\"30\" height=\"30\" \/><strong style=\"font-size: 16px;\"><br \/>\n<\/strong><\/h6>\n<p>Sunkaraoke mp3 st\u00fadi\u00f3 \/ www.sunkaraoke.hu \/ Inf: Tel: 06 20 4275001<\/p>\n<p>&#8212;Intro&#8212;Cm&#8212;<br \/>\n&#8212;F\u00fav\u00f3s!&#8212;<br \/>\nVan k\u00e9t lovam, mind a kett\u0151 deres.<br \/>\nMind a kett\u0151 a kocsm\u00e1ra keres,<br \/>\na kocsm\u00e1ra, meg a bili\u00e1rdra.<br \/>\nVan k\u00e9t lovam, mind a kett\u0151 deres.<br \/>\nMind a kett\u0151 a kocsm\u00e1ra keres,<br \/>\na kocsm\u00e1ra, meg a bili\u00e1rdra.<br \/>\n&#8212;F\u00fav\u00f3s!&#8212;<br \/>\nElmentem \u00e9n, sej a Casinoba,<br \/>\nnem vigy\u00e1ztam, ott a vagyonomra.<br \/>\nVagyonomra meg a milli\u00f3kra.<br \/>\nA cs\u00e1v\u00f3nak az\u00e9rt sz\u00e9p a h\u00e1za,<br \/>\nmert a p\u00e9nz\u00e9t a h\u00e1z\u00e1ra sz\u00e1nja.<br \/>\nA h\u00e1z\u00e1ra meg a csal\u00e1dj\u00e1ra.<br \/>\n&#8212;F\u00fav\u00f3s!&#8212;<br \/>\nVan k\u00e9t lovam, mind a kett\u0151 deres.<br \/>\nMind a kett\u0151 a kocsm\u00e1ra keres,<br \/>\na kocsm\u00e1ra, meg a bili\u00e1rdra.<br \/>\nVan k\u00e9t lovam, mind a kett\u0151 deres.<br \/>\nMind a kett\u0151 a kocsm\u00e1ra keres,<br \/>\na kocsm\u00e1ra, meg a bili\u00e1rdra.<br \/>\n&#8212;F\u00fav\u00f3s!&#8212;<br \/>\nElmentem \u00e9n, sej a Casinoba,<br \/>\nnem vigy\u00e1ztam, ott a vagyonomra.<br \/>\nVagyonomra meg a milli\u00f3kra.<br \/>\nA cs\u00e1v\u00f3nak az\u00e9rt sz\u00e9p a h\u00e1za,<br \/>\nmert a p\u00e9nz\u00e9t a h\u00e1z\u00e1ra sz\u00e1nja.<br \/>\nA h\u00e1z\u00e1ra meg a csal\u00e1dj\u00e1ra!<br \/>\n&#8212;F\u00fav\u00f3s!&#8212;<br \/>\n&#8212;Jer\u00f3 Music &#8211; 2022.&#8212;<\/p>\n","protected":false},"featured_media":9772,"template":"","meta":{"site-sidebar-layout":"default","site-content-layout":"default","ast-site-content-layout":"default","site-content-style":"default","site-sidebar-style":"default","ast-global-header-display":"","ast-banner-title-visibility":"","ast-main-header-display":"","ast-hfb-above-header-display":"","ast-hfb-below-header-display":"","ast-hfb-mobile-header-display":"","site-post-title":"","ast-breadcrumbs-content":"","ast-featured-img":"","footer-sml-layout":"","theme-transparent-header-meta":"default","adv-header-id-meta":"","stick-header-meta":"","header-above-stick-meta":"","header-main-stick-meta":"","header-below-stick-meta":"","astra-migrate-meta-layouts":"set","ast-page-background-enabled":"default","ast-page-background-meta":{"desktop":{"background-color":"var(--ast-global-color-4)","background-image":"","background-repeat":"repeat","background-position":"center center","background-size":"auto","background-attachment":"scroll","background-type":"","background-media":"","overlay-type":"","overlay-color":"","overlay-opacity":"","overlay-gradient":""},"tablet":{"background-color":"","background-image":"","background-repeat":"repeat","background-position":"center center","background-size":"auto","background-attachment":"scroll","background-type":"","background-media":"","overlay-type":"","overlay-color":"","overlay-opacity":"","overlay-gradient":""},"mobile":{"background-color":"","background-image":"","background-repeat":"repeat","background-position":"center center","background-size":"auto","background-attachment":"scroll","background-type":"","background-media":"","overlay-type":"","overlay-color":"","overlay-opacity":"","overlay-gradient":""}},"ast-content-background-meta":{"desktop":{"background-color":"var(--ast-global-color-5)","background-image":"","background-repeat":"repeat","background-position":"center center","background-size":"auto","background-attachment":"scroll","background-type":"","background-media":"","overlay-type":"","overlay-color":"","overlay-opacity":"","overlay-gradient":""},"tablet":{"background-color":"var(--ast-global-color-5)","background-image":"","background-repeat":"repeat","background-position":"center center","background-size":"auto","background-attachment":"scroll","background-type":"","background-media":"","overlay-type":"","overlay-color":"","overlay-opacity":"","overlay-gradient":""},"mobile":{"background-color":"var(--ast-global-color-5)","background-image":"","background-repeat":"repeat","background-position":"center center","background-size":"auto","background-attachment":"scroll","background-type":"","background-media":"","overlay-type":"","overlay-color":"","overlay-opacity":"","overlay-gradient":""}}},"product_cat":[75],"product_tag":[],"class_list":["post-9146","product","type-product","status-publish","has-post-thumbnail","hentry","product_cat-jerzsele-zoltan","desktop-align-left","tablet-align-left","mobile-align-left"],"_links":{"self":[{"href":"https:\/\/www.sunkaraoke.hu\/index.php\/wp-json\/wp\/v2\/product\/9146","targetHints":{"allow":["GET"]}}],"collection":[{"href":"https:\/\/www.sunkaraoke.hu\/index.php\/wp-json\/wp\/v2\/product"}],"about":[{"href":"https:\/\/www.sunkaraoke.hu\/index.php\/wp-json\/wp\/v2\/types\/product"}],"wp:featuredmedia":[{"embeddable":true,"href":"https:\/\/www.sunkaraoke.hu\/index.php\/wp-json\/wp\/v2\/media\/9772"}],"wp:attachment":[{"href":"https:\/\/www.sunkaraoke.hu\/index.php\/wp-json\/wp\/v2\/media?parent=9146"}],"wp:term":[{"taxonomy":"product_cat","embeddable":true,"href":"https:\/\/www.sunkaraoke.hu\/index.php\/wp-json\/wp\/v2\/product_cat?post=9146"},{"taxonomy":"product_tag","embeddable":true,"href":"https:\/\/www.sunkaraoke.hu\/index.php\/wp-json\/wp\/v2\/product_tag?post=9146"}],"curies":[{"name":"wp","href":"https:\/\/api.w.org\/{rel}","templated":true}]}}