{"id":9136,"date":"2022-08-23T11:11:37","date_gmt":"2022-08-23T11:11:37","guid":{"rendered":"https:\/\/www.sunkaraoke.hu\/?post_type=product&#038;p=9136"},"modified":"2025-04-13T15:45:13","modified_gmt":"2025-04-13T15:45:13","slug":"jerzsele-zoltanringo-vallu-csengeri-violam","status":"publish","type":"product","link":"https:\/\/www.sunkaraoke.hu\/index.php\/termek\/jerzsele-zoltanringo-vallu-csengeri-violam\/","title":{"rendered":"<div class=\"wcmp-player-container product-9136\"><audio controlslist=\"nodownload\" data-product=\"9136\"  volume=\"1\"  preload=\"none\" data-lazyloading=\"none\" class=\"wcmp-player track mejs-classic\" data-duration=\"0:38\" data-estimated_duration=\"4\"><source src=\"https:\/\/www.sunkaraoke.hu\/wp-content\/uploads\/2022\/08\/Ringo-vallu-csengeri-Jero.-demoo.mp3\" type=\"audio\/mp3\" \/><\/audio><\/div>Jerzsele Zolt\u00e1n:Ring\u00f3 v\u00e1ll\u00fa csengeri viol\u00e1m (Original)"},"content":{"rendered":"<p><b>04:38<\/b>| <strong><img loading=\"lazy\" decoding=\"async\" class=\"alignnone size-full wp-image-467\" src=\"https:\/\/www.sunkaraoke.hu\/wp-content\/uploads\/2022\/07\/choir_2-copy.webp\" alt=\"\" width=\"30\" height=\"30\" \/> <\/strong><\/p>\n","protected":false},"excerpt":{"rendered":"<h6><strong>Bits\u0171r\u0171s\u00e9g: 160kb\/s &#8211; 320 kb\/s<\/strong><br \/>\n<strong>Hossz: 04:38<\/strong><\/h6>\n<h6><strong>Vok\u00e1lt tartalmaz: Nem<\/strong> <img loading=\"lazy\" decoding=\"async\" class=\"alignnone size-full wp-image-467\" src=\"http:\/\/www.sunkaraoke.hu\/wp-content\/uploads\/2022\/07\/choir_2-copy.png\" alt=\"\" width=\"30\" height=\"30\" \/><\/h6>\n<h6><\/h6>\n<p>Sunkaraoke mp3 st\u00fadi\u00f3 \/ www.sunkaraoke.hu \/ Inf: Tel: 06 20 4275001<\/p>\n<p>&#8211;Intro&#8212;Fm&#8212;<br \/>\n&#8212;16 \u00fctem Zene!&#8212;<br \/>\nT\u0171zr\u0151l pattant barna l\u00e1nyok,<br \/>\ndeli sz\u00e9p leg\u00e9nyek.<br \/>\nCsenger t\u00e1j\u00e1n hogyha j\u00e1rnak,<br \/>\na cs\u00e1rd\u00e1ba t\u00e9rnek.<br \/>\nK\u00e9t sz\u00e1l f\u00fcst\u00f6s v\u00edgan h\u00fazza,<br \/>\nbizsereg a cs\u00e1rd\u00e1s.<br \/>\nNincsen nyugta a f\u00fcst\u00f6snek,<br \/>\na tizedik m\u00e1r a r\u00e1ad\u00e1s.<br \/>\nRing\u00f3 v\u00e1ll\u00fa csengeri viol\u00e1m<br \/>\nkisangyalom, h\u00fazzad, h\u00fazzad,<br \/>\nsej de ma a bok\u00e1m let\u00e1ncolom.<br \/>\nRingasd, ringasd rezg\u0151 v\u00e1llad<br \/>\nmagadhoz csalj, h\u00e9that\u00e1ron<br \/>\nnincs szebb n\u00e1lad ihaj csuhaj jaj jaj jaj.<br \/>\nRing\u00f3 v\u00e1ll\u00fa csengeri viol\u00e1m<br \/>\na t\u00e1nc nem \u00e1rt, ezt nem hagyjuk<br \/>\nabba de nem \u00e1m csak j\u00e1rd, csak j\u00e1rd.<br \/>\nHogy h\u00e1ny \u00f3ra, \u00e9des kincsem, te azt ne b\u00e1nd,<br \/>\ncsak bokorugr\u00f3 szokny\u00e1dat risz\u00e1ld.<br \/>\n&#8212;16 \u00fctem F\u00fav\u00f3s!&#8212;<br \/>\nHogyha elm\u00e9gy a v\u00e1rosba,<br \/>\nfurcs\u00e1t l\u00e1tsz ott lelkem.<br \/>\nFoxot j\u00e1rnak, bostont j\u00e1rnak,<br \/>\nsz\u0171k szoknya nem lebben.<br \/>\n\u00c1m Csengerben ismeretlen<br \/>\na pukkan\u00f3s pezsg\u0151.<br \/>\nT\u00far\u00f3s csusza meg p\u00f6rk\u00f6ltszaft,<br \/>\natt\u00f3l esik j\u00f3l a rezg\u0151.<br \/>\nRing\u00f3 v\u00e1ll\u00fa csengeri viol\u00e1m<br \/>\nkisangyalom, h\u00fazzad, h\u00fazzad,<br \/>\nsej de ma a bok\u00e1m let\u00e1ncolom.<br \/>\nRingasd, ringasd rezg\u0151 v\u00e1llad<br \/>\nmagadhoz csalj, h\u00e9that\u00e1ron<br \/>\nnincs szebb n\u00e1lad ihaj csuhaj jaj jaj jaj.<br \/>\nRing\u00f3 v\u00e1ll\u00fa csengeri viol\u00e1m<br \/>\na t\u00e1nc nem \u00e1rt, ezt nem hagyjuk<br \/>\nabba de nem \u00e1m csak j\u00e1rd, csak j\u00e1rd.<br \/>\nHogy h\u00e1ny \u00f3ra, \u00e9des kincsem, te azt ne b\u00e1nd,<br \/>\ncsak bokorugr\u00f3 szokny\u00e1dat risz\u00e1ld.<br \/>\n&#8212;16 \u00fctem F\u00fav\u00f3s!&#8212;<br \/>\nRing\u00f3 v\u00e1ll\u00fa csengeri viol\u00e1m<br \/>\nkisangyalom, h\u00fazzad, h\u00fazzad,<br \/>\nsej de ma a bok\u00e1m let\u00e1ncolom.<br \/>\nRingasd, ringasd rezg\u0151 v\u00e1llad<br \/>\nmagadhoz csalj, h\u00e9that\u00e1ron<br \/>\nnincs szebb n\u00e1lad ihaj csuhaj jaj jaj jaj.<br \/>\nRing\u00f3 v\u00e1ll\u00fa csengeri viol\u00e1m<br \/>\na t\u00e1nc nem \u00e1rt, ezt nem hagyjuk<br \/>\nabba de nem \u00e1m csak j\u00e1rd, csak j\u00e1rd.<br \/>\nHogy h\u00e1ny \u00f3ra, \u00e9des kincsem, te azt ne b\u00e1nd,<br \/>\ncsak bokorugr\u00f3 szokny\u00e1dat risz\u00e1ld!<br \/>\n&#8212;32 \u00fctem F\u00fav\u00f3s!&#8212;<br \/>\n&#8212;Jer\u00f3 Music &#8211; 2022.&#8212;<\/p>\n","protected":false},"featured_media":9772,"template":"","meta":{"site-sidebar-layout":"default","site-content-layout":"default","ast-site-content-layout":"default","site-content-style":"default","site-sidebar-style":"default","ast-global-header-display":"","ast-banner-title-visibility":"","ast-main-header-display":"","ast-hfb-above-header-display":"","ast-hfb-below-header-display":"","ast-hfb-mobile-header-display":"","site-post-title":"","ast-breadcrumbs-content":"","ast-featured-img":"","footer-sml-layout":"","theme-transparent-header-meta":"default","adv-header-id-meta":"","stick-header-meta":"","header-above-stick-meta":"","header-main-stick-meta":"","header-below-stick-meta":"","astra-migrate-meta-layouts":"set","ast-page-background-enabled":"default","ast-page-background-meta":{"desktop":{"background-color":"var(--ast-global-color-4)","background-image":"","background-repeat":"repeat","background-position":"center center","background-size":"auto","background-attachment":"scroll","background-type":"","background-media":"","overlay-type":"","overlay-color":"","overlay-opacity":"","overlay-gradient":""},"tablet":{"background-color":"","background-image":"","background-repeat":"repeat","background-position":"center center","background-size":"auto","background-attachment":"scroll","background-type":"","background-media":"","overlay-type":"","overlay-color":"","overlay-opacity":"","overlay-gradient":""},"mobile":{"background-color":"","background-image":"","background-repeat":"repeat","background-position":"center center","background-size":"auto","background-attachment":"scroll","background-type":"","background-media":"","overlay-type":"","overlay-color":"","overlay-opacity":"","overlay-gradient":""}},"ast-content-background-meta":{"desktop":{"background-color":"var(--ast-global-color-5)","background-image":"","background-repeat":"repeat","background-position":"center center","background-size":"auto","background-attachment":"scroll","background-type":"","background-media":"","overlay-type":"","overlay-color":"","overlay-opacity":"","overlay-gradient":""},"tablet":{"background-color":"var(--ast-global-color-5)","background-image":"","background-repeat":"repeat","background-position":"center center","background-size":"auto","background-attachment":"scroll","background-type":"","background-media":"","overlay-type":"","overlay-color":"","overlay-opacity":"","overlay-gradient":""},"mobile":{"background-color":"var(--ast-global-color-5)","background-image":"","background-repeat":"repeat","background-position":"center center","background-size":"auto","background-attachment":"scroll","background-type":"","background-media":"","overlay-type":"","overlay-color":"","overlay-opacity":"","overlay-gradient":""}}},"product_cat":[75],"product_tag":[],"class_list":["post-9136","product","type-product","status-publish","has-post-thumbnail","hentry","product_cat-jerzsele-zoltan","desktop-align-left","tablet-align-left","mobile-align-left"],"_links":{"self":[{"href":"https:\/\/www.sunkaraoke.hu\/index.php\/wp-json\/wp\/v2\/product\/9136","targetHints":{"allow":["GET"]}}],"collection":[{"href":"https:\/\/www.sunkaraoke.hu\/index.php\/wp-json\/wp\/v2\/product"}],"about":[{"href":"https:\/\/www.sunkaraoke.hu\/index.php\/wp-json\/wp\/v2\/types\/product"}],"wp:featuredmedia":[{"embeddable":true,"href":"https:\/\/www.sunkaraoke.hu\/index.php\/wp-json\/wp\/v2\/media\/9772"}],"wp:attachment":[{"href":"https:\/\/www.sunkaraoke.hu\/index.php\/wp-json\/wp\/v2\/media?parent=9136"}],"wp:term":[{"taxonomy":"product_cat","embeddable":true,"href":"https:\/\/www.sunkaraoke.hu\/index.php\/wp-json\/wp\/v2\/product_cat?post=9136"},{"taxonomy":"product_tag","embeddable":true,"href":"https:\/\/www.sunkaraoke.hu\/index.php\/wp-json\/wp\/v2\/product_tag?post=9136"}],"curies":[{"name":"wp","href":"https:\/\/api.w.org\/{rel}","templated":true}]}}