{"id":9133,"date":"2022-08-23T11:09:06","date_gmt":"2022-08-23T11:09:06","guid":{"rendered":"https:\/\/www.sunkaraoke.hu\/?post_type=product&#038;p=9133"},"modified":"2025-04-13T15:46:05","modified_gmt":"2025-04-13T15:46:05","slug":"jerzsele-zoltan-jerszele-mulatos-mix-11","status":"publish","type":"product","link":"https:\/\/www.sunkaraoke.hu\/index.php\/termek\/jerzsele-zoltan-jerszele-mulatos-mix-11\/","title":{"rendered":"<div class=\"wcmp-player-container product-9133\"><audio controlslist=\"nodownload\" data-product=\"9133\"  volume=\"1\"  preload=\"none\" data-lazyloading=\"none\" class=\"wcmp-player track mejs-classic\" data-duration=\"0:36\" data-estimated_duration=\"4\"><source src=\"https:\/\/www.sunkaraoke.hu\/wp-content\/uploads\/2022\/08\/Jerzsele-mulatos-mix-11.-Jero-kdemooo.mp3\" type=\"audio\/mp3\" \/><\/audio><\/div>Jerzsele Zolt\u00e1n: Jerzsele mulat\u00f3s mix 11. (Original)"},"content":{"rendered":"<p><b>05:50<\/b>| <strong><img loading=\"lazy\" decoding=\"async\" class=\"alignnone size-full wp-image-467\" src=\"https:\/\/www.sunkaraoke.hu\/wp-content\/uploads\/2022\/07\/choir_2-copy.webp\" alt=\"\" width=\"30\" height=\"30\" \/> <\/strong><\/p>\n","protected":false},"excerpt":{"rendered":"<h6><strong>Bits\u0171r\u0171s\u00e9g: 160kb\/s &#8211; 320 kb\/s<\/strong><br \/>\n<strong>Hossz: 05:50<\/strong><\/h6>\n<h6><strong>Vok\u00e1lt tartalmaz: Nem<\/strong> <img loading=\"lazy\" decoding=\"async\" class=\"alignnone size-full wp-image-467\" src=\"http:\/\/www.sunkaraoke.hu\/wp-content\/uploads\/2022\/07\/choir_2-copy.png\" alt=\"\" width=\"30\" height=\"30\" \/><strong style=\"font-size: 16px;\"><br \/>\n<\/strong><\/h6>\n<p>Sunkaraoke mp3 st\u00fadi\u00f3 \/ www.sunkaraoke.hu \/ Inf: Tel: 06 20 4275001<\/p>\n<p>&#8212;Intro&#8212;C&#8212;Cm&#8212;<br \/>\n&#8212;F\u00fav\u00f3s!&#8212;<br \/>\nVan k\u00e9t lovam mind a kett\u0151 deres,<br \/>\nmind a kett\u0151 a l\u00e1nyokra keres.<br \/>\nGyere be, gyere be a szob\u00e1mba,<br \/>\np\u00e1ros cs\u00f3kot adok a sz\u00e1dra.<br \/>\nGyere be, gyere be a szob\u00e1mba,<br \/>\np\u00e1ros cs\u00f3kot adok a sz\u00e1dra.<br \/>\nVan k\u00e9t lovam mind a kett\u0151 s\u00e1rga,<br \/>\nmind a kett\u0151 t\u00e9rdig j\u00e1r a s\u00e1rba.<br \/>\nGyere be, gyere be a szob\u00e1mba,<br \/>\np\u00e1ros cs\u00f3kot adok a sz\u00e1dra.<br \/>\nGyere be, gyere be a szob\u00e1mba,<br \/>\np\u00e1ros cs\u00f3kot adok a sz\u00e1dra.<br \/>\n&#8212;F\u00fav\u00f3s!&#8212;<br \/>\nVan k\u00e9t lovam mind a kett\u0151 deres,<br \/>\nmind a kett\u0151 a l\u00e1nyokra keres.<br \/>\nGyere be, gyere be a szob\u00e1mba,<br \/>\np\u00e1ros cs\u00f3kot adok a sz\u00e1dra.<br \/>\nGyere be, gyere be a szob\u00e1mba,<br \/>\np\u00e1ros cs\u00f3kot adok a sz\u00e1dra.<br \/>\n&#8212;F\u00fav\u00f3s!&#8212;<br \/>\n&#8212;Meginn\u00e1m a !F\u00fav\u00f3s!&#8212;<br \/>\nMeginn\u00e1m a, meginn\u00e1m a,<br \/>\nmeginn\u00e1m a pirosbort a poh\u00e1rb\u00f3l.<br \/>\nK\u00e1r volna m\u00e9g, k\u00e1r volna m\u00e9g,<br \/>\nk\u00e1r volna m\u00e9g kihalni a vil\u00e1gb\u00f3l.<br \/>\nK\u00e1r volna m\u00e9g meghalni,<br \/>\nfiatal az any\u00f3som itt hagyni.<br \/>\nA dabasi gy\u00f6ngyvir\u00e1gos,<br \/>\ntulip\u00e1nos temet\u0151be kimenni.<br \/>\nK\u00e1r volna m\u00e9g meghalni,<br \/>\nfiatal az any\u00f3som itt hagyni.<br \/>\nA dabasi gy\u00f6ngyvir\u00e1gos,<br \/>\ntulip\u00e1nos temet\u0151be kimenni.<br \/>\n&#8212;F\u00fav\u00f3s!&#8212;<br \/>\nNem volt f\u00e9nyes az \u00e9n csizm\u00e1m,<br \/>\naz\u00e9rt voltam az egyesbe bez\u00e1rva.<br \/>\nAzt k\u00e9rdi a hadnagy elvt\u00e1rs,<br \/>\nm\u00e9rt j\u00e1rok a l\u00e1nyok el\u0151tt vigy\u00e1zba.<br \/>\nHadnagy elvt\u00e1rs jelentem:<br \/>\noly csinos a kedvesem.<br \/>\nA kedvesem egy szav\u00e1ra,<br \/>\nhadnagy elvt\u00e1rs is meg \u00e1llna vigy\u00e1zba.<br \/>\nHadnagy elvt\u00e1rs jelentem:<br \/>\noly csinos a kedvesem.<br \/>\nA kedvesem egy szav\u00e1ra,<br \/>\nhadnagy elvt\u00e1rs is meg \u00e1llna vigy\u00e1zba.<br \/>\nL\u0151re l\u0151re cudar l\u0151re, de savany\u00fa l\u0151re.<br \/>\nVeszt\u00e9l volna, de veszt\u00e9l volna a fekete f\u00f6ldbe.<br \/>\nH\u00fazz\u00e1tok cig\u00e1nyok, est\u00e9t\u0151l reggelig.<br \/>\nS\u00f6rt\u00f6l a bort\u00f3l a sz\u00e9p l\u00e1ny cs\u00f3kt\u00f3l, a b\u00e1natom elm\u00falik.<br \/>\nH\u00fazz\u00e1tok cig\u00e1nyok, est\u00e9t\u0151l reggelig.<br \/>\nS\u00f6rt\u00f6l a bort\u00f3l a sz\u00e9p l\u00e1ny cs\u00f3kt\u00f3l, a b\u00e1natom elm\u00falik!<br \/>\n&#8212;F\u00fav\u00f3s!&#8212;<br \/>\n&#8212;Jer\u00f3 Music &#8211; 2022.&#8212;<\/p>\n<p>&nbsp;<\/p>\n","protected":false},"featured_media":9772,"template":"","meta":{"site-sidebar-layout":"default","site-content-layout":"default","ast-site-content-layout":"default","site-content-style":"default","site-sidebar-style":"default","ast-global-header-display":"","ast-banner-title-visibility":"","ast-main-header-display":"","ast-hfb-above-header-display":"","ast-hfb-below-header-display":"","ast-hfb-mobile-header-display":"","site-post-title":"","ast-breadcrumbs-content":"","ast-featured-img":"","footer-sml-layout":"","theme-transparent-header-meta":"default","adv-header-id-meta":"","stick-header-meta":"","header-above-stick-meta":"","header-main-stick-meta":"","header-below-stick-meta":"","astra-migrate-meta-layouts":"set","ast-page-background-enabled":"default","ast-page-background-meta":{"desktop":{"background-color":"var(--ast-global-color-4)","background-image":"","background-repeat":"repeat","background-position":"center center","background-size":"auto","background-attachment":"scroll","background-type":"","background-media":"","overlay-type":"","overlay-color":"","overlay-opacity":"","overlay-gradient":""},"tablet":{"background-color":"","background-image":"","background-repeat":"repeat","background-position":"center center","background-size":"auto","background-attachment":"scroll","background-type":"","background-media":"","overlay-type":"","overlay-color":"","overlay-opacity":"","overlay-gradient":""},"mobile":{"background-color":"","background-image":"","background-repeat":"repeat","background-position":"center center","background-size":"auto","background-attachment":"scroll","background-type":"","background-media":"","overlay-type":"","overlay-color":"","overlay-opacity":"","overlay-gradient":""}},"ast-content-background-meta":{"desktop":{"background-color":"var(--ast-global-color-5)","background-image":"","background-repeat":"repeat","background-position":"center center","background-size":"auto","background-attachment":"scroll","background-type":"","background-media":"","overlay-type":"","overlay-color":"","overlay-opacity":"","overlay-gradient":""},"tablet":{"background-color":"var(--ast-global-color-5)","background-image":"","background-repeat":"repeat","background-position":"center center","background-size":"auto","background-attachment":"scroll","background-type":"","background-media":"","overlay-type":"","overlay-color":"","overlay-opacity":"","overlay-gradient":""},"mobile":{"background-color":"var(--ast-global-color-5)","background-image":"","background-repeat":"repeat","background-position":"center center","background-size":"auto","background-attachment":"scroll","background-type":"","background-media":"","overlay-type":"","overlay-color":"","overlay-opacity":"","overlay-gradient":""}}},"product_cat":[75],"product_tag":[],"class_list":["post-9133","product","type-product","status-publish","has-post-thumbnail","hentry","product_cat-jerzsele-zoltan","desktop-align-left","tablet-align-left","mobile-align-left"],"_links":{"self":[{"href":"https:\/\/www.sunkaraoke.hu\/index.php\/wp-json\/wp\/v2\/product\/9133","targetHints":{"allow":["GET"]}}],"collection":[{"href":"https:\/\/www.sunkaraoke.hu\/index.php\/wp-json\/wp\/v2\/product"}],"about":[{"href":"https:\/\/www.sunkaraoke.hu\/index.php\/wp-json\/wp\/v2\/types\/product"}],"wp:featuredmedia":[{"embeddable":true,"href":"https:\/\/www.sunkaraoke.hu\/index.php\/wp-json\/wp\/v2\/media\/9772"}],"wp:attachment":[{"href":"https:\/\/www.sunkaraoke.hu\/index.php\/wp-json\/wp\/v2\/media?parent=9133"}],"wp:term":[{"taxonomy":"product_cat","embeddable":true,"href":"https:\/\/www.sunkaraoke.hu\/index.php\/wp-json\/wp\/v2\/product_cat?post=9133"},{"taxonomy":"product_tag","embeddable":true,"href":"https:\/\/www.sunkaraoke.hu\/index.php\/wp-json\/wp\/v2\/product_tag?post=9133"}],"curies":[{"name":"wp","href":"https:\/\/api.w.org\/{rel}","templated":true}]}}