{"id":9114,"date":"2022-08-21T17:18:45","date_gmt":"2022-08-21T17:18:45","guid":{"rendered":"https:\/\/www.sunkaraoke.hu\/?post_type=product&#038;p=9114"},"modified":"2025-04-13T15:49:52","modified_gmt":"2025-04-13T15:49:52","slug":"jerzsele-zoltan-milyen-szep-a-vilag","status":"publish","type":"product","link":"https:\/\/www.sunkaraoke.hu\/index.php\/termek\/jerzsele-zoltan-milyen-szep-a-vilag\/","title":{"rendered":"<div class=\"wcmp-player-container product-9114\"><audio controlslist=\"nodownload\" data-product=\"9114\"  volume=\"1\"  preload=\"none\" data-lazyloading=\"none\" class=\"wcmp-player track mejs-classic\" data-duration=\"0:33\" data-estimated_duration=\"4\"><source src=\"https:\/\/www.sunkaraoke.hu\/wp-content\/uploads\/2022\/08\/Milyen-szep-a-vilag-Jero.-demoo.mp3\" type=\"audio\/mp3\" \/><\/audio><\/div>Jerzsele Zolt\u00e1n: Milyen sz\u00e9p a vil\u00e1g (Original)"},"content":{"rendered":"<p><b>03:58<\/b>| <strong><img loading=\"lazy\" decoding=\"async\" class=\"alignnone size-full wp-image-467\" src=\"https:\/\/www.sunkaraoke.hu\/wp-content\/uploads\/2022\/07\/choir_2-copy.webp\" alt=\"\" width=\"30\" height=\"30\" \/> <\/strong><\/p>\n","protected":false},"excerpt":{"rendered":"<h6><strong>Bits\u0171r\u0171s\u00e9g: 160kb\/s &#8211; 320 kb\/s<\/strong><br \/>\n<strong>Hossz: 03:58<\/strong><\/h6>\n<h6><strong>Vok\u00e1lt tartalmaz: Nem<\/strong> <img loading=\"lazy\" decoding=\"async\" class=\"alignnone size-full wp-image-467\" src=\"http:\/\/www.sunkaraoke.hu\/wp-content\/uploads\/2022\/07\/choir_2-copy.png\" alt=\"\" width=\"30\" height=\"30\" \/><strong style=\"font-size: 16px;\"><br \/>\n<\/strong><\/h6>\n<p>Sunkaraoke mp3 st\u00fadi\u00f3 \/ www.sunkaraoke.hu \/ Inf: Tel: 06 20 4275001<\/p>\n<p>&#8212;Intro&#8212;F&#8212;<br \/>\n&#8212;Wamp&#8212;<br \/>\nHa z\u00f6ldebb a f\u0171, ragyog a f\u00e9ny,<br \/>\ns a k\u00f6nny\u0171 sz\u00e9l arcomhoz \u00e9r.<br \/>\nAkkor hadd mondjam el,<br \/>\nmilyen sz\u00e9p a vil\u00e1g&#8230;<br \/>\nHa lesz\u00e1ll az est, a Hold vigy\u00e1z r\u00e1m,<br \/>\ns bar\u00e1tk\u00e9nt k\u00edv\u00e1n j\u00f3 \u00e9jszak\u00e1t.<br \/>\nNeked hadd mondjam el,<br \/>\nmilyen sz\u00e9p a vil\u00e1g&#8230;<br \/>\nA sziv\u00e1rv\u00e1ny sz\u00edn\u00e9t az \u00e9gre festheted,<br \/>\na felh\u0151k b\u00e1nat\u00e1t messzi \u0171zheted.<br \/>\nNincsen m\u00e1r semmi baj, ne b\u00e1nts m\u00e1sokat!<br \/>\n\u00d6r\u00fclj hogy \u00e9lsz, hisz ember vagy!<br \/>\nHa szomjas a sz\u00edv, akkor se f\u00e9lj,<br \/>\nszerelmet olthat \u00faj szenved\u00e9ly.<br \/>\nNeked hadd mondjam el,<br \/>\nmilyen sz\u00e9p a vil\u00e1g&#8230;<br \/>\n&#8212;Solo&#8212;<br \/>\nA sziv\u00e1rv\u00e1ny sz\u00edn\u00e9t az \u00e9gre festheted,<br \/>\na felh\u0151k b\u00e1nat\u00e1t messzi \u0171zheted.<br \/>\nNincsen m\u00e1r semmi baj, ne b\u00e1nts m\u00e1sokat!<br \/>\n\u00d6r\u00fclj hogy \u00e9lsz, hisz ember vagy!<br \/>\nHa szomjas a sz\u00edv, akkor se f\u00e9lj,<br \/>\nszerelmet olthat \u00faj szenved\u00e9ly.<br \/>\nNeked hadd mondjam el,<br \/>\nmilyen sz\u00e9p a vil\u00e1g&#8230;<br \/>\nOh yeah! \u00d3 h\u00e1t hidd te is el:<br \/>\nmilyen sz\u00e9p a vil\u00e1g&#8230;<br \/>\nOh yeah!!!<br \/>\n&#8212;Jer\u00f3 Music &#8211; 2022.&#8212;<\/p>\n","protected":false},"featured_media":9772,"template":"","meta":{"site-sidebar-layout":"default","site-content-layout":"default","ast-site-content-layout":"default","site-content-style":"default","site-sidebar-style":"default","ast-global-header-display":"","ast-banner-title-visibility":"","ast-main-header-display":"","ast-hfb-above-header-display":"","ast-hfb-below-header-display":"","ast-hfb-mobile-header-display":"","site-post-title":"","ast-breadcrumbs-content":"","ast-featured-img":"","footer-sml-layout":"","theme-transparent-header-meta":"default","adv-header-id-meta":"","stick-header-meta":"","header-above-stick-meta":"","header-main-stick-meta":"","header-below-stick-meta":"","astra-migrate-meta-layouts":"set","ast-page-background-enabled":"default","ast-page-background-meta":{"desktop":{"background-color":"var(--ast-global-color-4)","background-image":"","background-repeat":"repeat","background-position":"center center","background-size":"auto","background-attachment":"scroll","background-type":"","background-media":"","overlay-type":"","overlay-color":"","overlay-opacity":"","overlay-gradient":""},"tablet":{"background-color":"","background-image":"","background-repeat":"repeat","background-position":"center center","background-size":"auto","background-attachment":"scroll","background-type":"","background-media":"","overlay-type":"","overlay-color":"","overlay-opacity":"","overlay-gradient":""},"mobile":{"background-color":"","background-image":"","background-repeat":"repeat","background-position":"center center","background-size":"auto","background-attachment":"scroll","background-type":"","background-media":"","overlay-type":"","overlay-color":"","overlay-opacity":"","overlay-gradient":""}},"ast-content-background-meta":{"desktop":{"background-color":"var(--ast-global-color-5)","background-image":"","background-repeat":"repeat","background-position":"center center","background-size":"auto","background-attachment":"scroll","background-type":"","background-media":"","overlay-type":"","overlay-color":"","overlay-opacity":"","overlay-gradient":""},"tablet":{"background-color":"var(--ast-global-color-5)","background-image":"","background-repeat":"repeat","background-position":"center center","background-size":"auto","background-attachment":"scroll","background-type":"","background-media":"","overlay-type":"","overlay-color":"","overlay-opacity":"","overlay-gradient":""},"mobile":{"background-color":"var(--ast-global-color-5)","background-image":"","background-repeat":"repeat","background-position":"center center","background-size":"auto","background-attachment":"scroll","background-type":"","background-media":"","overlay-type":"","overlay-color":"","overlay-opacity":"","overlay-gradient":""}}},"product_cat":[75],"product_tag":[],"class_list":["post-9114","product","type-product","status-publish","has-post-thumbnail","hentry","product_cat-jerzsele-zoltan","desktop-align-left","tablet-align-left","mobile-align-left"],"_links":{"self":[{"href":"https:\/\/www.sunkaraoke.hu\/index.php\/wp-json\/wp\/v2\/product\/9114","targetHints":{"allow":["GET"]}}],"collection":[{"href":"https:\/\/www.sunkaraoke.hu\/index.php\/wp-json\/wp\/v2\/product"}],"about":[{"href":"https:\/\/www.sunkaraoke.hu\/index.php\/wp-json\/wp\/v2\/types\/product"}],"wp:featuredmedia":[{"embeddable":true,"href":"https:\/\/www.sunkaraoke.hu\/index.php\/wp-json\/wp\/v2\/media\/9772"}],"wp:attachment":[{"href":"https:\/\/www.sunkaraoke.hu\/index.php\/wp-json\/wp\/v2\/media?parent=9114"}],"wp:term":[{"taxonomy":"product_cat","embeddable":true,"href":"https:\/\/www.sunkaraoke.hu\/index.php\/wp-json\/wp\/v2\/product_cat?post=9114"},{"taxonomy":"product_tag","embeddable":true,"href":"https:\/\/www.sunkaraoke.hu\/index.php\/wp-json\/wp\/v2\/product_tag?post=9114"}],"curies":[{"name":"wp","href":"https:\/\/api.w.org\/{rel}","templated":true}]}}