{"id":9098,"date":"2022-08-21T17:07:23","date_gmt":"2022-08-21T17:07:23","guid":{"rendered":"https:\/\/www.sunkaraoke.hu\/?post_type=product&#038;p=9098"},"modified":"2025-04-13T15:52:27","modified_gmt":"2025-04-13T15:52:27","slug":"jerzsele-zoltan-jerzsele-mulatos-mix-10","status":"publish","type":"product","link":"https:\/\/www.sunkaraoke.hu\/index.php\/termek\/jerzsele-zoltan-jerzsele-mulatos-mix-10\/","title":{"rendered":"<div class=\"wcmp-player-container product-9098\"><audio controlslist=\"nodownload\" data-product=\"9098\"  volume=\"1\"  preload=\"none\" data-lazyloading=\"none\" class=\"wcmp-player track mejs-classic\" data-duration=\"0:34\" data-estimated_duration=\"4\"><source src=\"https:\/\/www.sunkaraoke.hu\/wp-content\/uploads\/2022\/08\/Jerzsele-mulatos-mix-10.-Jero.-kdemoo.mp3\" type=\"audio\/mp3\" \/><\/audio><\/div>Jerzsele Zolt\u00e1n: Jerzsele Mulat\u00f3s mix 10. (Original)"},"content":{"rendered":"<p><b>06:26<\/b>| <strong><img loading=\"lazy\" decoding=\"async\" class=\"alignnone size-full wp-image-467\" src=\"https:\/\/www.sunkaraoke.hu\/wp-content\/uploads\/2022\/07\/choir_2-copy.webp\" alt=\"\" width=\"30\" height=\"30\" \/> <\/strong><\/p>\n","protected":false},"excerpt":{"rendered":"<h6><strong>Bits\u0171r\u0171s\u00e9g: 160kb\/s &#8211; 320 kb\/s<\/strong><br \/>\n<strong>Hossz: 06:26<\/strong><\/h6>\n<h6><strong>Vok\u00e1lt tartalmaz: Nem<\/strong> <img loading=\"lazy\" decoding=\"async\" class=\"alignnone size-full wp-image-467\" src=\"http:\/\/www.sunkaraoke.hu\/wp-content\/uploads\/2022\/07\/choir_2-copy.png\" alt=\"\" width=\"30\" height=\"30\" \/><strong style=\"font-size: 16px;\"><br \/>\n<\/strong><\/h6>\n<p>&#8212;Intro&#8212;Cm&#8212;\u00c9nek&#8212;<br \/>\nNincsen p\u00e9nzem elk\u00e1rty\u00e1ztam az este,<br \/>\namit adott az a barna menyecske.<br \/>\nJ\u00f3 az isten adjon n\u00e9kem szerencs\u00e9t,<br \/>\np\u00e1ros\u00e1val \u00f6lelem a barna menyecsk\u00e9t.<br \/>\nJ\u00f3 az isten adjon n\u00e9kem szerencs\u00e9t,<br \/>\np\u00e1ros\u00e1val \u00f6lelem a barna menyecsk\u00e9t.<br \/>\nVan szerencs\u00e9m, van m\u00e1r n\u00e9kem sz\u00e9p bab\u00e1m,<br \/>\nk\u00f6k\u00e9ny szeme, mint a csillag \u00fagy n\u00e9z r\u00e1m.<br \/>\nMeg\u00f6lelem, megcs\u00f3kolom a kez\u00e9t,<br \/>\nvan m\u00e1r p\u00e9nzem, vissza nyertem a sz\u00edv\u00e9t.<br \/>\nMeg\u00f6lelem, megcs\u00f3kolom a kez\u00e9t,<br \/>\nvan m\u00e1r p\u00e9nzem, vissza nyertem a sz\u00edv\u00e9t.<br \/>\n&#8212;F\u00fav\u00f3s!&#8212;<br \/>\nA szerelem \u00f6r\u00f6k b\u00e1nat, boldogs\u00e1g,<br \/>\na h\u0171tlens\u00e9g nagy b\u00e1nat, szomor\u00fas\u00e1g.<br \/>\nJ\u00f3 az isten adjon n\u00e9kem szerencs\u00e9t,<br \/>\np\u00e1ros\u00e1val \u00f6lelem a barna menyecsk\u00e9t.<br \/>\nJ\u00f3 az isten adjon n\u00e9kem szerencs\u00e9t,<br \/>\np\u00e1ros\u00e1val \u00f6lelem a barna menyecsk\u00e9t.<br \/>\n&#8212;F\u00fav\u00f3s!&#8212;<br \/>\nSz\u00e1z hold f\u00f6ldje, sz\u00e1z hold f\u00f6ldje,<br \/>\nvan az \u00e9n, az \u00e9n \u00e9desap\u00e1mnak.<br \/>\nK\u00e9t sz\u00e9p szeme, de csillag szeme,<br \/>\nvan az \u00e9n, az \u00e9n kedves bab\u00e1mnak.<br \/>\nMondtam az ap\u00e1mnak,<br \/>\nhogy a f\u00f6ldj\u00e9t tartsa meg h\u00e1t mag\u00e1nak.<br \/>\n&#8216;mer&#8217; K\u00e9t sz\u00e9p szeme, de csillag szeme,<br \/>\nvan az \u00e9n, az \u00e9n kedves bab\u00e1mnak.<br \/>\nMondtam az ap\u00e1mnak,<br \/>\nhogy a f\u00f6ldj\u00e9t tartsa meg h\u00e1t mag\u00e1nak.<br \/>\n&#8216;mer&#8217; K\u00e9t sz\u00e9p szeme, de csillag szeme,<br \/>\nvan az \u00e9n, az \u00e9n kedves bab\u00e1mnak.<br \/>\n&#8212;F\u00fav\u00f3s!&#8212;<br \/>\nSz\u00e1z hold f\u00f6ldje, sz\u00e1z hold f\u00f6ldje,<br \/>\nvan az \u00e9n, az \u00e9n \u00e9desap\u00e1mnak.<br \/>\nK\u00e9t sz\u00e9p szeme, de csillag szeme,<br \/>\nvan az \u00e9n, az \u00e9n kedves bab\u00e1mnak.<br \/>\nMondtam az ap\u00e1mnak,<br \/>\nhogy a f\u00f6ldj\u00e9t tartsa meg h\u00e1t mag\u00e1nak.<br \/>\n&#8216;mer&#8217; K\u00e9t sz\u00e9p szeme, de csillag szeme,<br \/>\nvan az \u00e9n, az \u00e9n kedves bab\u00e1mnak.<br \/>\nMondtam az ap\u00e1mnak,<br \/>\nhogy a f\u00f6ldj\u00e9t tartsa meg h\u00e1t mag\u00e1nak.<br \/>\n&#8216;mer&#8217; K\u00e9t sz\u00e9p szeme, de csillag szeme,<br \/>\nvan az \u00e9n, az \u00e9n kedves bab\u00e1mnak.<br \/>\nBeterelt\u00e9k a m\u00e9nest a kar\u00e1mba,<br \/>\nnincs egy l\u00e9lek sehol k\u00fcnn a hat\u00e1rba.<br \/>\nS\u00f6t\u00e9t felh\u0151k tornyosulnak az \u00e9gre,<br \/>\nhogy m\u00e9k el a galambomhoz est\u00e9re.<br \/>\nS\u00f6t\u00e9t felh\u0151k tornyosulnak az \u00e9gre,<br \/>\nhogy m\u00e9k el a galambomhoz est\u00e9re.<br \/>\nR\u00e1m veszem a g\u00f6nd\u00f6rsz\u0151r\u0171 sub\u00e1mat,<br \/>\nabba v\u00e1gok majd neki a hat\u00e1rnak.<br \/>\n\u00d6reg sub\u00e1m, g\u00f6nd\u00f6r sub\u00e1m had \u00e1zzon,<br \/>\ncsak a bab\u00e1m gy\u00f6nge sz\u00edve ne f\u00e1jjon.<br \/>\n\u00d6reg sub\u00e1m, g\u00f6nd\u00f6r sub\u00e1m had \u00e1zzon,<br \/>\ncsak a bab\u00e1m gy\u00f6nge sz\u00edve ne f\u00e1jjon.<br \/>\n&#8212;F\u00fav\u00f3s!&#8212;<br \/>\nBeterelt\u00e9k a m\u00e9nest a kar\u00e1mba,<br \/>\nnincs egy l\u00e9lek sehol k\u00fcnn a hat\u00e1rba.<br \/>\nS\u00f6t\u00e9t felh\u0151k tornyosulnak az \u00e9gre,<br \/>\nhogy m\u00e9k el a galambomhoz est\u00e9re.<br \/>\nS\u00f6t\u00e9t felh\u0151k tornyosulnak az \u00e9gre,<br \/>\nhogy m\u00e9k el a galambomhoz est\u00e9re!<br \/>\n&#8212;F\u00fav\u00f3s!&#8212;<br \/>\n&#8212;Jer\u00f3 Music &#8211; 2022.&#8212;<\/p>\n","protected":false},"featured_media":9772,"template":"","meta":{"site-sidebar-layout":"default","site-content-layout":"default","ast-site-content-layout":"default","site-content-style":"default","site-sidebar-style":"default","ast-global-header-display":"","ast-banner-title-visibility":"","ast-main-header-display":"","ast-hfb-above-header-display":"","ast-hfb-below-header-display":"","ast-hfb-mobile-header-display":"","site-post-title":"","ast-breadcrumbs-content":"","ast-featured-img":"","footer-sml-layout":"","theme-transparent-header-meta":"default","adv-header-id-meta":"","stick-header-meta":"","header-above-stick-meta":"","header-main-stick-meta":"","header-below-stick-meta":"","astra-migrate-meta-layouts":"set","ast-page-background-enabled":"default","ast-page-background-meta":{"desktop":{"background-color":"var(--ast-global-color-4)","background-image":"","background-repeat":"repeat","background-position":"center center","background-size":"auto","background-attachment":"scroll","background-type":"","background-media":"","overlay-type":"","overlay-color":"","overlay-opacity":"","overlay-gradient":""},"tablet":{"background-color":"","background-image":"","background-repeat":"repeat","background-position":"center center","background-size":"auto","background-attachment":"scroll","background-type":"","background-media":"","overlay-type":"","overlay-color":"","overlay-opacity":"","overlay-gradient":""},"mobile":{"background-color":"","background-image":"","background-repeat":"repeat","background-position":"center center","background-size":"auto","background-attachment":"scroll","background-type":"","background-media":"","overlay-type":"","overlay-color":"","overlay-opacity":"","overlay-gradient":""}},"ast-content-background-meta":{"desktop":{"background-color":"var(--ast-global-color-5)","background-image":"","background-repeat":"repeat","background-position":"center center","background-size":"auto","background-attachment":"scroll","background-type":"","background-media":"","overlay-type":"","overlay-color":"","overlay-opacity":"","overlay-gradient":""},"tablet":{"background-color":"var(--ast-global-color-5)","background-image":"","background-repeat":"repeat","background-position":"center center","background-size":"auto","background-attachment":"scroll","background-type":"","background-media":"","overlay-type":"","overlay-color":"","overlay-opacity":"","overlay-gradient":""},"mobile":{"background-color":"var(--ast-global-color-5)","background-image":"","background-repeat":"repeat","background-position":"center center","background-size":"auto","background-attachment":"scroll","background-type":"","background-media":"","overlay-type":"","overlay-color":"","overlay-opacity":"","overlay-gradient":""}}},"product_cat":[75],"product_tag":[],"class_list":["post-9098","product","type-product","status-publish","has-post-thumbnail","hentry","product_cat-jerzsele-zoltan","desktop-align-left","tablet-align-left","mobile-align-left"],"_links":{"self":[{"href":"https:\/\/www.sunkaraoke.hu\/index.php\/wp-json\/wp\/v2\/product\/9098","targetHints":{"allow":["GET"]}}],"collection":[{"href":"https:\/\/www.sunkaraoke.hu\/index.php\/wp-json\/wp\/v2\/product"}],"about":[{"href":"https:\/\/www.sunkaraoke.hu\/index.php\/wp-json\/wp\/v2\/types\/product"}],"wp:featuredmedia":[{"embeddable":true,"href":"https:\/\/www.sunkaraoke.hu\/index.php\/wp-json\/wp\/v2\/media\/9772"}],"wp:attachment":[{"href":"https:\/\/www.sunkaraoke.hu\/index.php\/wp-json\/wp\/v2\/media?parent=9098"}],"wp:term":[{"taxonomy":"product_cat","embeddable":true,"href":"https:\/\/www.sunkaraoke.hu\/index.php\/wp-json\/wp\/v2\/product_cat?post=9098"},{"taxonomy":"product_tag","embeddable":true,"href":"https:\/\/www.sunkaraoke.hu\/index.php\/wp-json\/wp\/v2\/product_tag?post=9098"}],"curies":[{"name":"wp","href":"https:\/\/api.w.org\/{rel}","templated":true}]}}