{"id":9092,"date":"2022-08-21T17:04:22","date_gmt":"2022-08-21T17:04:22","guid":{"rendered":"https:\/\/www.sunkaraoke.hu\/?post_type=product&#038;p=9092"},"modified":"2025-04-13T15:53:28","modified_gmt":"2025-04-13T15:53:28","slug":"jerzsele-zoltan-jerzsele-mulatos-mix-08","status":"publish","type":"product","link":"https:\/\/www.sunkaraoke.hu\/index.php\/termek\/jerzsele-zoltan-jerzsele-mulatos-mix-08\/","title":{"rendered":"<div class=\"wcmp-player-container product-9092\"><audio controlslist=\"nodownload\" data-product=\"9092\"  volume=\"1\"  preload=\"none\" data-lazyloading=\"none\" class=\"wcmp-player track mejs-classic\" data-duration=\"0:33\" data-estimated_duration=\"4\"><source src=\"https:\/\/www.sunkaraoke.hu\/wp-content\/uploads\/2022\/08\/Jerzsele-mulatos-mix-08.-Jero.-kdemoo-1.mp3\" type=\"audio\/mp3\" \/><\/audio><\/div>Jerzsele Zolt\u00e1n: Jerzsele Mulat\u00f3s mix 08. (Original)"},"content":{"rendered":"<p><b>05:54<\/b>| <strong><img loading=\"lazy\" decoding=\"async\" class=\"alignnone size-full wp-image-467\" src=\"https:\/\/www.sunkaraoke.hu\/wp-content\/uploads\/2022\/07\/choir_2-copy.webp\" alt=\"\" width=\"30\" height=\"30\" \/> <\/strong><\/p>\n","protected":false},"excerpt":{"rendered":"<h6><strong>Bits\u0171r\u0171s\u00e9g: 160kb\/s &#8211; 320 kb\/s<\/strong><br \/>\n<strong>Hossz: 05:54<\/strong><\/h6>\n<h6><strong>Vok\u00e1lt tartalmaz: Nem<\/strong> <img loading=\"lazy\" decoding=\"async\" class=\"alignnone size-full wp-image-467\" src=\"http:\/\/www.sunkaraoke.hu\/wp-content\/uploads\/2022\/07\/choir_2-copy.png\" alt=\"\" width=\"30\" height=\"30\" \/><strong style=\"font-size: 16px;\"><br \/>\n<\/strong><\/h6>\n<p>Sunkaraoke mp3 st\u00fadi\u00f3 \/ www.sunkaraoke.hu \/ Inf: Tel: 06 20 4275001<\/p>\n<p>&#8212;Intro&#8212;Fm&#8212;<br \/>\n&#8212;F\u00fav\u00f3s!&#8212;<br \/>\nK\u00e9rges a tenyerem, a tenyerem,<br \/>\nazzal keresem a kenyerem.<br \/>\nAzzal keresem a t\u00e9lire val\u00f3t,<br \/>\nbab\u00e1mnak a selyem bugyira val\u00f3t.<br \/>\nAzzal keresem a t\u00e9lire val\u00f3t,<br \/>\nbab\u00e1mnak a selyem bugyira val\u00f3t.<br \/>\n&#8212;F\u00fav\u00f3s!&#8212;<br \/>\nHoltig \u00e1tkozom az any\u00e1mat,<br \/>\nm\u00e9rt nem adott az \u00e9n bab\u00e1mnak?<br \/>\nAnnak adott, kit sohase szerettem,<br \/>\nkire m\u00e9g a szemem r\u00e1 se vetettem.<br \/>\nAnnak adott, kit sohase szerettem,<br \/>\nkire m\u00e9g a szemem r\u00e1 se vetettem.<br \/>\n&#8212;F\u00fav\u00f3s!&#8212;<br \/>\nCsalfa szeme van a bab\u00e1mnak,<br \/>\nolyan mint a fecskemad\u00e1rnak.<br \/>\nHa r\u00e1m veti a ragyog\u00f3 k\u00e9t szem\u00e9t,<br \/>\nelfelejti a r\u00e9gi szeret\u0151j\u00e9t.<br \/>\nHa r\u00e1m veti a ragyog\u00f3 k\u00e9t szem\u00e9t,<br \/>\nelfelejti a r\u00e9gi szeret\u0151j\u00e9t.<br \/>\n&#8212;F\u00fav\u00f3s!&#8212;<br \/>\n&#8212;Ma este bab\u00e1m !F\u00fav\u00f3s!&#8212;<br \/>\nMa este bab\u00e1m a fasorba megy\u00fcnk,<br \/>\nide hallik a hacac\u00e1r\u00e9.<br \/>\nMa este bab\u00e1m csuda nagy muri lesz,<br \/>\nmeg iszunk kilenc limon\u00e1d\u00e9t.<br \/>\nFekete \u00e9jszaka d\u00fcb\u00f6r\u00f6g a cint\u00e1ny\u00e9r,<br \/>\njaj oda vagyok minden sz\u00e9p l\u00e1ny\u00e9rt.<br \/>\nMa este bab\u00e1m a fasorba megy\u00fcnk,<br \/>\nide hallik a hacac\u00e1r\u00e9.<br \/>\nFekete \u00e9jszaka d\u00fcb\u00f6r\u00f6g a cint\u00e1ny\u00e9r,<br \/>\njaj oda vagyok minden sz\u00e9p l\u00e1ny\u00e9rt.<br \/>\nMa este bab\u00e1m a fasorba megy\u00fcnk,<br \/>\nide hallik a hacac\u00e1r\u00e9.<br \/>\n&#8212;F\u00fav\u00f3s!&#8212;<br \/>\nMa este bab\u00e1m a fasorba megy\u00fcnk,<br \/>\nide hallik a hacac\u00e1r\u00e9.<br \/>\nMa este bab\u00e1m csuda nagy muri lesz,<br \/>\nmeg iszunk kilenc limon\u00e1d\u00e9t.<br \/>\nFekete \u00e9jszaka d\u00fcb\u00f6r\u00f6g a cint\u00e1ny\u00e9r,<br \/>\njaj oda vagyok minden sz\u00e9p l\u00e1ny\u00e9rt.<br \/>\nMa este bab\u00e1m a fasorba megy\u00fcnk,<br \/>\nide hallik a hacac\u00e1r\u00e9.<br \/>\nFekete \u00e9jszaka d\u00fcb\u00f6r\u00f6g a cint\u00e1ny\u00e9r,<br \/>\njaj oda vagyok minden sz\u00e9p l\u00e1ny\u00e9rt.<br \/>\nMa este bab\u00e1m a fasorba megy\u00fcnk,<br \/>\nide hallik a hacac\u00e1r\u00e9!<br \/>\n&#8212;F\u00fav\u00f3s!&#8212;<br \/>\n&#8212;Jer\u00f3 Music &#8211; 2022.&#8212;<\/p>\n","protected":false},"featured_media":9772,"template":"","meta":{"site-sidebar-layout":"default","site-content-layout":"default","ast-site-content-layout":"default","site-content-style":"default","site-sidebar-style":"default","ast-global-header-display":"","ast-banner-title-visibility":"","ast-main-header-display":"","ast-hfb-above-header-display":"","ast-hfb-below-header-display":"","ast-hfb-mobile-header-display":"","site-post-title":"","ast-breadcrumbs-content":"","ast-featured-img":"","footer-sml-layout":"","theme-transparent-header-meta":"default","adv-header-id-meta":"","stick-header-meta":"","header-above-stick-meta":"","header-main-stick-meta":"","header-below-stick-meta":"","astra-migrate-meta-layouts":"set","ast-page-background-enabled":"default","ast-page-background-meta":{"desktop":{"background-color":"var(--ast-global-color-4)","background-image":"","background-repeat":"repeat","background-position":"center center","background-size":"auto","background-attachment":"scroll","background-type":"","background-media":"","overlay-type":"","overlay-color":"","overlay-opacity":"","overlay-gradient":""},"tablet":{"background-color":"","background-image":"","background-repeat":"repeat","background-position":"center center","background-size":"auto","background-attachment":"scroll","background-type":"","background-media":"","overlay-type":"","overlay-color":"","overlay-opacity":"","overlay-gradient":""},"mobile":{"background-color":"","background-image":"","background-repeat":"repeat","background-position":"center center","background-size":"auto","background-attachment":"scroll","background-type":"","background-media":"","overlay-type":"","overlay-color":"","overlay-opacity":"","overlay-gradient":""}},"ast-content-background-meta":{"desktop":{"background-color":"var(--ast-global-color-5)","background-image":"","background-repeat":"repeat","background-position":"center center","background-size":"auto","background-attachment":"scroll","background-type":"","background-media":"","overlay-type":"","overlay-color":"","overlay-opacity":"","overlay-gradient":""},"tablet":{"background-color":"var(--ast-global-color-5)","background-image":"","background-repeat":"repeat","background-position":"center center","background-size":"auto","background-attachment":"scroll","background-type":"","background-media":"","overlay-type":"","overlay-color":"","overlay-opacity":"","overlay-gradient":""},"mobile":{"background-color":"var(--ast-global-color-5)","background-image":"","background-repeat":"repeat","background-position":"center center","background-size":"auto","background-attachment":"scroll","background-type":"","background-media":"","overlay-type":"","overlay-color":"","overlay-opacity":"","overlay-gradient":""}}},"product_cat":[75],"product_tag":[],"class_list":["post-9092","product","type-product","status-publish","has-post-thumbnail","hentry","product_cat-jerzsele-zoltan","desktop-align-left","tablet-align-left","mobile-align-left"],"_links":{"self":[{"href":"https:\/\/www.sunkaraoke.hu\/index.php\/wp-json\/wp\/v2\/product\/9092","targetHints":{"allow":["GET"]}}],"collection":[{"href":"https:\/\/www.sunkaraoke.hu\/index.php\/wp-json\/wp\/v2\/product"}],"about":[{"href":"https:\/\/www.sunkaraoke.hu\/index.php\/wp-json\/wp\/v2\/types\/product"}],"wp:featuredmedia":[{"embeddable":true,"href":"https:\/\/www.sunkaraoke.hu\/index.php\/wp-json\/wp\/v2\/media\/9772"}],"wp:attachment":[{"href":"https:\/\/www.sunkaraoke.hu\/index.php\/wp-json\/wp\/v2\/media?parent=9092"}],"wp:term":[{"taxonomy":"product_cat","embeddable":true,"href":"https:\/\/www.sunkaraoke.hu\/index.php\/wp-json\/wp\/v2\/product_cat?post=9092"},{"taxonomy":"product_tag","embeddable":true,"href":"https:\/\/www.sunkaraoke.hu\/index.php\/wp-json\/wp\/v2\/product_tag?post=9092"}],"curies":[{"name":"wp","href":"https:\/\/api.w.org\/{rel}","templated":true}]}}