{"id":9089,"date":"2022-08-21T17:02:32","date_gmt":"2022-08-21T17:02:32","guid":{"rendered":"https:\/\/www.sunkaraoke.hu\/?post_type=product&#038;p=9089"},"modified":"2025-04-13T15:54:03","modified_gmt":"2025-04-13T15:54:03","slug":"jerzsele-zoltan-jerzsele-mulatos-mix-07","status":"publish","type":"product","link":"https:\/\/www.sunkaraoke.hu\/index.php\/termek\/jerzsele-zoltan-jerzsele-mulatos-mix-07\/","title":{"rendered":"<div class=\"wcmp-player-container product-9089\"><audio controlslist=\"nodownload\" data-product=\"9089\"  volume=\"1\"  preload=\"none\" data-lazyloading=\"none\" class=\"wcmp-player track mejs-classic\" data-duration=\"0:35\" data-estimated_duration=\"4\"><source src=\"https:\/\/www.sunkaraoke.hu\/wp-content\/uploads\/2022\/08\/Jerzsele-mulatos-mix-07-Jero.-demoo.mp3\" type=\"audio\/mp3\" \/><\/audio><\/div>Jerzsele Zolt\u00e1n: Jerzsele Mulat\u00f3s mix 07.(Original)"},"content":{"rendered":"<p><b>05:14<\/b>| <strong><img loading=\"lazy\" decoding=\"async\" class=\"alignnone size-full wp-image-467\" src=\"https:\/\/www.sunkaraoke.hu\/wp-content\/uploads\/2022\/07\/choir_2-copy.webp\" alt=\"\" width=\"30\" height=\"30\" \/> <\/strong><\/p>\n","protected":false},"excerpt":{"rendered":"<h6><strong>Bits\u0171r\u0171s\u00e9g: 160kb\/s &#8211; 320 kb\/s<\/strong><br \/>\n<strong>Hossz: 05:14<\/strong><\/h6>\n<h6><strong>Vok\u00e1lt tartalmaz: Nem<\/strong> <img loading=\"lazy\" decoding=\"async\" class=\"alignnone size-full wp-image-467\" src=\"http:\/\/www.sunkaraoke.hu\/wp-content\/uploads\/2022\/07\/choir_2-copy.png\" alt=\"\" width=\"30\" height=\"30\" \/><strong style=\"font-size: 16px;\"><br \/>\n<\/strong><\/h6>\n<p>Sunkaraoke mp3 st\u00fadi\u00f3 \/ www.sunkaraoke.hu \/ Inf: Tel: 06 20 4275001<\/p>\n<p>&#8212;Intro&#8212;Fm&#8212;Dm&#8212;<br \/>\n&#8212;F\u00fav\u00f3s!&#8212;<br \/>\nK\u00e9k a b\u00fazavir\u00e1g, k\u00e9k az eg\u00e9sz vil\u00e1g,<br \/>\nmikor a szemedbe n\u00e9zek.<br \/>\n\u00c9g\u0151 piros a sz\u00e1d, \u00e9g\u0151 lesz az orc\u00e1d,<br \/>\nmikor a kezedhez \u00e9rek.<br \/>\nHogyha \u00f6lelem a karcs\u00fa derekadat,<br \/>\nmindig \u00fagy \u00e9rzem, csak \u00fagy \u00e1lmodtalak.<br \/>\nK\u00e9k a b\u00fazavir\u00e1g, k\u00e9k az eg\u00e9sz vil\u00e1g,<br \/>\nmikor a szemedbe n\u00e9zek.<br \/>\nHogyha \u00f6lelem a karcs\u00fa derekadat,<br \/>\nmindig \u00fagy \u00e9rzem, csak \u00fagy \u00e1lmodtalak.<br \/>\nK\u00e9k a b\u00fazavir\u00e1g, k\u00e9k az eg\u00e9sz vil\u00e1g,<br \/>\nmikor a szemedbe n\u00e9zek.<br \/>\n&#8212;F\u00fav\u00f3s!&#8212;<br \/>\n\u00c9des gy\u00f6ngyvir\u00e1gom, \u00e9n m\u00e1r alig v\u00e1rom,<br \/>\nhogy az eny\u00e9m lehess v\u00e9gre.<br \/>\nMond meg az any\u00e1dnak, s\u00fagd meg az ap\u00e1dnak,<br \/>\nnem v\u00e1runk mi az \u00faj \u00e9vre.<br \/>\nHogyha j\u00f6n a ny\u00e1r, ny\u00edlik a sok r\u00f3zsa,<br \/>\n\u00fajra itt leszel, viszlek a karomban.<br \/>\n\u00c9des gy\u00f6ngyvir\u00e1gom, \u00e9n m\u00e1r alig v\u00e1rom,<br \/>\nhogy az eny\u00e9m lehess v\u00e9gre.<br \/>\nHogyha j\u00f6n a ny\u00e1r, ny\u00edlik a sok r\u00f3zsa,<br \/>\n\u00fajra itt leszel, viszlek a karomban.<br \/>\n\u00c9des gy\u00f6ngyvir\u00e1gom, \u00e9n m\u00e1r alig v\u00e1rom,<br \/>\nhogy az eny\u00e9m lehess v\u00e9gre.<br \/>\n&#8212;Ugye gondolsz !F\u00fav\u00f3s!&#8212;<br \/>\nUgye gondolsz n\u00e9ha r\u00e1m?<br \/>\nCsillagf\u00e9nyes \u00e9jszak\u00e1n.<br \/>\nMikor nyugszik minden sz\u00e9pen, csendesen,<br \/>\ncsak a sz\u00edvem nem pihen.<br \/>\nMikor nyugszik minden sz\u00e9pen, csendesen,<br \/>\ncsak a sz\u00edvem nem pihen.<br \/>\nUgye hallod angyalom?<br \/>\nHozz\u00e1d sz\u00e1ll a s\u00f3hajom.<br \/>\nMesszi, t\u00e1voli sz\u00e9llel n\u00e9ked \u00fczenem,<br \/>\nte legy\u00e9l a kedvesem.<br \/>\nMesszi, t\u00e1voli sz\u00e9llel n\u00e9ked \u00fczenem,<br \/>\nte legy\u00e9l a kedvesem.<br \/>\n&#8212;F\u00fav\u00f3s!&#8212;<br \/>\nUgye gondolsz n\u00e9ha r\u00e1m?<br \/>\nCsillagf\u00e9nyes \u00e9jszak\u00e1n.<br \/>\nMikor nyugszik minden sz\u00e9pen, csendesen,<br \/>\ncsak a sz\u00edvem nem pihen.<br \/>\nMikor nyugszik minden sz\u00e9pen, csendesen,<br \/>\ncsak a sz\u00edvem nem pihen.<br \/>\nUgye hallod angyalom?<br \/>\nHozz\u00e1d sz\u00e1ll a s\u00f3hajom.<br \/>\nMesszi, t\u00e1voli sz\u00e9llel n\u00e9ked \u00fczenem,<br \/>\nte legy\u00e9l a kedvesem.<br \/>\nMesszi, t\u00e1voli sz\u00e9llel n\u00e9ked \u00fczenem,<br \/>\nte legy\u00e9l a kedvesem!<br \/>\n&#8212;F\u00fav\u00f3s!&#8212;<br \/>\n&#8212;Jer\u00f3 Music &#8211; 2022.&#8212;<\/p>\n","protected":false},"featured_media":9772,"template":"","meta":{"site-sidebar-layout":"default","site-content-layout":"default","ast-site-content-layout":"default","site-content-style":"default","site-sidebar-style":"default","ast-global-header-display":"","ast-banner-title-visibility":"","ast-main-header-display":"","ast-hfb-above-header-display":"","ast-hfb-below-header-display":"","ast-hfb-mobile-header-display":"","site-post-title":"","ast-breadcrumbs-content":"","ast-featured-img":"","footer-sml-layout":"","theme-transparent-header-meta":"default","adv-header-id-meta":"","stick-header-meta":"","header-above-stick-meta":"","header-main-stick-meta":"","header-below-stick-meta":"","astra-migrate-meta-layouts":"set","ast-page-background-enabled":"default","ast-page-background-meta":{"desktop":{"background-color":"var(--ast-global-color-4)","background-image":"","background-repeat":"repeat","background-position":"center center","background-size":"auto","background-attachment":"scroll","background-type":"","background-media":"","overlay-type":"","overlay-color":"","overlay-opacity":"","overlay-gradient":""},"tablet":{"background-color":"","background-image":"","background-repeat":"repeat","background-position":"center center","background-size":"auto","background-attachment":"scroll","background-type":"","background-media":"","overlay-type":"","overlay-color":"","overlay-opacity":"","overlay-gradient":""},"mobile":{"background-color":"","background-image":"","background-repeat":"repeat","background-position":"center center","background-size":"auto","background-attachment":"scroll","background-type":"","background-media":"","overlay-type":"","overlay-color":"","overlay-opacity":"","overlay-gradient":""}},"ast-content-background-meta":{"desktop":{"background-color":"var(--ast-global-color-5)","background-image":"","background-repeat":"repeat","background-position":"center center","background-size":"auto","background-attachment":"scroll","background-type":"","background-media":"","overlay-type":"","overlay-color":"","overlay-opacity":"","overlay-gradient":""},"tablet":{"background-color":"var(--ast-global-color-5)","background-image":"","background-repeat":"repeat","background-position":"center center","background-size":"auto","background-attachment":"scroll","background-type":"","background-media":"","overlay-type":"","overlay-color":"","overlay-opacity":"","overlay-gradient":""},"mobile":{"background-color":"var(--ast-global-color-5)","background-image":"","background-repeat":"repeat","background-position":"center center","background-size":"auto","background-attachment":"scroll","background-type":"","background-media":"","overlay-type":"","overlay-color":"","overlay-opacity":"","overlay-gradient":""}}},"product_cat":[75],"product_tag":[],"class_list":["post-9089","product","type-product","status-publish","has-post-thumbnail","hentry","product_cat-jerzsele-zoltan","desktop-align-left","tablet-align-left","mobile-align-left"],"_links":{"self":[{"href":"https:\/\/www.sunkaraoke.hu\/index.php\/wp-json\/wp\/v2\/product\/9089","targetHints":{"allow":["GET"]}}],"collection":[{"href":"https:\/\/www.sunkaraoke.hu\/index.php\/wp-json\/wp\/v2\/product"}],"about":[{"href":"https:\/\/www.sunkaraoke.hu\/index.php\/wp-json\/wp\/v2\/types\/product"}],"wp:featuredmedia":[{"embeddable":true,"href":"https:\/\/www.sunkaraoke.hu\/index.php\/wp-json\/wp\/v2\/media\/9772"}],"wp:attachment":[{"href":"https:\/\/www.sunkaraoke.hu\/index.php\/wp-json\/wp\/v2\/media?parent=9089"}],"wp:term":[{"taxonomy":"product_cat","embeddable":true,"href":"https:\/\/www.sunkaraoke.hu\/index.php\/wp-json\/wp\/v2\/product_cat?post=9089"},{"taxonomy":"product_tag","embeddable":true,"href":"https:\/\/www.sunkaraoke.hu\/index.php\/wp-json\/wp\/v2\/product_tag?post=9089"}],"curies":[{"name":"wp","href":"https:\/\/api.w.org\/{rel}","templated":true}]}}