{"id":9069,"date":"2022-08-18T13:59:18","date_gmt":"2022-08-18T13:59:18","guid":{"rendered":"https:\/\/www.sunkaraoke.hu\/?post_type=product&#038;p=9069"},"modified":"2025-04-13T15:54:29","modified_gmt":"2025-04-13T15:54:29","slug":"jerzsele-zoltan-jerzsele-mulatos-mix-06","status":"publish","type":"product","link":"https:\/\/www.sunkaraoke.hu\/index.php\/termek\/jerzsele-zoltan-jerzsele-mulatos-mix-06\/","title":{"rendered":"<div class=\"wcmp-player-container product-9069\"><audio controlslist=\"nodownload\" data-product=\"9069\"  volume=\"1\"  preload=\"none\" data-lazyloading=\"none\" class=\"wcmp-player track mejs-classic\" data-duration=\"0:34\" data-estimated_duration=\"4\"><source src=\"https:\/\/www.sunkaraoke.hu\/wp-content\/uploads\/2022\/08\/Jerzsele-Mulatos-mix-06.-Jero.-kedemoo.mp3\" type=\"audio\/mp3\" \/><\/audio><\/div>Jerzsele Zolt\u00e1n: Jerzsele Mulat\u00f3s mix 06.( Original)"},"content":{"rendered":"<p><b>05:02<\/b>| <strong><img loading=\"lazy\" decoding=\"async\" class=\"alignnone size-full wp-image-467\" src=\"https:\/\/www.sunkaraoke.hu\/wp-content\/uploads\/2022\/07\/choir_2-copy.webp\" alt=\"\" width=\"30\" height=\"30\" \/> <\/strong><\/p>\n","protected":false},"excerpt":{"rendered":"<h6><strong>Bits\u0171r\u0171s\u00e9g: 160kb\/s &#8211; 320 kb\/s<\/strong><br \/>\n<strong>Hossz: 05:02<\/strong><\/h6>\n<h6><strong>Vok\u00e1lt tartalmaz: Nem<\/strong> <img loading=\"lazy\" decoding=\"async\" class=\"alignnone size-full wp-image-467\" src=\"http:\/\/www.sunkaraoke.hu\/wp-content\/uploads\/2022\/07\/choir_2-copy.png\" alt=\"\" width=\"30\" height=\"30\" \/><strong style=\"font-size: 16px;\"><br \/>\n<\/strong><\/h6>\n<p>Sunkaraoke mp3 st\u00fadi\u00f3 \/ www.sunkaraoke.hu \/ Inf: Tel: 06 20 4275001<\/p>\n<p>&#8212;Intro&#8212;Cm&#8212;<br \/>\n&#8212;F\u00fav\u00f3s!&#8212;<br \/>\nFelmegyek a doberd\u00f3i nagy hegyre,<br \/>\nfeltekintek a csillagos nagy \u00e9gre.<br \/>\nCsillagos \u00e9g merre van a magyar haz\u00e1m,<br \/>\nmerre sirat engem az \u00e9desany\u00e1m?<br \/>\nCsillagos \u00e9g merre van a magyar haz\u00e1m,<br \/>\nmerre sirat engem az \u00e9desany\u00e1m?<br \/>\n&#8212;F\u00fav\u00f3s!&#8212;<br \/>\nFelteszem a levelem a post\u00e1ra,<br \/>\nvisszak\u00fcld\u00f6m az \u00e9n sz\u00fcl\u0151haz\u00e1mba.<br \/>\nOlvasd any\u00e1m n\u00e9ked \u00edrott levelemet,<br \/>\na harct\u00e9ren hagyom az \u00e9letemet.<br \/>\nOlvasd any\u00e1m n\u00e9ked \u00edrott levelemet,<br \/>\na harct\u00e9ren hagyom az \u00e9letemet.<br \/>\n&#8212;F\u00fav\u00f3s!&#8212;<br \/>\nJaj Istenem hol fogok \u00e9n meghalni,<br \/>\nhol fog az \u00e9n piros v\u00e9rem elfolyni?<br \/>\nV\u00e1s\u00e1rhelyi temet\u0151ben lesz a s\u00edrom,<br \/>\n\u00e9desany\u00e1m arra k\u00e9rem ne s\u00edrjon.<br \/>\nAz In\u00e1rcsi temet\u0151ben lesz a s\u00edrom,<br \/>\n\u00e9desany\u00e1m arra k\u00e9rem ne s\u00edrjon.<br \/>\n&#8212;\u00c1rad a Duna vize !F\u00fav\u00f3s!&#8212;<br \/>\n\u00c1rad a Duna vize,<br \/>\nelfolyik a Fekete tengerbe.<br \/>\nFurcsa egy nyavalya ha<br \/>\nzajlik a szerelem az emberbe.<br \/>\n\u00c1rad is, zajlik is, f\u00e1zik is,<br \/>\nmelege is van t\u0151le.<br \/>\nOtt lennt a sz\u00edve k\u00f6r\u00fcl<br \/>\nsz\u00e1z fokot mutat a h\u0151m\u00e9r\u0151je.<br \/>\n\u00c1rad is, zajlik is, f\u00e1zik is,<br \/>\nmelege is van t\u0151le.<br \/>\nOtt lennt a sz\u00edve k\u00f6r\u00fcl<br \/>\nsz\u00e1z fokot mutat a h\u0151m\u00e9r\u0151je.<br \/>\n&#8212;F\u00fav\u00f3s!&#8212;<br \/>\nD\u00f6rm\u00f6g az \u00f6regap\u00e1nk,<br \/>\nszidja is a bolondos n\u00e9ps\u00e9get:<br \/>\nEgyszer t\u00e1n esz\u00e9re t\u00e9r,<br \/>\nv\u00e9ge lesz a fura betegs\u00e9gnek.<br \/>\n\u00c9szre t\u00e9r, v\u00e9get \u00e9r,<br \/>\nelfogy a szerelem az emberb\u0151l.<br \/>\nMajd ha a Duna vize<br \/>\nvisszaj\u00f6n a Fekete tengerb\u0151l.<br \/>\n\u00c9szre t\u00e9r, v\u00e9get \u00e9r,<br \/>\nelfogy a szerelem az emberb\u0151l.<br \/>\nMajd ha a Duna vize<br \/>\nvisszaj\u00f6n a Fekete tengerb\u0151l!<br \/>\n&#8212;F\u00fav\u00f3s!&#8212;<br \/>\n&#8212;Jer\u00f3 Music &#8211; 2022.&#8212;<\/p>\n","protected":false},"featured_media":9772,"template":"","meta":{"site-sidebar-layout":"default","site-content-layout":"default","ast-site-content-layout":"default","site-content-style":"default","site-sidebar-style":"default","ast-global-header-display":"","ast-banner-title-visibility":"","ast-main-header-display":"","ast-hfb-above-header-display":"","ast-hfb-below-header-display":"","ast-hfb-mobile-header-display":"","site-post-title":"","ast-breadcrumbs-content":"","ast-featured-img":"","footer-sml-layout":"","theme-transparent-header-meta":"default","adv-header-id-meta":"","stick-header-meta":"","header-above-stick-meta":"","header-main-stick-meta":"","header-below-stick-meta":"","astra-migrate-meta-layouts":"set","ast-page-background-enabled":"default","ast-page-background-meta":{"desktop":{"background-color":"var(--ast-global-color-4)","background-image":"","background-repeat":"repeat","background-position":"center center","background-size":"auto","background-attachment":"scroll","background-type":"","background-media":"","overlay-type":"","overlay-color":"","overlay-opacity":"","overlay-gradient":""},"tablet":{"background-color":"","background-image":"","background-repeat":"repeat","background-position":"center center","background-size":"auto","background-attachment":"scroll","background-type":"","background-media":"","overlay-type":"","overlay-color":"","overlay-opacity":"","overlay-gradient":""},"mobile":{"background-color":"","background-image":"","background-repeat":"repeat","background-position":"center center","background-size":"auto","background-attachment":"scroll","background-type":"","background-media":"","overlay-type":"","overlay-color":"","overlay-opacity":"","overlay-gradient":""}},"ast-content-background-meta":{"desktop":{"background-color":"var(--ast-global-color-5)","background-image":"","background-repeat":"repeat","background-position":"center center","background-size":"auto","background-attachment":"scroll","background-type":"","background-media":"","overlay-type":"","overlay-color":"","overlay-opacity":"","overlay-gradient":""},"tablet":{"background-color":"var(--ast-global-color-5)","background-image":"","background-repeat":"repeat","background-position":"center center","background-size":"auto","background-attachment":"scroll","background-type":"","background-media":"","overlay-type":"","overlay-color":"","overlay-opacity":"","overlay-gradient":""},"mobile":{"background-color":"var(--ast-global-color-5)","background-image":"","background-repeat":"repeat","background-position":"center center","background-size":"auto","background-attachment":"scroll","background-type":"","background-media":"","overlay-type":"","overlay-color":"","overlay-opacity":"","overlay-gradient":""}}},"product_cat":[75],"product_tag":[],"class_list":["post-9069","product","type-product","status-publish","has-post-thumbnail","hentry","product_cat-jerzsele-zoltan","desktop-align-left","tablet-align-left","mobile-align-left"],"_links":{"self":[{"href":"https:\/\/www.sunkaraoke.hu\/index.php\/wp-json\/wp\/v2\/product\/9069","targetHints":{"allow":["GET"]}}],"collection":[{"href":"https:\/\/www.sunkaraoke.hu\/index.php\/wp-json\/wp\/v2\/product"}],"about":[{"href":"https:\/\/www.sunkaraoke.hu\/index.php\/wp-json\/wp\/v2\/types\/product"}],"wp:featuredmedia":[{"embeddable":true,"href":"https:\/\/www.sunkaraoke.hu\/index.php\/wp-json\/wp\/v2\/media\/9772"}],"wp:attachment":[{"href":"https:\/\/www.sunkaraoke.hu\/index.php\/wp-json\/wp\/v2\/media?parent=9069"}],"wp:term":[{"taxonomy":"product_cat","embeddable":true,"href":"https:\/\/www.sunkaraoke.hu\/index.php\/wp-json\/wp\/v2\/product_cat?post=9069"},{"taxonomy":"product_tag","embeddable":true,"href":"https:\/\/www.sunkaraoke.hu\/index.php\/wp-json\/wp\/v2\/product_tag?post=9069"}],"curies":[{"name":"wp","href":"https:\/\/api.w.org\/{rel}","templated":true}]}}