{"id":9066,"date":"2022-08-18T13:57:27","date_gmt":"2022-08-18T13:57:27","guid":{"rendered":"https:\/\/www.sunkaraoke.hu\/?post_type=product&#038;p=9066"},"modified":"2025-04-13T15:55:13","modified_gmt":"2025-04-13T15:55:13","slug":"jerzsele-zoltan-jerzsele-mulatos-mix-05","status":"publish","type":"product","link":"https:\/\/www.sunkaraoke.hu\/index.php\/termek\/jerzsele-zoltan-jerzsele-mulatos-mix-05\/","title":{"rendered":"<div class=\"wcmp-player-container product-9066\"><audio controlslist=\"nodownload\" data-product=\"9066\"  volume=\"1\"  preload=\"none\" data-lazyloading=\"none\" class=\"wcmp-player track mejs-classic\" data-duration=\"0:34\" data-estimated_duration=\"4\"><source src=\"https:\/\/www.sunkaraoke.hu\/wp-content\/uploads\/2022\/08\/Jerzsele-Mulatos-mix-05-Jero.-kdemoo.mp3\" type=\"audio\/mp3\" \/><\/audio><\/div>Jerzsele Zolt\u00e1n: Jerzsele Mulat\u00f3s mix 05.(Original)"},"content":{"rendered":"<p><b>06:40<\/b>| <strong><img loading=\"lazy\" decoding=\"async\" class=\"alignnone size-full wp-image-467\" src=\"https:\/\/www.sunkaraoke.hu\/wp-content\/uploads\/2022\/07\/choir_2-copy.webp\" alt=\"\" width=\"30\" height=\"30\" \/> <\/strong><\/p>\n","protected":false},"excerpt":{"rendered":"<h6><strong>Bits\u0171r\u0171s\u00e9g: 160kb\/s &#8211; 320 kb\/s<\/strong><br \/>\n<strong>Hossz: 06:40<\/strong><\/h6>\n<h6><strong>Vok\u00e1lt tartalmaz: Nem<\/strong> <img loading=\"lazy\" decoding=\"async\" class=\"alignnone size-full wp-image-467\" src=\"http:\/\/www.sunkaraoke.hu\/wp-content\/uploads\/2022\/07\/choir_2-copy.png\" alt=\"\" width=\"30\" height=\"30\" \/><strong style=\"font-size: 16px;\"><br \/>\n<\/strong><\/h6>\n<p>Sunkaraoke mp3 st\u00fadi\u00f3 \/ www.sunkaraoke.hu \/ Inf: Tel: 06 20 4275001<\/p>\n<p><span style=\"font-size: 16px;\">&#8211;Intro&#8212;Cm&#8212;<\/span><\/p>\n<p>&#8212;F\u00fav\u00f3s!&#8212;<br \/>\nEsik es\u0151 esik, esik a kasz\u00e1rnya fal\u00e1ra.<br \/>\nS\u00fcv\u00edt a sz\u00e9l v\u00e9gig az udvar\u00e1ba,<br \/>\ns\u00fcv\u00edt a sz\u00e9l v\u00e9gig az udvar\u00e1ba.<br \/>\nNem tal\u00e1lok r\u00e1ja, a s\u00f6t\u00e9t \u00e9jszak\u00e1ba a bab\u00e1mra.<br \/>\nS\u00fcv\u00edt a sz\u00e9l v\u00e9gig az udvar\u00e1ba.<br \/>\nNem tal\u00e1lok r\u00e1ja, a s\u00f6t\u00e9t \u00e9jszak\u00e1ba a bab\u00e1mra.<br \/>\n&#8212;F\u00fav\u00f3s!&#8212;<br \/>\nEsik es\u0151 esik, esik a kasz\u00e1rnya fal\u00e1ra.<br \/>\nS\u00fcv\u00edt a sz\u00e9l v\u00e9gig az udvar\u00e1ba,<br \/>\ns\u00fcv\u00edt a sz\u00e9l v\u00e9gig az udvar\u00e1ba.<br \/>\nNem tal\u00e1lok r\u00e1ja, a s\u00f6t\u00e9t \u00e9jszak\u00e1ba a bab\u00e1mra.<br \/>\nS\u00fcv\u00edt a sz\u00e9l v\u00e9gig az udvar\u00e1ba.<br \/>\nNem tal\u00e1lok r\u00e1ja, a s\u00f6t\u00e9t \u00e9jszak\u00e1ba a bab\u00e1mra.<br \/>\n&#8212;L\u00e1tod \u00e9desany\u00e1m !F\u00fav\u00f3s!&#8212;<br \/>\nL\u00e1tod \u00e9desany\u00e1m, l\u00e1tod \u00e9desany\u00e1m,<br \/>\nm\u00e9rt sz\u00fclt\u00e9l a vil\u00e1gra. Ink\u00e1bb dobt\u00e1l volna,<br \/>\nink\u00e1bb dobt\u00e1l volna, a zavaros Tisz\u00e1ba.<br \/>\nTisza vize vitt volna a jeges Dun\u00e1ba,<br \/>\nhogy ne lettem volna, sose lettem volna,<br \/>\nsenki megunt bab\u00e1ja. Tisza vize vitt volna a<br \/>\njeges Dun\u00e1ba, hogy ne lettem volna,<br \/>\nsose lettem volna, senki megunt bab\u00e1ja.<br \/>\nNincs m\u00e1r p\u00e1ros csillag, nincs m\u00e1r p\u00e1ros csillag,<br \/>\nmind lehullott a f\u00f6ldre. Nincs m\u00e1r h\u0171 szeret\u0151m,<br \/>\nnincs m\u00e1r h\u0171 szeret\u0151m, mert elhagyott \u00f6r\u00f6kre.<br \/>\nHa elhagyott, nem b\u00fasulok, elment \u00f6r\u00f6kre.<br \/>\nDe m\u00e9g a s\u00edromon is, m\u00e9g a f\u00f6ld alatt is<br \/>\ncsak \u0151 j\u00e1r az eszembe. Ha elhagyott, nem b\u00fasulok,<br \/>\nelment \u00f6r\u00f6kre. De m\u00e9g a s\u00edromon is, m\u00e9g a f\u00f6ld alatt is<br \/>\ncsak \u0151 j\u00e1r az eszembe.<br \/>\n&#8212;F\u00fav\u00f3s!&#8212;<br \/>\nLassan forog bab\u00e1m, lassan forog bab\u00e1m,<br \/>\na g\u00e9pkocsi kereke. Azon visznek engem,<br \/>\nazon visznek engem, ki a hat\u00e1r sz\u00e9l\u00e9re.<br \/>\nValah\u00e1nyszor megfordul a kocsi kereke.<br \/>\nAnnyi sz\u00e1zszor bab\u00e1m, annyi sz\u00e1zszor bab\u00e1m<br \/>\njussak \u00e9n az eszedbe!<br \/>\nValah\u00e1nyszor megfordul a kocsi kereke.<br \/>\nAnnyi sz\u00e1zszor bab\u00e1m, annyi sz\u00e1zszor bab\u00e1m<br \/>\njussak \u00e9n az eszedbe!<br \/>\n&#8212;F\u00fav\u00f3s!&#8212;<br \/>\n&#8212;Jer\u00f3 Music &#8211; 2022.&#8212;<\/p>\n","protected":false},"featured_media":9772,"template":"","meta":{"site-sidebar-layout":"default","site-content-layout":"default","ast-site-content-layout":"default","site-content-style":"default","site-sidebar-style":"default","ast-global-header-display":"","ast-banner-title-visibility":"","ast-main-header-display":"","ast-hfb-above-header-display":"","ast-hfb-below-header-display":"","ast-hfb-mobile-header-display":"","site-post-title":"","ast-breadcrumbs-content":"","ast-featured-img":"","footer-sml-layout":"","theme-transparent-header-meta":"default","adv-header-id-meta":"","stick-header-meta":"","header-above-stick-meta":"","header-main-stick-meta":"","header-below-stick-meta":"","astra-migrate-meta-layouts":"set","ast-page-background-enabled":"default","ast-page-background-meta":{"desktop":{"background-color":"var(--ast-global-color-4)","background-image":"","background-repeat":"repeat","background-position":"center center","background-size":"auto","background-attachment":"scroll","background-type":"","background-media":"","overlay-type":"","overlay-color":"","overlay-opacity":"","overlay-gradient":""},"tablet":{"background-color":"","background-image":"","background-repeat":"repeat","background-position":"center center","background-size":"auto","background-attachment":"scroll","background-type":"","background-media":"","overlay-type":"","overlay-color":"","overlay-opacity":"","overlay-gradient":""},"mobile":{"background-color":"","background-image":"","background-repeat":"repeat","background-position":"center center","background-size":"auto","background-attachment":"scroll","background-type":"","background-media":"","overlay-type":"","overlay-color":"","overlay-opacity":"","overlay-gradient":""}},"ast-content-background-meta":{"desktop":{"background-color":"var(--ast-global-color-5)","background-image":"","background-repeat":"repeat","background-position":"center center","background-size":"auto","background-attachment":"scroll","background-type":"","background-media":"","overlay-type":"","overlay-color":"","overlay-opacity":"","overlay-gradient":""},"tablet":{"background-color":"var(--ast-global-color-5)","background-image":"","background-repeat":"repeat","background-position":"center center","background-size":"auto","background-attachment":"scroll","background-type":"","background-media":"","overlay-type":"","overlay-color":"","overlay-opacity":"","overlay-gradient":""},"mobile":{"background-color":"var(--ast-global-color-5)","background-image":"","background-repeat":"repeat","background-position":"center center","background-size":"auto","background-attachment":"scroll","background-type":"","background-media":"","overlay-type":"","overlay-color":"","overlay-opacity":"","overlay-gradient":""}}},"product_cat":[75],"product_tag":[],"class_list":["post-9066","product","type-product","status-publish","has-post-thumbnail","hentry","product_cat-jerzsele-zoltan","desktop-align-left","tablet-align-left","mobile-align-left"],"_links":{"self":[{"href":"https:\/\/www.sunkaraoke.hu\/index.php\/wp-json\/wp\/v2\/product\/9066","targetHints":{"allow":["GET"]}}],"collection":[{"href":"https:\/\/www.sunkaraoke.hu\/index.php\/wp-json\/wp\/v2\/product"}],"about":[{"href":"https:\/\/www.sunkaraoke.hu\/index.php\/wp-json\/wp\/v2\/types\/product"}],"wp:featuredmedia":[{"embeddable":true,"href":"https:\/\/www.sunkaraoke.hu\/index.php\/wp-json\/wp\/v2\/media\/9772"}],"wp:attachment":[{"href":"https:\/\/www.sunkaraoke.hu\/index.php\/wp-json\/wp\/v2\/media?parent=9066"}],"wp:term":[{"taxonomy":"product_cat","embeddable":true,"href":"https:\/\/www.sunkaraoke.hu\/index.php\/wp-json\/wp\/v2\/product_cat?post=9066"},{"taxonomy":"product_tag","embeddable":true,"href":"https:\/\/www.sunkaraoke.hu\/index.php\/wp-json\/wp\/v2\/product_tag?post=9066"}],"curies":[{"name":"wp","href":"https:\/\/api.w.org\/{rel}","templated":true}]}}