{"id":9063,"date":"2022-08-18T13:54:09","date_gmt":"2022-08-18T13:54:09","guid":{"rendered":"https:\/\/www.sunkaraoke.hu\/?post_type=product&#038;p=9063"},"modified":"2025-06-22T15:53:51","modified_gmt":"2025-06-22T13:53:51","slug":"jerzsele-zoltan-hat-ide-figyelj-lajos","status":"publish","type":"product","link":"https:\/\/www.sunkaraoke.hu\/index.php\/termek\/jerzsele-zoltan-hat-ide-figyelj-lajos\/","title":{"rendered":"<div class=\"wcmp-player-container product-9063\"><audio controlslist=\"nodownload\" data-product=\"9063\"  volume=\"1\"  preload=\"none\" data-lazyloading=\"none\" class=\"wcmp-player track mejs-classic\" data-duration=\"0:36\" data-estimated_duration=\"4\"><source src=\"https:\/\/www.sunkaraoke.hu\/wp-content\/uploads\/2022\/08\/Hat-ide-figyelj-Lajos-Jero.-demoo.mp3\" type=\"audio\/mp3\" \/><\/audio><\/div>Jerzsele Zolt\u00e1n- H\u00e1t ide figyelj Lajos (Original)"},"content":{"rendered":"<p><b>04:34<\/b>| <strong><img loading=\"lazy\" decoding=\"async\" class=\"alignnone size-full wp-image-467\" src=\"https:\/\/www.sunkaraoke.hu\/wp-content\/uploads\/2022\/07\/choir_2-copy.webp\" alt=\"\" width=\"30\" height=\"30\" \/> <\/strong><\/p>\n","protected":false},"excerpt":{"rendered":"<h6><strong>Bits\u0171r\u0171s\u00e9g: 160kb\/s &#8211; 320 kb\/s<\/strong><br \/>\n<strong>Hossz: 04:34<\/strong><\/h6>\n<h6><strong>Vok\u00e1lt tartalmaz: Nem<\/strong> <img loading=\"lazy\" decoding=\"async\" class=\"alignnone size-full wp-image-467\" src=\"http:\/\/www.sunkaraoke.hu\/wp-content\/uploads\/2022\/07\/choir_2-copy.png\" alt=\"\" width=\"30\" height=\"30\" \/><strong style=\"font-size: 16px;\"><br \/>\n<\/strong><\/h6>\n<p>Sunkaraoke mp3 st\u00fadi\u00f3 \/ www.sunkaraoke.hu \/ Inf: Tel: 06 20 4275001<\/p>\n<p>&#8212;Intro&#8212;Cm&#8212;<br \/>\n&#8212;Wamp!&#8212;<br \/>\nLennt a Dank\u00f3 Pista utc\u00e1n sz\u00fclt any\u00e1m,<br \/>\niskol\u00e1ztatott a dr\u00e1ga j\u00f3 ap\u00e1m.<br \/>\nT\u00e1nc \u00e9s faiskol\u00e1ba j\u00e1rtam sokat \u00e9n.<br \/>\nMegtanultam muzsik\u00e1lni rendesen,<br \/>\nhetvenedik R\u00e1cz Laci a mesterem.<br \/>\nM\u00e9gis ha egy cig\u00e1ny l\u00e1t \u00edgy dalol fel\u00e9m:<br \/>\nH\u00e1t k\u00e9rlek ide figyelj Lajos,<br \/>\na g\u00e9 h\u00far kicsit magos,<br \/>\nrossz a filhall\u00e1sod m\u00e1r.<br \/>\nH\u00e1t h\u00fazd el nekem Lajos,<br \/>\nhogy h\u00e1zunk el\u0151tt magos,<br \/>\negy nagyon magos eperfa \u00e1ll.<br \/>\nH\u00fazd meg j\u00f3l hogy ne l\u00f3gjon,<br \/>\na f\u00f6ldig a l\u00f3sz\u0151r a von\u00f3don.<br \/>\nH\u00e1t k\u00e9rlek ide figyelj Lajos,<br \/>\n\u00edgy muzsik\u00e1lni bajos,<br \/>\nmert rossz a filhall\u00e1sod m\u00e1r.<br \/>\nH\u00fazd meg j\u00f3l hogy ne l\u00f3gjon,<br \/>\na f\u00f6ldig a l\u00f3sz\u0151r a von\u00f3don.<br \/>\nH\u00e1t k\u00e9rlek ide figyelj Lajos,<br \/>\n\u00edgy muzsik\u00e1lni bajos,<br \/>\nmert rossz a filhall\u00e1sod m\u00e1r.<br \/>\n&#8212;4 \u00fctem zene!&#8212;<br \/>\nMert kontr\u00e1zni egyik banda sem hagyott,<br \/>\ngondoltam hogy jazz zen\u00e9sznek felcsapok.<br \/>\nL\u00e1ssa h\u00e1t a cig\u00e1nys\u00e1g, j\u00e1tszom az\u00e9rt is.<br \/>\nMegzavartak engem ott a d\u00far mollok,<br \/>\nr\u00e1m fogt\u00e1k hogy a band\u00e1ban durmolok.<br \/>\nSajnos ma \u00edgy d\u00edcs\u00e9r mind, a jazz zen\u00e9sz is.<br \/>\nH\u00e1t k\u00e9rlek ide figyelj Lajos,<br \/>\na g\u00e9 h\u00far kicsit magos,<br \/>\nrossz a filhall\u00e1sod m\u00e1r.<br \/>\nH\u00e1t h\u00fazd el nekem Lajos,<br \/>\nhogy h\u00e1zunk el\u0151tt magos,<br \/>\negy nagyon magos eperfa \u00e1ll.<br \/>\nH\u00fazd meg j\u00f3l hogy ne l\u00f3gjon,<br \/>\na f\u00f6ldig a l\u00f3sz\u0151r a von\u00f3don.<br \/>\nH\u00e1t k\u00e9rlek ide figyelj Lajos,<br \/>\n\u00edgy muzsik\u00e1lni bajos,<br \/>\nmert rossz a filhall\u00e1sod m\u00e1r.<br \/>\nH\u00fazd meg j\u00f3l hogy ne l\u00f3gjon,<br \/>\na f\u00f6ldig a l\u00f3sz\u0151r a von\u00f3don.<br \/>\nH\u00e1t k\u00e9rlek ide figyelj Lajos,<br \/>\n\u00edgy muzsik\u00e1lni bajos,<br \/>\nmert rossz a filhall\u00e1sod m\u00e1r.<br \/>\n&#8212;Acc2 Solo!&#8212;<br \/>\nH\u00e1t k\u00e9rlek ide figyelj Lajos,<br \/>\na g\u00e9 h\u00far kicsit magos,<br \/>\nrossz a filhall\u00e1sod m\u00e1r.<br \/>\nH\u00e1t h\u00fazd el nekem Lajos,<br \/>\nhogy h\u00e1zunk el\u0151tt magos,<br \/>\negy nagyon magos eperfa \u00e1ll.<br \/>\nH\u00fazd meg j\u00f3l hogy ne l\u00f3gjon,<br \/>\na f\u00f6ldig a l\u00f3sz\u0151r a von\u00f3don.<br \/>\nH\u00e1t k\u00e9rlek ide figyelj Lajos,<br \/>\n\u00edgy muzsik\u00e1lni bajos,<br \/>\nmert rossz a filhall\u00e1sod m\u00e1r.<br \/>\nH\u00fazd meg j\u00f3l hogy ne l\u00f3gjon,<br \/>\na f\u00f6ldig a l\u00f3sz\u0151r a von\u00f3don.<br \/>\nH\u00e1t k\u00e9rlek ide figyelj Lajos,<br \/>\n\u00edgy muzsik\u00e1lni bajos,<br \/>\nmert rossz a filhall\u00e1sod m\u00e1r!<br \/>\n&#8212;Coda!&#8212;<br \/>\n&#8212;Jer\u00f3 Music &#8211; 2022.&#8212;<\/p>\n","protected":false},"featured_media":9772,"template":"","meta":{"site-sidebar-layout":"default","site-content-layout":"default","ast-site-content-layout":"default","site-content-style":"default","site-sidebar-style":"default","ast-global-header-display":"","ast-banner-title-visibility":"","ast-main-header-display":"","ast-hfb-above-header-display":"","ast-hfb-below-header-display":"","ast-hfb-mobile-header-display":"","site-post-title":"","ast-breadcrumbs-content":"","ast-featured-img":"","footer-sml-layout":"","theme-transparent-header-meta":"default","adv-header-id-meta":"","stick-header-meta":"","header-above-stick-meta":"","header-main-stick-meta":"","header-below-stick-meta":"","astra-migrate-meta-layouts":"set","ast-page-background-enabled":"default","ast-page-background-meta":{"desktop":{"background-color":"var(--ast-global-color-4)","background-image":"","background-repeat":"repeat","background-position":"center center","background-size":"auto","background-attachment":"scroll","background-type":"","background-media":"","overlay-type":"","overlay-color":"","overlay-opacity":"","overlay-gradient":""},"tablet":{"background-color":"","background-image":"","background-repeat":"repeat","background-position":"center center","background-size":"auto","background-attachment":"scroll","background-type":"","background-media":"","overlay-type":"","overlay-color":"","overlay-opacity":"","overlay-gradient":""},"mobile":{"background-color":"","background-image":"","background-repeat":"repeat","background-position":"center center","background-size":"auto","background-attachment":"scroll","background-type":"","background-media":"","overlay-type":"","overlay-color":"","overlay-opacity":"","overlay-gradient":""}},"ast-content-background-meta":{"desktop":{"background-color":"var(--ast-global-color-5)","background-image":"","background-repeat":"repeat","background-position":"center center","background-size":"auto","background-attachment":"scroll","background-type":"","background-media":"","overlay-type":"","overlay-color":"","overlay-opacity":"","overlay-gradient":""},"tablet":{"background-color":"var(--ast-global-color-5)","background-image":"","background-repeat":"repeat","background-position":"center center","background-size":"auto","background-attachment":"scroll","background-type":"","background-media":"","overlay-type":"","overlay-color":"","overlay-opacity":"","overlay-gradient":""},"mobile":{"background-color":"var(--ast-global-color-5)","background-image":"","background-repeat":"repeat","background-position":"center center","background-size":"auto","background-attachment":"scroll","background-type":"","background-media":"","overlay-type":"","overlay-color":"","overlay-opacity":"","overlay-gradient":""}}},"product_cat":[75],"product_tag":[],"class_list":["post-9063","product","type-product","status-publish","has-post-thumbnail","hentry","product_cat-jerzsele-zoltan","desktop-align-left","tablet-align-left","mobile-align-left"],"_links":{"self":[{"href":"https:\/\/www.sunkaraoke.hu\/index.php\/wp-json\/wp\/v2\/product\/9063","targetHints":{"allow":["GET"]}}],"collection":[{"href":"https:\/\/www.sunkaraoke.hu\/index.php\/wp-json\/wp\/v2\/product"}],"about":[{"href":"https:\/\/www.sunkaraoke.hu\/index.php\/wp-json\/wp\/v2\/types\/product"}],"wp:featuredmedia":[{"embeddable":true,"href":"https:\/\/www.sunkaraoke.hu\/index.php\/wp-json\/wp\/v2\/media\/9772"}],"wp:attachment":[{"href":"https:\/\/www.sunkaraoke.hu\/index.php\/wp-json\/wp\/v2\/media?parent=9063"}],"wp:term":[{"taxonomy":"product_cat","embeddable":true,"href":"https:\/\/www.sunkaraoke.hu\/index.php\/wp-json\/wp\/v2\/product_cat?post=9063"},{"taxonomy":"product_tag","embeddable":true,"href":"https:\/\/www.sunkaraoke.hu\/index.php\/wp-json\/wp\/v2\/product_tag?post=9063"}],"curies":[{"name":"wp","href":"https:\/\/api.w.org\/{rel}","templated":true}]}}