{"id":8668,"date":"2022-08-11T16:11:45","date_gmt":"2022-08-11T16:11:45","guid":{"rendered":"https:\/\/www.sunkaraoke.hu\/?post_type=product&#038;p=8668"},"modified":"2025-04-13T15:33:24","modified_gmt":"2025-04-13T15:33:24","slug":"jerzsele-zoltan-jero-mulatos-mix-04-2","status":"publish","type":"product","link":"https:\/\/www.sunkaraoke.hu\/index.php\/termek\/jerzsele-zoltan-jero-mulatos-mix-04-2\/","title":{"rendered":"<div class=\"wcmp-player-container product-8668\"><audio controlslist=\"nodownload\" data-product=\"8668\"  volume=\"1\"  preload=\"none\" data-lazyloading=\"none\" class=\"wcmp-player track mejs-classic\" data-duration=\"0:35\" data-estimated_duration=\"4\"><source src=\"https:\/\/www.sunkaraoke.hu\/wp-content\/uploads\/2022\/08\/Jerzsele-mulatos-mix-04.-Jero_demo-1.mp3\" type=\"audio\/mp3\" \/><\/audio><\/div>Jerzsele Zolt\u00e1n: Jer\u00f3 mulat\u00f3s mix 04.(Original)"},"content":{"rendered":"<p><b>06:02<\/b>| <strong><img loading=\"lazy\" decoding=\"async\" class=\"alignnone size-full wp-image-467\" src=\"https:\/\/www.sunkaraoke.hu\/wp-content\/uploads\/2022\/07\/choir_2-copy.webp\" alt=\"\" width=\"30\" height=\"30\" \/> <\/strong><\/p>\n","protected":false},"excerpt":{"rendered":"<h6><strong>Bits\u0171r\u0171s\u00e9g: 160kb\/s &#8211; 320 kb\/s<\/strong><br \/>\n<strong>Hossz: 06:02<\/strong><\/h6>\n<h6><strong>Vok\u00e1lt tartalmaz: Nem<\/strong> <img loading=\"lazy\" decoding=\"async\" class=\"alignnone size-full wp-image-467\" src=\"http:\/\/www.sunkaraoke.hu\/wp-content\/uploads\/2022\/07\/choir_2-copy.png\" alt=\"\" width=\"30\" height=\"30\" \/><strong style=\"font-size: 16px;\"><br \/>\n<\/strong><\/h6>\n<p>Sunkaraoke mp3 st\u00fadi\u00f3 \/ www.sunkaraoke.hu \/ Inf: Tel: 06 20 4275001&#8212;Intro&#8212;Cm&#8212;<br \/>\n&#8212;F\u00fav\u00f3s!&#8212;Refr\u00e9n!!!&#8212;<br \/>\nF\u0171, fa, lomb, vir\u00e1g, sz\u00edvem \u00fagy im\u00e1d!<br \/>\nNy\u00e1ri z\u00f6ld lev\u00e9l \u00e1lmomr\u00f3l mes\u00e9l.<br \/>\nSz\u00e9p aranykal\u00e1sz, g\u00f3lyaf\u00e9szek sz\u00e1z,<br \/>\ncsillagf\u00e9nyes \u00e9j, \u00fagy szeretsz-e m\u00e9g?<br \/>\nA h\u00e1zunk tetej\u00e9n zs\u00fapfed\u00e9l van,<br \/>\n\u00e9s ha t\u00e9l van, \u00f6sszeb\u00fajunk kicsi p\u00e1rom.<br \/>\nVas\u00e1rnap d\u00e9lel\u0151tt kisharang sz\u00f3l,<br \/>\n\u00e9s ilyenkor Te vagy az \u00e9n im\u00e1ds\u00e1gom!<br \/>\nBoldogs\u00e1gom l\u00e1tom a k\u00e9t szemeden,<br \/>\nhidd el bab\u00e1m, ez az igaz szerelem!<br \/>\nA h\u00e1zunk tetej\u00e9n zs\u00fapfed\u00e9l van,<br \/>\n\u00e9s ha t\u00e9l van, \u00f6sszeb\u00fajunk kicsi p\u00e1rom.<br \/>\nBoldogs\u00e1gom l\u00e1tom a k\u00e9t szemeden,<br \/>\nhidd el bab\u00e1m, ez az igaz szerelem!<br \/>\nA h\u00e1zunk tetej\u00e9n zs\u00fapfed\u00e9l van,<br \/>\n\u00e9s ha t\u00e9l van, \u00f6sszeb\u00fajunk kicsi p\u00e1rom.<br \/>\n&#8212;F\u00fav\u00f3s!&#8212;Verze!!!&#8212;<br \/>\nA h\u00e1zunk tetej\u00e9n zs\u00fapfed\u00e9l van,<br \/>\n\u00e9s ha t\u00e9l van, \u00f6sszeb\u00fajunk kicsi p\u00e1rom.<br \/>\nVas\u00e1rnap d\u00e9lel\u0151tt kisharang sz\u00f3l,<br \/>\n\u00e9s ilyenkor Te vagy az \u00e9n im\u00e1ds\u00e1gom!<br \/>\nBoldogs\u00e1gom l\u00e1tom a k\u00e9t szemeden,<br \/>\nhidd el bab\u00e1m, ez az igaz szerelem!<br \/>\nA h\u00e1zunk tetej\u00e9n zs\u00fapfed\u00e9l van,<br \/>\n\u00e9s ha t\u00e9l van, \u00f6sszeb\u00fajunk kicsi p\u00e1rom.<br \/>\nBoldogs\u00e1gom l\u00e1tom a k\u00e9t szemeden,<br \/>\nhidd el bab\u00e1m, ez az igaz szerelem!<br \/>\nA h\u00e1zunk tetej\u00e9n zs\u00fapfed\u00e9l van,<br \/>\n\u00e9s ha t\u00e9l van, \u00f6sszeb\u00fajunk kicsi p\u00e1rom.<br \/>\n&#8212;Sz\u00e9l viszi&#8212;F\u00fav\u00f3s!&#8212;<br \/>\nSz\u00e9l viszi messze a fellegeket,<br \/>\nfelett\u00fcnk l\u00e1ngol az \u00e9g!<br \/>\nNy\u00fajtsd ide \u00e9des a kis kezedet,<br \/>\nki tudja, l\u00e1tlak-e m\u00e9g?<br \/>\nKi tudja, \u00f6lel-e a k\u00e9t karom?<br \/>\nKi tudja, cs\u00f3kol-e a sz\u00e1d galambom,<br \/>\nki tudja, melyik \u00e9jnek, melyik hajnal\u00e1n,<br \/>\nindul a sz\u00e1zad tov\u00e1bb.<br \/>\nKi tudja, \u00f6lel-e a k\u00e9t karom?<br \/>\nKi tudja, cs\u00f3kol-e a sz\u00e1d galambom,<br \/>\nki tudja, melyik \u00e9jnek, melyik hajnal\u00e1n,<br \/>\nindul a sz\u00e1zad tov\u00e1bb.<br \/>\nB\u00e1rmerre j\u00e1rok, a csillagos \u00e9g,<br \/>\nnevetve tekint le r\u00e1m.<br \/>\nB\u00e1rhova fordul a korm\u00e1nyker\u00e9k,<br \/>\nmindig csak te j\u00f6ssz fel\u00e9m.<br \/>\nJ\u00e1rhatok \u00faton vagy hegyek tetej\u00e9n,<br \/>\ns\u00fcv\u00edthet sz\u00e9l, zivatar galambom.<br \/>\nSz\u00edvemben te vagy az \u00f6r\u00f6k rem\u00e9ny,<br \/>\nte hozz\u00e1d sz\u00e1ll ez a dal.<br \/>\nJ\u00e1rhatok \u00faton vagy hegyek tetej\u00e9n,<br \/>\ns\u00fcv\u00edthet sz\u00e9l, zivatar galambom.<br \/>\nSz\u00edvemben te vagy az \u00f6r\u00f6k rem\u00e9ny,<br \/>\nte hozz\u00e1d sz\u00e1ll ez a dal!<br \/>\n&#8212;Solo&#8212;F\u00fav\u00f3s!&#8212;<br \/>\n&#8212;Jer\u00f3 Music &#8211; 2022.&#8212;<\/p>\n","protected":false},"featured_media":9772,"template":"","meta":{"site-sidebar-layout":"default","site-content-layout":"default","ast-site-content-layout":"default","site-content-style":"default","site-sidebar-style":"default","ast-global-header-display":"","ast-banner-title-visibility":"","ast-main-header-display":"","ast-hfb-above-header-display":"","ast-hfb-below-header-display":"","ast-hfb-mobile-header-display":"","site-post-title":"","ast-breadcrumbs-content":"","ast-featured-img":"","footer-sml-layout":"","theme-transparent-header-meta":"default","adv-header-id-meta":"","stick-header-meta":"","header-above-stick-meta":"","header-main-stick-meta":"","header-below-stick-meta":"","astra-migrate-meta-layouts":"set","ast-page-background-enabled":"default","ast-page-background-meta":{"desktop":{"background-color":"var(--ast-global-color-4)","background-image":"","background-repeat":"repeat","background-position":"center center","background-size":"auto","background-attachment":"scroll","background-type":"","background-media":"","overlay-type":"","overlay-color":"","overlay-opacity":"","overlay-gradient":""},"tablet":{"background-color":"","background-image":"","background-repeat":"repeat","background-position":"center center","background-size":"auto","background-attachment":"scroll","background-type":"","background-media":"","overlay-type":"","overlay-color":"","overlay-opacity":"","overlay-gradient":""},"mobile":{"background-color":"","background-image":"","background-repeat":"repeat","background-position":"center center","background-size":"auto","background-attachment":"scroll","background-type":"","background-media":"","overlay-type":"","overlay-color":"","overlay-opacity":"","overlay-gradient":""}},"ast-content-background-meta":{"desktop":{"background-color":"var(--ast-global-color-5)","background-image":"","background-repeat":"repeat","background-position":"center center","background-size":"auto","background-attachment":"scroll","background-type":"","background-media":"","overlay-type":"","overlay-color":"","overlay-opacity":"","overlay-gradient":""},"tablet":{"background-color":"var(--ast-global-color-5)","background-image":"","background-repeat":"repeat","background-position":"center center","background-size":"auto","background-attachment":"scroll","background-type":"","background-media":"","overlay-type":"","overlay-color":"","overlay-opacity":"","overlay-gradient":""},"mobile":{"background-color":"var(--ast-global-color-5)","background-image":"","background-repeat":"repeat","background-position":"center center","background-size":"auto","background-attachment":"scroll","background-type":"","background-media":"","overlay-type":"","overlay-color":"","overlay-opacity":"","overlay-gradient":""}}},"product_cat":[75],"product_tag":[],"class_list":["post-8668","product","type-product","status-publish","has-post-thumbnail","hentry","product_cat-jerzsele-zoltan","desktop-align-left","tablet-align-left","mobile-align-left"],"_links":{"self":[{"href":"https:\/\/www.sunkaraoke.hu\/index.php\/wp-json\/wp\/v2\/product\/8668","targetHints":{"allow":["GET"]}}],"collection":[{"href":"https:\/\/www.sunkaraoke.hu\/index.php\/wp-json\/wp\/v2\/product"}],"about":[{"href":"https:\/\/www.sunkaraoke.hu\/index.php\/wp-json\/wp\/v2\/types\/product"}],"wp:featuredmedia":[{"embeddable":true,"href":"https:\/\/www.sunkaraoke.hu\/index.php\/wp-json\/wp\/v2\/media\/9772"}],"wp:attachment":[{"href":"https:\/\/www.sunkaraoke.hu\/index.php\/wp-json\/wp\/v2\/media?parent=8668"}],"wp:term":[{"taxonomy":"product_cat","embeddable":true,"href":"https:\/\/www.sunkaraoke.hu\/index.php\/wp-json\/wp\/v2\/product_cat?post=8668"},{"taxonomy":"product_tag","embeddable":true,"href":"https:\/\/www.sunkaraoke.hu\/index.php\/wp-json\/wp\/v2\/product_tag?post=8668"}],"curies":[{"name":"wp","href":"https:\/\/api.w.org\/{rel}","templated":true}]}}