{"id":8663,"date":"2022-08-11T16:02:08","date_gmt":"2022-08-11T16:02:08","guid":{"rendered":"https:\/\/www.sunkaraoke.hu\/?post_type=product&#038;p=8663"},"modified":"2025-04-13T15:33:56","modified_gmt":"2025-04-13T15:33:56","slug":"jerzsele-zoltan-huszeves-kor","status":"publish","type":"product","link":"https:\/\/www.sunkaraoke.hu\/index.php\/termek\/jerzsele-zoltan-huszeves-kor\/","title":{"rendered":"<div class=\"wcmp-player-container product-8663\"><audio controlslist=\"nodownload\" data-product=\"8663\"  volume=\"1\"  preload=\"none\" data-lazyloading=\"none\" class=\"wcmp-player track mejs-classic\" data-duration=\"0:33\" data-estimated_duration=\"4\"><source src=\"https:\/\/www.sunkaraoke.hu\/wp-content\/uploads\/2022\/08\/Husz-eves-kor-Jero._demo.mp3\" type=\"audio\/mp3\" \/><\/audio><\/div>Jerzsele Zolt\u00e1n: H\u00fasz\u00e9ves kor (Original)"},"content":{"rendered":"<p><strong>04:30<\/strong>\u00a0| <strong><img loading=\"lazy\" decoding=\"async\" class=\"alignnone size-full wp-image-467\" src=\"https:\/\/www.sunkaraoke.hu\/wp-content\/uploads\/2022\/07\/choir_2-copy.webp\" alt=\"\" width=\"30\" height=\"30\" \/> <\/strong><\/p>\n","protected":false},"excerpt":{"rendered":"<h6><strong>Bits\u0171r\u0171s\u00e9g: 160kb\/s &#8211; 320 kb\/s<br \/>\n<\/strong><\/h6>\n<h6><strong>Hossz: 04:30<\/strong><\/h6>\n<h6><strong style=\"font-size: 16px;\">Vok\u00e1lt tartalmaz:\u00a0 <\/strong><strong>Nem <img loading=\"lazy\" decoding=\"async\" class=\"alignnone size-full wp-image-467\" src=\"http:\/\/www.sunkaraoke.hu\/wp-content\/uploads\/2022\/07\/choir_2-copy.png\" alt=\"\" width=\"30\" height=\"30\" \/><\/strong><strong style=\"font-size: 16px;\"><br \/>\n<\/strong><\/h6>\n<p>&nbsp;<\/p>\n<p>Sunkaraoke mp3 st\u00fadi\u00f3 \/ www.sunkaraoke.hu \/ Inf: Tel: 06 20 4275001<\/p>\n<p>&#8212;Intro&#8212;Cm&#8212;<br \/>\n&#8212;Git\u00e1r Solo&#8212;<br \/>\nK\u00e1v\u00e9h\u00e1zba, mulat\u00f3kba j\u00e1rtunk,<br \/>\n\u00e9jf\u00e9l ut\u00e1n a kis n\u0151kre v\u00e1rtunk.<br \/>\nV\u00edg cimbor\u00e1k, hangos n\u00f3tasz\u00f3val,<br \/>\nlocsoltuk az utc\u00e1t pezsg\u0151s borral.<br \/>\nKis szob\u00e1mban v\u00edg mulat\u00e1s j\u00e1rta,<br \/>\na holnapot \u00e1gyba egy se v\u00e1rta.<br \/>\nReggel fel\u00e9 kis\u00f6p\u00f6rt\u00fck \u0151ket,<br \/>\nsz\u00e9lnek engedt\u00fck a kicsi n\u0151ket.<br \/>\nA h\u00fasz \u00e9ves kor, le\u00e1ny \u00e9s bor, cs\u00f3kba forrt \u00e9jszak\u00e1k.<br \/>\nV\u00edg cimbor\u00e1k, lumpok, l\u00e9h\u00e1k,<br \/>\nelm\u00falt az ifj\u00fas\u00e1gunk sz\u00e9p tavasza.<br \/>\nA hajunk feh\u00e9r, sz\u00edv\u00fcnk sem k\u00e9r t\u00f6bb izz\u00f3 \u00e9jszak\u00e1t.<br \/>\nAz \u00e9let\u00fcnk, mint csillag fut, mindenki ide jut.<br \/>\nKis levelek h\u00edvtak napr\u00f3l napra,<br \/>\ncs\u00f3kos, dr\u00e1ga, diszkr\u00e9t randev\u00fakra.<br \/>\nSelymes hajak, rubint piros ajkak,<br \/>\nnapr\u00f3l napra eml\u00e9keket hagytak.<br \/>\nFeh\u00e9r, glassz\u00e9 dr\u00e1ga, kicsi keszty\u0171t,<br \/>\neml\u00e9k\u00fcl a t\u00f6bbi k\u00f6z\u00e9 tett\u00fck.<br \/>\nGyorsan elm\u00falt a ma \u00e9s a holnap,<br \/>\nm\u00e1morunkb\u00f3l csak egy keszty\u0171 maradt.<br \/>\nA h\u00fasz \u00e9ves kor, le\u00e1ny \u00e9s bor, cs\u00f3kba forrt \u00e9jszak\u00e1k.<br \/>\nV\u00edg cimbor\u00e1k, lumpok, l\u00e9h\u00e1k,<br \/>\nelm\u00falt az ifj\u00fas\u00e1gunk sz\u00e9p tavasza.<br \/>\nA hajunk feh\u00e9r, sz\u00edv\u00fcnk sem k\u00e9r t\u00f6bb izz\u00f3 \u00e9jszak\u00e1t.<br \/>\nAz \u00e9let\u00fcnk, mint csillag fut, mindenki ide jut.<br \/>\n&#8212;Git\u00e1r Solo&#8212;<br \/>\nEgyszer azt\u00e1n csak mindennek v\u00e9ge,<br \/>\nelhagyottan megy\u00fcnk fel az \u00e9gbe.<br \/>\nA kapub\u00f3l vissza vissza n\u00e9z\u00fcnk,<br \/>\nminden eml\u00e9ket vissza id\u00e9z\u00fcnk.<br \/>\nB\u00facs\u00fa cs\u00f3kot k\u00fcld\u00fcnk a kis n\u0151knek,<br \/>\nelfeledni sosem tudjuk \u0151ket.<br \/>\nAngyalokkal mulatunk majd \u00e9jjel,<br \/>\na csillagok hullnak szerte sz\u00e9jjel.<br \/>\nA h\u00fasz \u00e9ves kor, le\u00e1ny \u00e9s bor, cs\u00f3kba forrt \u00e9jszak\u00e1k.<br \/>\nV\u00edg cimbor\u00e1k, lumpok, l\u00e9h\u00e1k,<br \/>\nelm\u00falt az ifj\u00fas\u00e1gunk sz\u00e9p tavasza.<br \/>\nA hajunk feh\u00e9r, sz\u00edv\u00fcnk sem k\u00e9r t\u00f6bb izz\u00f3 \u00e9jszak\u00e1t.<br \/>\nAz \u00e9let\u00fcnk, mint csillag fut, mindenki ide jut.<br \/>\nA h\u00fasz \u00e9ves kor, le\u00e1ny \u00e9s bor, cs\u00f3kba forrt \u00e9jszak\u00e1k.<br \/>\nV\u00edg cimbor\u00e1k, lumpok, l\u00e9h\u00e1k,<br \/>\nelm\u00falt az ifj\u00fas\u00e1gunk sz\u00e9p tavasza.<br \/>\nA hajunk feh\u00e9r, sz\u00edv\u00fcnk sem k\u00e9r t\u00f6bb izz\u00f3 \u00e9jszak\u00e1t.<br \/>\nAz \u00e9let\u00fcnk, mint csillag fut, mindenki ide jut!<br \/>\n&#8212;Jer\u00f3 Music &#8211; 2022.&#8212;<\/p>\n","protected":false},"featured_media":9772,"template":"","meta":{"site-sidebar-layout":"default","site-content-layout":"default","ast-site-content-layout":"default","site-content-style":"default","site-sidebar-style":"default","ast-global-header-display":"","ast-banner-title-visibility":"","ast-main-header-display":"","ast-hfb-above-header-display":"","ast-hfb-below-header-display":"","ast-hfb-mobile-header-display":"","site-post-title":"","ast-breadcrumbs-content":"","ast-featured-img":"","footer-sml-layout":"","theme-transparent-header-meta":"default","adv-header-id-meta":"","stick-header-meta":"","header-above-stick-meta":"","header-main-stick-meta":"","header-below-stick-meta":"","astra-migrate-meta-layouts":"set","ast-page-background-enabled":"default","ast-page-background-meta":{"desktop":{"background-color":"var(--ast-global-color-4)","background-image":"","background-repeat":"repeat","background-position":"center center","background-size":"auto","background-attachment":"scroll","background-type":"","background-media":"","overlay-type":"","overlay-color":"","overlay-opacity":"","overlay-gradient":""},"tablet":{"background-color":"","background-image":"","background-repeat":"repeat","background-position":"center center","background-size":"auto","background-attachment":"scroll","background-type":"","background-media":"","overlay-type":"","overlay-color":"","overlay-opacity":"","overlay-gradient":""},"mobile":{"background-color":"","background-image":"","background-repeat":"repeat","background-position":"center center","background-size":"auto","background-attachment":"scroll","background-type":"","background-media":"","overlay-type":"","overlay-color":"","overlay-opacity":"","overlay-gradient":""}},"ast-content-background-meta":{"desktop":{"background-color":"var(--ast-global-color-5)","background-image":"","background-repeat":"repeat","background-position":"center center","background-size":"auto","background-attachment":"scroll","background-type":"","background-media":"","overlay-type":"","overlay-color":"","overlay-opacity":"","overlay-gradient":""},"tablet":{"background-color":"var(--ast-global-color-5)","background-image":"","background-repeat":"repeat","background-position":"center center","background-size":"auto","background-attachment":"scroll","background-type":"","background-media":"","overlay-type":"","overlay-color":"","overlay-opacity":"","overlay-gradient":""},"mobile":{"background-color":"var(--ast-global-color-5)","background-image":"","background-repeat":"repeat","background-position":"center center","background-size":"auto","background-attachment":"scroll","background-type":"","background-media":"","overlay-type":"","overlay-color":"","overlay-opacity":"","overlay-gradient":""}}},"product_cat":[75],"product_tag":[],"class_list":["post-8663","product","type-product","status-publish","has-post-thumbnail","hentry","product_cat-jerzsele-zoltan","desktop-align-left","tablet-align-left","mobile-align-left"],"_links":{"self":[{"href":"https:\/\/www.sunkaraoke.hu\/index.php\/wp-json\/wp\/v2\/product\/8663","targetHints":{"allow":["GET"]}}],"collection":[{"href":"https:\/\/www.sunkaraoke.hu\/index.php\/wp-json\/wp\/v2\/product"}],"about":[{"href":"https:\/\/www.sunkaraoke.hu\/index.php\/wp-json\/wp\/v2\/types\/product"}],"wp:featuredmedia":[{"embeddable":true,"href":"https:\/\/www.sunkaraoke.hu\/index.php\/wp-json\/wp\/v2\/media\/9772"}],"wp:attachment":[{"href":"https:\/\/www.sunkaraoke.hu\/index.php\/wp-json\/wp\/v2\/media?parent=8663"}],"wp:term":[{"taxonomy":"product_cat","embeddable":true,"href":"https:\/\/www.sunkaraoke.hu\/index.php\/wp-json\/wp\/v2\/product_cat?post=8663"},{"taxonomy":"product_tag","embeddable":true,"href":"https:\/\/www.sunkaraoke.hu\/index.php\/wp-json\/wp\/v2\/product_tag?post=8663"}],"curies":[{"name":"wp","href":"https:\/\/api.w.org\/{rel}","templated":true}]}}