{"id":8659,"date":"2022-08-11T15:59:44","date_gmt":"2022-08-11T15:59:44","guid":{"rendered":"https:\/\/www.sunkaraoke.hu\/?post_type=product&#038;p=8659"},"modified":"2025-04-13T15:37:18","modified_gmt":"2025-04-13T15:37:18","slug":"jerzsele-zoltan-azok-a-feher-orgonak","status":"publish","type":"product","link":"https:\/\/www.sunkaraoke.hu\/index.php\/termek\/jerzsele-zoltan-azok-a-feher-orgonak\/","title":{"rendered":"<div class=\"wcmp-player-container product-8659\"><audio controlslist=\"nodownload\" data-product=\"8659\"  volume=\"1\"  preload=\"none\" data-lazyloading=\"none\" class=\"wcmp-player track mejs-classic\" data-duration=\"0:30\" data-estimated_duration=\"3\"><source src=\"https:\/\/www.sunkaraoke.hu\/wp-content\/uploads\/2022\/08\/Azok-a-feher-orgonak_demo.mp3\" type=\"audio\/mp3\" \/><\/audio><\/div>Jerzsele Zolt\u00e1n: Azok a feh\u00e9r orgon\u00e1k (Original)"},"content":{"rendered":"<p><strong>04:28<\/strong>\u00a0| <strong><img loading=\"lazy\" decoding=\"async\" class=\"alignnone size-full wp-image-467\" src=\"https:\/\/www.sunkaraoke.hu\/wp-content\/uploads\/2022\/07\/choir_2-copy.webp\" alt=\"\" width=\"30\" height=\"30\" \/> <\/strong><\/p>\n","protected":false},"excerpt":{"rendered":"<h6><strong>Bits\u0171r\u0171s\u00e9g: 160kb\/s &#8211; 320 kb\/s<\/strong><br \/>\n<strong>Hossz: 04:28<\/strong><\/h6>\n<h6><strong>Vok\u00e1lt tartalmaz: Nem <img loading=\"lazy\" decoding=\"async\" class=\"alignnone size-full wp-image-467\" src=\"http:\/\/www.sunkaraoke.hu\/wp-content\/uploads\/2022\/07\/choir_2-copy.png\" alt=\"\" width=\"30\" height=\"30\" \/><\/strong><strong style=\"font-size: 16px;\"><br \/>\n<\/strong><\/h6>\n<p>Sunkaraoke mp3 st\u00fadi\u00f3 \/ www.sunkaraoke.hu \/ Inf: Tel: 06 20 4275001<\/p>\n<p>&#8212;Intro&#8212;Gm&#8212;<br \/>\n&#8212;20 \u00fctem Zene!&#8212;<br \/>\nAzok a feh\u00e9r orgon\u00e1k,<br \/>\nm\u00e9g most is \u00e9rzem illat\u00e1t,<br \/>\namikor megdobban egy sz\u00edv,<br \/>\n\u00e9s hozz\u00e1d \u00fajra visszah\u00edv.<br \/>\nAzok a feh\u00e9r orgon\u00e1k,<br \/>\nazok az \u00e1ts\u00edrt \u00e9jszak\u00e1k.<br \/>\nHunyd le a szemed, t\u00e1rd ki a sz\u00edved,<br \/>\n\u00e9s s\u00fagd meg halkan, hogy nagyon szeretsz!<br \/>\nHunyd le a szemed, t\u00e1rd ki a sz\u00edved,<br \/>\ncs\u00f3kot is adhatsz vir\u00e1g helyett!<br \/>\nEgy m\u00e1jusi \u00e9jszak\u00e1ban j\u00f6tt\u00e9l \u00e9nfel\u00e9m.<br \/>\nA te sz\u00edved el\u00e1rulta, hogy m\u00e1r nem az eny\u00e9m.<br \/>\nLet\u00e9ptem egy sz\u00e1l orgon\u00e1t, odaadtam n\u00e9ked.<br \/>\nCser\u00e9be csak annyit mondt\u00e1l, \u00fagy szeretlek t\u00e9ged.<br \/>\nLet\u00e9ptem egy sz\u00e1l orgon\u00e1t, odaadtam n\u00e9ked.<br \/>\nCser\u00e9be csak annyit mondt\u00e1l, \u00fagy szeretlek t\u00e9ged.<br \/>\nAzok a feh\u00e9r orgon\u00e1k,<br \/>\nm\u00e9g most is \u00e9rzem illat\u00e1t,<br \/>\namikor megdobban egy sz\u00edv,<br \/>\n\u00e9s hozz\u00e1d \u00fajra visszah\u00edv.<br \/>\nAzok a feh\u00e9r orgon\u00e1k,<br \/>\nazok az \u00e1ts\u00edrt \u00e9jszak\u00e1k.<br \/>\nHunyd le a szemed, t\u00e1rd ki a sz\u00edved,<br \/>\n\u00e9s s\u00fagd meg halkan, hogy nagyon szeretsz!<br \/>\nHunyd le a szemed, t\u00e1rd ki a sz\u00edved,<br \/>\ncs\u00f3kot is adhatsz vir\u00e1g helyett!<br \/>\n&#8212;20 \u00fctem Zene!&#8212;<br \/>\nAzok a feh\u00e9r orgon\u00e1k,<br \/>\nm\u00e9g most is \u00e9rzem illat\u00e1t,<br \/>\namikor megdobban egy sz\u00edv,<br \/>\n\u00e9s hozz\u00e1d \u00fajra visszah\u00edv.<br \/>\nAzok a feh\u00e9r orgon\u00e1k,<br \/>\nazok az \u00e1ts\u00edrt \u00e9jszak\u00e1k.<br \/>\nHunyd le a szemed, t\u00e1rd ki a sz\u00edved,<br \/>\n\u00e9s s\u00fagd meg halkan, hogy nagyon szeretsz!<br \/>\nHunyd le a szemed, t\u00e1rd ki a sz\u00edved,<br \/>\ncs\u00f3kot is adhatsz vir\u00e1g helyett!<br \/>\nTudom, hogy egy j\u00f3 p\u00e1r \u00e9v is eltelt m\u00e1r az\u00f3ta.<br \/>\nSoha t\u00f6bb\u00e9 nem l\u00e1thatlak a sz\u00edvem csak ezt s\u00fagja.<br \/>\nOtt a kertben nem ny\u00edlik m\u00e1r orgona sem r\u00f3zsa.<br \/>\nKett\u0151nkb\u0151l csak eml\u00e9k maradt meg ez a kis n\u00f3ta.<br \/>\nOtt a kertben nem ny\u00edlik m\u00e1r orgona sem r\u00f3zsa.<br \/>\nKett\u0151nkb\u0151l csak eml\u00e9k maradt meg ez a kis n\u00f3ta.<br \/>\nAzok a feh\u00e9r orgon\u00e1k,<br \/>\nm\u00e9g most is \u00e9rzem illat\u00e1t,<br \/>\namikor megdobban egy sz\u00edv,<br \/>\n\u00e9s hozz\u00e1d \u00fajra visszah\u00edv.<br \/>\nAzok a feh\u00e9r orgon\u00e1k,<br \/>\nazok az \u00e1ts\u00edrt \u00e9jszak\u00e1k.<br \/>\nHunyd le a szemed, t\u00e1rd ki a sz\u00edved,<br \/>\n\u00e9s s\u00fagd meg halkan, hogy nagyon szeretsz!<br \/>\nHunyd le a szemed, t\u00e1rd ki a sz\u00edved,<br \/>\ncs\u00f3kot is adhatsz vir\u00e1g helyett!<br \/>\nHunyd le a szemed, t\u00e1rd ki a sz\u00edved,<br \/>\n\u00e9s s\u00fagd meg halkan, hogy nagyon szeretsz!<br \/>\nHunyd le a szemed, t\u00e1rd ki a sz\u00edved,<br \/>\ncs\u00f3kot is adhatsz vir\u00e1g helyett!<br \/>\n&#8212;Jer\u00f3 Music &#8211; 2022.&#8212;<\/p>\n","protected":false},"featured_media":9772,"template":"","meta":{"site-sidebar-layout":"default","site-content-layout":"default","ast-site-content-layout":"default","site-content-style":"default","site-sidebar-style":"default","ast-global-header-display":"","ast-banner-title-visibility":"","ast-main-header-display":"","ast-hfb-above-header-display":"","ast-hfb-below-header-display":"","ast-hfb-mobile-header-display":"","site-post-title":"","ast-breadcrumbs-content":"","ast-featured-img":"","footer-sml-layout":"","theme-transparent-header-meta":"default","adv-header-id-meta":"","stick-header-meta":"","header-above-stick-meta":"","header-main-stick-meta":"","header-below-stick-meta":"","astra-migrate-meta-layouts":"set","ast-page-background-enabled":"default","ast-page-background-meta":{"desktop":{"background-color":"var(--ast-global-color-4)","background-image":"","background-repeat":"repeat","background-position":"center center","background-size":"auto","background-attachment":"scroll","background-type":"","background-media":"","overlay-type":"","overlay-color":"","overlay-opacity":"","overlay-gradient":""},"tablet":{"background-color":"","background-image":"","background-repeat":"repeat","background-position":"center center","background-size":"auto","background-attachment":"scroll","background-type":"","background-media":"","overlay-type":"","overlay-color":"","overlay-opacity":"","overlay-gradient":""},"mobile":{"background-color":"","background-image":"","background-repeat":"repeat","background-position":"center center","background-size":"auto","background-attachment":"scroll","background-type":"","background-media":"","overlay-type":"","overlay-color":"","overlay-opacity":"","overlay-gradient":""}},"ast-content-background-meta":{"desktop":{"background-color":"var(--ast-global-color-5)","background-image":"","background-repeat":"repeat","background-position":"center center","background-size":"auto","background-attachment":"scroll","background-type":"","background-media":"","overlay-type":"","overlay-color":"","overlay-opacity":"","overlay-gradient":""},"tablet":{"background-color":"var(--ast-global-color-5)","background-image":"","background-repeat":"repeat","background-position":"center center","background-size":"auto","background-attachment":"scroll","background-type":"","background-media":"","overlay-type":"","overlay-color":"","overlay-opacity":"","overlay-gradient":""},"mobile":{"background-color":"var(--ast-global-color-5)","background-image":"","background-repeat":"repeat","background-position":"center center","background-size":"auto","background-attachment":"scroll","background-type":"","background-media":"","overlay-type":"","overlay-color":"","overlay-opacity":"","overlay-gradient":""}}},"product_cat":[75],"product_tag":[],"class_list":["post-8659","product","type-product","status-publish","has-post-thumbnail","hentry","product_cat-jerzsele-zoltan","desktop-align-left","tablet-align-left","mobile-align-left"],"_links":{"self":[{"href":"https:\/\/www.sunkaraoke.hu\/index.php\/wp-json\/wp\/v2\/product\/8659","targetHints":{"allow":["GET"]}}],"collection":[{"href":"https:\/\/www.sunkaraoke.hu\/index.php\/wp-json\/wp\/v2\/product"}],"about":[{"href":"https:\/\/www.sunkaraoke.hu\/index.php\/wp-json\/wp\/v2\/types\/product"}],"wp:featuredmedia":[{"embeddable":true,"href":"https:\/\/www.sunkaraoke.hu\/index.php\/wp-json\/wp\/v2\/media\/9772"}],"wp:attachment":[{"href":"https:\/\/www.sunkaraoke.hu\/index.php\/wp-json\/wp\/v2\/media?parent=8659"}],"wp:term":[{"taxonomy":"product_cat","embeddable":true,"href":"https:\/\/www.sunkaraoke.hu\/index.php\/wp-json\/wp\/v2\/product_cat?post=8659"},{"taxonomy":"product_tag","embeddable":true,"href":"https:\/\/www.sunkaraoke.hu\/index.php\/wp-json\/wp\/v2\/product_tag?post=8659"}],"curies":[{"name":"wp","href":"https:\/\/api.w.org\/{rel}","templated":true}]}}