{"id":8655,"date":"2022-08-11T15:57:47","date_gmt":"2022-08-11T15:57:47","guid":{"rendered":"https:\/\/www.sunkaraoke.hu\/?post_type=product&#038;p=8655"},"modified":"2026-04-18T07:25:17","modified_gmt":"2026-04-18T05:25:17","slug":"jerzsele-zoltan-aranycipo","status":"publish","type":"product","link":"https:\/\/www.sunkaraoke.hu\/index.php\/termek\/jerzsele-zoltan-aranycipo\/","title":{"rendered":"<div class=\"wcmp-player-container product-8655\"><audio controlslist=\"nodownload\" data-product=\"8655\"  volume=\"1\"  preload=\"none\" data-lazyloading=\"none\" class=\"wcmp-player track mejs-classic\" data-duration=\"0:30\" data-estimated_duration=\"3\"><source src=\"https:\/\/www.sunkaraoke.hu\/wp-content\/uploads\/2022\/08\/Arany-cipo-Jero._demo.mp3\" type=\"audio\/mp3\" \/><\/audio><\/div>Jerzsele Zolt\u00e1n: Aranycip\u0151 (Original)"},"content":{"rendered":"<p><strong>03:34<\/strong>\u00a0| <strong><img loading=\"lazy\" decoding=\"async\" class=\"alignnone size-full wp-image-467\" src=\"https:\/\/www.sunkaraoke.hu\/wp-content\/uploads\/2022\/07\/choir_2-copy.webp\" alt=\"\" width=\"30\" height=\"30\" \/> <\/strong><\/p>\n","protected":false},"excerpt":{"rendered":"<h6><strong>Bits\u0171r\u0171s\u00e9g: 160kb\/s &#8211; 320 kb\/s<\/strong><br \/>\n<strong>Hossz: 03:34<\/strong><\/h6>\n<h6><strong>Vok\u00e1lt tartalmaz: Nem <img loading=\"lazy\" decoding=\"async\" class=\"alignnone size-full wp-image-467\" src=\"http:\/\/www.sunkaraoke.hu\/wp-content\/uploads\/2022\/07\/choir_2-copy.png\" alt=\"\" width=\"30\" height=\"30\" \/><\/strong><strong style=\"font-size: 16px;\"><br \/>\n<\/strong><\/h6>\n<p>Sunkaraoke mp3 st\u00fadi\u00f3 \/ www.sunkaraoke.hu \/ Inf: Tel: 06 20 4275001<\/p>\n<p>&#8212;Intro&#8212;Fm&#8212;<br \/>\n&#8212;Wamp!&#8212;<br \/>\nA muzsikusnak dalb\u00f3l van a lelke,<br \/>\naz eg\u00e9sz vil\u00e1g sz\u00edve dobog benne.<br \/>\nA muzsikusnak szmoking a kab\u00e1tja,<br \/>\n\u00e9s nincs egy igaz j\u00f3 bar\u00e1tja.<br \/>\nTe megkeresed \u0151t ha sz\u00edved \u00e9get,<br \/>\n\u0151 muzsik\u00e1l \u00e9s megv\u00edgasztal t\u00e9ged.<br \/>\nEgy n\u00f3ta \u00e9s te boldog k\u00f6nnyet ejtesz,<br \/>\n\u00e9s minden rosszat elfelejtesz.<br \/>\nLe\u00e1nyok, leg\u00e9nyek,<br \/>\nn\u00f3ta n\u00e9lk\u00fcl semmi ez az \u00e9let.<br \/>\nGazdagok, szeg\u00e9nyek,<br \/>\na muzsikust azt nagyon szeress\u00e9tek!<br \/>\nA muzsikusnak dalb\u00f3l van a lelke,<br \/>\naz eg\u00e9sz vil\u00e1g sz\u00edve dobog benne.<br \/>\nA muzsikusnak szmoking a kab\u00e1tja,<br \/>\n\u00e9s nincs egy igaz j\u00f3 bar\u00e1tja.<br \/>\n&#8212;Solo!&#8212;<br \/>\nLe\u00e1nyok, leg\u00e9nyek,<br \/>\nn\u00f3ta n\u00e9lk\u00fcl semmi ez az \u00e9let.<br \/>\nGazdagok, szeg\u00e9nyek,<br \/>\na muzsikust azt nagyon szeress\u00e9tek!<br \/>\nA muzsikusnak dalb\u00f3l van a lelke,<br \/>\naz eg\u00e9sz vil\u00e1g sz\u00edve dobog benne.<br \/>\nA muzsikusnak szmoking a kab\u00e1tja,<br \/>\n\u00e9s nincs egy igaz j\u00f3 bar\u00e1tja.<br \/>\n&#8212;Solo!&#8212;<br \/>\nLe\u00e1nyok, leg\u00e9nyek,<br \/>\nn\u00f3ta n\u00e9lk\u00fcl semmi ez az \u00e9let.<br \/>\nGazdagok, szeg\u00e9nyek,<br \/>\na muzsikust azt nagyon szeress\u00e9tek!<br \/>\nA muzsikusnak dalb\u00f3l van a lelke,<br \/>\naz eg\u00e9sz vil\u00e1g sz\u00edve dobog benne.<br \/>\nA muzsikusnak szmoking a kab\u00e1tja,<br \/>\n\u00e9s nincs egy igaz j\u00f3 bar\u00e1tja!<br \/>\n&#8212;Jer\u00f3 Music &#8211; 2022.&#8212;<\/p>\n","protected":false},"featured_media":9772,"template":"","meta":{"site-sidebar-layout":"default","site-content-layout":"default","ast-site-content-layout":"default","site-content-style":"default","site-sidebar-style":"default","ast-global-header-display":"","ast-banner-title-visibility":"","ast-main-header-display":"","ast-hfb-above-header-display":"","ast-hfb-below-header-display":"","ast-hfb-mobile-header-display":"","site-post-title":"","ast-breadcrumbs-content":"","ast-featured-img":"","footer-sml-layout":"","theme-transparent-header-meta":"default","adv-header-id-meta":"","stick-header-meta":"","header-above-stick-meta":"","header-main-stick-meta":"","header-below-stick-meta":"","astra-migrate-meta-layouts":"set","ast-page-background-enabled":"default","ast-page-background-meta":{"desktop":{"background-color":"var(--ast-global-color-4)","background-image":"","background-repeat":"repeat","background-position":"center center","background-size":"auto","background-attachment":"scroll","background-type":"","background-media":"","overlay-type":"","overlay-color":"","overlay-opacity":"","overlay-gradient":""},"tablet":{"background-color":"","background-image":"","background-repeat":"repeat","background-position":"center center","background-size":"auto","background-attachment":"scroll","background-type":"","background-media":"","overlay-type":"","overlay-color":"","overlay-opacity":"","overlay-gradient":""},"mobile":{"background-color":"","background-image":"","background-repeat":"repeat","background-position":"center center","background-size":"auto","background-attachment":"scroll","background-type":"","background-media":"","overlay-type":"","overlay-color":"","overlay-opacity":"","overlay-gradient":""}},"ast-content-background-meta":{"desktop":{"background-color":"var(--ast-global-color-5)","background-image":"","background-repeat":"repeat","background-position":"center center","background-size":"auto","background-attachment":"scroll","background-type":"","background-media":"","overlay-type":"","overlay-color":"","overlay-opacity":"","overlay-gradient":""},"tablet":{"background-color":"var(--ast-global-color-5)","background-image":"","background-repeat":"repeat","background-position":"center center","background-size":"auto","background-attachment":"scroll","background-type":"","background-media":"","overlay-type":"","overlay-color":"","overlay-opacity":"","overlay-gradient":""},"mobile":{"background-color":"var(--ast-global-color-5)","background-image":"","background-repeat":"repeat","background-position":"center center","background-size":"auto","background-attachment":"scroll","background-type":"","background-media":"","overlay-type":"","overlay-color":"","overlay-opacity":"","overlay-gradient":""}}},"product_cat":[75],"product_tag":[],"class_list":["post-8655","product","type-product","status-publish","has-post-thumbnail","hentry","product_cat-jerzsele-zoltan","desktop-align-left","tablet-align-left","mobile-align-left"],"_links":{"self":[{"href":"https:\/\/www.sunkaraoke.hu\/index.php\/wp-json\/wp\/v2\/product\/8655","targetHints":{"allow":["GET"]}}],"collection":[{"href":"https:\/\/www.sunkaraoke.hu\/index.php\/wp-json\/wp\/v2\/product"}],"about":[{"href":"https:\/\/www.sunkaraoke.hu\/index.php\/wp-json\/wp\/v2\/types\/product"}],"wp:featuredmedia":[{"embeddable":true,"href":"https:\/\/www.sunkaraoke.hu\/index.php\/wp-json\/wp\/v2\/media\/9772"}],"wp:attachment":[{"href":"https:\/\/www.sunkaraoke.hu\/index.php\/wp-json\/wp\/v2\/media?parent=8655"}],"wp:term":[{"taxonomy":"product_cat","embeddable":true,"href":"https:\/\/www.sunkaraoke.hu\/index.php\/wp-json\/wp\/v2\/product_cat?post=8655"},{"taxonomy":"product_tag","embeddable":true,"href":"https:\/\/www.sunkaraoke.hu\/index.php\/wp-json\/wp\/v2\/product_tag?post=8655"}],"curies":[{"name":"wp","href":"https:\/\/api.w.org\/{rel}","templated":true}]}}