{"id":8626,"date":"2022-08-11T15:47:19","date_gmt":"2022-08-11T15:47:19","guid":{"rendered":"https:\/\/www.sunkaraoke.hu\/?post_type=product&#038;p=8626"},"modified":"2025-04-13T15:38:21","modified_gmt":"2025-04-13T15:38:21","slug":"jerzsele-zoltan-jero-mulatos-mix-03","status":"publish","type":"product","link":"https:\/\/www.sunkaraoke.hu\/index.php\/termek\/jerzsele-zoltan-jero-mulatos-mix-03\/","title":{"rendered":"<div class=\"wcmp-player-container product-8626\"><audio controlslist=\"nodownload\" data-product=\"8626\"  volume=\"1\"  preload=\"none\" data-lazyloading=\"none\" class=\"wcmp-player track mejs-classic\" data-duration=\"0:30\" data-estimated_duration=\"3\"><source src=\"https:\/\/www.sunkaraoke.hu\/wp-content\/uploads\/2022\/08\/Jerzsele-mulatos-mix-03.-Jero._demo.mp3\" type=\"audio\/mp3\" \/><\/audio><\/div>Jerzsele Zolt\u00e1n: Jer\u00f3 mulat\u00f3s mix 03. (Original)"},"content":{"rendered":"<p><strong>05:10<\/strong>\u00a0| <strong><img loading=\"lazy\" decoding=\"async\" class=\"alignnone size-full wp-image-467\" src=\"https:\/\/www.sunkaraoke.hu\/wp-content\/uploads\/2022\/07\/choir_2-copy.webp\" alt=\"\" width=\"30\" height=\"30\" \/> <\/strong><\/p>\n","protected":false},"excerpt":{"rendered":"<h6><strong>Bits\u0171r\u0171s\u00e9g: 160kb\/s &#8211; 320 kb\/s<\/strong><br \/>\n<strong>Hossz: 05:10<\/strong><\/h6>\n<h6><strong>Vok\u00e1lt tartalmaz: Nem<\/strong> <img loading=\"lazy\" decoding=\"async\" class=\"alignnone size-full wp-image-467\" src=\"http:\/\/www.sunkaraoke.hu\/wp-content\/uploads\/2022\/07\/choir_2-copy.png\" alt=\"\" width=\"30\" height=\"30\" \/><strong style=\"font-size: 16px;\"><br \/>\n<\/strong><\/h6>\n<p>Sunkaraoke mp3 st\u00fadi\u00f3 \/ www.sunkaraoke.hu \/ Inf: Tel: 06 20 4275001<\/p>\n<p>&#8212;Intro&#8212;Cm&#8212;Bb&#8212;\u00c9nek!&#8212;<br \/>\nSz\u00e1z forintnak \u00f6tven a fele,<br \/>\negye meg a f\u00e9szkes fekete fene.<br \/>\nNem lehet az ember f\u00e1b\u00f3l,<br \/>\nki kell r\u00fagni a h\u00e1mf\u00e1b\u00f3l.<br \/>\nNem lehet az ember f\u00e1b\u00f3l,<br \/>\nki kell r\u00fagni a h\u00e1mf\u00e1b\u00f3l.<br \/>\n&#8212;F\u00fav\u00f3s!&#8212;<br \/>\nM\u00e9g azt mondj\u00e1k r\u00e9szeges vagyok,<br \/>\npedig csak a j\u00f3 bort szeretem nagyon.<br \/>\nMegverem a csizm\u00e1m sz\u00e1r\u00e1t,<br \/>\noszt cs\u00f3kolom a bab\u00e1m sz\u00e1j\u00e1t.<br \/>\nMegverem a csizm\u00e1m sz\u00e1r\u00e1t,<br \/>\noszt cs\u00f3kolom a bab\u00e1m sz\u00e1j\u00e1t.<br \/>\n&#8212;F\u00fav\u00f3s!&#8212;<br \/>\nBakkecsk\u00e9nek nagy szak\u00e1lla van,<br \/>\naz \u00e9n any\u00f3somnak nagy pof\u00e1ja van.<br \/>\nRusnya \u00e1llat mind a kett\u0151,<br \/>\nverje meg a jeges es\u0151!<br \/>\nRusnya \u00e1llat mind a kett\u0151,<br \/>\nverje meg a jeges es\u0151!<br \/>\n&#8212;N\u00e9kem olyan_!F\u00fav\u00f3s!&#8212;<br \/>\nN\u00e9kem olyan asszony kell,<br \/>\nha beteg is keljen fel.<br \/>\nF\u0151zze meg a vacsor\u00e1t:<br \/>\n\u00dagy v\u00e1rja, v\u00e1rja, \u00fagy v\u00e1rja, v\u00e1rja,<br \/>\n\u00fagy v\u00e1rja haza az ur\u00e1t.<br \/>\n\u00dagy v\u00e1rja, v\u00e1rja, \u00fagy v\u00e1rja, v\u00e1rja,<br \/>\n\u00fagy v\u00e1rja haza az ur\u00e1t.<br \/>\n&#8212;F\u00fav\u00f3s!&#8212;<br \/>\nHa pici is az asszony,<br \/>\nlesz bel\u0151le menyasszony.<br \/>\nHa pici is a leg\u00e9ny:<br \/>\nLesz m\u00e9g bel\u0151le, lesz m\u00e9g bel\u0151le,<br \/>\nlesz m\u00e9g bel\u0151le v\u0151leg\u00e9ny.<br \/>\nLesz m\u00e9g bel\u0151le, lesz m\u00e9g bel\u0151le,<br \/>\nlesz m\u00e9g bel\u0151le v\u0151leg\u00e9ny.<br \/>\n&#8212;M\u00e1r k\u00e9s\u0151_!F\u00fav\u00f3s!&#8212;<br \/>\nCinkotai orsz\u00e1g\u00faton egy ty\u00fak \u00e1tszaladt.<br \/>\nHarminc tonn\u00e1s teheraut\u00f3 rajta \u00e1thaladt.<br \/>\nFel\u00e1llott a t\u00e9pett ty\u00fak, \u00e9s megr\u00e1zta mag\u00e1t:<br \/>\nEz volt \u00e1m a cudar kakas, a r\u00e9zangyal\u00e1t!<br \/>\nM\u00e1r k\u00e9s\u0151, m\u00e1r k\u00e9s\u0151.<br \/>\nM\u00e1r k\u00e9s\u0151 minden kis\u00f6reg.<br \/>\nM\u00e1r k\u00e9s\u0151, m\u00e1r k\u00e9s\u0151.<br \/>\nSeg\u00edteni ezen nem lehet.<br \/>\n&#8212;F\u00fav\u00f3s!&#8212;<br \/>\n\u00daj bund\u00e1ban t\u00e9rt haza egyik nap anyuka.<br \/>\nK\u00e9rdi t\u0151le Pisti: Ugye, apucit\u00f3l van?<br \/>\nTudod, Pisti ha ap\u00e1dra v\u00e1rtam volna \u00e9n,<br \/>\nakkor bizony kicsi fiam, te sem lenn\u00e9l m\u00e9g!<br \/>\nM\u00e1r k\u00e9s\u0151, m\u00e1r k\u00e9s\u0151.<br \/>\nM\u00e1r k\u00e9s\u0151 minden kis\u00f6reg.<br \/>\nM\u00e1r k\u00e9s\u0151, m\u00e1r k\u00e9s\u0151.<br \/>\nSeg\u00edteni ezen nem lehet.<br \/>\nMajd holnap, majd holnap.<br \/>\nMajd holnap konyakot iszunk.<br \/>\nMajd holnap, majd holnap.<br \/>\nMajd holnap konyakot iszunk, meg bort!<br \/>\n&#8212;F\u00fav\u00f3s!&#8212;Coda&#8212;<br \/>\n&#8212;Jer\u00f3 Music &#8211; 2022.&#8212;<\/p>\n","protected":false},"featured_media":9772,"template":"","meta":{"site-sidebar-layout":"default","site-content-layout":"default","ast-site-content-layout":"default","site-content-style":"default","site-sidebar-style":"default","ast-global-header-display":"","ast-banner-title-visibility":"","ast-main-header-display":"","ast-hfb-above-header-display":"","ast-hfb-below-header-display":"","ast-hfb-mobile-header-display":"","site-post-title":"","ast-breadcrumbs-content":"","ast-featured-img":"","footer-sml-layout":"","theme-transparent-header-meta":"default","adv-header-id-meta":"","stick-header-meta":"","header-above-stick-meta":"","header-main-stick-meta":"","header-below-stick-meta":"","astra-migrate-meta-layouts":"set","ast-page-background-enabled":"default","ast-page-background-meta":{"desktop":{"background-color":"var(--ast-global-color-4)","background-image":"","background-repeat":"repeat","background-position":"center center","background-size":"auto","background-attachment":"scroll","background-type":"","background-media":"","overlay-type":"","overlay-color":"","overlay-opacity":"","overlay-gradient":""},"tablet":{"background-color":"","background-image":"","background-repeat":"repeat","background-position":"center center","background-size":"auto","background-attachment":"scroll","background-type":"","background-media":"","overlay-type":"","overlay-color":"","overlay-opacity":"","overlay-gradient":""},"mobile":{"background-color":"","background-image":"","background-repeat":"repeat","background-position":"center center","background-size":"auto","background-attachment":"scroll","background-type":"","background-media":"","overlay-type":"","overlay-color":"","overlay-opacity":"","overlay-gradient":""}},"ast-content-background-meta":{"desktop":{"background-color":"var(--ast-global-color-5)","background-image":"","background-repeat":"repeat","background-position":"center center","background-size":"auto","background-attachment":"scroll","background-type":"","background-media":"","overlay-type":"","overlay-color":"","overlay-opacity":"","overlay-gradient":""},"tablet":{"background-color":"var(--ast-global-color-5)","background-image":"","background-repeat":"repeat","background-position":"center center","background-size":"auto","background-attachment":"scroll","background-type":"","background-media":"","overlay-type":"","overlay-color":"","overlay-opacity":"","overlay-gradient":""},"mobile":{"background-color":"var(--ast-global-color-5)","background-image":"","background-repeat":"repeat","background-position":"center center","background-size":"auto","background-attachment":"scroll","background-type":"","background-media":"","overlay-type":"","overlay-color":"","overlay-opacity":"","overlay-gradient":""}}},"product_cat":[75],"product_tag":[],"class_list":["post-8626","product","type-product","status-publish","has-post-thumbnail","hentry","product_cat-jerzsele-zoltan","desktop-align-left","tablet-align-left","mobile-align-left"],"_links":{"self":[{"href":"https:\/\/www.sunkaraoke.hu\/index.php\/wp-json\/wp\/v2\/product\/8626","targetHints":{"allow":["GET"]}}],"collection":[{"href":"https:\/\/www.sunkaraoke.hu\/index.php\/wp-json\/wp\/v2\/product"}],"about":[{"href":"https:\/\/www.sunkaraoke.hu\/index.php\/wp-json\/wp\/v2\/types\/product"}],"wp:featuredmedia":[{"embeddable":true,"href":"https:\/\/www.sunkaraoke.hu\/index.php\/wp-json\/wp\/v2\/media\/9772"}],"wp:attachment":[{"href":"https:\/\/www.sunkaraoke.hu\/index.php\/wp-json\/wp\/v2\/media?parent=8626"}],"wp:term":[{"taxonomy":"product_cat","embeddable":true,"href":"https:\/\/www.sunkaraoke.hu\/index.php\/wp-json\/wp\/v2\/product_cat?post=8626"},{"taxonomy":"product_tag","embeddable":true,"href":"https:\/\/www.sunkaraoke.hu\/index.php\/wp-json\/wp\/v2\/product_tag?post=8626"}],"curies":[{"name":"wp","href":"https:\/\/api.w.org\/{rel}","templated":true}]}}