{"id":6389,"date":"2022-08-11T09:59:29","date_gmt":"2022-08-11T09:59:29","guid":{"rendered":"https:\/\/www.sunkaraoke.hu\/?post_type=product&#038;p=6389"},"modified":"2025-04-07T12:25:09","modified_gmt":"2025-04-07T12:25:09","slug":"piros-bela-piros-mulatos-mix-56","status":"publish","type":"product","link":"https:\/\/www.sunkaraoke.hu\/index.php\/termek\/piros-bela-piros-mulatos-mix-56\/","title":{"rendered":"<div class=\"wcmp-player-container product-6389\"><audio controlslist=\"nodownload\" data-product=\"6389\"  volume=\"1\"  preload=\"none\" data-lazyloading=\"none\" class=\"wcmp-player track mejs-classic\" data-duration=\"0:30\" data-estimated_duration=\"3\"><source src=\"https:\/\/www.sunkaraoke.hu\/wp-content\/uploads\/2022\/08\/Piros-mulatos-56-Mix_demo.mp3\" type=\"audio\/mp3\" \/><\/audio><\/div>Piros B\u00e9la: Piros mulat\u00f3s mix 56. (Original)"},"content":{"rendered":"<p><strong>08:35<\/strong> | <strong><img loading=\"lazy\" decoding=\"async\" class=\"alignnone size-full wp-image-467\" src=\"https:\/\/www.sunkaraoke.hu\/wp-content\/uploads\/2022\/07\/choir_2-copy.webp\" alt=\"\" width=\"30\" height=\"30\" \/> <\/strong><\/p>\n","protected":false},"excerpt":{"rendered":"<h6><strong>Bits\u0171r\u0171s\u00e9g: 320<\/strong>kb\/s<strong><br \/>\n<\/strong><strong>Hossz: 08:35<\/strong><\/h6>\n<h6><strong style=\"font-size: 16px;\">Vok\u00e1lt tartalmaz: <\/strong>Nem <img loading=\"lazy\" decoding=\"async\" class=\"alignnone size-full wp-image-467\" src=\"http:\/\/www.sunkaraoke.hu\/wp-content\/uploads\/2022\/07\/choir_2-copy.png\" alt=\"\" width=\"30\" height=\"30\" \/><strong style=\"font-size: 16px;\"><br \/>\n<\/strong><\/h6>\n<p>Sunkaraoke mp3 st\u00fadi\u00f3 \/ www.sunkaraoke.hu \/ Inf: Tel: 06 20 4275001<\/p>\n<p>&#8212;Intr\u00f3&#8212;\/\/00:35\/\/<br \/>\nLemegyek a, lemegyek a pince fenek\u00e9re,<br \/>\nfel\u00fcl\u00f6k a, fel\u00fcl\u00f6k a hord\u00f3 tetej\u00e9re.<br \/>\nAddig iszom m\u00e9g egy cs\u00f6pp lesz,<br \/>\nazut\u00e1n meg kisangyalom a sz\u00f3dav\u00edz is j\u00f3 lesz,<br \/>\nut\u00e1na meg elmegy\u00fcnk a Ligetbe s\u00e9t\u00e1lni.<br \/>\nAddig iszom m\u00e9g egy cs\u00f6pp lesz,<br \/>\nazut\u00e1n meg kisangyalom de \u00fagy is j\u00f3 lesz,<br \/>\nut\u00e1na meg elmegy\u00fcnk a Ligetbe s\u00e9t\u00e1lni.<br \/>\nHej de kutya j\u00f3 kedvem van, az \u00e1ld\u00f3j\u00e1t n\u00e9ki,<br \/>\nm\u00e9g az \u00e9jjel \u00fagy ber\u00fagok, \u00f6r\u00f6m lesz azt n\u00e9zni.<br \/>\nSzombaton este \u00fczente a bab\u00e1m, hogy ne j\u00e1rjak,bolonduljak ut\u00e1na,<br \/>\nk\u00f3cok tekert a haj\u00e1ba, m\u00e1snak lett a bab\u00e1ja.<br \/>\nDe \u00e9n arra azt feleltem n\u00e9ki, hogy hallod r\u00f3zs\u00e1m, k\u00f6llesz te a fen\u00e9nek,<br \/>\nnem vagyok \u00e9n bugyi, amit minden este cser\u00e9lnek.<br \/>\n&#8212;Sz\u00f3l\u00f3&#8212;\/\/02:10\/\/<br \/>\nLemegyek a, lemegyek a pince fenek\u00e9re,<br \/>\nfel\u00fcl\u00f6k a, fel\u00fcl\u00f6k a hord\u00f3 tetej\u00e9re.<br \/>\nAddig iszom m\u00e9g egy cs\u00f6pp lesz,<br \/>\nazut\u00e1n meg kisangyalom a sz\u00f3dav\u00edz is j\u00f3 lesz,<br \/>\nut\u00e1na meg elmegy\u00fcnk a Ligetbe s\u00e9t\u00e1lni.<br \/>\nAddig iszom m\u00e9g egy cs\u00f6pp lesz,<br \/>\nazut\u00e1n meg kisangyalom de \u00fagy is j\u00f3 lesz,<br \/>\nut\u00e1na meg elmegy\u00fcnk a Ligetbe s\u00e9t\u00e1lni.<br \/>\nHej de kutya j\u00f3 kedvem van, az \u00e1ld\u00f3j\u00e1t n\u00e9ki,<br \/>\nm\u00e9g az \u00e9jjel \u00fagy ber\u00fagok, \u00f6r\u00f6m lesz azt n\u00e9zni.<br \/>\nSzombaton este \u00fczente a bab\u00e1m, hogy ne j\u00e1rjak,bolonduljak ut\u00e1na,<br \/>\nk\u00f3cok tekert a haj\u00e1ba, m\u00e1snak lett a bab\u00e1ja.<br \/>\nDe \u00e9n arra azt feleltem n\u00e9ki, hogy hallod r\u00f3zs\u00e1m, k\u00f6llesz te a fen\u00e9nek,<br \/>\nnem vagyok \u00e9n bugyi, amit minden este cser\u00e9lnek.<br \/>\n&#8212;Sz\u00f3l\u00f3&#8212;\/\/03:31\/\/<br \/>\nR\u00e9szeg vagyok r\u00f3zs\u00e1m, mint a csap,<br \/>\nnem aludtam h\u00e1rom \u00e9jjel, h\u00e1rom nap.<br \/>\nHazamenni sej, de nem tudok,<br \/>\nhajnalig r\u00f3zs\u00e1m n\u00e1lad maradok.<br \/>\nHazamenni sej, de nem tudok,<br \/>\nhajnalig r\u00f3zs\u00e1m rajtad maradok.<br \/>\nZavaros a Tisza vize, nem tiszta,<br \/>\nr\u00e1hajtom a kis pej lovam, nem issza.<br \/>\nHogy is inn\u00e1, mikor zavaros?<br \/>\nHajnalig r\u00f3zs\u00e1m n\u00e1lad maradok.<br \/>\nHogy is inn\u00e1, mikor zavaros?<br \/>\nHajnalig r\u00f3zs\u00e1m n\u00e1lad maradok.<br \/>\n&#8212;Sz\u00f3l\u00f3&#8212;\/\/04:26\/\/<br \/>\nLenn a d\u00e9lib\u00e1bos Hortob\u00e1gyon,<br \/>\nmegakadt a szemem egy kisl\u00e1nyon.<br \/>\nHull\u00e1mzott a g\u00f6nd\u00f6r haja a s\u00f6t\u00e9tbe&#8217;,<br \/>\nmikor belen\u00e9ztem a szem\u00e9be.<br \/>\nHull\u00e1mzott a g\u00f6nd\u00f6r haja a s\u00f6t\u00e9tbe&#8217;,<br \/>\nmikor belen\u00e9ztem a szem\u00e9be.<br \/>\nEl is mentem hozz\u00e1, meg is k\u00e9rtem,<br \/>\nlegyen az \u00e9n dr\u00e1ga feles\u00e9gem.<br \/>\nBoldogs\u00e1gom tudom n\u00e1la megtal\u00e1lom,<br \/>\nlenn a d\u00e9lib\u00e1bos Hortob\u00e1gyon.<br \/>\nBoldogs\u00e1gom tudom n\u00e1la megtal\u00e1lom,<br \/>\nlenn a d\u00e9lib\u00e1bos Hortob\u00e1gyon.<br \/>\n&#8212;Sz\u00f3l\u00f3&#8212;\/\/05:38\/\/<br \/>\nAz a rendes iparos,aki mindig italos \u00e9s sohasem r\u00e9szeg.<br \/>\nAz a rendes iparos,aki mindig italos \u00e9s sohasem r\u00e9szeg.<br \/>\nA munk\u00e1ban \u00f6sszev\u00e1g \u0151 csapot-papot,a kocsm\u00e1ban t\u00f6lti el az eg\u00e9sz napot.<br \/>\nAz a rendes iparos,aki mindig italos \u00e9s sohasem r\u00e9szeg.<br \/>\nA munk\u00e1ban \u00f6sszev\u00e1g \u0151 csapot-papot,a kocsm\u00e1ban t\u00f6lti el az eg\u00e9sz napot.<br \/>\nAz a rendes iparos,aki mindig italos \u00e9s sohasem r\u00e9szeg.<br \/>\nAzt mondta a nagyap\u00e1m,m\u00e1rpedig a nagyap\u00e1m sz\u00e1ztizenhat \u00e9ves,<br \/>\nHogy Szolnokon,Szegeden mindig is volt szerelem,nem h\u00e1zasodom meg.<br \/>\nKaphatsz cs\u00f3kot,hogyha nagyon szeret,mert ezt hamar visszaadj\u00e1k neked.<br \/>\n\u00cdgy mondta a nagyap\u00e1m,m\u00e1rpedig a nagyap\u00e1m sz\u00e1ztizenhat \u00e9ves.<br \/>\nKaphatsz cs\u00f3kot,hogyha nagyon szeret,mert ezt hamar visszaadj\u00e1k neked.<br \/>\n\u00cdgy mondta a nagyap\u00e1m,m\u00e1rpedig a nagyap\u00e1m sz\u00e1ztizenhat \u00e9ves.<br \/>\n&#8212;Sz\u00f3l\u00f3&#8212;\/\/07:10\/\/<br \/>\nEz a kisl\u00e1ny megy a k\u00fatra,nem tal\u00e1l a gyalog\u00fatra.<br \/>\nHajnalban,hajnal el\u0151tt r\u00f3zsafa ny\u00edlik a h\u00e1za el\u0151tt.<br \/>\nHajnalban,hajnal el\u0151tt r\u00f3zsafa ny\u00edlik a h\u00e1za el\u0151tt.<br \/>\nEz a kisl\u00e1ny olyan kisl\u00e1ny,maga j\u00e1r a leg\u00e9ny ut\u00e1n.<br \/>\nHajnalban,hajnal el\u0151tt r\u00f3zsafa ny\u00edlik a h\u00e1za el\u0151tt.<br \/>\nHajnalban,hajnal el\u0151tt r\u00f3zsafa ny\u00edlik a h\u00e1za el\u0151tt.<br \/>\nEza kisl\u00e1ny azt akarja,hogy a leg\u00e9ny megcs\u00f3kolja.<br \/>\nHajnalban,hajnal el\u0151tt r\u00f3zsafa ny\u00edlik a h\u00e1za el\u0151tt.<br \/>\nHajnalban,hajnal el\u0151tt r\u00f3zsafa ny\u00edlik a h\u00e1za el\u0151tt.<br \/>\nAk\u00e1rmilyen \u00f6regasszony,ha elveszik,csak menyasszony.<br \/>\nHajnalban,hajnal el\u0151tt r\u00f3zsafa ny\u00edlik a h\u00e1za el\u0151tt.<br \/>\nHajnalban,hajnal el\u0151tt r\u00f3zsafa ny\u00edlik a h\u00e1za el\u0151tt.<br \/>\n&#8212;V\u00e9ge&#8212;<\/p>\n","protected":false},"featured_media":12989,"template":"","meta":{"site-sidebar-layout":"default","site-content-layout":"default","ast-site-content-layout":"default","site-content-style":"default","site-sidebar-style":"default","ast-global-header-display":"","ast-banner-title-visibility":"","ast-main-header-display":"","ast-hfb-above-header-display":"","ast-hfb-below-header-display":"","ast-hfb-mobile-header-display":"","site-post-title":"","ast-breadcrumbs-content":"","ast-featured-img":"","footer-sml-layout":"","theme-transparent-header-meta":"default","adv-header-id-meta":"","stick-header-meta":"","header-above-stick-meta":"","header-main-stick-meta":"","header-below-stick-meta":"","astra-migrate-meta-layouts":"set","ast-page-background-enabled":"default","ast-page-background-meta":{"desktop":{"background-color":"var(--ast-global-color-4)","background-image":"","background-repeat":"repeat","background-position":"center center","background-size":"auto","background-attachment":"scroll","background-type":"","background-media":"","overlay-type":"","overlay-color":"","overlay-opacity":"","overlay-gradient":""},"tablet":{"background-color":"","background-image":"","background-repeat":"repeat","background-position":"center center","background-size":"auto","background-attachment":"scroll","background-type":"","background-media":"","overlay-type":"","overlay-color":"","overlay-opacity":"","overlay-gradient":""},"mobile":{"background-color":"","background-image":"","background-repeat":"repeat","background-position":"center center","background-size":"auto","background-attachment":"scroll","background-type":"","background-media":"","overlay-type":"","overlay-color":"","overlay-opacity":"","overlay-gradient":""}},"ast-content-background-meta":{"desktop":{"background-color":"var(--ast-global-color-5)","background-image":"","background-repeat":"repeat","background-position":"center center","background-size":"auto","background-attachment":"scroll","background-type":"","background-media":"","overlay-type":"","overlay-color":"","overlay-opacity":"","overlay-gradient":""},"tablet":{"background-color":"var(--ast-global-color-5)","background-image":"","background-repeat":"repeat","background-position":"center center","background-size":"auto","background-attachment":"scroll","background-type":"","background-media":"","overlay-type":"","overlay-color":"","overlay-opacity":"","overlay-gradient":""},"mobile":{"background-color":"var(--ast-global-color-5)","background-image":"","background-repeat":"repeat","background-position":"center center","background-size":"auto","background-attachment":"scroll","background-type":"","background-media":"","overlay-type":"","overlay-color":"","overlay-opacity":"","overlay-gradient":""}}},"product_cat":[48],"product_tag":[],"class_list":["post-6389","product","type-product","status-publish","has-post-thumbnail","hentry","product_cat-sunkaraoke-dalok","desktop-align-left","tablet-align-left","mobile-align-left"],"_links":{"self":[{"href":"https:\/\/www.sunkaraoke.hu\/index.php\/wp-json\/wp\/v2\/product\/6389","targetHints":{"allow":["GET"]}}],"collection":[{"href":"https:\/\/www.sunkaraoke.hu\/index.php\/wp-json\/wp\/v2\/product"}],"about":[{"href":"https:\/\/www.sunkaraoke.hu\/index.php\/wp-json\/wp\/v2\/types\/product"}],"wp:featuredmedia":[{"embeddable":true,"href":"https:\/\/www.sunkaraoke.hu\/index.php\/wp-json\/wp\/v2\/media\/12989"}],"wp:attachment":[{"href":"https:\/\/www.sunkaraoke.hu\/index.php\/wp-json\/wp\/v2\/media?parent=6389"}],"wp:term":[{"taxonomy":"product_cat","embeddable":true,"href":"https:\/\/www.sunkaraoke.hu\/index.php\/wp-json\/wp\/v2\/product_cat?post=6389"},{"taxonomy":"product_tag","embeddable":true,"href":"https:\/\/www.sunkaraoke.hu\/index.php\/wp-json\/wp\/v2\/product_tag?post=6389"}],"curies":[{"name":"wp","href":"https:\/\/api.w.org\/{rel}","templated":true}]}}