{"id":6136,"date":"2022-08-09T11:36:26","date_gmt":"2022-08-09T11:36:26","guid":{"rendered":"https:\/\/www.sunkaraoke.hu\/?post_type=product&#038;p=6136"},"modified":"2025-03-31T10:09:43","modified_gmt":"2025-03-31T10:09:43","slug":"delta-tancolj-velem-remix","status":"publish","type":"product","link":"https:\/\/www.sunkaraoke.hu\/index.php\/termek\/delta-tancolj-velem-remix\/","title":{"rendered":"<div class=\"wcmp-player-container product-6136\"><audio controlslist=\"nodownload\" data-product=\"6136\"  volume=\"1\"  preload=\"none\" data-lazyloading=\"none\" class=\"wcmp-player track mejs-classic\" data-duration=\"0:32\" data-estimated_duration=\"4\"><source src=\"https:\/\/www.sunkaraoke.hu\/wp-content\/uploads\/2022\/08\/Tancolj-velem-Delta-2022.SB-REMIX.-_demo.mp3\" type=\"audio\/mp3\" \/><\/audio><\/div>Delta: T\u00e1ncolj velem (Original SB. Edition)"},"content":{"rendered":"<p><strong>02:41<\/strong> | <strong><img loading=\"lazy\" decoding=\"async\" class=\"alignnone size-full wp-image-467\" src=\"https:\/\/www.sunkaraoke.hu\/wp-content\/uploads\/2022\/07\/choir_2-copy.webp\" alt=\"\" width=\"30\" height=\"30\" \/> <\/strong><\/p>\n","protected":false},"excerpt":{"rendered":"<h6><strong>Bits\u0171r\u0171s\u00e9g: 320<\/strong>kb\/s<strong><br \/>\n<\/strong><strong>Hossz: <\/strong>02:<strong>41<br \/>\n<\/strong><strong style=\"font-size: 16px;\">Vok\u00e1lt tartalmaz: <\/strong>Nem <img loading=\"lazy\" decoding=\"async\" class=\"alignnone size-full wp-image-467\" src=\"http:\/\/www.sunkaraoke.hu\/wp-content\/uploads\/2022\/07\/choir_2-copy.png\" alt=\"\" width=\"30\" height=\"30\" \/><strong style=\"font-size: 16px;\"><br \/>\n<\/strong><\/h6>\n<p>Sunkaraoke mp3 st\u00fadi\u00f3 \/ www.sunkaraoke.hu \/ Inf: Tel: 06 20 4275001<\/p>\n<p>&#8212;Intr\u00f3&#8212;<br \/>\nNem k\u00e9rtem de mosolyogsz r\u00e1m,<br \/>\nt\u0151led most m\u00e1s a vil\u00e1g, van \u00fagy te \u00e9n, ugyanaz\u00e9rt,<br \/>\nvan \u00fagy hogy egy\u00e9 v\u00e1llunk mint v\u00edz \u00e9s a j\u00e9g.<br \/>\nV\u00e1rj a szavakon t\u00fal, magadhoz h\u00fazol \u00edgy v\u00e1lunk egy\u00e9 m\u00e1r,<br \/>\n\u00e1lmodjunk szabadon csak veled akarom m\u00e1r.<br \/>\nGyere ma \u00e9jjel, a hold f\u00e9ny\u00e9n\u00e9l t\u00e1ncolj velem,<br \/>\nha elsz\u00e9d\u00fcln\u00e9k fogd a kezem,<br \/>\na sz\u00edved el soha nem engedem,<br \/>\na napf\u00e9ny \u00edze csak te vagy nekem.<br \/>\n&#8212;Sz\u00f3l\u00f3&#8212;<br \/>\nRap: K\u00f6rbe k\u00f6rbe p\u00f6rgeted a partnered,<br \/>\nle sem veszed r\u00f3la a tekinteted,<br \/>\nszemeidnek vagyok m\u00e1r a rabja,<br \/>\ns megsz\u00f3lal az \u00e9jszaka hangja.<br \/>\nZakatol a sz\u00edvem, \u00e9s zakatol a tested is vele a lelked,<br \/>\n\u00f6sszekacsintunk, valami k\u00e9sz\u00fcl ,az \u00e9g a hold a f\u00f6ld majd belesz\u00e9d\u00fcl.<br \/>\nV\u00e1rj a szavakon t\u00fal, magadhoz h\u00fazol \u00edgy v\u00e1lunk egy\u00e9 m\u00e1r,<br \/>\n\u00e1lmodjunk szabadon csak veled akarom m\u00e1r.<br \/>\nH\u00e1t gyere t\u00e1ncolj, a hold f\u00e9ny\u00e9n\u00e9l t\u00e1ncolj velem,<br \/>\nha elsz\u00e9d\u00fcln\u00e9k fogd a kezem,<br \/>\na sz\u00edved el soha nem engedem,<br \/>\na napf\u00e9ny \u00edze csak te vagy nekem.<br \/>\nA hold f\u00e9ny\u00e9n\u00e9l t\u00e1ncolj velem,<br \/>\nha elsz\u00e9d\u00fcln\u00e9k fogd a kezem,<br \/>\na sz\u00edved el soha nem engedem,<br \/>\na napf\u00e9ny \u00edze csak te vagy nekem.<br \/>\nA sz\u00edved el soha nem engedem,<br \/>\na napf\u00e9ny \u00edze csak te vagy nekem.<br \/>\n&#8212;V\u00e9ge&#8212;<\/p>\n","protected":false},"featured_media":9005,"template":"","meta":{"site-sidebar-layout":"default","site-content-layout":"default","ast-site-content-layout":"default","site-content-style":"default","site-sidebar-style":"default","ast-global-header-display":"","ast-banner-title-visibility":"","ast-main-header-display":"","ast-hfb-above-header-display":"","ast-hfb-below-header-display":"","ast-hfb-mobile-header-display":"","site-post-title":"","ast-breadcrumbs-content":"","ast-featured-img":"","footer-sml-layout":"","theme-transparent-header-meta":"default","adv-header-id-meta":"","stick-header-meta":"","header-above-stick-meta":"","header-main-stick-meta":"","header-below-stick-meta":"","astra-migrate-meta-layouts":"set","ast-page-background-enabled":"default","ast-page-background-meta":{"desktop":{"background-color":"var(--ast-global-color-4)","background-image":"","background-repeat":"repeat","background-position":"center center","background-size":"auto","background-attachment":"scroll","background-type":"","background-media":"","overlay-type":"","overlay-color":"","overlay-opacity":"","overlay-gradient":""},"tablet":{"background-color":"","background-image":"","background-repeat":"repeat","background-position":"center center","background-size":"auto","background-attachment":"scroll","background-type":"","background-media":"","overlay-type":"","overlay-color":"","overlay-opacity":"","overlay-gradient":""},"mobile":{"background-color":"","background-image":"","background-repeat":"repeat","background-position":"center center","background-size":"auto","background-attachment":"scroll","background-type":"","background-media":"","overlay-type":"","overlay-color":"","overlay-opacity":"","overlay-gradient":""}},"ast-content-background-meta":{"desktop":{"background-color":"var(--ast-global-color-5)","background-image":"","background-repeat":"repeat","background-position":"center center","background-size":"auto","background-attachment":"scroll","background-type":"","background-media":"","overlay-type":"","overlay-color":"","overlay-opacity":"","overlay-gradient":""},"tablet":{"background-color":"var(--ast-global-color-5)","background-image":"","background-repeat":"repeat","background-position":"center center","background-size":"auto","background-attachment":"scroll","background-type":"","background-media":"","overlay-type":"","overlay-color":"","overlay-opacity":"","overlay-gradient":""},"mobile":{"background-color":"var(--ast-global-color-5)","background-image":"","background-repeat":"repeat","background-position":"center center","background-size":"auto","background-attachment":"scroll","background-type":"","background-media":"","overlay-type":"","overlay-color":"","overlay-opacity":"","overlay-gradient":""}}},"product_cat":[48],"product_tag":[],"class_list":["post-6136","product","type-product","status-publish","has-post-thumbnail","hentry","product_cat-sunkaraoke-dalok","desktop-align-left","tablet-align-left","mobile-align-left"],"_links":{"self":[{"href":"https:\/\/www.sunkaraoke.hu\/index.php\/wp-json\/wp\/v2\/product\/6136","targetHints":{"allow":["GET"]}}],"collection":[{"href":"https:\/\/www.sunkaraoke.hu\/index.php\/wp-json\/wp\/v2\/product"}],"about":[{"href":"https:\/\/www.sunkaraoke.hu\/index.php\/wp-json\/wp\/v2\/types\/product"}],"wp:featuredmedia":[{"embeddable":true,"href":"https:\/\/www.sunkaraoke.hu\/index.php\/wp-json\/wp\/v2\/media\/9005"}],"wp:attachment":[{"href":"https:\/\/www.sunkaraoke.hu\/index.php\/wp-json\/wp\/v2\/media?parent=6136"}],"wp:term":[{"taxonomy":"product_cat","embeddable":true,"href":"https:\/\/www.sunkaraoke.hu\/index.php\/wp-json\/wp\/v2\/product_cat?post=6136"},{"taxonomy":"product_tag","embeddable":true,"href":"https:\/\/www.sunkaraoke.hu\/index.php\/wp-json\/wp\/v2\/product_tag?post=6136"}],"curies":[{"name":"wp","href":"https:\/\/api.w.org\/{rel}","templated":true}]}}