{"id":6108,"date":"2022-08-08T20:50:29","date_gmt":"2022-08-08T20:50:29","guid":{"rendered":"https:\/\/www.sunkaraoke.hu\/index.php\/termek\/piros-bela-piros-bela-mulatos-mix-53\/"},"modified":"2025-04-07T12:17:15","modified_gmt":"2025-04-07T12:17:15","slug":"piros-bela-piros-bela-mulatos-mix-53","status":"publish","type":"product","link":"https:\/\/www.sunkaraoke.hu\/index.php\/termek\/piros-bela-piros-bela-mulatos-mix-53\/","title":{"rendered":"<div class=\"wcmp-player-container product-6108\"><audio controlslist=\"nodownload\" data-product=\"6108\"  volume=\"1\"  preload=\"none\" data-lazyloading=\"none\" class=\"wcmp-player track mejs-classic\" data-duration=\"0:31\" data-estimated_duration=\"4\"><source src=\"https:\/\/www.sunkaraoke.hu\/wp-content\/uploads\/2022\/08\/Piros-mulatos-Mix-53_demo2.mp3\" type=\"audio\/mp3\" \/><\/audio><\/div>Piros B\u00e9la &#8211; Piros B\u00e9la Mulat\u00f3s mix 53.(Original)"},"content":{"rendered":"<p><strong>18:05<\/strong> | <strong><img loading=\"lazy\" decoding=\"async\" class=\"alignnone size-full wp-image-467\" src=\"https:\/\/www.sunkaraoke.hu\/wp-content\/uploads\/2022\/07\/choir_2-copy.webp\" alt=\"\" width=\"30\" height=\"30\" \/> <\/strong><\/p>\n","protected":false},"excerpt":{"rendered":"<h6><strong>Bits\u0171r\u0171s\u00e9g: 320kb\/s<\/strong><br \/>\n<strong>Hossz: 18:05<\/strong><br \/>\n<strong>Vok\u00e1lt tartalmaz: Nem <img loading=\"lazy\" decoding=\"async\" class=\"alignnone size-full wp-image-467\" src=\"http:\/\/www.sunkaraoke.hu\/wp-content\/uploads\/2022\/07\/choir_2-copy.png\" alt=\"\" width=\"30\" height=\"30\" \/><\/strong><strong style=\"font-size: 16px;\"><br \/>\n<\/strong><\/h6>\n<p>Sunkaraoke mp3 st\u00fadi\u00f3 \/ www.sunkaraoke.hu \/ Inf: Tel: 06 20 4275001<\/p>\n<p>&#8212;Intr\u00f3&#8212;\/\/00:43\/\/<br \/>\nM\u00e1t\u00f3l kezdve kedves \u00e9desany\u00e1m, nem l\u00e1t a cs\u00e1rd\u00e1ban,<br \/>\nz\u00f6ldhajt\u00f3k\u00e1s, baka gyerek leszek, a budapesti laktany\u00e1ban.<br \/>\nSz\u00e1z l\u00e1ny kacsint, r\u00e1m a hegyek alj\u00e1n, cs\u00f3kot is \u00edg\u00e9r n\u00e9kem,<br \/>\neste m\u00e9gis a takarod\u00f3 ut\u00e1n, a bab\u00e1m k\u00e9p\u00e9t n\u00e9zem.<br \/>\nSz\u00e1z l\u00e1ny kacsint r\u00e1m a hegyek alj\u00e1n, cs\u00f3kot is \u00edg\u00e9r n\u00e9kem,<br \/>\neste m\u00e9gis a takarod\u00f3 ut\u00e1n, a bab\u00e1m k\u00e9p\u00e9t n\u00e9zem.<br \/>\nHull a csillag kedves \u00e9des any\u00e1m, az \u00e9n ajt\u00f3f\u00e1mra,<br \/>\nha el kapom ott ragyogtatom majd, a z\u00f6ld hajt\u00f3k\u00e1mon.<br \/>\nSz\u00e1z l\u00e1ny kacsint r\u00e1m, a hegyek alj\u00e1n, cs\u00f3kot is \u00edg\u00e9r n\u00e9kem,<br \/>\neste m\u00e9gis a takarod\u00f3 ut\u00e1n a bab\u00e1m k\u00e9p\u00e9t n\u00e9zem.<br \/>\nSz\u00e1z l\u00e1ny kacsint r\u00e1m, a hegyek alj\u00e1n, cs\u00f3kot is \u00edg\u00e9r n\u00e9kem,<br \/>\neste m\u00e9gis a takarod\u00f3 ut\u00e1n a bab\u00e1m k\u00e9p\u00e9t n\u00e9zem.<br \/>\n&#8212;Sz\u00f3l\u00f3&#8212;\/\/02:18\/\/<br \/>\nAzt a kutya mindenit, ez az utca de s\u00f6t\u00e9t jaj de de s\u00e1ros,<br \/>\n\u00e1llok mint a fakereszt, mert a bab\u00e1m nem enged be mag\u00e1hoz.<br \/>\nEressz r\u00f3zs\u00e1m, eressz be,nem vagyok \u00e9n beborozva, serezve,<br \/>\ncsup\u00e1n csak a szerelemt\u0151l, \u00e1ll szemem a k\u00e9t szemem keresztbe!<br \/>\nEressz r\u00f3zs\u00e1m, eressz be,nem vagyok \u00e9n beborozva, serezve,<br \/>\ncsup\u00e1n csak a szerelemt\u0151l, \u00e1ll szemem a k\u00e9t szemem keresztbe!<br \/>\nH\u00e1rom napja nem alszom, de az \u00e9jszak\u00e1ba huzatom , de huzatom,<br \/>\ncsak tudn\u00e1m azt hogy merre vagy, merre bolyongsz ebbe a nagy vil\u00e1gba.<br \/>\nElmondom hogy szeretlek, elmondom hogy soha el nem feledlek,<br \/>\n\u00e1lmaimba t\u00e9ged l\u00e1tlak, k\u00e9t karomba t\u00e9ged z\u00e1rlak eressz be.<br \/>\nElmondom hogy szeretlek, elmondom hogy soha el nem feledlek,<br \/>\n\u00e1lmaimba t\u00e9ged l\u00e1tlak, k\u00e9t karomba t\u00e9ged z\u00e1rlak eressz be.<br \/>\n&#8212;Sz\u00f3l\u00f3&#8212;\/\/03:58\/\/<br \/>\nSzomsz\u00e9dunkban van egy asszony,<br \/>\nannak van egy g\u00f6nd\u00f6r haj\u00fa le\u00e1nya.<br \/>\nG\u00f6nd\u00f6r haj\u00e1t f\u00fajja a sz\u00e9l,<br \/>\nengem meg a fene megesz ut\u00e1na.<br \/>\nMert \u00e9n is voltam neki bab\u00e1ja,<br \/>\nadtam cs\u00f3kot a sz\u00e1j\u00e1ra.<br \/>\nVerje meg a jeges es\u0151,<br \/>\nmenjen ki a g\u00f6nd\u00f6r haja sim\u00e1ra.<br \/>\nMert \u00e9n is voltam neki bab\u00e1ja,<br \/>\nadtam cs\u00f3kot a sz\u00e1j\u00e1ra.<br \/>\nVerje meg a jeges es\u0151,<br \/>\nmenjen ki a g\u00f6nd\u00f6r haja sim\u00e1ra.<br \/>\nSzomsz\u00e9dunkban van egy asszony,<br \/>\nannak van egy g\u00f6nd\u00f6r haj\u00fa le\u00e1nya.<br \/>\nAz\u00e9rt \u00e9lek, az\u00e9rt halok, annak vagyok a bolondja csud\u00e1ra.<br \/>\nMert \u00e9n is voltam a bab\u00e1ja, adtam cs\u00f3kot a sz\u00e1j\u00e1ra,<br \/>\n&#8220;Roggyon&#8221; r\u00e1 a csillagos \u00e9g,<br \/>\nnyomja le a g\u00f6nd\u00f6r haj\u00e1t sim\u00e1ra!<br \/>\nMert \u00e9n is voltam a bab\u00e1ja, adtam cs\u00f3kot a sz\u00e1j\u00e1ra,<br \/>\n&#8220;Roggyon&#8221; r\u00e1 a csillagos \u00e9g,<br \/>\nnyomja le a g\u00f6nd\u00f6r haj\u00e1t sim\u00e1ra!<br \/>\n&#8212;Sz\u00f3l\u00f3&#8212;\/\/05:37\/\/<br \/>\nSzomsz\u00e9dunkban van egy asszony,<br \/>\nannak van egy g\u00f6nd\u00f6r haj\u00fa le\u00e1nya.<br \/>\nG\u00f6nd\u00f6r haj\u00e1t f\u00fajja a sz\u00e9l,<br \/>\nengem meg a fene megesz ut\u00e1na.<br \/>\nMert \u00e9n is voltam neki bab\u00e1ja,<br \/>\nadtam cs\u00f3kot a sz\u00e1j\u00e1ra.<br \/>\nVerje meg a jeges es\u0151,<br \/>\nmenjen ki a g\u00f6nd\u00f6r haja sim\u00e1ra.<br \/>\nMert \u00e9n is voltam neki bab\u00e1ja,<br \/>\nadtam cs\u00f3kot a sz\u00e1j\u00e1ra.<br \/>\nVerje meg a jeges es\u0151,<br \/>\nmenjen ki a g\u00f6nd\u00f6r haja sim\u00e1ra.<br \/>\nSzomsz\u00e9dunkban van egy asszony,<br \/>\nannak van egy g\u00f6nd\u00f6r haj\u00fa le\u00e1nya.<br \/>\nAz\u00e9rt \u00e9lek, az\u00e9rt halok, annak vagyok a bolondja csud\u00e1ra.<br \/>\nMert \u00e9n is voltam a bab\u00e1ja, adtam cs\u00f3kot a sz\u00e1j\u00e1ra,<br \/>\n&#8220;Roggyon&#8221; r\u00e1 a csillagos \u00e9g,<br \/>\nnyomja le a g\u00f6nd\u00f6r haj\u00e1t sim\u00e1ra!<br \/>\nMert \u00e9n is voltam a bab\u00e1ja, adtam cs\u00f3kot a sz\u00e1j\u00e1ra,<br \/>\n&#8220;Roggyon&#8221; r\u00e1 a csillagos \u00e9g,<br \/>\nnyomja le a g\u00f6nd\u00f6r haj\u00e1t sim\u00e1ra!<br \/>\n&#8212;Sz\u00f3l\u00f3&#8212;\/\/07:18\/\/<br \/>\nS\u00e1rga a csik\u00f3m, s\u00e1rga a nyereg rajta,<br \/>\nmost akartam hozz\u00e1d menni rajta.<br \/>\nMost akartam v\u00e9led besz\u00e9lgetni,<br \/>\nitt van az id\u0151 el kell masirozni.<br \/>\nMost akartam v\u00e9led besz\u00e9lgetni,<br \/>\nitt van az id\u0151 el kell masirozni.<br \/>\nSej, any\u00e1m, any\u00e1m, kedves \u00e9desany\u00e1m,<br \/>\nbe szomor\u00fa vas\u00e1rnap d\u00e9lut\u00e1n.<br \/>\nH\u00e1zunk el\u0151tt sz\u00e9pen muzsik\u00e1lnak,<br \/>\nengemet pedig visznek katon\u00e1nak.<br \/>\nH\u00e1zunk el\u0151tt sz\u00e9pen muzsik\u00e1lnak,<br \/>\nengemet pedig visznek katon\u00e1nak.<br \/>\nNe vigyenek engem katon\u00e1nak,<br \/>\nmegszakad a sz\u00edve a bab\u00e1mnak,<br \/>\nmegszakad a bab\u00e1m gyenge sz\u00edve,<br \/>\nha engemet elrabolnak tole!<br \/>\nMegszakad a bab\u00e1m gyenge sz\u00edve,<br \/>\nha engemet elrabolnak tole!<br \/>\nHej, any\u00e1m, any\u00e1m, kedves \u00e9desany\u00e1m,<br \/>\nSzedje \u00f6ssze az \u00f6sszes civil ruh\u00e1m.<br \/>\nSzedje \u00f6ssze, k\u00fcldje el ut\u00e1nam,<br \/>\nmost j\u00f6n a fia v\u00e9gleg szabads\u00e1gra.<br \/>\nSzedje \u00f6ssze, k\u00fcldje el ut\u00e1nam,<br \/>\nmost j\u00f6n a fia v\u00e9gleg szabads\u00e1gra.<br \/>\n&#8212;Sz\u00f3l\u00f3&#8212;\/\/09:35\/\/<br \/>\nSzilv\u00e1t szedni ment a P\u00e9ter meg a S\u00e1ra,<br \/>\ntanakodtak melyik menjen fel a f\u00e1ra,<br \/>\namint tanakodtak, \u00edgy sz\u00f3lt P\u00e9ter,<br \/>\nlegjobb lesz ha lelkem S\u00e1ra te m\u00e1szol fel,<br \/>\namint tanakodtak, \u00edgy sz\u00f3lt P\u00e9ter,<br \/>\nlegjobb lesz ha lelkem S\u00e1ra te m\u00e1szol fel.<br \/>\nFel is m\u00e1szott lelkem S\u00e1ra fel a f\u00e1ra,<br \/>\nP\u00e9ter meg a szilv\u00e1t mindet ledob\u00e1lta,<br \/>\nne gyere le S\u00e1ra maradj\u00e1l ott,<br \/>\nmert \u00e9n m\u00e9g egy magban \u00e1ll\u00f3 szilv\u00e1t l\u00e1tok,<br \/>\nne gyere le S\u00e1ra maradj\u00e1l ott,<br \/>\nmert \u00e9n m\u00e9g egy magban \u00e1ll\u00f3 szilv\u00e1t l\u00e1tok.<br \/>\n&#8212;Sz\u00f3l\u00f3&#8212;\/\/10:44\/\/<br \/>\nKisbecskerek, nagybecskerek,<br \/>\nmegtudtam hogy a galambom nem szeret.<br \/>\nKisbecskerek, nagybecskerek,<br \/>\nmegtudtam hogy a galambom nem szeret.<br \/>\nBecskerekt\u0151l nem messze van szent mih\u00e1ly,<br \/>\n\u00f6sszevesztek a leg\u00e9nyek a pip\u00e1n.<br \/>\nKisbecskerek, nagybecskerek,<br \/>\nmegtudtam hogy a galambom m\u00e1st szeret.<br \/>\nBecskerekt\u0151l nem messze van szent mih\u00e1ly,<br \/>\n\u00f6sszevesztek a leg\u00e9nyek a pip\u00e1n.<br \/>\nKisbecskerek, nagybecskerek,<br \/>\nmegtudtam hogy a galambom m\u00e1st szeret.<br \/>\n&#8212;Sz\u00f3l\u00f3&#8212;\/\/11:33\/\/<br \/>\nM\u00e1r min\u00e1lunk bab\u00e1m,m\u00e1r min\u00e1lunk bab\u00e1m az j\u00f6tt a szok\u00e1sba,<br \/>\nhogy nem szedik a meggyet, nem szedik a meggyet fedeles kos\u00e1rba.<br \/>\nFelmegy a leg\u00e9ny a f\u00e1ra, a meggyfa tetej\u00e9re,<br \/>\nler\u00e1zza a meggyet, Te meg bab\u00e1m szedjed a r\u00f3zs\u00e1s k\u00f6t\u00e9nyedbe!<br \/>\nFelmegy a leg\u00e9ny a f\u00e1ra, a meggyfa tetej\u00e9re,<br \/>\nler\u00e1zza a meggyet, Te meg bab\u00e1m szedjed a r\u00f3zs\u00e1s k\u00f6t\u00e9nyedbe!<br \/>\nM\u00e1r min\u00e1lunk bab\u00e1m,m\u00e1r min\u00e1lunk bab\u00e1m az j\u00f6tt a szok\u00e1sba,<br \/>\nhogy nem szedik a makkot, nem szedik a makkot fedeles kos\u00e1rba.<br \/>\nFelmegy a leg\u00e9ny a f\u00e1ra,a makkfa tetej\u00e9re,<br \/>\nler\u00e1zza a makkot, te meg bab\u00e1m bab\u00e1m kapkodd a r\u00f3zs\u00e1s k\u00f6t\u00e9nyedbe!<br \/>\nFelmegy a leg\u00e9ny a f\u00e1ra,a makkfa tetej\u00e9re,<br \/>\nler\u00e1zza a makkot, te meg bab\u00e1m bab\u00e1m kapkodd a r\u00f3zs\u00e1s k\u00f6t\u00e9nyedbe!<br \/>\n&#8212;Sz\u00f3l\u00f3&#8212;\/\/13:02\/\/<br \/>\nHossz\u00fa, fekete haj,de suk\u00e1r ez a csaj,<br \/>\nde t\u00fals\u00e1gosan gizda,a l\u00f3v\u00e9ja meg nyista.<br \/>\nHossz\u00fa, fekete haj,de suk\u00e1r ez a csaj,<br \/>\nde t\u00fals\u00e1gosan gizda,a l\u00f3v\u00e9ja meg nyista!<br \/>\nMert olyan kamel\u00f3s a bar\u00e1tom,<br \/>\noyan suk\u00e1r cs\u00e1v\u00f3 bel\u00e1tom,<br \/>\nolyan sunelos a cs\u00e1v\u00f3,<br \/>\nminden csajn\u00e1l l\u00e1cs\u00f3!<br \/>\nMert olyan kamel\u00f3s a bar\u00e1tom,<br \/>\noyan suk\u00e1r cs\u00e1v\u00f3 bel\u00e1tom,<br \/>\nolyan sunelos a cs\u00e1v\u00f3,<br \/>\nminden csajn\u00e1l l\u00e1cs\u00f3!<br \/>\n\u00c9n is te is r\u00e9szeg,<br \/>\nmind r\u00e9szegek vagyunk,<br \/>\ncsin\u00e1lom a kedvet,csin\u00e1lom a kedvet!<br \/>\nj\u00f3l \u00e9rzem magam!<br \/>\n\u00c9n is r\u00e9szeg,te is r\u00e9szeg,<br \/>\nmind r\u00e9szegek vagyunk.<br \/>\nA bab\u00e1m szeme,<br \/>\nk\u00e9t sz\u00e9p szeme,<br \/>\ncsak re\u00e1m ragyog!<br \/>\nHossz\u00fa, fekete haj,de suk\u00e1r ez a csaj,<br \/>\nde t\u00fals\u00e1gosan gizda,a l\u00f3v\u00e9ja meg nyista.<br \/>\nHossz\u00fa, fekete haj,de suk\u00e1r ez a csaj,<br \/>\nde t\u00fals\u00e1gosan gizda,a l\u00f3v\u00e9ja meg nyista!<br \/>\nMert olyan kamel\u00f3s a bar\u00e1tom,<br \/>\noyan suk\u00e1r cs\u00e1v\u00f3 bel\u00e1tom,<br \/>\nolyan sunelos a cs\u00e1v\u00f3,<br \/>\nminden csajn\u00e1l l\u00e1cs\u00f3!<br \/>\nMert olyan kamel\u00f3s a bar\u00e1tom,<br \/>\noyan suk\u00e1r cs\u00e1v\u00f3 bel\u00e1tom,<br \/>\nolyan sunelos a cs\u00e1v\u00f3,<br \/>\nminden csajn\u00e1l l\u00e1cs\u00f3!<br \/>\n\u00c9n is te is r\u00e9szeg,<br \/>\nmind r\u00e9szegek vagyunk,<br \/>\ncsin\u00e1lom a kedvet,csin\u00e1lom a kedvet,<br \/>\nj\u00f3l \u00e9rzem magam!<br \/>\n\u00c9n is r\u00e9szeg,te is r\u00e9szeg,<br \/>\nmind r\u00e9szegek vagyunk.<br \/>\nA bab\u00e1m szeme,k\u00e9t sz\u00e9p szeme,<br \/>\ncsak re\u00e1m ragyog!<br \/>\n&#8212;Sz\u00f3l\u00f3&#8212;\/\/15:41\/\/<br \/>\nCsitt csak, r\u00f3zs\u00e1m, hallod, micsoda r\u00e9gi n\u00f3t\u00e1t hallok.<br \/>\nSej, haj, d\u00ednomd\u00e1nom, de csuda cs\u00e1rd\u00e1st penget az \u00e9n cig\u00e1nyom.<br \/>\nH\u00fazzad prim\u00e1s, bety\u00e1r a kedvem,<br \/>\nsarkanty\u00fa peng, a szoknya lebben.<br \/>\nPerd\u00fclj, fordulj karomba p\u00e1rom,<br \/>\nezt a csuda cs\u00e1rd\u00e1st rogy\u00e1sig j\u00e1rom.<br \/>\nH\u00fazzad prim\u00e1s, bety\u00e1r a kedvem,<br \/>\nsarkanty\u00fa peng, a szoknya lebben.<br \/>\nPerd\u00fclj, fordulj karomba p\u00e1rom,<br \/>\nezt a csuda cs\u00e1rd\u00e1st rogy\u00e1sig j\u00e1rom.<br \/>\nHopp h\u00e1t r\u00f3zs\u00e1m, j\u00e1rjad. Perd\u00fclj\u00f6n t\u00e1ncra t\u00e1ncos l\u00e1bad.<br \/>\n\u00c9g a talpam, tudd meg, m\u00edg ez a cs\u00e1rd\u00e1s j\u00e1rja, dehogy halunk meg.<br \/>\nH\u00fazzad prim\u00e1s, bety\u00e1r a kedvem,<br \/>\nsarkanty\u00fa peng, a szoknya lebben.<br \/>\nPerd\u00fclj, fordulj karomba p\u00e1rom,<br \/>\nezt a csuda cs\u00e1rd\u00e1st rogy\u00e1sig j\u00e1rom.<br \/>\nH\u00fazzad prim\u00e1s, bety\u00e1r a kedvem,<br \/>\nsarkanty\u00fa peng, a szoknya lebben.<br \/>\nPerd\u00fclj, fordulj karomba p\u00e1rom,<br \/>\nezt a csuda cs\u00e1rd\u00e1st rogy\u00e1sig j\u00e1rom.<br \/>\n&#8212;Sz\u00f3l\u00f3&#8212;\/\/17:06\/\/<br \/>\nEladom a lovamat, meg a kocsimat<br \/>\nm\u00e9g az \u00e9jjel kimulatom magamat.<br \/>\nH\u00fazd r\u00e1 banda, hadd sz\u00f3ljon a n\u00f3t\u00e1ja,<br \/>\nreszket a roma csaj a s\u00e1torba&#8217;.<br \/>\nH\u00fazd r\u00e1 banda, hadd sz\u00f3ljon a n\u00f3t\u00e1ja,<br \/>\nreszket a roma csaj a s\u00e1torba&#8217;.<br \/>\nEladom a lovamat, meg a v\u00e1lyogot,<br \/>\nm\u00e9g kiv\u00e1ltom \u00e9n az \u00f6sszes z\u00e1logot.<br \/>\nH\u00fazd r\u00e1 banda, hadd sz\u00f3ljon a n\u00f3t\u00e1ja,<br \/>\nreszket a roma csaj a s\u00e1torba&#8217;.<br \/>\nH\u00fazd r\u00e1 banda, hadd sz\u00f3ljon a n\u00f3t\u00e1ja,<br \/>\nreszket a roma csaj a s\u00e1torba&#8217;.<br \/>\nDe&#8217; hossz\u00e1ba, de&#8217; keresztbe<br \/>\na nagyb\u0151g\u0151 keresztbe&#8217; van repedve.<br \/>\nH\u00fazd r\u00e1 banda, hadd sz\u00f3ljon a n\u00f3t\u00e1ja,<br \/>\nreszket a roma csaj a s\u00e1torba&#8217;.<br \/>\nH\u00fazd r\u00e1 banda, hadd sz\u00f3ljon a n\u00f3t\u00e1ja,<br \/>\nreszket a roma csaj a s\u00e1torba&#8217;.<br \/>\n&#8212;V\u00e9ge&#8212;<\/p>\n<p>&nbsp;<\/p>\n<p>&nbsp;<\/p>\n<p>&nbsp;<\/p>\n<p>&nbsp;<\/p>\n<p>&nbsp;<\/p>\n<p>&nbsp;<\/p>\n<p>&nbsp;<\/p>\n","protected":false},"featured_media":12989,"template":"","meta":{"site-sidebar-layout":"default","site-content-layout":"default","ast-site-content-layout":"default","site-content-style":"default","site-sidebar-style":"default","ast-global-header-display":"","ast-banner-title-visibility":"","ast-main-header-display":"","ast-hfb-above-header-display":"","ast-hfb-below-header-display":"","ast-hfb-mobile-header-display":"","site-post-title":"","ast-breadcrumbs-content":"","ast-featured-img":"","footer-sml-layout":"","theme-transparent-header-meta":"default","adv-header-id-meta":"","stick-header-meta":"","header-above-stick-meta":"","header-main-stick-meta":"","header-below-stick-meta":"","astra-migrate-meta-layouts":"set","ast-page-background-enabled":"default","ast-page-background-meta":{"desktop":{"background-color":"var(--ast-global-color-4)","background-image":"","background-repeat":"repeat","background-position":"center center","background-size":"auto","background-attachment":"scroll","background-type":"","background-media":"","overlay-type":"","overlay-color":"","overlay-opacity":"","overlay-gradient":""},"tablet":{"background-color":"","background-image":"","background-repeat":"repeat","background-position":"center center","background-size":"auto","background-attachment":"scroll","background-type":"","background-media":"","overlay-type":"","overlay-color":"","overlay-opacity":"","overlay-gradient":""},"mobile":{"background-color":"","background-image":"","background-repeat":"repeat","background-position":"center center","background-size":"auto","background-attachment":"scroll","background-type":"","background-media":"","overlay-type":"","overlay-color":"","overlay-opacity":"","overlay-gradient":""}},"ast-content-background-meta":{"desktop":{"background-color":"var(--ast-global-color-5)","background-image":"","background-repeat":"repeat","background-position":"center center","background-size":"auto","background-attachment":"scroll","background-type":"","background-media":"","overlay-type":"","overlay-color":"","overlay-opacity":"","overlay-gradient":""},"tablet":{"background-color":"var(--ast-global-color-5)","background-image":"","background-repeat":"repeat","background-position":"center center","background-size":"auto","background-attachment":"scroll","background-type":"","background-media":"","overlay-type":"","overlay-color":"","overlay-opacity":"","overlay-gradient":""},"mobile":{"background-color":"var(--ast-global-color-5)","background-image":"","background-repeat":"repeat","background-position":"center center","background-size":"auto","background-attachment":"scroll","background-type":"","background-media":"","overlay-type":"","overlay-color":"","overlay-opacity":"","overlay-gradient":""}}},"product_cat":[48],"product_tag":[],"class_list":["post-6108","product","type-product","status-publish","has-post-thumbnail","hentry","product_cat-sunkaraoke-dalok","desktop-align-left","tablet-align-left","mobile-align-left"],"_links":{"self":[{"href":"https:\/\/www.sunkaraoke.hu\/index.php\/wp-json\/wp\/v2\/product\/6108","targetHints":{"allow":["GET"]}}],"collection":[{"href":"https:\/\/www.sunkaraoke.hu\/index.php\/wp-json\/wp\/v2\/product"}],"about":[{"href":"https:\/\/www.sunkaraoke.hu\/index.php\/wp-json\/wp\/v2\/types\/product"}],"wp:featuredmedia":[{"embeddable":true,"href":"https:\/\/www.sunkaraoke.hu\/index.php\/wp-json\/wp\/v2\/media\/12989"}],"wp:attachment":[{"href":"https:\/\/www.sunkaraoke.hu\/index.php\/wp-json\/wp\/v2\/media?parent=6108"}],"wp:term":[{"taxonomy":"product_cat","embeddable":true,"href":"https:\/\/www.sunkaraoke.hu\/index.php\/wp-json\/wp\/v2\/product_cat?post=6108"},{"taxonomy":"product_tag","embeddable":true,"href":"https:\/\/www.sunkaraoke.hu\/index.php\/wp-json\/wp\/v2\/product_tag?post=6108"}],"curies":[{"name":"wp","href":"https:\/\/api.w.org\/{rel}","templated":true}]}}