{"id":6047,"date":"2022-08-08T20:50:21","date_gmt":"2022-08-08T20:50:21","guid":{"rendered":"https:\/\/www.sunkaraoke.hu\/index.php\/termek\/jerzsele-zoltan-kikotom-a-kispej-lovam\/"},"modified":"2025-04-13T14:54:11","modified_gmt":"2025-04-13T14:54:11","slug":"jerzsele-zoltan-kikotom-a-kispej-lovam","status":"publish","type":"product","link":"https:\/\/www.sunkaraoke.hu\/index.php\/termek\/jerzsele-zoltan-kikotom-a-kispej-lovam\/","title":{"rendered":"<div class=\"wcmp-player-container product-6047\"><audio controlslist=\"nodownload\" data-product=\"6047\"  volume=\"1\"  preload=\"none\" data-lazyloading=\"none\" class=\"wcmp-player track mejs-classic\" data-duration=\"0:37\" data-estimated_duration=\"4\"><source src=\"https:\/\/www.sunkaraoke.hu\/wp-content\/uploads\/2022\/08\/Kikotom-a-kispej-Jero.-demo.mp3\" type=\"audio\/mp3\" \/><\/audio><\/div>Jerzsele Zolt\u00e1n &#8211; Kik\u00f6t\u00f6m a kispej lovam (Original)"},"content":{"rendered":"<p><strong>04:20<\/strong> | <strong><img loading=\"lazy\" decoding=\"async\" class=\"alignnone size-full wp-image-467\" src=\"https:\/\/www.sunkaraoke.hu\/wp-content\/uploads\/2022\/07\/choir_2-copy.webp\" alt=\"\" width=\"30\" height=\"30\" \/> <\/strong><\/p>\n","protected":false},"excerpt":{"rendered":"<h6><strong>Bits\u0171r\u0171s\u00e9g: 320<\/strong>kb\/s<strong><br \/>\n<\/strong><strong>Hossz: <\/strong>04:20<strong><br \/>\n<\/strong><strong style=\"font-size: 16px;\">Vok\u00e1lt tartalmaz: <\/strong>Nem <img loading=\"lazy\" decoding=\"async\" class=\"alignnone size-full wp-image-467\" src=\"http:\/\/www.sunkaraoke.hu\/wp-content\/uploads\/2022\/07\/choir_2-copy.png\" alt=\"\" width=\"30\" height=\"30\" \/><strong style=\"font-size: 16px;\"><br \/>\n<\/strong><\/h6>\n<p>Sunkaraoke mp3 st\u00fadi\u00f3 \/ www.sunkaraoke.hu \/ Inf: Tel: 06 20 4275001<\/p>\n<p>&#8212;Intro&#8212;Cm&#8212;<br \/>\n&#8212;Be\u00fct\u00e9s&#8212;<br \/>\n&#8212;Solo&#8212;<br \/>\nKik\u00f6t\u00f6m a kispej lovam a cs\u00e1rda el\u00e9be.<br \/>\nLehajtom a fejem a barna bab\u00e1m \u00f6l\u00e9be.<br \/>\nLehajtom a fejem a barna bab\u00e1m \u00f6l\u00e9be.<br \/>\nHullajtom a k\u00f6nnyeim a hacac\u00e1r\u00e9s k\u00f6t\u0151j\u00e9be.<br \/>\nLehajtom a fejem a barna bab\u00e1m \u00f6l\u00e9be.<br \/>\nHullajtom a k\u00f6nnyeim a hacac\u00e1r\u00e9s k\u00f6t\u0151j\u00e9be.<br \/>\n&#8212;Solo&#8212;<br \/>\nEzt a cs\u00e1rd\u00e1s kis kalapot a j\u00f3 any\u00e1m vette.<br \/>\nMell\u00e9 az iboly\u00e1t a szeret\u0151m anyja t\u0171zte.<br \/>\nS\u00edr az \u00e9desany\u00e1m, a szeret\u0151m anyja gy\u00e1szol.<br \/>\nEllens\u00e9ges \u00e1gy\u00fagoly\u00f3 v\u00e1laszt el egym\u00e1st\u00f3l.<br \/>\nS\u00edr az \u00e9desany\u00e1m, a szeret\u0151m anyja gy\u00e1szol.<br \/>\nEllens\u00e9ges \u00e1gy\u00fagoly\u00f3 v\u00e1laszt el egym\u00e1st\u00f3l.<br \/>\n&#8212;Solo&#8212;<br \/>\nEz a csinos barna kisl\u00e1ny kimegy az erd\u0151be.<br \/>\nSzedi az iboly\u00e1t, f\u00f6l tekint a magos \u00e9gre.<br \/>\nSzedi az iboly\u00e1t, f\u00f6l tekint a magos \u00e9gre.<br \/>\nJaj istenem most viszik a bab\u00e1mat a hat\u00e1r sz\u00e9l&#8217;re.<br \/>\nSzedi az iboly\u00e1t, f\u00f6l tekint a magos \u00e9gre.<br \/>\nJaj istenem most viszik a bab\u00e1mat a hat\u00e1r sz\u00e9l&#8217;re.<br \/>\n&#8212;Solo&#8212;<br \/>\n&#8212;Jer\u00f3 Music &#8211; 2022.&#8212;<\/p>\n","protected":false},"featured_media":9772,"template":"","meta":{"site-sidebar-layout":"default","site-content-layout":"default","ast-site-content-layout":"default","site-content-style":"default","site-sidebar-style":"default","ast-global-header-display":"","ast-banner-title-visibility":"","ast-main-header-display":"","ast-hfb-above-header-display":"","ast-hfb-below-header-display":"","ast-hfb-mobile-header-display":"","site-post-title":"","ast-breadcrumbs-content":"","ast-featured-img":"","footer-sml-layout":"","theme-transparent-header-meta":"default","adv-header-id-meta":"","stick-header-meta":"","header-above-stick-meta":"","header-main-stick-meta":"","header-below-stick-meta":"","astra-migrate-meta-layouts":"set","ast-page-background-enabled":"default","ast-page-background-meta":{"desktop":{"background-color":"var(--ast-global-color-4)","background-image":"","background-repeat":"repeat","background-position":"center center","background-size":"auto","background-attachment":"scroll","background-type":"","background-media":"","overlay-type":"","overlay-color":"","overlay-opacity":"","overlay-gradient":""},"tablet":{"background-color":"","background-image":"","background-repeat":"repeat","background-position":"center center","background-size":"auto","background-attachment":"scroll","background-type":"","background-media":"","overlay-type":"","overlay-color":"","overlay-opacity":"","overlay-gradient":""},"mobile":{"background-color":"","background-image":"","background-repeat":"repeat","background-position":"center center","background-size":"auto","background-attachment":"scroll","background-type":"","background-media":"","overlay-type":"","overlay-color":"","overlay-opacity":"","overlay-gradient":""}},"ast-content-background-meta":{"desktop":{"background-color":"var(--ast-global-color-5)","background-image":"","background-repeat":"repeat","background-position":"center center","background-size":"auto","background-attachment":"scroll","background-type":"","background-media":"","overlay-type":"","overlay-color":"","overlay-opacity":"","overlay-gradient":""},"tablet":{"background-color":"var(--ast-global-color-5)","background-image":"","background-repeat":"repeat","background-position":"center center","background-size":"auto","background-attachment":"scroll","background-type":"","background-media":"","overlay-type":"","overlay-color":"","overlay-opacity":"","overlay-gradient":""},"mobile":{"background-color":"var(--ast-global-color-5)","background-image":"","background-repeat":"repeat","background-position":"center center","background-size":"auto","background-attachment":"scroll","background-type":"","background-media":"","overlay-type":"","overlay-color":"","overlay-opacity":"","overlay-gradient":""}}},"product_cat":[75],"product_tag":[],"class_list":["post-6047","product","type-product","status-publish","has-post-thumbnail","hentry","product_cat-jerzsele-zoltan","desktop-align-left","tablet-align-left","mobile-align-left"],"_links":{"self":[{"href":"https:\/\/www.sunkaraoke.hu\/index.php\/wp-json\/wp\/v2\/product\/6047","targetHints":{"allow":["GET"]}}],"collection":[{"href":"https:\/\/www.sunkaraoke.hu\/index.php\/wp-json\/wp\/v2\/product"}],"about":[{"href":"https:\/\/www.sunkaraoke.hu\/index.php\/wp-json\/wp\/v2\/types\/product"}],"wp:featuredmedia":[{"embeddable":true,"href":"https:\/\/www.sunkaraoke.hu\/index.php\/wp-json\/wp\/v2\/media\/9772"}],"wp:attachment":[{"href":"https:\/\/www.sunkaraoke.hu\/index.php\/wp-json\/wp\/v2\/media?parent=6047"}],"wp:term":[{"taxonomy":"product_cat","embeddable":true,"href":"https:\/\/www.sunkaraoke.hu\/index.php\/wp-json\/wp\/v2\/product_cat?post=6047"},{"taxonomy":"product_tag","embeddable":true,"href":"https:\/\/www.sunkaraoke.hu\/index.php\/wp-json\/wp\/v2\/product_tag?post=6047"}],"curies":[{"name":"wp","href":"https:\/\/api.w.org\/{rel}","templated":true}]}}