{"id":6046,"date":"2022-08-08T20:50:21","date_gmt":"2022-08-08T20:50:21","guid":{"rendered":"https:\/\/www.sunkaraoke.hu\/index.php\/termek\/jerzsele-zoltan-afrika\/"},"modified":"2025-04-13T14:57:08","modified_gmt":"2025-04-13T14:57:08","slug":"jerzsele-zoltan-afrika","status":"publish","type":"product","link":"https:\/\/www.sunkaraoke.hu\/index.php\/termek\/jerzsele-zoltan-afrika\/","title":{"rendered":"<div class=\"wcmp-player-container product-6046\"><audio controlslist=\"nodownload\" data-product=\"6046\"  volume=\"1\"  preload=\"none\" data-lazyloading=\"none\" class=\"wcmp-player track mejs-classic\" data-duration=\"0:38\" data-estimated_duration=\"4\"><source src=\"https:\/\/www.sunkaraoke.hu\/wp-content\/uploads\/2022\/08\/Afrika-Voc-Jero.-kdemoo.mp3\" type=\"audio\/mp3\" \/><\/audio><\/div>Jerzsele Zolt\u00e1n &#8211; Afrika (Original)"},"content":{"rendered":"<p><strong>04:15<\/strong> | <strong><img loading=\"lazy\" decoding=\"async\" class=\"alignnone size-full wp-image-466\" src=\"https:\/\/www.sunkaraoke.hu\/wp-content\/uploads\/2022\/07\/choir_1-copy.webp\" alt=\"\" width=\"30\" height=\"30\" \/> <\/strong><\/p>\n","protected":false},"excerpt":{"rendered":"<h6><strong>Bits\u0171r\u0171s\u00e9g: 320<\/strong>kb\/s<strong><br \/>\n<\/strong><strong>Hossz: <\/strong>04:15<strong><br \/>\n<\/strong><strong style=\"font-size: 16px;\">Vok\u00e1lt tartalmaz: <\/strong>Igen <img loading=\"lazy\" decoding=\"async\" class=\"alignnone size-full wp-image-466\" src=\"http:\/\/www.sunkaraoke.hu\/wp-content\/uploads\/2022\/07\/choir_1-copy.png\" alt=\"\" width=\"30\" height=\"30\" \/><strong style=\"font-size: 16px;\"><br \/>\n<\/strong><\/h6>\n<p>Sunkaraoke mp3 st\u00fadi\u00f3 \/ www.sunkaraoke.hu \/ Inf: Tel: 06 20 4275001<\/p>\n<p>&#8212;Intro&#8212;<br \/>\nHa meguntam, hogy mindig itt legyek.<br \/>\nMajd utazgatok, mert utazni \u00e9lvezet.<br \/>\nDe sz\u00f3ba se j\u00f6het Csehszlov\u00e1kia.<br \/>\nCsak a j\u00f3 meleg Afrika, ott f\u00fclledt az erotika, Aha-ha.<br \/>\nKib\u00e9relek egy j\u00f3 nagy puputev\u00e9t.<br \/>\nBej\u00e1rom Keny\u00e1t \u00e9s Zimbabw\u00e9t.<br \/>\nMinden feket\u00e9nek fizetek egy feket\u00e9t.<br \/>\nT\u00f6m\u00e9ny romantika, im\u00e1dlak Afrika, Aha-ha.<br \/>\nP\u00e1rduc, oroszl\u00e1n, gorilla, mak\u00e1k\u00f3.<br \/>\nBambuszn\u00e1d, majomkeny\u00e9rfa, k\u00f3kuszdi\u00f3.<br \/>\nSzavann\u00e1k, fekete n\u0151k&#8230;<br \/>\n\u00d3-\u00f3-\u00f3, Afrika!<br \/>\nA l\u00e1nyokat majd a boz\u00f3tba cs\u00e1b\u00edtom.<br \/>\nEgy n\u00e9gercs\u00f3k\u00e9rt mindenem odaadom.<br \/>\nUt\u00f3lag \u00fagyis az eg\u00e9szet letagadom.<br \/>\nHa k\u00e9rditek idehaza: Na milyen volt Afrika? Aha-ha.<br \/>\nP\u00e1rduc, oroszl\u00e1n, gorilla, mak\u00e1k\u00f3.<br \/>\nBambuszn\u00e1d, majomkeny\u00e9rfa, k\u00f3kuszdi\u00f3.<br \/>\nSzavann\u00e1k, fekete n\u0151k&#8230;<br \/>\n\u00d3-\u00f3-\u00f3, Afrika!<br \/>\n&#8212;Solo&#8212;<br \/>\n&#8212;Pr\u00f3za&#8212;<br \/>\nP\u00e1rduc, oroszl\u00e1n, gorilla, mak\u00e1k\u00f3.<br \/>\nBambuszn\u00e1d, majomkeny\u00e9rfa, k\u00f3kuszdi\u00f3.<br \/>\nSzavann\u00e1k, fekete n\u0151k&#8230;<br \/>\n\u00d3-\u00f3-\u00f3, Afrika!<br \/>\n&#8212;Git\u00e1r Solo&#8212;<br \/>\nSzavann\u00e1k, fekete n\u0151k&#8230;<br \/>\n\u00d3-\u00f3-\u00f3, Afrika!<br \/>\n&#8212;Coda&#8212;<br \/>\n&#8211;Jer\u00f3 Music &#8211; 2022.&#8212;<\/p>\n","protected":false},"featured_media":9772,"template":"","meta":{"site-sidebar-layout":"default","site-content-layout":"default","ast-site-content-layout":"default","site-content-style":"default","site-sidebar-style":"default","ast-global-header-display":"","ast-banner-title-visibility":"","ast-main-header-display":"","ast-hfb-above-header-display":"","ast-hfb-below-header-display":"","ast-hfb-mobile-header-display":"","site-post-title":"","ast-breadcrumbs-content":"","ast-featured-img":"","footer-sml-layout":"","theme-transparent-header-meta":"default","adv-header-id-meta":"","stick-header-meta":"","header-above-stick-meta":"","header-main-stick-meta":"","header-below-stick-meta":"","astra-migrate-meta-layouts":"set","ast-page-background-enabled":"default","ast-page-background-meta":{"desktop":{"background-color":"var(--ast-global-color-4)","background-image":"","background-repeat":"repeat","background-position":"center center","background-size":"auto","background-attachment":"scroll","background-type":"","background-media":"","overlay-type":"","overlay-color":"","overlay-opacity":"","overlay-gradient":""},"tablet":{"background-color":"","background-image":"","background-repeat":"repeat","background-position":"center center","background-size":"auto","background-attachment":"scroll","background-type":"","background-media":"","overlay-type":"","overlay-color":"","overlay-opacity":"","overlay-gradient":""},"mobile":{"background-color":"","background-image":"","background-repeat":"repeat","background-position":"center center","background-size":"auto","background-attachment":"scroll","background-type":"","background-media":"","overlay-type":"","overlay-color":"","overlay-opacity":"","overlay-gradient":""}},"ast-content-background-meta":{"desktop":{"background-color":"var(--ast-global-color-5)","background-image":"","background-repeat":"repeat","background-position":"center center","background-size":"auto","background-attachment":"scroll","background-type":"","background-media":"","overlay-type":"","overlay-color":"","overlay-opacity":"","overlay-gradient":""},"tablet":{"background-color":"var(--ast-global-color-5)","background-image":"","background-repeat":"repeat","background-position":"center center","background-size":"auto","background-attachment":"scroll","background-type":"","background-media":"","overlay-type":"","overlay-color":"","overlay-opacity":"","overlay-gradient":""},"mobile":{"background-color":"var(--ast-global-color-5)","background-image":"","background-repeat":"repeat","background-position":"center center","background-size":"auto","background-attachment":"scroll","background-type":"","background-media":"","overlay-type":"","overlay-color":"","overlay-opacity":"","overlay-gradient":""}}},"product_cat":[75],"product_tag":[],"class_list":["post-6046","product","type-product","status-publish","has-post-thumbnail","hentry","product_cat-jerzsele-zoltan","desktop-align-left","tablet-align-left","mobile-align-left"],"_links":{"self":[{"href":"https:\/\/www.sunkaraoke.hu\/index.php\/wp-json\/wp\/v2\/product\/6046","targetHints":{"allow":["GET"]}}],"collection":[{"href":"https:\/\/www.sunkaraoke.hu\/index.php\/wp-json\/wp\/v2\/product"}],"about":[{"href":"https:\/\/www.sunkaraoke.hu\/index.php\/wp-json\/wp\/v2\/types\/product"}],"wp:featuredmedia":[{"embeddable":true,"href":"https:\/\/www.sunkaraoke.hu\/index.php\/wp-json\/wp\/v2\/media\/9772"}],"wp:attachment":[{"href":"https:\/\/www.sunkaraoke.hu\/index.php\/wp-json\/wp\/v2\/media?parent=6046"}],"wp:term":[{"taxonomy":"product_cat","embeddable":true,"href":"https:\/\/www.sunkaraoke.hu\/index.php\/wp-json\/wp\/v2\/product_cat?post=6046"},{"taxonomy":"product_tag","embeddable":true,"href":"https:\/\/www.sunkaraoke.hu\/index.php\/wp-json\/wp\/v2\/product_tag?post=6046"}],"curies":[{"name":"wp","href":"https:\/\/api.w.org\/{rel}","templated":true}]}}