{"id":6045,"date":"2022-08-08T20:50:21","date_gmt":"2022-08-08T20:50:21","guid":{"rendered":"https:\/\/www.sunkaraoke.hu\/index.php\/termek\/jerzsele-zoltan-valamit-szeretnek-ma-ejjel\/"},"modified":"2025-04-14T04:40:44","modified_gmt":"2025-04-14T04:40:44","slug":"jerzsele-zoltan-valamit-szeretnek-ma-ejjel","status":"publish","type":"product","link":"https:\/\/www.sunkaraoke.hu\/index.php\/termek\/jerzsele-zoltan-valamit-szeretnek-ma-ejjel\/","title":{"rendered":"<div class=\"wcmp-player-container product-6045\"><audio controlslist=\"nodownload\" data-product=\"6045\"  volume=\"1\"  preload=\"none\" data-lazyloading=\"none\" class=\"wcmp-player track mejs-classic\" data-duration=\"0:36\" data-estimated_duration=\"4\"><source src=\"https:\/\/www.sunkaraoke.hu\/wp-content\/uploads\/2022\/08\/Valamit-szeretnek-Voc-Jero.-demooo.mp3\" type=\"audio\/mp3\" \/><\/audio><\/div>Jerzsele Zolt\u00e1n &#8211; Valamit szeretn\u00e9k ma \u00e9jjel (Original)"},"content":{"rendered":"<p><strong>03:43<\/strong> | <strong><img loading=\"lazy\" decoding=\"async\" class=\"alignnone size-full wp-image-466\" src=\"https:\/\/www.sunkaraoke.hu\/wp-content\/uploads\/2022\/07\/choir_1-copy.webp\" alt=\"\" width=\"30\" height=\"30\" \/> <\/strong><\/p>\n","protected":false},"excerpt":{"rendered":"<h6><strong>Bits\u0171r\u0171s\u00e9g: 320<\/strong>kb\/s<strong><br \/>\n<\/strong><strong>Hossz: <\/strong>03:43<strong><br \/>\n<\/strong><strong style=\"font-size: 16px;\">Vok\u00e1lt tartalmaz: <\/strong>Igen <img loading=\"lazy\" decoding=\"async\" class=\"alignnone size-full wp-image-466\" src=\"http:\/\/www.sunkaraoke.hu\/wp-content\/uploads\/2022\/07\/choir_1-copy.png\" alt=\"\" width=\"30\" height=\"30\" \/><strong style=\"font-size: 16px;\"><br \/>\n<\/strong><\/h6>\n<p>Sunkaraoke mp3 st\u00fadi\u00f3 \/ www.sunkaraoke.hu \/ Inf: Tel: 06 20 4275001<\/p>\n<p>&#8212;Intro&#8212;Cm&#8212;<br \/>\n&#8212;F\u00fav\u00f3s&#8212;<br \/>\nA szerelem volt\u00e1l, a szerelem vagy m\u00e9g.<br \/>\nKimaradt p\u00e1r \u00e9v, mondd! mi\u00e9rt?<br \/>\nSzomor\u00fa lett\u00e9l, ugyan\u00fagy mint \u00e9n.<br \/>\nKeresem m\u00e1r r\u00e9g, hogy mi\u00e9rt?<br \/>\nValamit szeretn\u00e9k ma \u00e9jjel, s\u00fagni \u00e9n neked.<br \/>\nSzeretn\u00e9m hogy \u00e9rezd: azt hogy rossz volt n\u00e9lk\u00fcled!<br \/>\nValamit szeretn\u00e9k ma \u00e9jjel, \u00f6sszeb\u00fajhatn\u00e1nk.<br \/>\nSzeretn\u00e9m ha s\u00fagn\u00e1d: adj egy \u0151r\u00fclt \u00e9jszak\u00e1t!<br \/>\nA szerelem vagy m\u00e9g, a szerelem volt\u00e1l.<br \/>\nKimaradt p\u00e1r \u00e9v, err\u0151l \u00e1lmodt\u00e1l?<br \/>\nSzomor\u00fa lett\u00e9l, ugyan\u00fagy mint \u00e9n.<br \/>\nTudom azt m\u00e1r r\u00e9g, hogy mi\u00e9rt!<br \/>\nValamit szeretn\u00e9k ma \u00e9jjel, s\u00fagni \u00e9n neked.<br \/>\nSzeretn\u00e9m hogy \u00e9rezd: azt hogy rossz volt n\u00e9lk\u00fcled!<br \/>\nValamit szeretn\u00e9k ma \u00e9jjel, \u00f6sszeb\u00fajhatn\u00e1nk.<br \/>\nSzeretn\u00e9m ha s\u00fagn\u00e1d: adj egy \u0151r\u00fclt \u00e9jszak\u00e1t!<br \/>\n&#8212;F\u00fav\u00f3s&#8212;<br \/>\n&#8212;Git\u00e1r Solo&#8212;<br \/>\nValamit szeretn\u00e9k ma \u00e9jjel, s\u00fagni \u00e9n neked.<br \/>\nSzeretn\u00e9m hogy \u00e9rezd: azt hogy rossz volt n\u00e9lk\u00fcled!<br \/>\nValamit szeretn\u00e9k ma \u00e9jjel, \u00f6sszeb\u00fajhatn\u00e1nk.<br \/>\nSzeretn\u00e9m ha s\u00fagn\u00e1d: adj egy \u0151r\u00fclt \u00e9jszak\u00e1t!<br \/>\n&#8212;Acc. Solo&#8212;<br \/>\nValamit szeretn\u00e9k ma \u00e9jjel, s\u00fagni \u00e9n neked.<br \/>\nSzeretn\u00e9m hogy \u00e9rezd: azt hogy rossz volt n\u00e9lk\u00fcled!<br \/>\nValamit szeretn\u00e9k ma \u00e9jjel, \u00f6sszeb\u00fajhatn\u00e1nk.<br \/>\nSzeretn\u00e9m ha s\u00fagn\u00e1d: adj egy \u0151r\u00fclt \u00e9jszak\u00e1t!<br \/>\nValamit szeretn\u00e9k ma \u00e9jjel, s\u00fagni \u00e9n neked.<br \/>\nSzeretn\u00e9m hogy \u00e9rezd: azt hogy rossz volt n\u00e9lk\u00fcled!<br \/>\nValamit szeretn\u00e9k ma \u00e9jjel, \u00f6sszeb\u00fajhatn\u00e1nk.<br \/>\nSzeretn\u00e9m ha s\u00fagn\u00e1d: adj egy \u0151r\u00fclt \u00e9jszak\u00e1t!!!<br \/>\n&#8212;Jer\u00f3 Music &#8211; 2022.&#8212;<\/p>\n","protected":false},"featured_media":9772,"template":"","meta":{"site-sidebar-layout":"default","site-content-layout":"default","ast-site-content-layout":"default","site-content-style":"default","site-sidebar-style":"default","ast-global-header-display":"","ast-banner-title-visibility":"","ast-main-header-display":"","ast-hfb-above-header-display":"","ast-hfb-below-header-display":"","ast-hfb-mobile-header-display":"","site-post-title":"","ast-breadcrumbs-content":"","ast-featured-img":"","footer-sml-layout":"","theme-transparent-header-meta":"default","adv-header-id-meta":"","stick-header-meta":"","header-above-stick-meta":"","header-main-stick-meta":"","header-below-stick-meta":"","astra-migrate-meta-layouts":"set","ast-page-background-enabled":"default","ast-page-background-meta":{"desktop":{"background-color":"var(--ast-global-color-4)","background-image":"","background-repeat":"repeat","background-position":"center center","background-size":"auto","background-attachment":"scroll","background-type":"","background-media":"","overlay-type":"","overlay-color":"","overlay-opacity":"","overlay-gradient":""},"tablet":{"background-color":"","background-image":"","background-repeat":"repeat","background-position":"center center","background-size":"auto","background-attachment":"scroll","background-type":"","background-media":"","overlay-type":"","overlay-color":"","overlay-opacity":"","overlay-gradient":""},"mobile":{"background-color":"","background-image":"","background-repeat":"repeat","background-position":"center center","background-size":"auto","background-attachment":"scroll","background-type":"","background-media":"","overlay-type":"","overlay-color":"","overlay-opacity":"","overlay-gradient":""}},"ast-content-background-meta":{"desktop":{"background-color":"var(--ast-global-color-5)","background-image":"","background-repeat":"repeat","background-position":"center center","background-size":"auto","background-attachment":"scroll","background-type":"","background-media":"","overlay-type":"","overlay-color":"","overlay-opacity":"","overlay-gradient":""},"tablet":{"background-color":"var(--ast-global-color-5)","background-image":"","background-repeat":"repeat","background-position":"center center","background-size":"auto","background-attachment":"scroll","background-type":"","background-media":"","overlay-type":"","overlay-color":"","overlay-opacity":"","overlay-gradient":""},"mobile":{"background-color":"var(--ast-global-color-5)","background-image":"","background-repeat":"repeat","background-position":"center center","background-size":"auto","background-attachment":"scroll","background-type":"","background-media":"","overlay-type":"","overlay-color":"","overlay-opacity":"","overlay-gradient":""}}},"product_cat":[75],"product_tag":[],"class_list":["post-6045","product","type-product","status-publish","has-post-thumbnail","hentry","product_cat-jerzsele-zoltan","desktop-align-left","tablet-align-left","mobile-align-left"],"_links":{"self":[{"href":"https:\/\/www.sunkaraoke.hu\/index.php\/wp-json\/wp\/v2\/product\/6045","targetHints":{"allow":["GET"]}}],"collection":[{"href":"https:\/\/www.sunkaraoke.hu\/index.php\/wp-json\/wp\/v2\/product"}],"about":[{"href":"https:\/\/www.sunkaraoke.hu\/index.php\/wp-json\/wp\/v2\/types\/product"}],"wp:featuredmedia":[{"embeddable":true,"href":"https:\/\/www.sunkaraoke.hu\/index.php\/wp-json\/wp\/v2\/media\/9772"}],"wp:attachment":[{"href":"https:\/\/www.sunkaraoke.hu\/index.php\/wp-json\/wp\/v2\/media?parent=6045"}],"wp:term":[{"taxonomy":"product_cat","embeddable":true,"href":"https:\/\/www.sunkaraoke.hu\/index.php\/wp-json\/wp\/v2\/product_cat?post=6045"},{"taxonomy":"product_tag","embeddable":true,"href":"https:\/\/www.sunkaraoke.hu\/index.php\/wp-json\/wp\/v2\/product_tag?post=6045"}],"curies":[{"name":"wp","href":"https:\/\/api.w.org\/{rel}","templated":true}]}}