{"id":6039,"date":"2022-08-08T20:50:21","date_gmt":"2022-08-08T20:50:21","guid":{"rendered":"https:\/\/www.sunkaraoke.hu\/index.php\/termek\/jerzsele-zoltan-a-csond-eve\/"},"modified":"2025-04-13T14:59:22","modified_gmt":"2025-04-13T14:59:22","slug":"jerzsele-zoltan-a-csond-eve","status":"publish","type":"product","link":"https:\/\/www.sunkaraoke.hu\/index.php\/termek\/jerzsele-zoltan-a-csond-eve\/","title":{"rendered":"<div class=\"wcmp-player-container product-6039\"><audio controlslist=\"nodownload\" data-product=\"6039\"  volume=\"1\"  preload=\"none\" data-lazyloading=\"none\" class=\"wcmp-player track mejs-classic\" data-duration=\"0:34\" data-estimated_duration=\"4\"><source src=\"https:\/\/www.sunkaraoke.hu\/wp-content\/uploads\/2022\/08\/A-csond-eve-Jero.-kademooo.mp3\" type=\"audio\/mp3\" \/><\/audio><\/div>Jerzsele Zolt\u00e1n &#8211; A cs\u00f6nd \u00e9ve (Original)"},"content":{"rendered":"<p><strong>04:02<\/strong> | <strong><img loading=\"lazy\" decoding=\"async\" class=\"alignnone size-full wp-image-467\" src=\"https:\/\/www.sunkaraoke.hu\/wp-content\/uploads\/2022\/07\/choir_2-copy.webp\" alt=\"\" width=\"30\" height=\"30\" \/> <\/strong><\/p>\n","protected":false},"excerpt":{"rendered":"<h6><strong>Bits\u0171r\u0171s\u00e9g: 320<\/strong>kb\/s<strong><br \/>\n<\/strong><strong>Hossz: <\/strong>04:02<strong><br \/>\n<\/strong><strong style=\"font-size: 16px;\">Vok\u00e1lt tartalmaz: <\/strong>Nem <img loading=\"lazy\" decoding=\"async\" class=\"alignnone size-full wp-image-467\" src=\"http:\/\/www.sunkaraoke.hu\/wp-content\/uploads\/2022\/07\/choir_2-copy.png\" alt=\"\" width=\"30\" height=\"30\" \/><strong style=\"font-size: 16px;\"><br \/>\n<\/strong><\/h6>\n<p>Sunkaraoke mp3 st\u00fadi\u00f3 \/ www.sunkaraoke.hu \/ Inf: Tel: 06 20 4275001<\/p>\n<p>&#8212;Intro&#8212;<br \/>\nH\u0171v\u00f6s volt ez a nap, \u00e9s az \u00fajs\u00e1gok szerint,<br \/>\nj\u00f6n az es\u0151, j\u00f6n az \u0151sz, hossz\u00fa t\u00e9l lesz megint.<br \/>\nH\u00faz\u00f3dj m\u00e9g k\u00f6zelebb, s ha egy kev\u00e9s bor maradt,<br \/>\noszd meg velem a poharad, ugyan\u00fagy mint szebb id\u0151kben.<br \/>\nEz a cs\u00f6nd \u00e9ve volt, k\u00f6r\u00fcl z\u00e1rt, \u00e1tkarolt.<br \/>\nGyere h\u00e1t, legal\u00e1bb te l\u00e9gy kicsit bolond.<br \/>\nEz a cs\u00f6nd \u00e9ve volt, szinte f\u00e1jt, ahogy \u00e1tkarolt.<br \/>\nGyere h\u00e1t, legal\u00e1bb te l\u00e9gy kicsit bolond.<br \/>\nH\u00faz\u00f3dj m\u00e9g k\u00f6zelebb, hajtsd a p\u00e1rn\u00e1mra fejed,<br \/>\ns az a p\u00e1nc\u00e9l ami \u00f3v, f\u00f6ldre hullik lehet.<br \/>\nNe besz\u00e9lj, dal sem kell, m\u00e1r a zen\u00e9k sem azok,<br \/>\namik neh\u00e9z napokon, v\u00e9g\u00fcl is r\u00f3lunk sz\u00f3ltak.<br \/>\nEz a cs\u00f6nd \u00e9ve volt, k\u00f6r\u00fcl z\u00e1rt, \u00e1tkarolt.<br \/>\nGyere h\u00e1t, legal\u00e1bb te l\u00e9gy kicsit bolond.<br \/>\n&#8212;Git\u00e1r Solo&#8212;<br \/>\nEz a cs\u00f6nd \u00e9ve volt, szinte f\u00e1jt, ahogy \u00e1tkarolt.<br \/>\nGyere h\u00e1t, legal\u00e1bb te l\u00e9gy kicsit bolond.<br \/>\nEz a cs\u00f6nd \u00e9ve volt, lassan elfogy mint a hold.<br \/>\nGyere h\u00e1t, legal\u00e1bb te l\u00e9gy kicsit bolond.<br \/>\nEz a cs\u00f6nd \u00e9ve volt!<br \/>\n&#8212;Jer\u00f3 Music &#8211; 2022.&#8212;<\/p>\n","protected":false},"featured_media":9772,"template":"","meta":{"site-sidebar-layout":"default","site-content-layout":"default","ast-site-content-layout":"default","site-content-style":"default","site-sidebar-style":"default","ast-global-header-display":"","ast-banner-title-visibility":"","ast-main-header-display":"","ast-hfb-above-header-display":"","ast-hfb-below-header-display":"","ast-hfb-mobile-header-display":"","site-post-title":"","ast-breadcrumbs-content":"","ast-featured-img":"","footer-sml-layout":"","theme-transparent-header-meta":"default","adv-header-id-meta":"","stick-header-meta":"","header-above-stick-meta":"","header-main-stick-meta":"","header-below-stick-meta":"","astra-migrate-meta-layouts":"set","ast-page-background-enabled":"default","ast-page-background-meta":{"desktop":{"background-color":"var(--ast-global-color-4)","background-image":"","background-repeat":"repeat","background-position":"center center","background-size":"auto","background-attachment":"scroll","background-type":"","background-media":"","overlay-type":"","overlay-color":"","overlay-opacity":"","overlay-gradient":""},"tablet":{"background-color":"","background-image":"","background-repeat":"repeat","background-position":"center center","background-size":"auto","background-attachment":"scroll","background-type":"","background-media":"","overlay-type":"","overlay-color":"","overlay-opacity":"","overlay-gradient":""},"mobile":{"background-color":"","background-image":"","background-repeat":"repeat","background-position":"center center","background-size":"auto","background-attachment":"scroll","background-type":"","background-media":"","overlay-type":"","overlay-color":"","overlay-opacity":"","overlay-gradient":""}},"ast-content-background-meta":{"desktop":{"background-color":"var(--ast-global-color-5)","background-image":"","background-repeat":"repeat","background-position":"center center","background-size":"auto","background-attachment":"scroll","background-type":"","background-media":"","overlay-type":"","overlay-color":"","overlay-opacity":"","overlay-gradient":""},"tablet":{"background-color":"var(--ast-global-color-5)","background-image":"","background-repeat":"repeat","background-position":"center center","background-size":"auto","background-attachment":"scroll","background-type":"","background-media":"","overlay-type":"","overlay-color":"","overlay-opacity":"","overlay-gradient":""},"mobile":{"background-color":"var(--ast-global-color-5)","background-image":"","background-repeat":"repeat","background-position":"center center","background-size":"auto","background-attachment":"scroll","background-type":"","background-media":"","overlay-type":"","overlay-color":"","overlay-opacity":"","overlay-gradient":""}}},"product_cat":[75],"product_tag":[],"class_list":["post-6039","product","type-product","status-publish","has-post-thumbnail","hentry","product_cat-jerzsele-zoltan","desktop-align-left","tablet-align-left","mobile-align-left"],"_links":{"self":[{"href":"https:\/\/www.sunkaraoke.hu\/index.php\/wp-json\/wp\/v2\/product\/6039","targetHints":{"allow":["GET"]}}],"collection":[{"href":"https:\/\/www.sunkaraoke.hu\/index.php\/wp-json\/wp\/v2\/product"}],"about":[{"href":"https:\/\/www.sunkaraoke.hu\/index.php\/wp-json\/wp\/v2\/types\/product"}],"wp:featuredmedia":[{"embeddable":true,"href":"https:\/\/www.sunkaraoke.hu\/index.php\/wp-json\/wp\/v2\/media\/9772"}],"wp:attachment":[{"href":"https:\/\/www.sunkaraoke.hu\/index.php\/wp-json\/wp\/v2\/media?parent=6039"}],"wp:term":[{"taxonomy":"product_cat","embeddable":true,"href":"https:\/\/www.sunkaraoke.hu\/index.php\/wp-json\/wp\/v2\/product_cat?post=6039"},{"taxonomy":"product_tag","embeddable":true,"href":"https:\/\/www.sunkaraoke.hu\/index.php\/wp-json\/wp\/v2\/product_tag?post=6039"}],"curies":[{"name":"wp","href":"https:\/\/api.w.org\/{rel}","templated":true}]}}