{"id":6038,"date":"2022-08-08T20:50:20","date_gmt":"2022-08-08T20:50:20","guid":{"rendered":"https:\/\/www.sunkaraoke.hu\/index.php\/termek\/jerzsele-zoltan-volt-e-mas-bolond\/"},"modified":"2025-04-13T15:06:45","modified_gmt":"2025-04-13T15:06:45","slug":"jerzsele-zoltan-volt-e-mas-bolond","status":"publish","type":"product","link":"https:\/\/www.sunkaraoke.hu\/index.php\/termek\/jerzsele-zoltan-volt-e-mas-bolond\/","title":{"rendered":"<div class=\"wcmp-player-container product-6038\"><audio controlslist=\"nodownload\" data-product=\"6038\"  volume=\"1\"  preload=\"none\" data-lazyloading=\"none\" class=\"wcmp-player track mejs-classic\" data-duration=\"0:33\" data-estimated_duration=\"4\"><source src=\"https:\/\/www.sunkaraoke.hu\/wp-content\/uploads\/2022\/08\/Volt-e-mas-bolond-Jero.-kdemoo.mp3\" type=\"audio\/mp3\" \/><\/audio><\/div>Jerzsele Zolt\u00e1n &#8211; Volt-e m\u00e1s bolond (Original)"},"content":{"rendered":"<p><strong>04:28<\/strong> | <strong><img loading=\"lazy\" decoding=\"async\" class=\"alignnone size-full wp-image-467\" src=\"https:\/\/www.sunkaraoke.hu\/wp-content\/uploads\/2022\/07\/choir_2-copy.webp\" alt=\"\" width=\"30\" height=\"30\" \/> <\/strong><\/p>\n","protected":false},"excerpt":{"rendered":"<h6><strong>Bits\u0171r\u0171s\u00e9g: 320<\/strong>kb\/s<strong><br \/>\n<\/strong><strong>Hossz: <\/strong>04:28<strong><br \/>\n<\/strong><strong style=\"font-size: 16px;\">Vok\u00e1lt tartalmaz: <\/strong>Nem <img loading=\"lazy\" decoding=\"async\" class=\"alignnone size-full wp-image-467\" src=\"http:\/\/www.sunkaraoke.hu\/wp-content\/uploads\/2022\/07\/choir_2-copy.png\" alt=\"\" width=\"30\" height=\"30\" \/><strong style=\"font-size: 16px;\"><br \/>\n<\/strong><\/h6>\n<p>Sunkaraoke mp3 st\u00fadi\u00f3 \/ www.sunkaraoke.hu \/ Inf: Tel: 06 20 4275001<\/p>\n<p>&#8212;Intro&#8212;Cm&#8212;<br \/>\n&#8212;Solo&#8212;<br \/>\nAlszik a v\u00e1ros sehol sincs f\u00e9ny,<br \/>\nelhagyott utc\u00e1n bolyongok \u00e9n.<br \/>\nNem hallja senki l\u00e9ptem halk zaj\u00e1t!<br \/>\nAlszik a v\u00e1ros csend minden\u00fctt,<br \/>\nde ez a csend most \u00fagy sz\u00edven \u00fct.<br \/>\nMeddig kell m\u00e9g \u00edgy gondolnom re\u00e1d?<br \/>\nHazafel\u00e9 bandukolok, mag\u00e1nyos esti s\u00e9t\u00e1m v\u00e9get \u00e9r.<br \/>\nMegyek, megyek, r\u00e1d gondolok. Eml\u00e9ked h\u00edvatlanul visszat\u00e9r!<br \/>\nVolt-e m\u00e1s bolond ki \u00edgy szeretett t\u00e9ged,<br \/>\nilyen \u00f6nfeledten \u00e9s t\u00fcrelmesen?<br \/>\nVolt-e m\u00e1s bolond ki mindent megtett \u00e9rted?<br \/>\nUgye nem? Sohasem!<br \/>\n&#8212;Solo&#8212;<br \/>\nElhagyott utc\u00e1n magam vagyok,<br \/>\nh\u00e1zadhoz \u00e9rve megtorpanok.<br \/>\nF\u00e1j\u00f3 sz\u00edvemben \u00e9bred a rem\u00e9ny!<br \/>\nS\u00f6t\u00e9tek ott fenn az ablakok,<br \/>\nm\u00e9gis \u00fagy v\u00e1rok egy pillanatot.<br \/>\nMeddig kell m\u00e9g \u00edgy gondolnom re\u00e1d?<br \/>\nHazafel\u00e9 bandukolok, mag\u00e1nyos esti s\u00e9t\u00e1m v\u00e9get \u00e9r.<br \/>\nMegyek, megyek, r\u00e1d gondolok. Eml\u00e9ked h\u00edvatlanul visszat\u00e9r!<br \/>\nVolt-e m\u00e1s bolond ki \u00edgy szeretett t\u00e9ged,<br \/>\nilyen \u00f6nfeledten \u00e9s t\u00fcrelmesen?<br \/>\nVolt-e m\u00e1s bolond ki mindent megtett \u00e9rted?<br \/>\nUgye nem? Sohasem!<br \/>\nVolt-e m\u00e1s bolond ki \u00edgy szeretett t\u00e9ged,<br \/>\nilyen \u00f6nfeledten \u00e9s t\u00fcrelmesen?<br \/>\nVolt-e m\u00e1s bolond ki mindent megtett \u00e9rted?<br \/>\nUgye nem? Sohasem!!!<br \/>\n&#8212;Jer\u00f3 Music &#8211; 2022.&#8212;<\/p>\n","protected":false},"featured_media":9772,"template":"","meta":{"site-sidebar-layout":"default","site-content-layout":"default","ast-site-content-layout":"default","site-content-style":"default","site-sidebar-style":"default","ast-global-header-display":"","ast-banner-title-visibility":"","ast-main-header-display":"","ast-hfb-above-header-display":"","ast-hfb-below-header-display":"","ast-hfb-mobile-header-display":"","site-post-title":"","ast-breadcrumbs-content":"","ast-featured-img":"","footer-sml-layout":"","theme-transparent-header-meta":"default","adv-header-id-meta":"","stick-header-meta":"","header-above-stick-meta":"","header-main-stick-meta":"","header-below-stick-meta":"","astra-migrate-meta-layouts":"set","ast-page-background-enabled":"default","ast-page-background-meta":{"desktop":{"background-color":"var(--ast-global-color-4)","background-image":"","background-repeat":"repeat","background-position":"center center","background-size":"auto","background-attachment":"scroll","background-type":"","background-media":"","overlay-type":"","overlay-color":"","overlay-opacity":"","overlay-gradient":""},"tablet":{"background-color":"","background-image":"","background-repeat":"repeat","background-position":"center center","background-size":"auto","background-attachment":"scroll","background-type":"","background-media":"","overlay-type":"","overlay-color":"","overlay-opacity":"","overlay-gradient":""},"mobile":{"background-color":"","background-image":"","background-repeat":"repeat","background-position":"center center","background-size":"auto","background-attachment":"scroll","background-type":"","background-media":"","overlay-type":"","overlay-color":"","overlay-opacity":"","overlay-gradient":""}},"ast-content-background-meta":{"desktop":{"background-color":"var(--ast-global-color-5)","background-image":"","background-repeat":"repeat","background-position":"center center","background-size":"auto","background-attachment":"scroll","background-type":"","background-media":"","overlay-type":"","overlay-color":"","overlay-opacity":"","overlay-gradient":""},"tablet":{"background-color":"var(--ast-global-color-5)","background-image":"","background-repeat":"repeat","background-position":"center center","background-size":"auto","background-attachment":"scroll","background-type":"","background-media":"","overlay-type":"","overlay-color":"","overlay-opacity":"","overlay-gradient":""},"mobile":{"background-color":"var(--ast-global-color-5)","background-image":"","background-repeat":"repeat","background-position":"center center","background-size":"auto","background-attachment":"scroll","background-type":"","background-media":"","overlay-type":"","overlay-color":"","overlay-opacity":"","overlay-gradient":""}}},"product_cat":[75],"product_tag":[],"class_list":["post-6038","product","type-product","status-publish","has-post-thumbnail","hentry","product_cat-jerzsele-zoltan","desktop-align-left","tablet-align-left","mobile-align-left"],"_links":{"self":[{"href":"https:\/\/www.sunkaraoke.hu\/index.php\/wp-json\/wp\/v2\/product\/6038","targetHints":{"allow":["GET"]}}],"collection":[{"href":"https:\/\/www.sunkaraoke.hu\/index.php\/wp-json\/wp\/v2\/product"}],"about":[{"href":"https:\/\/www.sunkaraoke.hu\/index.php\/wp-json\/wp\/v2\/types\/product"}],"wp:featuredmedia":[{"embeddable":true,"href":"https:\/\/www.sunkaraoke.hu\/index.php\/wp-json\/wp\/v2\/media\/9772"}],"wp:attachment":[{"href":"https:\/\/www.sunkaraoke.hu\/index.php\/wp-json\/wp\/v2\/media?parent=6038"}],"wp:term":[{"taxonomy":"product_cat","embeddable":true,"href":"https:\/\/www.sunkaraoke.hu\/index.php\/wp-json\/wp\/v2\/product_cat?post=6038"},{"taxonomy":"product_tag","embeddable":true,"href":"https:\/\/www.sunkaraoke.hu\/index.php\/wp-json\/wp\/v2\/product_tag?post=6038"}],"curies":[{"name":"wp","href":"https:\/\/api.w.org\/{rel}","templated":true}]}}