{"id":6037,"date":"2022-08-08T20:50:20","date_gmt":"2022-08-08T20:50:20","guid":{"rendered":"https:\/\/www.sunkaraoke.hu\/index.php\/termek\/jerzsele-zoltan-a-zongoram-azt-suttogja-dikto-mamo\/"},"modified":"2025-03-05T16:41:14","modified_gmt":"2025-03-05T16:41:14","slug":"jerzsele-zoltan-a-zongoram-azt-suttogja-dikto-mamo","status":"publish","type":"product","link":"https:\/\/www.sunkaraoke.hu\/index.php\/termek\/jerzsele-zoltan-a-zongoram-azt-suttogja-dikto-mamo\/","title":{"rendered":"<div class=\"wcmp-player-container product-6037\"><audio controlslist=\"nodownload\" data-product=\"6037\"  volume=\"1\"  preload=\"none\" data-lazyloading=\"none\" class=\"wcmp-player track mejs-classic\" ><source src=\"https:\/\/www.sunkaraoke.hu\/wp-content\/uploads\/wcmp\/dabaaa77c1288b59e9e60297c47c4698.mp3\" type=\"audio\/mp3\" \/><\/audio><\/div>Jerzsele Zolt\u00e1n &#8211; A zongor\u00e1m azt suttogja (Dikto M\u00e1m\u00f3)"},"content":{"rendered":"<p><strong>03:42<\/strong> | <strong><img loading=\"lazy\" decoding=\"async\" class=\"alignnone size-full wp-image-467\" src=\"https:\/\/www.sunkaraoke.hu\/wp-content\/uploads\/2022\/07\/choir_2-copy.webp\" alt=\"\" width=\"30\" height=\"30\" \/> <\/p>\n","protected":false},"excerpt":{"rendered":"<p><strong>Bits\u0171r\u0171s\u00e9g: <\/strong>196kb\/s<strong><br \/>\n<\/strong><strong>Hossz: <\/strong>03:42<strong><br \/>\n<\/strong><strong style=\"font-size: 16px;\">Vok\u00e1lt tartalmaz: <\/strong>Nem <img loading=\"lazy\" decoding=\"async\" class=\"alignnone size-full wp-image-467\" src=\"http:\/\/www.sunkaraoke.hu\/wp-content\/uploads\/2022\/07\/choir_2-copy.png\" alt=\"\" width=\"30\" height=\"30\" \/><strong style=\"font-size: 16px;\"><br \/>\n<\/strong><\/p>\n<p>&nbsp;<\/p>\n<p>&#8212;Intro&#8212;<br \/>\n&#8212;S\u00e1jn\u00e1 n\u00e1jn\u00e1n\u00e9&#8230;&#8212;<br \/>\nA zongor\u00e1m azt susogja, elhagyott a sz\u00e9p Szuzanna,<br \/>\nh\u00e9j rom\u00e1l\u00e9, s\u00e1v\u00e1l\u00e9.<br \/>\nA zongor\u00e1m azt susogja, elhagyott a sz\u00e9p Szuzanna,<br \/>\nh\u00e9j rom\u00e1l\u00e9, s\u00e1v\u00e1l\u00e9.<br \/>\nHa bemegyek a kocsm\u00e1ba, m\u00e1ma m\u00e1ma temer\u00e1v.<br \/>\nR\u00e1v\u00e1gok a zongor\u00e1ra, m\u00e1ma m\u00e1ma temer\u00e1v.<br \/>\nA zongor\u00e1m azt susogja, elhagyott a sz\u00e9p Szuzanna,<br \/>\nh\u00e9j rom\u00e1l\u00e9, s\u00e1v\u00e1l\u00e9.<br \/>\nA zongor\u00e1m azt susogja, elhagyott a sz\u00e9p Szuzanna,<br \/>\nh\u00e9j rom\u00e1l\u00e9, s\u00e1v\u00e1l\u00e9.<br \/>\n&#8212;Solo&#8212;<br \/>\nHa bemegyek a kocsm\u00e1ba, m\u00e1ma m\u00e1ma temer\u00e1v.<br \/>\nR\u00e1v\u00e1gok a zongor\u00e1ra, m\u00e1ma m\u00e1ma temer\u00e1v.<br \/>\nA zongor\u00e1m azt susogja, elhagyott a sz\u00e9p Szuzanna,<br \/>\nh\u00e9j rom\u00e1l\u00e9, s\u00e1v\u00e1l\u00e9.<br \/>\nA zongor\u00e1m azt susogja, elhagyott a sz\u00e9p Szuzanna,<br \/>\nh\u00e9j rom\u00e1l\u00e9, s\u00e1v\u00e1l\u00e9!<br \/>\n&#8212;Bridge&#8212;<br \/>\nDikt\u00e1 m\u00e1m\u00f3 ty\u00edbori, ty\u00edbori ty\u00edbori,<br \/>\nk\u00e1bel tuke b\u00e1kt\u00e1li, m\u00e1m\u00f3 b\u00e1kt\u00e1li.<br \/>\nDikt\u00e1 m\u00e1m\u00f3 ty\u00edbori, ty\u00edbori ty\u00edbori,<br \/>\nk\u00e1bel tuke b\u00e1kt\u00e1li, m\u00e1m\u00f3 b\u00e1kt\u00e1li.<br \/>\n\u00c1j d\u00e1de szokker\u00e1, d\u00e1de szokk\u00e9r\u00e1,<br \/>\nb\u00e1l\u00e1l\u00e1t\u00e9 m\u00e1mm\u00e9r\u00e1, m\u00e1m\u00f3 t\u00e9m\u00e9r\u00e1v.<br \/>\n\u00c1j d\u00e1de szokker\u00e1, d\u00e1de szokk\u00e9r\u00e1,<br \/>\nb\u00e1l\u00e1l\u00e1t\u00e9 m\u00e1mm\u00e9r\u00e1, m\u00e1m\u00f3 t\u00e9m\u00e9r\u00e1v.<br \/>\n&#8212;Solo&#8212;<br \/>\nDikt\u00e1 m\u00e1m\u00f3 ty\u00edbori, ty\u00edbori ty\u00edbori,<br \/>\nk\u00e1bel tuke b\u00e1kt\u00e1li, m\u00e1m\u00f3 b\u00e1kt\u00e1li.<br \/>\nDikt\u00e1 m\u00e1m\u00f3 ty\u00edbori, ty\u00edbori ty\u00edbori,<br \/>\nk\u00e1bel tuke b\u00e1kt\u00e1li, m\u00e1m\u00f3 b\u00e1kt\u00e1li.<br \/>\n\u00c1j d\u00e1de szokker\u00e1, d\u00e1de szokk\u00e9r\u00e1,<br \/>\nb\u00e1l\u00e1l\u00e1t\u00e9 m\u00e1mm\u00e9r\u00e1, m\u00e1m\u00f3 t\u00e9m\u00e9r\u00e1v.<br \/>\n\u00c1j d\u00e1de szokker\u00e1, d\u00e1de szokk\u00e9r\u00e1,<br \/>\nb\u00e1l\u00e1l\u00e1t\u00e9 m\u00e1mm\u00e9r\u00e1, m\u00e1m\u00f3 t\u00e9m\u00e9r\u00e1v!<br \/>\n&#8212;Solo&#8212;<br \/>\n&#8212;Jer\u00f3 Music &#8211; 2022.&#8212;<\/p>\n","protected":false},"featured_media":9772,"template":"","meta":{"site-sidebar-layout":"default","site-content-layout":"default","ast-site-content-layout":"","site-content-style":"default","site-sidebar-style":"default","ast-global-header-display":"","ast-banner-title-visibility":"","ast-main-header-display":"","ast-hfb-above-header-display":"","ast-hfb-below-header-display":"","ast-hfb-mobile-header-display":"","site-post-title":"","ast-breadcrumbs-content":"","ast-featured-img":"","footer-sml-layout":"","theme-transparent-header-meta":"default","adv-header-id-meta":"","stick-header-meta":"","header-above-stick-meta":"","header-main-stick-meta":"","header-below-stick-meta":"","astra-migrate-meta-layouts":"default","ast-page-background-enabled":"default","ast-page-background-meta":{"desktop":{"background-color":"var(--ast-global-color-4)","background-image":"","background-repeat":"repeat","background-position":"center center","background-size":"auto","background-attachment":"scroll","background-type":"","background-media":"","overlay-type":"","overlay-color":"","overlay-opacity":"","overlay-gradient":""},"tablet":{"background-color":"","background-image":"","background-repeat":"repeat","background-position":"center center","background-size":"auto","background-attachment":"scroll","background-type":"","background-media":"","overlay-type":"","overlay-color":"","overlay-opacity":"","overlay-gradient":""},"mobile":{"background-color":"","background-image":"","background-repeat":"repeat","background-position":"center center","background-size":"auto","background-attachment":"scroll","background-type":"","background-media":"","overlay-type":"","overlay-color":"","overlay-opacity":"","overlay-gradient":""}},"ast-content-background-meta":{"desktop":{"background-color":"var(--ast-global-color-5)","background-image":"","background-repeat":"repeat","background-position":"center center","background-size":"auto","background-attachment":"scroll","background-type":"","background-media":"","overlay-type":"","overlay-color":"","overlay-opacity":"","overlay-gradient":""},"tablet":{"background-color":"var(--ast-global-color-5)","background-image":"","background-repeat":"repeat","background-position":"center center","background-size":"auto","background-attachment":"scroll","background-type":"","background-media":"","overlay-type":"","overlay-color":"","overlay-opacity":"","overlay-gradient":""},"mobile":{"background-color":"var(--ast-global-color-5)","background-image":"","background-repeat":"repeat","background-position":"center center","background-size":"auto","background-attachment":"scroll","background-type":"","background-media":"","overlay-type":"","overlay-color":"","overlay-opacity":"","overlay-gradient":""}}},"product_cat":[75],"product_tag":[],"class_list":["post-6037","product","type-product","status-publish","has-post-thumbnail","hentry","product_cat-jerzsele-zoltan","desktop-align-left","tablet-align-left","mobile-align-left"],"_links":{"self":[{"href":"https:\/\/www.sunkaraoke.hu\/index.php\/wp-json\/wp\/v2\/product\/6037","targetHints":{"allow":["GET"]}}],"collection":[{"href":"https:\/\/www.sunkaraoke.hu\/index.php\/wp-json\/wp\/v2\/product"}],"about":[{"href":"https:\/\/www.sunkaraoke.hu\/index.php\/wp-json\/wp\/v2\/types\/product"}],"wp:featuredmedia":[{"embeddable":true,"href":"https:\/\/www.sunkaraoke.hu\/index.php\/wp-json\/wp\/v2\/media\/9772"}],"wp:attachment":[{"href":"https:\/\/www.sunkaraoke.hu\/index.php\/wp-json\/wp\/v2\/media?parent=6037"}],"wp:term":[{"taxonomy":"product_cat","embeddable":true,"href":"https:\/\/www.sunkaraoke.hu\/index.php\/wp-json\/wp\/v2\/product_cat?post=6037"},{"taxonomy":"product_tag","embeddable":true,"href":"https:\/\/www.sunkaraoke.hu\/index.php\/wp-json\/wp\/v2\/product_tag?post=6037"}],"curies":[{"name":"wp","href":"https:\/\/api.w.org\/{rel}","templated":true}]}}