{"id":6035,"date":"2022-08-08T20:50:20","date_gmt":"2022-08-08T20:50:20","guid":{"rendered":"https:\/\/www.sunkaraoke.hu\/index.php\/termek\/jerzsele-zoltan-ugy-szeretnem-meghalalni\/"},"modified":"2025-04-13T15:11:29","modified_gmt":"2025-04-13T15:11:29","slug":"jerzsele-zoltan-ugy-szeretnem-meghalalni","status":"publish","type":"product","link":"https:\/\/www.sunkaraoke.hu\/index.php\/termek\/jerzsele-zoltan-ugy-szeretnem-meghalalni\/","title":{"rendered":"<div class=\"wcmp-player-container product-6035\"><audio controlslist=\"nodownload\" data-product=\"6035\"  volume=\"1\"  preload=\"none\" data-lazyloading=\"none\" class=\"wcmp-player track mejs-classic\" data-duration=\"0:35\" data-estimated_duration=\"4\"><source src=\"https:\/\/www.sunkaraoke.hu\/wp-content\/uploads\/2022\/08\/Ugy-szeretnem-meghalalni-Jero.-demoo.mp3\" type=\"audio\/mp3\" \/><\/audio><\/div>Jerzsele Zolt\u00e1n &#8211; \u00dagy szeretn\u00e9m megh\u00e1l\u00e1lni (Original)"},"content":{"rendered":"<p><strong>03:18<\/strong> | <strong><img loading=\"lazy\" decoding=\"async\" class=\"alignnone size-full wp-image-467\" src=\"https:\/\/www.sunkaraoke.hu\/wp-content\/uploads\/2022\/07\/choir_2-copy.webp\" alt=\"\" width=\"30\" height=\"30\" \/> <\/strong><\/p>\n","protected":false},"excerpt":{"rendered":"<h6><strong>Bits\u0171r\u0171s\u00e9g: 320<\/strong>kb\/s<strong><br \/>\n<\/strong><strong>Hossz: <\/strong>03:18<strong><br \/>\n<\/strong><strong style=\"font-size: 16px;\">Vok\u00e1lt tartalmaz: <\/strong>Nem <img loading=\"lazy\" decoding=\"async\" class=\"alignnone size-full wp-image-467\" src=\"http:\/\/www.sunkaraoke.hu\/wp-content\/uploads\/2022\/07\/choir_2-copy.png\" alt=\"\" width=\"30\" height=\"30\" \/><strong style=\"font-size: 16px;\"><br \/>\n<\/strong><\/h6>\n<p>Sunkaraoke mp3 st\u00fadi\u00f3 \/ www.sunkaraoke.hu \/ Inf: Tel: 06 20 4275001<\/p>\n<p>&#8212;Intro&#8212;D&#8212;<br \/>\n\u00dagy szeretn\u00e9m megh\u00e1l\u00e1lni,<br \/>\nk\u00e9t kezemmel megszolg\u00e1lni.<br \/>\nAzt hogy felnevelt, d\u00e9delgetett, er\u0151 felett.<br \/>\nL\u00e9gy ezent\u00fal mindig boldog,<br \/>\nm\u00edg \u00e9n \u00e9lek nincs t\u00f6bb gondod.<br \/>\n\u00c9n vigy\u00e1zok r\u00e1d m\u00e1r ezut\u00e1n&#8230;<br \/>\n\u00dagy szeretn\u00e9m megh\u00e1l\u00e1lni,<br \/>\nvagy legal\u00e1bb megpr\u00f3b\u00e1lni.<br \/>\nMind, mind azt a j\u00f3t, mit \u00e9rtem tett az \u00e9n any\u00e1m.<br \/>\n&#8212;Bet\u00e9t&#8212;<br \/>\n\u00dagy szeretn\u00e9m megh\u00e1l\u00e1lni,<br \/>\nk\u00e9t kezemmel megszolg\u00e1lni.<br \/>\nAzt hogy felnevelt, d\u00e9delgetett, er\u0151 felett.<br \/>\nL\u00e9gy ezent\u00fal mindig boldog,<br \/>\nm\u00edg \u00e9n \u00e9lek nincs t\u00f6bb gondod.<br \/>\n\u00c9n vigy\u00e1zok r\u00e1d m\u00e1r ezut\u00e1n&#8230;<br \/>\n\u00dagy szeretn\u00e9m megh\u00e1l\u00e1lni,<br \/>\nvagy legal\u00e1bb megpr\u00f3b\u00e1lni.<br \/>\nMind, mind azt a j\u00f3t, mit \u00e9rtem tett az \u00e9n any\u00e1m!<br \/>\n&#8212;Bet\u00e9t = Coda&#8212;<br \/>\n&#8212;Jer\u00f3 Music &#8211; 2022.&#8212;<\/p>\n","protected":false},"featured_media":9772,"template":"","meta":{"site-sidebar-layout":"default","site-content-layout":"default","ast-site-content-layout":"default","site-content-style":"default","site-sidebar-style":"default","ast-global-header-display":"","ast-banner-title-visibility":"","ast-main-header-display":"","ast-hfb-above-header-display":"","ast-hfb-below-header-display":"","ast-hfb-mobile-header-display":"","site-post-title":"","ast-breadcrumbs-content":"","ast-featured-img":"","footer-sml-layout":"","theme-transparent-header-meta":"default","adv-header-id-meta":"","stick-header-meta":"","header-above-stick-meta":"","header-main-stick-meta":"","header-below-stick-meta":"","astra-migrate-meta-layouts":"set","ast-page-background-enabled":"default","ast-page-background-meta":{"desktop":{"background-color":"var(--ast-global-color-4)","background-image":"","background-repeat":"repeat","background-position":"center center","background-size":"auto","background-attachment":"scroll","background-type":"","background-media":"","overlay-type":"","overlay-color":"","overlay-opacity":"","overlay-gradient":""},"tablet":{"background-color":"","background-image":"","background-repeat":"repeat","background-position":"center center","background-size":"auto","background-attachment":"scroll","background-type":"","background-media":"","overlay-type":"","overlay-color":"","overlay-opacity":"","overlay-gradient":""},"mobile":{"background-color":"","background-image":"","background-repeat":"repeat","background-position":"center center","background-size":"auto","background-attachment":"scroll","background-type":"","background-media":"","overlay-type":"","overlay-color":"","overlay-opacity":"","overlay-gradient":""}},"ast-content-background-meta":{"desktop":{"background-color":"var(--ast-global-color-5)","background-image":"","background-repeat":"repeat","background-position":"center center","background-size":"auto","background-attachment":"scroll","background-type":"","background-media":"","overlay-type":"","overlay-color":"","overlay-opacity":"","overlay-gradient":""},"tablet":{"background-color":"var(--ast-global-color-5)","background-image":"","background-repeat":"repeat","background-position":"center center","background-size":"auto","background-attachment":"scroll","background-type":"","background-media":"","overlay-type":"","overlay-color":"","overlay-opacity":"","overlay-gradient":""},"mobile":{"background-color":"var(--ast-global-color-5)","background-image":"","background-repeat":"repeat","background-position":"center center","background-size":"auto","background-attachment":"scroll","background-type":"","background-media":"","overlay-type":"","overlay-color":"","overlay-opacity":"","overlay-gradient":""}}},"product_cat":[75],"product_tag":[],"class_list":["post-6035","product","type-product","status-publish","has-post-thumbnail","hentry","product_cat-jerzsele-zoltan","desktop-align-left","tablet-align-left","mobile-align-left"],"_links":{"self":[{"href":"https:\/\/www.sunkaraoke.hu\/index.php\/wp-json\/wp\/v2\/product\/6035","targetHints":{"allow":["GET"]}}],"collection":[{"href":"https:\/\/www.sunkaraoke.hu\/index.php\/wp-json\/wp\/v2\/product"}],"about":[{"href":"https:\/\/www.sunkaraoke.hu\/index.php\/wp-json\/wp\/v2\/types\/product"}],"wp:featuredmedia":[{"embeddable":true,"href":"https:\/\/www.sunkaraoke.hu\/index.php\/wp-json\/wp\/v2\/media\/9772"}],"wp:attachment":[{"href":"https:\/\/www.sunkaraoke.hu\/index.php\/wp-json\/wp\/v2\/media?parent=6035"}],"wp:term":[{"taxonomy":"product_cat","embeddable":true,"href":"https:\/\/www.sunkaraoke.hu\/index.php\/wp-json\/wp\/v2\/product_cat?post=6035"},{"taxonomy":"product_tag","embeddable":true,"href":"https:\/\/www.sunkaraoke.hu\/index.php\/wp-json\/wp\/v2\/product_tag?post=6035"}],"curies":[{"name":"wp","href":"https:\/\/api.w.org\/{rel}","templated":true}]}}