{"id":6034,"date":"2022-08-08T20:50:20","date_gmt":"2022-08-08T20:50:20","guid":{"rendered":"https:\/\/www.sunkaraoke.hu\/index.php\/termek\/jerzsele-zoltan-nemzeti-dal\/"},"modified":"2025-04-13T15:04:30","modified_gmt":"2025-04-13T15:04:30","slug":"jerzsele-zoltan-nemzeti-dal","status":"publish","type":"product","link":"https:\/\/www.sunkaraoke.hu\/index.php\/termek\/jerzsele-zoltan-nemzeti-dal\/","title":{"rendered":"<div class=\"wcmp-player-container product-6034\"><audio controlslist=\"nodownload\" data-product=\"6034\"  volume=\"1\"  preload=\"none\" data-lazyloading=\"none\" class=\"wcmp-player track mejs-classic\" data-duration=\"0:37\" data-estimated_duration=\"4\"><source src=\"https:\/\/www.sunkaraoke.hu\/wp-content\/uploads\/2022\/08\/Nemzeti-dal-Jero-.-demoo.mp3\" type=\"audio\/mp3\" \/><\/audio><\/div>Jerzsele Zolt\u00e1n &#8211; Nemzeti dal (Original)"},"content":{"rendered":"<p><strong>04:52<\/strong> | <strong><img loading=\"lazy\" decoding=\"async\" class=\"alignnone size-full wp-image-467\" src=\"https:\/\/www.sunkaraoke.hu\/wp-content\/uploads\/2022\/07\/choir_2-copy.webp\" alt=\"\" width=\"30\" height=\"30\" \/> <\/strong><\/p>\n","protected":false},"excerpt":{"rendered":"<h6><strong>Bits\u0171r\u0171s\u00e9g: 320<\/strong>kb\/s<strong><br \/>\n<\/strong><strong>Hossz: <\/strong>04:52<strong><br \/>\n<\/strong><strong style=\"font-size: 16px;\">Vok\u00e1lt tartalmaz: <\/strong>Nem <img loading=\"lazy\" decoding=\"async\" class=\"alignnone size-full wp-image-467\" src=\"http:\/\/www.sunkaraoke.hu\/wp-content\/uploads\/2022\/07\/choir_2-copy.png\" alt=\"\" width=\"30\" height=\"30\" \/><strong style=\"font-size: 16px;\"><br \/>\n<\/strong><\/h6>\n<p>Sunkaraoke mp3 st\u00fadi\u00f3 \/ www.sunkaraoke.hu \/ Inf: Tel: 06 20 4275001<\/p>\n<p>&#8212;Intro&#8212;C&#8212;<br \/>\nTalpra magyar, h\u00ed a haza.<br \/>\nItt az id\u0151 most vagy soha.<br \/>\nRabok legy\u00fcnk vagy szabadok?<br \/>\nez a k\u00e9rd\u00e9s v\u00e1lasszatok!<br \/>\nRabok voltunk mostan\u00e1ig.<br \/>\nK\u00e1rhozottak \u0151sap\u00e1ink.<br \/>\nKik szabadon \u00e9ltek haltak.<br \/>\nSzolgaf\u00f6ldben nem nyughatnak.<br \/>\nA magyarok isten\u00e9re esk\u00fcsz\u00fcnk,<br \/>\nEsk\u00fcsz\u00fcnk,<br \/>\nhogy rabok tov\u00e1bb nem lesz\u00fcnk!<br \/>\nA magyarok isten\u00e9re<br \/>\nEsk\u00fcsz\u00fcnk,<br \/>\nEsk\u00fcsz\u00fcnk,<br \/>\nhogy rabok tov\u00e1bb nem lesz\u00fcnk!<br \/>\nSehonnai bitang ember.<br \/>\nKi most ha kell halni nem mer.<br \/>\nKinek dr\u00e1g\u00e1bb rongy \u00e9lete,<br \/>\nMint a haza becs\u00fclete.<br \/>\nF\u00e9nyesebb a l\u00e1ncn\u00e1l a kard.<br \/>\nJobban \u00e9kes\u00edti a kart.<br \/>\n\u00c9s mi m\u00e9gis l\u00e1ncot hordunk.<br \/>\nIde veled r\u00e9gi kardunk.<br \/>\nA magyarok isten\u00e9re<br \/>\nEsk\u00fcsz\u00fcnk,<br \/>\nEsk\u00fcsz\u00fcnk,<br \/>\nhogy rabok tov\u00e1bb nem lesz\u00fcnk!<br \/>\nA magyarok isten\u00e9re<br \/>\nEsk\u00fcsz\u00fcnk,<br \/>\nEsk\u00fcsz\u00fcnk,<br \/>\nhogy rabok tov\u00e1bb nem lesz\u00fcnk!<br \/>\nA magyar n\u00e9v megint sz\u00e9p lesz.<br \/>\nM\u00e9lt\u00f3 r\u00e9gi nagy h\u00edr\u00e9hez.<br \/>\nMit r\u00e1kentek a sz\u00e1zadok.<br \/>\nLemossuk a gyal\u00e1zatot.<br \/>\nHol s\u00edrjaink domborulnak.<br \/>\nUnok\u00e1ink leborulnak.<br \/>\n\u00c9s \u00e1ld\u00f3 im\u00e1ds\u00e1g mellett,<br \/>\nMondj\u00e1k el szent neveinket.<br \/>\nA magyarok isten\u00e9re<br \/>\nEsk\u00fcsz\u00fcnk,<br \/>\nEsk\u00fcsz\u00fcnk,<br \/>\nhogy rabok tov\u00e1bb nem lesz\u00fcnk!<br \/>\nA magyarok isten\u00e9re<br \/>\nEsk\u00fcsz\u00fcnk,<br \/>\nEsk\u00fcsz\u00fcnk,<br \/>\nhogy rabok tov\u00e1bb nem lesz\u00fcnk!<br \/>\nEsk\u00fcsz\u00fcnk!!!<br \/>\n&#8212;Jer\u00f3 Music &#8211; 2022.&#8212;<\/p>\n","protected":false},"featured_media":9772,"template":"","meta":{"site-sidebar-layout":"default","site-content-layout":"default","ast-site-content-layout":"default","site-content-style":"default","site-sidebar-style":"default","ast-global-header-display":"","ast-banner-title-visibility":"","ast-main-header-display":"","ast-hfb-above-header-display":"","ast-hfb-below-header-display":"","ast-hfb-mobile-header-display":"","site-post-title":"","ast-breadcrumbs-content":"","ast-featured-img":"","footer-sml-layout":"","theme-transparent-header-meta":"default","adv-header-id-meta":"","stick-header-meta":"","header-above-stick-meta":"","header-main-stick-meta":"","header-below-stick-meta":"","astra-migrate-meta-layouts":"set","ast-page-background-enabled":"default","ast-page-background-meta":{"desktop":{"background-color":"var(--ast-global-color-4)","background-image":"","background-repeat":"repeat","background-position":"center center","background-size":"auto","background-attachment":"scroll","background-type":"","background-media":"","overlay-type":"","overlay-color":"","overlay-opacity":"","overlay-gradient":""},"tablet":{"background-color":"","background-image":"","background-repeat":"repeat","background-position":"center center","background-size":"auto","background-attachment":"scroll","background-type":"","background-media":"","overlay-type":"","overlay-color":"","overlay-opacity":"","overlay-gradient":""},"mobile":{"background-color":"","background-image":"","background-repeat":"repeat","background-position":"center center","background-size":"auto","background-attachment":"scroll","background-type":"","background-media":"","overlay-type":"","overlay-color":"","overlay-opacity":"","overlay-gradient":""}},"ast-content-background-meta":{"desktop":{"background-color":"var(--ast-global-color-5)","background-image":"","background-repeat":"repeat","background-position":"center center","background-size":"auto","background-attachment":"scroll","background-type":"","background-media":"","overlay-type":"","overlay-color":"","overlay-opacity":"","overlay-gradient":""},"tablet":{"background-color":"var(--ast-global-color-5)","background-image":"","background-repeat":"repeat","background-position":"center center","background-size":"auto","background-attachment":"scroll","background-type":"","background-media":"","overlay-type":"","overlay-color":"","overlay-opacity":"","overlay-gradient":""},"mobile":{"background-color":"var(--ast-global-color-5)","background-image":"","background-repeat":"repeat","background-position":"center center","background-size":"auto","background-attachment":"scroll","background-type":"","background-media":"","overlay-type":"","overlay-color":"","overlay-opacity":"","overlay-gradient":""}}},"product_cat":[75],"product_tag":[],"class_list":["post-6034","product","type-product","status-publish","has-post-thumbnail","hentry","product_cat-jerzsele-zoltan","desktop-align-left","tablet-align-left","mobile-align-left"],"_links":{"self":[{"href":"https:\/\/www.sunkaraoke.hu\/index.php\/wp-json\/wp\/v2\/product\/6034","targetHints":{"allow":["GET"]}}],"collection":[{"href":"https:\/\/www.sunkaraoke.hu\/index.php\/wp-json\/wp\/v2\/product"}],"about":[{"href":"https:\/\/www.sunkaraoke.hu\/index.php\/wp-json\/wp\/v2\/types\/product"}],"wp:featuredmedia":[{"embeddable":true,"href":"https:\/\/www.sunkaraoke.hu\/index.php\/wp-json\/wp\/v2\/media\/9772"}],"wp:attachment":[{"href":"https:\/\/www.sunkaraoke.hu\/index.php\/wp-json\/wp\/v2\/media?parent=6034"}],"wp:term":[{"taxonomy":"product_cat","embeddable":true,"href":"https:\/\/www.sunkaraoke.hu\/index.php\/wp-json\/wp\/v2\/product_cat?post=6034"},{"taxonomy":"product_tag","embeddable":true,"href":"https:\/\/www.sunkaraoke.hu\/index.php\/wp-json\/wp\/v2\/product_tag?post=6034"}],"curies":[{"name":"wp","href":"https:\/\/api.w.org\/{rel}","templated":true}]}}