{"id":6033,"date":"2022-08-08T20:50:20","date_gmt":"2022-08-08T20:50:20","guid":{"rendered":"https:\/\/www.sunkaraoke.hu\/index.php\/termek\/jerzsele-zoltan-ezeknel-a-zsivanyoknal\/"},"modified":"2025-04-13T15:09:13","modified_gmt":"2025-04-13T15:09:13","slug":"jerzsele-zoltan-ezeknel-a-zsivanyoknal","status":"publish","type":"product","link":"https:\/\/www.sunkaraoke.hu\/index.php\/termek\/jerzsele-zoltan-ezeknel-a-zsivanyoknal\/","title":{"rendered":"<div class=\"wcmp-player-container product-6033\"><audio controlslist=\"nodownload\" data-product=\"6033\"  volume=\"1\"  preload=\"none\" data-lazyloading=\"none\" class=\"wcmp-player track mejs-classic\" data-duration=\"0:34\" data-estimated_duration=\"4\"><source src=\"https:\/\/www.sunkaraoke.hu\/wp-content\/uploads\/2022\/08\/Ezeknel-a-zsivanyoknal-Jero.-demooo.mp3\" type=\"audio\/mp3\" \/><\/audio><\/div>Jerzsele Zolt\u00e1n &#8211; Ezekn\u00e9l a zsiv\u00e1nyokn\u00e1l (Original)"},"content":{"rendered":"<p><strong>03:42<\/strong> | <strong><img loading=\"lazy\" decoding=\"async\" class=\"alignnone size-full wp-image-467\" src=\"https:\/\/www.sunkaraoke.hu\/wp-content\/uploads\/2022\/07\/choir_2-copy.webp\" alt=\"\" width=\"30\" height=\"30\" \/> <\/strong><\/p>\n","protected":false},"excerpt":{"rendered":"<h6><strong>Bits\u0171r\u0171s\u00e9g: 320<\/strong>kb\/s<strong><br \/>\n<\/strong><strong>Hossz: <\/strong>03:42<strong><br \/>\n<\/strong><strong style=\"font-size: 16px;\">Vok\u00e1lt tartalmaz: <\/strong>Nem <img loading=\"lazy\" decoding=\"async\" class=\"alignnone size-full wp-image-467\" src=\"http:\/\/www.sunkaraoke.hu\/wp-content\/uploads\/2022\/07\/choir_2-copy.png\" alt=\"\" width=\"30\" height=\"30\" \/><strong style=\"font-size: 16px;\"><br \/>\n<\/strong><\/h6>\n<p>Sunkaraoke mp3 st\u00fadi\u00f3 \/ www.sunkaraoke.hu \/ Inf: Tel: 06 20 4275001<\/p>\n<p>&#8212;Intro&#8212;Ebm&#8212;<br \/>\nEzekn\u00e9l a zsiv\u00e1nyokn\u00e1l buli van.<br \/>\nF\u0151leg amikor a Jer\u00f3 Zoli is itt van.<br \/>\nEzekn\u00e9l a zsiv\u00e1nyokn\u00e1l buli van.<br \/>\nF\u0151leg amikor a Jer\u00f3 Zoli is itt van.<br \/>\nIgy\u00e1l testv\u00e9r az \u00e9letet kihaszn\u00e1lod,<br \/>\neg\u00e9sz \u00e9jjel tin\u00e1latok mulatok.<br \/>\nEzekn\u00e9l a zsiv\u00e1nyokn\u00e1l buli van.<br \/>\nF\u0151leg amikor a Jer\u00f3 Zoli is itt van.<br \/>\n&#8212;Solo&#8212;<br \/>\nM\u00e1ma este tin\u00e1latok buli van.<br \/>\nHalld az \u00fctemet \u00e9s \u00e9rezzed am\u00edg van.<br \/>\nM\u00e1ma este tin\u00e1latok buli van.<br \/>\nJ\u00f3 a kedvem, ha minden bar\u00e1t itt van.<br \/>\nIgy\u00e1l testv\u00e9r az \u00e9letet kihaszn\u00e1lod,<br \/>\neg\u00e9sz \u00e9jjel tin\u00e1latok mulatok.<br \/>\nEzekn\u00e9l a zsiv\u00e1nyokn\u00e1l buli van.<br \/>\nF\u0151leg amikor a Jer\u00f3 Zoli is itt van.<br \/>\n&#8212;Solo&#8212;<br \/>\nIgy\u00e1l testv\u00e9r az \u00e9letet kihaszn\u00e1lod,<br \/>\neg\u00e9sz \u00e9jjel tin\u00e1latok mulatok.<br \/>\nEzekn\u00e9l a zsiv\u00e1nyokn\u00e1l buli van.<br \/>\nF\u0151leg amikor a Jer\u00f3 Zoli is itt van.<br \/>\n\u00c9s akkor: ezekn\u00e9l a zsiv\u00e1nyokn\u00e1l buli van, buli van.<br \/>\nF\u0151leg hogyha ott t\u00e1ncol egy cuki csaj, cuki csaj.<br \/>\nNe mozgasd a l\u00e1bad sz\u00e1r\u00e1t, tudom a farod j\u00e1r\u00e1s\u00e1t,<br \/>\nhopp hopp di ri di ri hopp, di di ri di pi p\u00f3.<br \/>\nIgy\u00e1l testv\u00e9r az \u00e9letet kihaszn\u00e1lod,<br \/>\neg\u00e9sz \u00e9jjel tin\u00e1latok mulatok.<br \/>\nEzekn\u00e9l a zsiv\u00e1nyokn\u00e1l buli van.<br \/>\nF\u0151leg amikor a Jer\u00f3 Zoli is itt van!<br \/>\n&#8212;Coda&#8212;<br \/>\n&#8212;Jer\u00f3 Music &#8211; 2022.&#8212;<\/p>\n","protected":false},"featured_media":9772,"template":"","meta":{"site-sidebar-layout":"default","site-content-layout":"default","ast-site-content-layout":"default","site-content-style":"default","site-sidebar-style":"default","ast-global-header-display":"","ast-banner-title-visibility":"","ast-main-header-display":"","ast-hfb-above-header-display":"","ast-hfb-below-header-display":"","ast-hfb-mobile-header-display":"","site-post-title":"","ast-breadcrumbs-content":"","ast-featured-img":"","footer-sml-layout":"","theme-transparent-header-meta":"default","adv-header-id-meta":"","stick-header-meta":"","header-above-stick-meta":"","header-main-stick-meta":"","header-below-stick-meta":"","astra-migrate-meta-layouts":"set","ast-page-background-enabled":"default","ast-page-background-meta":{"desktop":{"background-color":"var(--ast-global-color-4)","background-image":"","background-repeat":"repeat","background-position":"center center","background-size":"auto","background-attachment":"scroll","background-type":"","background-media":"","overlay-type":"","overlay-color":"","overlay-opacity":"","overlay-gradient":""},"tablet":{"background-color":"","background-image":"","background-repeat":"repeat","background-position":"center center","background-size":"auto","background-attachment":"scroll","background-type":"","background-media":"","overlay-type":"","overlay-color":"","overlay-opacity":"","overlay-gradient":""},"mobile":{"background-color":"","background-image":"","background-repeat":"repeat","background-position":"center center","background-size":"auto","background-attachment":"scroll","background-type":"","background-media":"","overlay-type":"","overlay-color":"","overlay-opacity":"","overlay-gradient":""}},"ast-content-background-meta":{"desktop":{"background-color":"var(--ast-global-color-5)","background-image":"","background-repeat":"repeat","background-position":"center center","background-size":"auto","background-attachment":"scroll","background-type":"","background-media":"","overlay-type":"","overlay-color":"","overlay-opacity":"","overlay-gradient":""},"tablet":{"background-color":"var(--ast-global-color-5)","background-image":"","background-repeat":"repeat","background-position":"center center","background-size":"auto","background-attachment":"scroll","background-type":"","background-media":"","overlay-type":"","overlay-color":"","overlay-opacity":"","overlay-gradient":""},"mobile":{"background-color":"var(--ast-global-color-5)","background-image":"","background-repeat":"repeat","background-position":"center center","background-size":"auto","background-attachment":"scroll","background-type":"","background-media":"","overlay-type":"","overlay-color":"","overlay-opacity":"","overlay-gradient":""}}},"product_cat":[75],"product_tag":[],"class_list":["post-6033","product","type-product","status-publish","has-post-thumbnail","hentry","product_cat-jerzsele-zoltan","desktop-align-left","tablet-align-left","mobile-align-left"],"_links":{"self":[{"href":"https:\/\/www.sunkaraoke.hu\/index.php\/wp-json\/wp\/v2\/product\/6033","targetHints":{"allow":["GET"]}}],"collection":[{"href":"https:\/\/www.sunkaraoke.hu\/index.php\/wp-json\/wp\/v2\/product"}],"about":[{"href":"https:\/\/www.sunkaraoke.hu\/index.php\/wp-json\/wp\/v2\/types\/product"}],"wp:featuredmedia":[{"embeddable":true,"href":"https:\/\/www.sunkaraoke.hu\/index.php\/wp-json\/wp\/v2\/media\/9772"}],"wp:attachment":[{"href":"https:\/\/www.sunkaraoke.hu\/index.php\/wp-json\/wp\/v2\/media?parent=6033"}],"wp:term":[{"taxonomy":"product_cat","embeddable":true,"href":"https:\/\/www.sunkaraoke.hu\/index.php\/wp-json\/wp\/v2\/product_cat?post=6033"},{"taxonomy":"product_tag","embeddable":true,"href":"https:\/\/www.sunkaraoke.hu\/index.php\/wp-json\/wp\/v2\/product_tag?post=6033"}],"curies":[{"name":"wp","href":"https:\/\/api.w.org\/{rel}","templated":true}]}}