{"id":6032,"date":"2022-08-08T20:50:20","date_gmt":"2022-08-08T20:50:20","guid":{"rendered":"https:\/\/www.sunkaraoke.hu\/index.php\/termek\/jerzsele-zoltan-szerelem-elso-verig\/"},"modified":"2025-04-13T15:01:41","modified_gmt":"2025-04-13T15:01:41","slug":"jerzsele-zoltan-szerelem-elso-verig","status":"publish","type":"product","link":"https:\/\/www.sunkaraoke.hu\/index.php\/termek\/jerzsele-zoltan-szerelem-elso-verig\/","title":{"rendered":"<div class=\"wcmp-player-container product-6032\"><audio controlslist=\"nodownload\" data-product=\"6032\"  volume=\"1\"  preload=\"none\" data-lazyloading=\"none\" class=\"wcmp-player track mejs-classic\" data-duration=\"0:35\" data-estimated_duration=\"4\"><source src=\"https:\/\/www.sunkaraoke.hu\/wp-content\/uploads\/2022\/08\/Szerelem-elso-verig-Jero.-demoo.mp3\" type=\"audio\/mp3\" \/><\/audio><\/div>Jerzsele Zolt\u00e1n &#8211; Szerelem els\u00f5 v\u00e9rig (Original)"},"content":{"rendered":"<p><strong>03:58<\/strong> | <strong><img loading=\"lazy\" decoding=\"async\" class=\"alignnone size-full wp-image-467\" src=\"https:\/\/www.sunkaraoke.hu\/wp-content\/uploads\/2022\/07\/choir_2-copy.webp\" alt=\"\" width=\"30\" height=\"30\" \/> <\/strong><\/p>\n","protected":false},"excerpt":{"rendered":"<h6><strong>Bits\u0171r\u0171s\u00e9g: 320<\/strong>kb\/s<strong><br \/>\n<\/strong><strong>Hossz: <\/strong>03:58<strong><br \/>\n<\/strong><strong style=\"font-size: 16px;\">Vok\u00e1lt tartalmaz: <\/strong>Nem <img loading=\"lazy\" decoding=\"async\" class=\"alignnone size-full wp-image-467\" src=\"http:\/\/www.sunkaraoke.hu\/wp-content\/uploads\/2022\/07\/choir_2-copy.png\" alt=\"\" width=\"30\" height=\"30\" \/><strong style=\"font-size: 16px;\"><br \/>\n<\/strong><\/h6>\n<p>Sunkaraoke mp3 st\u00fadi\u00f3 \/ www.sunkaraoke.hu \/ Inf: Tel: 06 20 4275001<\/p>\n<p>&#8212;Intro&#8212;<br \/>\n&#8212;Zongi&#8212;<br \/>\nItt vagyunk, ki tudja kit ki h\u00edvott m\u00e9gis itt vagyunk,<br \/>\nsok\u00e1ig itt lesz\u00fcnk. Sz\u00e1rnyalunk,<br \/>\nmint f\u00f6ldre t\u00e9vedt \u00e9gben j\u00e1r\u00f3 angyalok,<br \/>\n\u00e9s n\u00e9ha szenved\u00fcnk. \u00c1lmodunk,<br \/>\na t\u00e9nyek sz\u00fcrke tenger\u00e9t\u0151l elfutunk,<br \/>\nezek vagyunk. Hiszen van m\u00e9g id\u0151nk,<br \/>\naz\u00e9rt se v\u00e1ltozunk.<br \/>\n&#8212;Solo&#8212;<br \/>\nKi megtal\u00e1lt, itt volt n\u00e9h\u00e1ny \u00f3r\u00e1t, n\u00e9h\u00e1ny \u00e9jszak\u00e1t,<br \/>\n\u00e9s gyorsan ment tov\u00e1bb. M\u00e9g engedem,<br \/>\nhogy \u00e1r sodorja, sz\u00e9l kavarja \u00e9letem,<br \/>\nameddig j\u00f3 nekem. De azt hiszem,<br \/>\nmost van itt a perc hogy fogd a k\u00e9t kezem,<br \/>\naz kell nekem. Mert ha itt vagy velem,<br \/>\na sz\u00edvem megpihen. Most el\u0151sz\u00f6r mondom el,<br \/>\nmost hinned kell nekem. Legal\u00e1bb te maradj itt nekem.<br \/>\nAnnyi minden v\u00e1ltozik, s nem biztos semmi sem.<br \/>\nLegal\u00e1bb te legy\u00e9l az nekem.<br \/>\nMost el\u0151sz\u00f6r mondom el, most hinned kell nekem.<br \/>\nLegal\u00e1bb te maradj itt nekem. Annyi minden v\u00e1ltozik,<br \/>\ns nem biztos semmi sem. Legal\u00e1bb te legy\u00e9l az nekem.<br \/>\nSz\u00e1zezerszer mondom el, ha nem hiszel nekem.<br \/>\nLegal\u00e1bb te maradj itt velem. Mert annyi minden v\u00e1ltozik,<br \/>\ns nem biztos semmi sem.<br \/>\nLegal\u00e1bb te legy\u00e9l az nekem.<br \/>\nM\u00e9g sz\u00e1zezerszer mondom el, ha nem hiszel nekem.<br \/>\nLegal\u00e1bb te maradj itt velem. Mert annyi minden v\u00e1ltozik,<br \/>\ns nem biztos semmi sem. Legal\u00e1bb te legy\u00e9l az nekem!<br \/>\n&#8212;V\u00e9ge&#8212;<\/p>\n","protected":false},"featured_media":9772,"template":"","meta":{"site-sidebar-layout":"default","site-content-layout":"default","ast-site-content-layout":"default","site-content-style":"default","site-sidebar-style":"default","ast-global-header-display":"","ast-banner-title-visibility":"","ast-main-header-display":"","ast-hfb-above-header-display":"","ast-hfb-below-header-display":"","ast-hfb-mobile-header-display":"","site-post-title":"","ast-breadcrumbs-content":"","ast-featured-img":"","footer-sml-layout":"","theme-transparent-header-meta":"default","adv-header-id-meta":"","stick-header-meta":"","header-above-stick-meta":"","header-main-stick-meta":"","header-below-stick-meta":"","astra-migrate-meta-layouts":"set","ast-page-background-enabled":"default","ast-page-background-meta":{"desktop":{"background-color":"var(--ast-global-color-4)","background-image":"","background-repeat":"repeat","background-position":"center center","background-size":"auto","background-attachment":"scroll","background-type":"","background-media":"","overlay-type":"","overlay-color":"","overlay-opacity":"","overlay-gradient":""},"tablet":{"background-color":"","background-image":"","background-repeat":"repeat","background-position":"center center","background-size":"auto","background-attachment":"scroll","background-type":"","background-media":"","overlay-type":"","overlay-color":"","overlay-opacity":"","overlay-gradient":""},"mobile":{"background-color":"","background-image":"","background-repeat":"repeat","background-position":"center center","background-size":"auto","background-attachment":"scroll","background-type":"","background-media":"","overlay-type":"","overlay-color":"","overlay-opacity":"","overlay-gradient":""}},"ast-content-background-meta":{"desktop":{"background-color":"var(--ast-global-color-5)","background-image":"","background-repeat":"repeat","background-position":"center center","background-size":"auto","background-attachment":"scroll","background-type":"","background-media":"","overlay-type":"","overlay-color":"","overlay-opacity":"","overlay-gradient":""},"tablet":{"background-color":"var(--ast-global-color-5)","background-image":"","background-repeat":"repeat","background-position":"center center","background-size":"auto","background-attachment":"scroll","background-type":"","background-media":"","overlay-type":"","overlay-color":"","overlay-opacity":"","overlay-gradient":""},"mobile":{"background-color":"var(--ast-global-color-5)","background-image":"","background-repeat":"repeat","background-position":"center center","background-size":"auto","background-attachment":"scroll","background-type":"","background-media":"","overlay-type":"","overlay-color":"","overlay-opacity":"","overlay-gradient":""}}},"product_cat":[75],"product_tag":[],"class_list":["post-6032","product","type-product","status-publish","has-post-thumbnail","hentry","product_cat-jerzsele-zoltan","desktop-align-left","tablet-align-left","mobile-align-left"],"_links":{"self":[{"href":"https:\/\/www.sunkaraoke.hu\/index.php\/wp-json\/wp\/v2\/product\/6032","targetHints":{"allow":["GET"]}}],"collection":[{"href":"https:\/\/www.sunkaraoke.hu\/index.php\/wp-json\/wp\/v2\/product"}],"about":[{"href":"https:\/\/www.sunkaraoke.hu\/index.php\/wp-json\/wp\/v2\/types\/product"}],"wp:featuredmedia":[{"embeddable":true,"href":"https:\/\/www.sunkaraoke.hu\/index.php\/wp-json\/wp\/v2\/media\/9772"}],"wp:attachment":[{"href":"https:\/\/www.sunkaraoke.hu\/index.php\/wp-json\/wp\/v2\/media?parent=6032"}],"wp:term":[{"taxonomy":"product_cat","embeddable":true,"href":"https:\/\/www.sunkaraoke.hu\/index.php\/wp-json\/wp\/v2\/product_cat?post=6032"},{"taxonomy":"product_tag","embeddable":true,"href":"https:\/\/www.sunkaraoke.hu\/index.php\/wp-json\/wp\/v2\/product_tag?post=6032"}],"curies":[{"name":"wp","href":"https:\/\/api.w.org\/{rel}","templated":true}]}}