{"id":6019,"date":"2022-08-08T20:50:18","date_gmt":"2022-08-08T20:50:18","guid":{"rendered":"https:\/\/www.sunkaraoke.hu\/index.php\/termek\/bitto-duo-te-voltal-2022\/"},"modified":"2025-03-30T14:17:21","modified_gmt":"2025-03-30T14:17:21","slug":"bitto-duo-te-voltal-2022","status":"publish","type":"product","link":"https:\/\/www.sunkaraoke.hu\/index.php\/termek\/bitto-duo-te-voltal-2022\/","title":{"rendered":"<div class=\"wcmp-player-container product-6019\"><audio controlslist=\"nodownload\" data-product=\"6019\"  volume=\"1\"  preload=\"none\" data-lazyloading=\"none\" class=\"wcmp-player track mejs-classic\" data-duration=\"0:32\" data-estimated_duration=\"4\"><source src=\"https:\/\/www.sunkaraoke.hu\/wp-content\/uploads\/2022\/08\/Te-voltal-Bitto-2022.-PB.-demo.mp3\" type=\"audio\/mp3\" \/><\/audio><\/div>Bitt\u00f3 Du\u00f3 &#8211; Te volt\u00e1l (Original)"},"content":{"rendered":"<p><strong>03:35<\/strong> | <strong><img loading=\"lazy\" decoding=\"async\" class=\"alignnone size-full wp-image-467\" src=\"https:\/\/www.sunkaraoke.hu\/wp-content\/uploads\/2022\/07\/choir_2-copy.webp\" alt=\"\" width=\"30\" height=\"30\" \/> <\/strong><\/p>\n","protected":false},"excerpt":{"rendered":"<h6><strong>Bits\u0171r\u0171s\u00e9g: 320 <\/strong>kb\/s<strong><br \/>\n<\/strong><strong>Hossz: <\/strong>03:35<strong><br \/>\n<\/strong><strong style=\"font-size: 16px;\">Vok\u00e1lt tartalmaz: <\/strong>Nem <img loading=\"lazy\" decoding=\"async\" class=\"alignnone size-full wp-image-467\" src=\"http:\/\/www.sunkaraoke.hu\/wp-content\/uploads\/2022\/07\/choir_2-copy.png\" alt=\"\" width=\"30\" height=\"30\" \/><strong style=\"font-size: 16px;\"><br \/>\n<\/strong><\/h6>\n<p>Sunkaraoke mp3 st\u00fadi\u00f3 \/ www.sunkaraoke.hu \/ Inf: Tel: 06 20 4275001<\/p>\n<p>&#8212;Intr\u00f3&#8212;<br \/>\n\u00c1lmaimban egyszer, megjelent egy ny\u00e1ri eml\u00e9k,<br \/>\negy szenved\u00e9lyes \u00e9rz\u00e9s , sz\u00edvem m\u00e9ly\u00e9n most is \u00e9l m\u00e9g.<br \/>\nHa l\u00e1tom az arcodat, ha hallom a hangodat,<br \/>\nmily csod\u00e1s var\u00e1zs, az a ny\u00e1r v\u00e9ge m\u00e1r.<\/p>\n<p>S\u0171r\u0171 s\u00f6t\u00e9t k\u00f6dben bolyongok egy r\u00e9gi utc\u00e1n,<br \/>\negy elfelejtett dallam, s\u00e9ta k\u00f6zben \u00fajra felsz\u00e1ll.<br \/>\nHa l\u00e1tom az arcodat, ha hallom a hangodat,<br \/>\nmily csod\u00e1s var\u00e1zs, az a ny\u00e1r v\u00e9ge m\u00e1r.<\/p>\n<p>Ne menj el, nagyon f\u00e1j a b\u00facs\u00fa \u00e9rtsd meg,<br \/>\nsoha t\u00f6bb\u00e9 nem l\u00e1tlak, kedvesem.<br \/>\nNe menj el, nagyon f\u00e1j a b\u00facs\u00fa \u00e9rtsd meg,<br \/>\nsoha t\u00f6bb\u00e9 nem l\u00e1tlak, kedvesem.<br \/>\n&#8212;Sz\u00f3l\u00f3&#8212;<br \/>\nTe volt\u00e1l az els\u0151 l\u00e1ny az \u00e9letemben,<br \/>\nte volt\u00e1l az igazi kit \u00fagy szerettem.<br \/>\n\u00c9n mindent megtettem , de te j\u00e1tszott\u00e1l velem,<br \/>\nhazudt\u00e1l nekem , kedvesem, Istenem.<\/p>\n<p>Azt\u00e1n j\u00f6tt egy pillanat , hogy \u00fajra l\u00e1ttam,<br \/>\nk\u00e9zen fogva s\u00e9t\u00e1lt\u00e1l, egy m\u00e1sik sr\u00e1ccal.<br \/>\nDe nem is j\u00f6tt fel\u00e9m elfelejtett r\u00e9g,<br \/>\nmit is tettem \u00e9n, Istenem, Istenem!<\/p>\n<p>Ne menj el, nagyon f\u00e1j a b\u00facs\u00fa \u00e9rtsd meg,<br \/>\nsoha t\u00f6bb\u00e9 nem l\u00e1tlak, kedvesem.<br \/>\nNe menj el, nagyon f\u00e1j a b\u00facs\u00fa \u00e9rtsd meg,<br \/>\nsoha t\u00f6bb\u00e9 nem l\u00e1tlak, kedvesem.<\/p>\n<p>Ne menj el, nagyon f\u00e1j a b\u00facs\u00fa \u00e9rtsd meg,<br \/>\nsoha t\u00f6bb\u00e9 nem l\u00e1tlak, kedvesem.<br \/>\nNe menj el, nagyon f\u00e1j a b\u00facs\u00fa \u00e9rtsd meg,<br \/>\nsoha t\u00f6bb\u00e9 nem l\u00e1tlak, kedvesem.<br \/>\n&#8212;V\u00e9ge&#8212;<\/p>\n","protected":false},"featured_media":8718,"template":"","meta":{"site-sidebar-layout":"default","site-content-layout":"default","ast-site-content-layout":"default","site-content-style":"default","site-sidebar-style":"default","ast-global-header-display":"","ast-banner-title-visibility":"","ast-main-header-display":"","ast-hfb-above-header-display":"","ast-hfb-below-header-display":"","ast-hfb-mobile-header-display":"","site-post-title":"","ast-breadcrumbs-content":"","ast-featured-img":"","footer-sml-layout":"","theme-transparent-header-meta":"default","adv-header-id-meta":"","stick-header-meta":"","header-above-stick-meta":"","header-main-stick-meta":"","header-below-stick-meta":"","astra-migrate-meta-layouts":"set","ast-page-background-enabled":"default","ast-page-background-meta":{"desktop":{"background-color":"var(--ast-global-color-4)","background-image":"","background-repeat":"repeat","background-position":"center center","background-size":"auto","background-attachment":"scroll","background-type":"","background-media":"","overlay-type":"","overlay-color":"","overlay-opacity":"","overlay-gradient":""},"tablet":{"background-color":"","background-image":"","background-repeat":"repeat","background-position":"center center","background-size":"auto","background-attachment":"scroll","background-type":"","background-media":"","overlay-type":"","overlay-color":"","overlay-opacity":"","overlay-gradient":""},"mobile":{"background-color":"","background-image":"","background-repeat":"repeat","background-position":"center center","background-size":"auto","background-attachment":"scroll","background-type":"","background-media":"","overlay-type":"","overlay-color":"","overlay-opacity":"","overlay-gradient":""}},"ast-content-background-meta":{"desktop":{"background-color":"var(--ast-global-color-5)","background-image":"","background-repeat":"repeat","background-position":"center center","background-size":"auto","background-attachment":"scroll","background-type":"","background-media":"","overlay-type":"","overlay-color":"","overlay-opacity":"","overlay-gradient":""},"tablet":{"background-color":"var(--ast-global-color-5)","background-image":"","background-repeat":"repeat","background-position":"center center","background-size":"auto","background-attachment":"scroll","background-type":"","background-media":"","overlay-type":"","overlay-color":"","overlay-opacity":"","overlay-gradient":""},"mobile":{"background-color":"var(--ast-global-color-5)","background-image":"","background-repeat":"repeat","background-position":"center center","background-size":"auto","background-attachment":"scroll","background-type":"","background-media":"","overlay-type":"","overlay-color":"","overlay-opacity":"","overlay-gradient":""}}},"product_cat":[48],"product_tag":[],"class_list":["post-6019","product","type-product","status-publish","has-post-thumbnail","hentry","product_cat-sunkaraoke-dalok","desktop-align-left","tablet-align-left","mobile-align-left"],"_links":{"self":[{"href":"https:\/\/www.sunkaraoke.hu\/index.php\/wp-json\/wp\/v2\/product\/6019","targetHints":{"allow":["GET"]}}],"collection":[{"href":"https:\/\/www.sunkaraoke.hu\/index.php\/wp-json\/wp\/v2\/product"}],"about":[{"href":"https:\/\/www.sunkaraoke.hu\/index.php\/wp-json\/wp\/v2\/types\/product"}],"wp:featuredmedia":[{"embeddable":true,"href":"https:\/\/www.sunkaraoke.hu\/index.php\/wp-json\/wp\/v2\/media\/8718"}],"wp:attachment":[{"href":"https:\/\/www.sunkaraoke.hu\/index.php\/wp-json\/wp\/v2\/media?parent=6019"}],"wp:term":[{"taxonomy":"product_cat","embeddable":true,"href":"https:\/\/www.sunkaraoke.hu\/index.php\/wp-json\/wp\/v2\/product_cat?post=6019"},{"taxonomy":"product_tag","embeddable":true,"href":"https:\/\/www.sunkaraoke.hu\/index.php\/wp-json\/wp\/v2\/product_tag?post=6019"}],"curies":[{"name":"wp","href":"https:\/\/api.w.org\/{rel}","templated":true}]}}