{"id":6012,"date":"2022-08-08T20:50:18","date_gmt":"2022-08-08T20:50:18","guid":{"rendered":"https:\/\/www.sunkaraoke.hu\/index.php\/termek\/galamb-jozsef-szurke-eniko-lakodalom-van-minalunk\/"},"modified":"2024-01-16T12:24:54","modified_gmt":"2024-01-16T12:24:54","slug":"galamb-jozsef-szurke-eniko-lakodalom-van-minalunk","status":"publish","type":"product","link":"https:\/\/www.sunkaraoke.hu\/index.php\/termek\/galamb-jozsef-szurke-eniko-lakodalom-van-minalunk\/","title":{"rendered":"<div class=\"wcmp-player-container product-6012\"><audio controlslist=\"nodownload\" data-product=\"6012\"  volume=\"1\"  preload=\"none\" data-lazyloading=\"none\" class=\"wcmp-player track mejs-classic\" ><source src=\"https:\/\/www.sunkaraoke.hu\/wp-content\/uploads\/wcmp\/c77af6f3f44f778716eea1a4077dc049.mp3\" type=\"audio\/mp3\" \/><\/audio><\/div>Galamb J\u00f3zsef &#038; Sz\u00fcrke Enik\u00f5 &#8211; Lakodalom van min\u00e1lunk"},"content":{"rendered":"<p><strong>04:06<\/strong> | <strong><img loading=\"lazy\" decoding=\"async\" class=\"alignnone size-full wp-image-466\" src=\"https:\/\/www.sunkaraoke.hu\/wp-content\/uploads\/2022\/07\/choir_1-copy.webp\" alt=\"\" width=\"30\" height=\"30\" \/> <\/p>\n","protected":false},"excerpt":{"rendered":"<p><strong>Bits\u0171r\u0171s\u00e9g: <\/strong>196kb\/s<strong><br \/>\n<\/strong><strong>Hossz: <\/strong>04:06<strong><br \/>\n<\/strong><strong style=\"font-size: 16px;\">Vok\u00e1lt tartalmaz: <\/strong>Igen <img loading=\"lazy\" decoding=\"async\" class=\"alignnone size-full wp-image-466\" src=\"http:\/\/www.sunkaraoke.hu\/wp-content\/uploads\/2022\/07\/choir_1-copy.png\" alt=\"\" width=\"30\" height=\"30\" \/><strong style=\"font-size: 16px;\"><br \/>\n<\/strong><\/p>\n<p>&nbsp;<\/p>\n<p>&#8212;Intr\u00f3&#8212;\/\/00:28\/\/<br \/>\nLakodalom van mi n\u00e1lunk, mindenki mulat<br \/>\nEgy kupica j\u00f3 p\u00e1linka mindenkire hat<br \/>\nA zen\u00e9szek m\u00e1r reggel \u00f3ta h\u00fazz\u00e1k a n\u00f3t\u00e1t<br \/>\nAzt k\u00edv\u00e1nom h\u00e1rom napig tartson a mulats\u00e1g<\/p>\n<p>Mert am\u00edg \u00e9n meghalok, meghalok<br \/>\nMinden nap p\u00e1link\u00e1t kortyolok<br \/>\nCsak annyit adjon a j\u00f3 isten<br \/>\nHogy \u00e9ljek sz\u00e1z \u00e9ves korig<\/p>\n<p>Aj-jaj-jaj, meghalok, meghalok<br \/>\nDe addig mulatok, v\u00edgadok<br \/>\nCsak annyit adjon a j\u00f3 isten<br \/>\nM\u00e9g n\u00e9kem, m\u00edg \u00e9n meghalok<\/p>\n<p>>SOLO<\n\nLakodalom van mi n\u00e1lunk, minden szombaton\nSz\u00e1z kupica j\u00f3 p\u00e1linka van az asztalon\nH\u00fazd r\u00e1 zen\u00e9sz, had sz\u00f3ljon h\u00e1t, h\u00fazzad a n\u00f3t\u00e1t\nAzt k\u00edv\u00e1nom sz\u00e1zegy \u00e9veg tartson a mulats\u00e1g\n\nMert am\u00edg \u00e9n meghalok, meghalok\nMinden nap p\u00e1link\u00e1t kortyolok\nCsak annyit adjon a j\u00f3 isten\nHogy \u00e9ljek sz\u00e1z \u00e9ves korig\n\nAj-jaj-jaj, meghalok, meghalok\nDe addig mulatok, v\u00edgadok\nCsak annyit adjon a j\u00f3 isten\nM\u00e9g n\u00e9kem, m\u00edg \u00e9n meghalok\n\n>SOLO<\n\nMert am\u00edg \u00e9n meghalok, meghalok\nMinden nap p\u00e1link\u00e1t kortyolok\nCsak annyit adjon a j\u00f3 isten\nHogy \u00e9ljek sz\u00e1z \u00e9ves korig\n\nAj-jaj-jaj, meghalok, meghalok\nDe addig mulatok, v\u00edgadok\nCsak annyit adjon a j\u00f3 isten\nM\u00e9g n\u00e9kem, m\u00edg \u00e9n meghalok\n\n\nMert am\u00edg \u00e9n meghalok, meghalok\nMinden nap p\u00e1link\u00e1t kortyolok\nCsak annyit adjon a j\u00f3 isten\nHogy \u00e9ljek sz\u00e1z \u00e9ves korig\n\nAj-jaj-jaj, meghalok, meghalok\nDe addig mulatok, v\u00edgadok\nCsak annyit adjon a j\u00f3 isten\nM\u00e9g n\u00e9kem, m\u00edg \u00e9n meghalok\n\n>SOLO<\n\n<\/p>\n","protected":false},"featured_media":6363,"template":"","meta":{"site-sidebar-layout":"default","site-content-layout":"default","ast-site-content-layout":"","site-content-style":"default","site-sidebar-style":"default","ast-global-header-display":"","ast-banner-title-visibility":"","ast-main-header-display":"","ast-hfb-above-header-display":"","ast-hfb-below-header-display":"","ast-hfb-mobile-header-display":"","site-post-title":"","ast-breadcrumbs-content":"","ast-featured-img":"","footer-sml-layout":"","theme-transparent-header-meta":"default","adv-header-id-meta":"","stick-header-meta":"","header-above-stick-meta":"","header-main-stick-meta":"","header-below-stick-meta":"","astra-migrate-meta-layouts":"default","ast-page-background-enabled":"default","ast-page-background-meta":{"desktop":{"background-color":"var(--ast-global-color-4)","background-image":"","background-repeat":"repeat","background-position":"center center","background-size":"auto","background-attachment":"scroll","background-type":"","background-media":"","overlay-type":"","overlay-color":"","overlay-opacity":"","overlay-gradient":""},"tablet":{"background-color":"","background-image":"","background-repeat":"repeat","background-position":"center center","background-size":"auto","background-attachment":"scroll","background-type":"","background-media":"","overlay-type":"","overlay-color":"","overlay-opacity":"","overlay-gradient":""},"mobile":{"background-color":"","background-image":"","background-repeat":"repeat","background-position":"center center","background-size":"auto","background-attachment":"scroll","background-type":"","background-media":"","overlay-type":"","overlay-color":"","overlay-opacity":"","overlay-gradient":""}},"ast-content-background-meta":{"desktop":{"background-color":"var(--ast-global-color-5)","background-image":"","background-repeat":"repeat","background-position":"center center","background-size":"auto","background-attachment":"scroll","background-type":"","background-media":"","overlay-type":"","overlay-color":"","overlay-opacity":"","overlay-gradient":""},"tablet":{"background-color":"var(--ast-global-color-5)","background-image":"","background-repeat":"repeat","background-position":"center center","background-size":"auto","background-attachment":"scroll","background-type":"","background-media":"","overlay-type":"","overlay-color":"","overlay-opacity":"","overlay-gradient":""},"mobile":{"background-color":"var(--ast-global-color-5)","background-image":"","background-repeat":"repeat","background-position":"center center","background-size":"auto","background-attachment":"scroll","background-type":"","background-media":"","overlay-type":"","overlay-color":"","overlay-opacity":"","overlay-gradient":""}}},"product_cat":[69],"product_tag":[],"class_list":["post-6012","product","type-product","status-publish","has-post-thumbnail","hentry","product_cat-galamb-joci","desktop-align-left","tablet-align-left","mobile-align-left"],"_links":{"self":[{"href":"https:\/\/www.sunkaraoke.hu\/index.php\/wp-json\/wp\/v2\/product\/6012","targetHints":{"allow":["GET"]}}],"collection":[{"href":"https:\/\/www.sunkaraoke.hu\/index.php\/wp-json\/wp\/v2\/product"}],"about":[{"href":"https:\/\/www.sunkaraoke.hu\/index.php\/wp-json\/wp\/v2\/types\/product"}],"wp:featuredmedia":[{"embeddable":true,"href":"https:\/\/www.sunkaraoke.hu\/index.php\/wp-json\/wp\/v2\/media\/6363"}],"wp:attachment":[{"href":"https:\/\/www.sunkaraoke.hu\/index.php\/wp-json\/wp\/v2\/media?parent=6012"}],"wp:term":[{"taxonomy":"product_cat","embeddable":true,"href":"https:\/\/www.sunkaraoke.hu\/index.php\/wp-json\/wp\/v2\/product_cat?post=6012"},{"taxonomy":"product_tag","embeddable":true,"href":"https:\/\/www.sunkaraoke.hu\/index.php\/wp-json\/wp\/v2\/product_tag?post=6012"}],"curies":[{"name":"wp","href":"https:\/\/api.w.org\/{rel}","templated":true}]}}