{"id":6008,"date":"2022-08-08T20:50:17","date_gmt":"2022-08-08T20:50:17","guid":{"rendered":"https:\/\/www.sunkaraoke.hu\/index.php\/termek\/galamb-jozsef-szurke-eniko-megvaltozni-en-nem-tudok\/"},"modified":"2025-04-13T14:08:35","modified_gmt":"2025-04-13T14:08:35","slug":"galamb-jozsef-szurke-eniko-megvaltozni-en-nem-tudok","status":"publish","type":"product","link":"https:\/\/www.sunkaraoke.hu\/index.php\/termek\/galamb-jozsef-szurke-eniko-megvaltozni-en-nem-tudok\/","title":{"rendered":"<div class=\"wcmp-player-container product-6008\"><audio controlslist=\"nodownload\" data-product=\"6008\"  volume=\"1\"  preload=\"none\" data-lazyloading=\"none\" class=\"wcmp-player track mejs-classic\" data-duration=\"0:34\" data-estimated_duration=\"4\"><source src=\"https:\/\/www.sunkaraoke.hu\/wp-content\/uploads\/2022\/08\/Megvaltozni-en-nem-tudok-Vok-Galamb.-kdemoo.mp3\" type=\"audio\/mp3\" \/><\/audio><\/div>Galamb J\u00f3zsef &#038; Sz\u00fcrke Enik\u00f5 &#8211; Megv\u00e1ltozni \u00e9n nem tudok (Original)"},"content":{"rendered":"<p><strong>03:48<\/strong> | <strong><img loading=\"lazy\" decoding=\"async\" class=\"alignnone size-full wp-image-466\" src=\"https:\/\/www.sunkaraoke.hu\/wp-content\/uploads\/2022\/07\/choir_1-copy.webp\" alt=\"\" width=\"30\" height=\"30\" \/> <\/strong><\/p>\n","protected":false},"excerpt":{"rendered":"<h6><strong>Bits\u0171r\u0171s\u00e9g: 320<\/strong>kb\/s<strong><br \/>\n<\/strong><strong>Hossz: <\/strong>03:48<strong><br \/>\n<\/strong><strong style=\"font-size: 16px;\">Vok\u00e1lt tartalmaz: <\/strong>Igen <img loading=\"lazy\" decoding=\"async\" class=\"alignnone size-full wp-image-466\" src=\"http:\/\/www.sunkaraoke.hu\/wp-content\/uploads\/2022\/07\/choir_1-copy.png\" alt=\"\" width=\"30\" height=\"30\" \/><strong style=\"font-size: 16px;\"><br \/>\n<\/strong><\/h6>\n<p>Sunkaraoke mp3 st\u00fadi\u00f3 \/ www.sunkaraoke.hu \/ Inf: Tel: 06 20 4275001<\/p>\n<p>&#8212;Intr\u00f3&#8212;<br \/>\nVagyok, aki vagyok, nekem j\u00f3l van \u00edgy<br \/>\nIlyen is, meg olyan is, de \u00edgy a sz\u00e9p<br \/>\nHolnap sz\u0151ke, ma fekete, nem b\u00e1nom<br \/>\n\u00cdgy szeretek \u00e9lni a vil\u00e1gon<br \/>\nVagyok, aki vagyok, nekem j\u00f3l van \u00edgy<br \/>\nIde megyek, oda megyek, \u00edgy a sz\u00e9p<br \/>\nElindulok, vagy maradok, nem b\u00e1nom<br \/>\n\u00cdgy szeretek \u00e9lni a vil\u00e1gon<\/p>\n<p>Megv\u00e1ltozni \u00e9n nem tudok<br \/>\nMert, a j\u00f3 isten, j\u00f3nak adott<br \/>\nVagy szeretnek, vagy ha nem<br \/>\nNekem \u00edgy boldog az \u00e9letem<br \/>\nMegv\u00e1ltozni m\u00e1r nem fogok<br \/>\nMert \u00edgy szeretnek a csajok<br \/>\nHogyha kellek, vagy ha nem<br \/>\nNekem akkor is boldog, az \u00e9letem<\/p>\n<p>&gt;WAMP&lt; Vagyok, aki vagyok, nekem j\u00f3l van \u00edgy H\u00e1tra megyek, vagy el\u0151re, \u00edgy a sz\u00e9p Se vele, se n\u00e9lk\u00fcle, \u00e9n nem b\u00e1nom \u00cdgy szeretek \u00e9lni a vil\u00e1gon Vagyok, aki vagyok, nekem j\u00f3l van \u00edgy Egyszer ilyen, egyszer olyan, \u00edgy a sz\u00e9p Barna legyen, vagy fekete, nem b\u00e1nom \u00cdgy szeretek \u00e9lni a vil\u00e1gon Megv\u00e1ltozni \u00e9n nem tudok Mert, a j\u00f3 isten, j\u00f3nak adott Vagy szeretnek, vagy ha nem Nekem \u00edgy boldog az \u00e9letem Megv\u00e1ltozni m\u00e1r nem fogok Mert \u00edgy szeretnek a csajok Hogyha kellek, vagy ha nem Nekem akkor is boldog, az \u00e9letem &gt;SOLO&lt; &gt;SOLO&lt;<\/p>\n<p>Megv\u00e1ltozni \u00e9n nem tudok<br \/>\nMert, a j\u00f3 isten, j\u00f3nak adott<br \/>\nVagy szeretnek, vagy ha nem<br \/>\nNekem \u00edgy boldog az \u00e9letem<br \/>\nMegv\u00e1ltozni m\u00e1r nem fogok<br \/>\nMert \u00edgy szeretnek a csajok<br \/>\nHogyha kellek, vagy ha nem<br \/>\nNekem akkor is boldog, az \u00e9letem<\/p>\n<p>Megv\u00e1ltozni \u00e9n nem tudok<br \/>\nMert, a j\u00f3 isten, j\u00f3nak adott<br \/>\nVagy szeretnek, vagy ha nem<br \/>\nNekem \u00edgy boldog az \u00e9letem<br \/>\nMegv\u00e1ltozni m\u00e1r nem fogok<br \/>\nMert \u00edgy szeretnek a csajok<br \/>\nHogyha kellek, vagy ha nem<br \/>\nNekem akkor is boldog, az \u00e9letem<\/p>\n<p>Hogyha kellek, vagy ha nem<br \/>\nNekem akkor is boldog, az \u00e9letem<\/p>\n","protected":false},"featured_media":6363,"template":"","meta":{"site-sidebar-layout":"default","site-content-layout":"default","ast-site-content-layout":"default","site-content-style":"default","site-sidebar-style":"default","ast-global-header-display":"","ast-banner-title-visibility":"","ast-main-header-display":"","ast-hfb-above-header-display":"","ast-hfb-below-header-display":"","ast-hfb-mobile-header-display":"","site-post-title":"","ast-breadcrumbs-content":"","ast-featured-img":"","footer-sml-layout":"","theme-transparent-header-meta":"default","adv-header-id-meta":"","stick-header-meta":"","header-above-stick-meta":"","header-main-stick-meta":"","header-below-stick-meta":"","astra-migrate-meta-layouts":"set","ast-page-background-enabled":"default","ast-page-background-meta":{"desktop":{"background-color":"var(--ast-global-color-4)","background-image":"","background-repeat":"repeat","background-position":"center center","background-size":"auto","background-attachment":"scroll","background-type":"","background-media":"","overlay-type":"","overlay-color":"","overlay-opacity":"","overlay-gradient":""},"tablet":{"background-color":"","background-image":"","background-repeat":"repeat","background-position":"center center","background-size":"auto","background-attachment":"scroll","background-type":"","background-media":"","overlay-type":"","overlay-color":"","overlay-opacity":"","overlay-gradient":""},"mobile":{"background-color":"","background-image":"","background-repeat":"repeat","background-position":"center center","background-size":"auto","background-attachment":"scroll","background-type":"","background-media":"","overlay-type":"","overlay-color":"","overlay-opacity":"","overlay-gradient":""}},"ast-content-background-meta":{"desktop":{"background-color":"var(--ast-global-color-5)","background-image":"","background-repeat":"repeat","background-position":"center center","background-size":"auto","background-attachment":"scroll","background-type":"","background-media":"","overlay-type":"","overlay-color":"","overlay-opacity":"","overlay-gradient":""},"tablet":{"background-color":"var(--ast-global-color-5)","background-image":"","background-repeat":"repeat","background-position":"center center","background-size":"auto","background-attachment":"scroll","background-type":"","background-media":"","overlay-type":"","overlay-color":"","overlay-opacity":"","overlay-gradient":""},"mobile":{"background-color":"var(--ast-global-color-5)","background-image":"","background-repeat":"repeat","background-position":"center center","background-size":"auto","background-attachment":"scroll","background-type":"","background-media":"","overlay-type":"","overlay-color":"","overlay-opacity":"","overlay-gradient":""}}},"product_cat":[69],"product_tag":[],"class_list":["post-6008","product","type-product","status-publish","has-post-thumbnail","hentry","product_cat-galamb-joci","desktop-align-left","tablet-align-left","mobile-align-left"],"_links":{"self":[{"href":"https:\/\/www.sunkaraoke.hu\/index.php\/wp-json\/wp\/v2\/product\/6008","targetHints":{"allow":["GET"]}}],"collection":[{"href":"https:\/\/www.sunkaraoke.hu\/index.php\/wp-json\/wp\/v2\/product"}],"about":[{"href":"https:\/\/www.sunkaraoke.hu\/index.php\/wp-json\/wp\/v2\/types\/product"}],"wp:featuredmedia":[{"embeddable":true,"href":"https:\/\/www.sunkaraoke.hu\/index.php\/wp-json\/wp\/v2\/media\/6363"}],"wp:attachment":[{"href":"https:\/\/www.sunkaraoke.hu\/index.php\/wp-json\/wp\/v2\/media?parent=6008"}],"wp:term":[{"taxonomy":"product_cat","embeddable":true,"href":"https:\/\/www.sunkaraoke.hu\/index.php\/wp-json\/wp\/v2\/product_cat?post=6008"},{"taxonomy":"product_tag","embeddable":true,"href":"https:\/\/www.sunkaraoke.hu\/index.php\/wp-json\/wp\/v2\/product_tag?post=6008"}],"curies":[{"name":"wp","href":"https:\/\/api.w.org\/{rel}","templated":true}]}}