{"id":6005,"date":"2022-08-08T20:50:17","date_gmt":"2022-08-08T20:50:17","guid":{"rendered":"https:\/\/www.sunkaraoke.hu\/index.php\/termek\/kaczor-ferenc-hazudj-kicsit-meg\/"},"modified":"2025-03-28T08:30:17","modified_gmt":"2025-03-28T08:30:17","slug":"kaczor-ferenc-hazudj-kicsit-meg","status":"publish","type":"product","link":"https:\/\/www.sunkaraoke.hu\/index.php\/termek\/kaczor-ferenc-hazudj-kicsit-meg\/","title":{"rendered":"<div class=\"wcmp-player-container product-6005\"><audio controlslist=\"nodownload\" data-product=\"6005\"  volume=\"1\"  preload=\"none\" data-lazyloading=\"none\" class=\"wcmp-player track mejs-classic\" data-duration=\"0:31\" data-estimated_duration=\"4\"><source src=\"https:\/\/www.sunkaraoke.hu\/wp-content\/uploads\/2022\/08\/Hazudj-kicsit-meg_Kaczor-E_demo.mp3\" type=\"audio\/mp3\" \/><\/audio><\/div>Kaczor Ferenc &#8211; Hazudj kicsit m\u00e9g (Original)"},"content":{"rendered":"<p><strong>04:09<\/strong> | <strong><img loading=\"lazy\" decoding=\"async\" class=\"alignnone size-full wp-image-467\" src=\"https:\/\/www.sunkaraoke.hu\/wp-content\/uploads\/2022\/07\/choir_2-copy.webp\" alt=\"\" width=\"30\" height=\"30\" \/> <\/strong><\/p>\n","protected":false},"excerpt":{"rendered":"<h6>Bits\u0171r\u0171s\u00e9g: 320 kb\/s<br \/>\nHossz: 04:09<br \/>\nVok\u00e1lt tartalmaz: Nem <img loading=\"lazy\" decoding=\"async\" class=\"alignnone size-full wp-image-467\" src=\"http:\/\/www.sunkaraoke.hu\/wp-content\/uploads\/2022\/07\/choir_2-copy.png\" alt=\"\" width=\"30\" height=\"30\" \/><strong style=\"font-size: 16px;\"><br \/>\n<\/strong><\/h6>\n<p>Sunkaraoke mp3 st\u00fadi\u00f3 \/ www.sunkaraoke.hu \/ Inf: Tel: 06 20 4275001<\/p>\n<p>&#8212;Intr\u00f3&#8212;<br \/>\nEgy hull\u00f3csillagot, l\u00e1ttam az \u00e9gen,<br \/>\nszerelmet boldogs\u00e1got, csak ennyit k\u00e9rtem.<br \/>\nA sok sok sz\u00e9pet, mit t\u0151led kaptam,<br \/>\nszerelmet boldogs\u00e1got, mir\u0151l egykor \u00e1lmodoztam<\/p>\n<p>K\u00e9rlek hazudj kicsit m\u00e9g,<br \/>\nhogy az \u00e9let csak velem sz\u00e9p,<br \/>\nhogy nem tudsz \u00e9lni n\u00e9lk\u00fclem,<br \/>\nhogy nem szerett\u00e9l \u00edgy m\u00e9g senkit sem.<br \/>\nK\u00e9rlek hazudj kicsit m\u00e9g,<br \/>\nhogy az \u00e9let csak velem sz\u00e9p,<br \/>\nhogy nem tudsz \u00e9lni n\u00e9lk\u00fclem,<br \/>\nhogy nem szerett\u00e9l \u00edgy m\u00e9g senkit sem.<br \/>\n&#8212;Sz\u00f3l\u00f3&#8212;<br \/>\nMeg\u00f6l a b\u00e1nat, ha m\u00e1ssal l\u00e1tlak,<br \/>\nnem tudn\u00e1m elviselni, hogy m\u00e1s cs\u00f3kolja sz\u00e1dat.<br \/>\nMeg\u00f6l a b\u00e1nat, ha m\u00e1ssal l\u00e1tlak,<br \/>\nnem tudn\u00e1m elviselni, hogy m\u00e1s karj\u00e1ba l\u00e1tlak.<\/p>\n<p>K\u00e9rlek hazudj kicsit m\u00e9g,<br \/>\nhogy az \u00e9let csak velem sz\u00e9p,<br \/>\nhogy nem tudsz \u00e9lni n\u00e9lk\u00fclem,<br \/>\nhogy nem szerett\u00e9l \u00edgy m\u00e9g senkit sem.<br \/>\nK\u00e9rlek hazudj kicsit m\u00e9g,<br \/>\nhogy az \u00e9let csak velem sz\u00e9p,<br \/>\nhogy nem tudsz \u00e9lni n\u00e9lk\u00fclem,<br \/>\nhogy nem szerett\u00e9l \u00edgy m\u00e9g senkit sem.<\/p>\n<p>Egy hull\u00f3csillagot, l\u00e1ttam az \u00e9gen,<br \/>\nszerelmet boldogs\u00e1got, csak ennyit k\u00e9rtem.<br \/>\nA sok sok sz\u00e9pet, mit t\u0151led kaptam,<br \/>\nszerelmet boldogs\u00e1got, mir\u0151l egykor \u00e1lmodoztam<\/p>\n<p>K\u00e9rlek hazudj kicsit m\u00e9g,<br \/>\nhogy az \u00e9let csak velem sz\u00e9p,<br \/>\nhogy nem tudsz \u00e9lni n\u00e9lk\u00fclem,<br \/>\nhogy nem szerett\u00e9l \u00edgy m\u00e9g senkit sem.<br \/>\nK\u00e9rlek hazudj kicsit m\u00e9g,<br \/>\nhogy az \u00e9let csak velem sz\u00e9p,<br \/>\nhogy nem tudsz \u00e9lni n\u00e9lk\u00fclem,<br \/>\nhogy nem szerett\u00e9l \u00edgy m\u00e9g senkit sem.<br \/>\nK\u00e9rlek hazudj kicsit m\u00e9g,<br \/>\nhogy az \u00e9let csak velem sz\u00e9p,<br \/>\nhogy nem tudsz \u00e9lni n\u00e9lk\u00fclem,<br \/>\nhogy nem szerett\u00e9l \u00edgy m\u00e9g senkit sem.<br \/>\nK\u00e9rlek hazudj kicsit m\u00e9g,<br \/>\nhogy az \u00e9let csak velem sz\u00e9p,<br \/>\nhogy nem tudsz \u00e9lni n\u00e9lk\u00fclem,<br \/>\nhogy nem szerett\u00e9l \u00edgy m\u00e9g senkit sem.<br \/>\nHogy nem szerett\u00e9l \u00edgy m\u00e9g senkit sem.<br \/>\n&#8212;V\u00e9ge&#8212;<\/p>\n","protected":false},"featured_media":8960,"template":"","meta":{"site-sidebar-layout":"default","site-content-layout":"default","ast-site-content-layout":"default","site-content-style":"default","site-sidebar-style":"default","ast-global-header-display":"","ast-banner-title-visibility":"","ast-main-header-display":"","ast-hfb-above-header-display":"","ast-hfb-below-header-display":"","ast-hfb-mobile-header-display":"","site-post-title":"","ast-breadcrumbs-content":"","ast-featured-img":"","footer-sml-layout":"","theme-transparent-header-meta":"default","adv-header-id-meta":"","stick-header-meta":"","header-above-stick-meta":"","header-main-stick-meta":"","header-below-stick-meta":"","astra-migrate-meta-layouts":"set","ast-page-background-enabled":"default","ast-page-background-meta":{"desktop":{"background-color":"var(--ast-global-color-4)","background-image":"","background-repeat":"repeat","background-position":"center center","background-size":"auto","background-attachment":"scroll","background-type":"","background-media":"","overlay-type":"","overlay-color":"","overlay-opacity":"","overlay-gradient":""},"tablet":{"background-color":"","background-image":"","background-repeat":"repeat","background-position":"center center","background-size":"auto","background-attachment":"scroll","background-type":"","background-media":"","overlay-type":"","overlay-color":"","overlay-opacity":"","overlay-gradient":""},"mobile":{"background-color":"","background-image":"","background-repeat":"repeat","background-position":"center center","background-size":"auto","background-attachment":"scroll","background-type":"","background-media":"","overlay-type":"","overlay-color":"","overlay-opacity":"","overlay-gradient":""}},"ast-content-background-meta":{"desktop":{"background-color":"var(--ast-global-color-5)","background-image":"","background-repeat":"repeat","background-position":"center center","background-size":"auto","background-attachment":"scroll","background-type":"","background-media":"","overlay-type":"","overlay-color":"","overlay-opacity":"","overlay-gradient":""},"tablet":{"background-color":"var(--ast-global-color-5)","background-image":"","background-repeat":"repeat","background-position":"center center","background-size":"auto","background-attachment":"scroll","background-type":"","background-media":"","overlay-type":"","overlay-color":"","overlay-opacity":"","overlay-gradient":""},"mobile":{"background-color":"var(--ast-global-color-5)","background-image":"","background-repeat":"repeat","background-position":"center center","background-size":"auto","background-attachment":"scroll","background-type":"","background-media":"","overlay-type":"","overlay-color":"","overlay-opacity":"","overlay-gradient":""}}},"product_cat":[58],"product_tag":[],"class_list":["post-6005","product","type-product","status-publish","has-post-thumbnail","hentry","product_cat-erdelyi-zoltan","desktop-align-left","tablet-align-left","mobile-align-left"],"_links":{"self":[{"href":"https:\/\/www.sunkaraoke.hu\/index.php\/wp-json\/wp\/v2\/product\/6005","targetHints":{"allow":["GET"]}}],"collection":[{"href":"https:\/\/www.sunkaraoke.hu\/index.php\/wp-json\/wp\/v2\/product"}],"about":[{"href":"https:\/\/www.sunkaraoke.hu\/index.php\/wp-json\/wp\/v2\/types\/product"}],"wp:featuredmedia":[{"embeddable":true,"href":"https:\/\/www.sunkaraoke.hu\/index.php\/wp-json\/wp\/v2\/media\/8960"}],"wp:attachment":[{"href":"https:\/\/www.sunkaraoke.hu\/index.php\/wp-json\/wp\/v2\/media?parent=6005"}],"wp:term":[{"taxonomy":"product_cat","embeddable":true,"href":"https:\/\/www.sunkaraoke.hu\/index.php\/wp-json\/wp\/v2\/product_cat?post=6005"},{"taxonomy":"product_tag","embeddable":true,"href":"https:\/\/www.sunkaraoke.hu\/index.php\/wp-json\/wp\/v2\/product_tag?post=6005"}],"curies":[{"name":"wp","href":"https:\/\/api.w.org\/{rel}","templated":true}]}}