{"id":5990,"date":"2022-08-08T20:50:15","date_gmt":"2022-08-08T20:50:15","guid":{"rendered":"https:\/\/www.sunkaraoke.hu\/index.php\/termek\/majka-x-curtis-x-kiraly-viktor-futtyus-mulatos-cover\/"},"modified":"2025-04-07T12:07:20","modified_gmt":"2025-04-07T12:07:20","slug":"majka-x-curtis-x-kiraly-viktor-futtyus-mulatos-cover","status":"publish","type":"product","link":"https:\/\/www.sunkaraoke.hu\/index.php\/termek\/majka-x-curtis-x-kiraly-viktor-futtyus-mulatos-cover\/","title":{"rendered":"<div class=\"wcmp-player-container product-5990\"><audio controlslist=\"nodownload\" data-product=\"5990\"  volume=\"1\"  preload=\"none\" data-lazyloading=\"none\" class=\"wcmp-player track mejs-classic\" data-duration=\"0:34\" data-estimated_duration=\"4\"><source src=\"https:\/\/www.sunkaraoke.hu\/wp-content\/uploads\/2022\/08\/Futtyos-Mulatos-Cover-2022.-PB.-demooo2.mp3\" type=\"audio\/mp3\" \/><\/audio><\/div>Majka X Curtis X Kir\u00e1ly Viktor &#8211; F\u00fctty\u00fcs Mulat\u00f3s Cover   (Original)"},"content":{"rendered":"<p><strong>03:12<\/strong> | <strong><img loading=\"lazy\" decoding=\"async\" class=\"alignnone size-full wp-image-467\" src=\"https:\/\/www.sunkaraoke.hu\/wp-content\/uploads\/2022\/07\/choir_2-copy.webp\" alt=\"\" width=\"30\" height=\"30\" \/> <\/strong><\/p>\n","protected":false},"excerpt":{"rendered":"<h6><strong>Bits\u0171r\u0171s\u00e9g: 320<\/strong>kb\/s<strong><br \/>\n<\/strong><strong>Hossz: <\/strong>03:12<strong><br \/>\n<\/strong><strong style=\"font-size: 16px;\">Vok\u00e1lt tartalmaz: <\/strong>Nem <img loading=\"lazy\" decoding=\"async\" class=\"alignnone size-full wp-image-467\" src=\"http:\/\/www.sunkaraoke.hu\/wp-content\/uploads\/2022\/07\/choir_2-copy.png\" alt=\"\" width=\"30\" height=\"30\" \/><strong style=\"font-size: 16px;\"><br \/>\n<\/strong><\/h6>\n<p>Sunkaraoke mp3 st\u00fadi\u00f3 \/ www.sunkaraoke.hu \/ Inf: Tel: 06 20 4275001<\/p>\n<p>&#8212;Intr\u00f3&#8212;<br \/>\nCsak a szok\u00e1sos utc\u00e1kat j\u00e1rom,<br \/>\nrokonom az \u00f6sszes sarok,<br \/>\naz utraval\u00f3m zsebrev\u00e1gom,<br \/>\n\u00e9s dudolom a kedvenc dalom.<br \/>\nAz \u00e9gbolt marad meg a v\u00e1szon,<br \/>\nkifestem ha \u00fagy akarod.<br \/>\nF\u00e9mp\u00e9nzben m\u00e9rik a v\u00e1mot,<br \/>\ncsak a szeg\u00e9ny, csak a szeg\u00e9ny ki most is vacog.<br \/>\nEz a dal most t\u00e9nyleg arr\u00f3l sz\u00f3l,<br \/>\nhogy j\u00f6n a basszus a tengerent\u00falr\u00f3l,<br \/>\ntetszik vagy nem ez pont \u00edgy j\u00f3,<br \/>\ns\u00f6t\u00e9t cucc a s\u00e1padt arcokr\u00f3l,<br \/>\nmarad az a sr\u00e1c a szomsz\u00e9db\u00f3l,<br \/>\naz a k\u00f6ly\u00f6k aki mindent \u00e1trajzolt,<br \/>\na r\u00e9gi utc\u00e1kr\u00f3l, aki \u00e1lmokat hajszol.<br \/>\n&#8212;Sz\u00f3l\u00f3&#8212;<br \/>\nCsak a szok\u00e1sos utc\u00e1kat j\u00e1rom,<br \/>\nrokonom az \u00f6sszes sarok,<br \/>\naz utraval\u00f3m zsebrev\u00e1gom,<br \/>\n\u00e9s dudolom a kedvenc dalom.<br \/>\nAz \u00e9gbolt marad meg a v\u00e1szon,<br \/>\nkifestem ha \u00fagy akarod.<br \/>\nF\u00e9mp\u00e9nzben m\u00e9rik a v\u00e1mot,<br \/>\ncsak a szeg\u00e9ny, csak a szeg\u00e9ny, ki most is vacog.<br \/>\nEz a dal most t\u00e9nyleg arr\u00f3l sz\u00f3l,<br \/>\nhogy j\u00f6n a basszus a tengerent\u00falr\u00f3l,<br \/>\ntetszik vagy nem, ez pont \u00edgy j\u00f3,<br \/>\ns\u00f6t\u00e9t cucc a s\u00e1padt arcokr\u00f3l,<br \/>\nmarad az a sr\u00e1c a szomsz\u00e9db\u00f3l,<br \/>\naz a k\u00f6ly\u00f6k aki mindent \u00e1trajzolt,<br \/>\na r\u00e9gi utc\u00e1kr\u00f3l, aki \u00e1lmokat hajszol.<br \/>\nEz a dal most t\u00e9nyleg arr\u00f3l sz\u00f3l,<br \/>\nhogy j\u00f6n a basszus a tengerent\u00falr\u00f3l,<br \/>\ntetszik vagy nem, ez pont \u00edgy j\u00f3,<br \/>\ns\u00f6t\u00e9t cucc, a s\u00e1padt arcokr\u00f3l,<br \/>\nmarad az a sr\u00e1c a szomsz\u00e9db\u00f3l,<br \/>\naz a k\u00f6ly\u00f6k, aki mindent \u00e1trajzolt,<br \/>\na r\u00e9gi utc\u00e1kr\u00f3l, aki \u00e1lmokat hajszol.<br \/>\n&#8212;V\u00e9ge&#8212;<\/p>\n","protected":false},"featured_media":9017,"template":"","meta":{"site-sidebar-layout":"default","site-content-layout":"default","ast-site-content-layout":"default","site-content-style":"default","site-sidebar-style":"default","ast-global-header-display":"","ast-banner-title-visibility":"","ast-main-header-display":"","ast-hfb-above-header-display":"","ast-hfb-below-header-display":"","ast-hfb-mobile-header-display":"","site-post-title":"","ast-breadcrumbs-content":"","ast-featured-img":"","footer-sml-layout":"","theme-transparent-header-meta":"default","adv-header-id-meta":"","stick-header-meta":"","header-above-stick-meta":"","header-main-stick-meta":"","header-below-stick-meta":"","astra-migrate-meta-layouts":"set","ast-page-background-enabled":"default","ast-page-background-meta":{"desktop":{"background-color":"var(--ast-global-color-4)","background-image":"","background-repeat":"repeat","background-position":"center center","background-size":"auto","background-attachment":"scroll","background-type":"","background-media":"","overlay-type":"","overlay-color":"","overlay-opacity":"","overlay-gradient":""},"tablet":{"background-color":"","background-image":"","background-repeat":"repeat","background-position":"center center","background-size":"auto","background-attachment":"scroll","background-type":"","background-media":"","overlay-type":"","overlay-color":"","overlay-opacity":"","overlay-gradient":""},"mobile":{"background-color":"","background-image":"","background-repeat":"repeat","background-position":"center center","background-size":"auto","background-attachment":"scroll","background-type":"","background-media":"","overlay-type":"","overlay-color":"","overlay-opacity":"","overlay-gradient":""}},"ast-content-background-meta":{"desktop":{"background-color":"var(--ast-global-color-5)","background-image":"","background-repeat":"repeat","background-position":"center center","background-size":"auto","background-attachment":"scroll","background-type":"","background-media":"","overlay-type":"","overlay-color":"","overlay-opacity":"","overlay-gradient":""},"tablet":{"background-color":"var(--ast-global-color-5)","background-image":"","background-repeat":"repeat","background-position":"center center","background-size":"auto","background-attachment":"scroll","background-type":"","background-media":"","overlay-type":"","overlay-color":"","overlay-opacity":"","overlay-gradient":""},"mobile":{"background-color":"var(--ast-global-color-5)","background-image":"","background-repeat":"repeat","background-position":"center center","background-size":"auto","background-attachment":"scroll","background-type":"","background-media":"","overlay-type":"","overlay-color":"","overlay-opacity":"","overlay-gradient":""}}},"product_cat":[48],"product_tag":[],"class_list":["post-5990","product","type-product","status-publish","has-post-thumbnail","hentry","product_cat-sunkaraoke-dalok","desktop-align-left","tablet-align-left","mobile-align-left"],"_links":{"self":[{"href":"https:\/\/www.sunkaraoke.hu\/index.php\/wp-json\/wp\/v2\/product\/5990","targetHints":{"allow":["GET"]}}],"collection":[{"href":"https:\/\/www.sunkaraoke.hu\/index.php\/wp-json\/wp\/v2\/product"}],"about":[{"href":"https:\/\/www.sunkaraoke.hu\/index.php\/wp-json\/wp\/v2\/types\/product"}],"wp:featuredmedia":[{"embeddable":true,"href":"https:\/\/www.sunkaraoke.hu\/index.php\/wp-json\/wp\/v2\/media\/9017"}],"wp:attachment":[{"href":"https:\/\/www.sunkaraoke.hu\/index.php\/wp-json\/wp\/v2\/media?parent=5990"}],"wp:term":[{"taxonomy":"product_cat","embeddable":true,"href":"https:\/\/www.sunkaraoke.hu\/index.php\/wp-json\/wp\/v2\/product_cat?post=5990"},{"taxonomy":"product_tag","embeddable":true,"href":"https:\/\/www.sunkaraoke.hu\/index.php\/wp-json\/wp\/v2\/product_tag?post=5990"}],"curies":[{"name":"wp","href":"https:\/\/api.w.org\/{rel}","templated":true}]}}