{"id":5988,"date":"2022-08-08T20:50:15","date_gmt":"2022-08-08T20:50:15","guid":{"rendered":"https:\/\/www.sunkaraoke.hu\/index.php\/termek\/postas-jozsi-sappusztai-palinka\/"},"modified":"2026-04-18T07:25:17","modified_gmt":"2026-04-18T05:25:17","slug":"postas-jozsi-sappusztai-palinka","status":"publish","type":"product","link":"https:\/\/www.sunkaraoke.hu\/index.php\/termek\/postas-jozsi-sappusztai-palinka\/","title":{"rendered":"<div class=\"wcmp-player-container product-5988\"><audio controlslist=\"nodownload\" data-product=\"5988\"  volume=\"1\"  preload=\"none\" data-lazyloading=\"none\" class=\"wcmp-player track mejs-classic\" data-duration=\"0:33\" data-estimated_duration=\"4\"><source src=\"https:\/\/www.sunkaraoke.hu\/wp-content\/uploads\/2022\/08\/Sappusztai-palinka-Postas.demooo.mp3\" type=\"audio\/mp3\" \/><\/audio><\/div>Post\u00e1s J\u00f3zsi &#8211; S\u00e1ppusztai p\u00e1linka (Original)"},"content":{"rendered":"<p><strong>03:16<\/strong> | <strong><img loading=\"lazy\" decoding=\"async\" class=\"alignnone size-full wp-image-467\" src=\"https:\/\/www.sunkaraoke.hu\/wp-content\/uploads\/2022\/07\/choir_2-copy.webp\" alt=\"\" width=\"30\" height=\"30\" \/> <\/strong><\/p>\n","protected":false},"excerpt":{"rendered":"<h6><strong>Bits\u0171r\u0171s\u00e9g: 320<\/strong>kb\/s<strong><br \/>\n<\/strong><strong>Hossz: <\/strong>03:16<strong><br \/>\n<\/strong><strong style=\"font-size: 16px;\">Vok\u00e1lt tartalmaz: <\/strong>Nem <img loading=\"lazy\" decoding=\"async\" class=\"alignnone size-full wp-image-467\" src=\"http:\/\/www.sunkaraoke.hu\/wp-content\/uploads\/2022\/07\/choir_2-copy.png\" alt=\"\" width=\"30\" height=\"30\" \/><strong style=\"font-size: 16px;\"><br \/>\n<\/strong><\/h6>\n<p>Sunkaraoke mp3 st\u00fadi\u00f3 \/ www.sunkaraoke.hu \/ Inf: Tel: 06 20 4275001<\/p>\n<p>&#8212;Intr\u00f3&#8212;<br \/>\nHaverokkal \u00f6ssze j\u00f6tt\u00fcnk,<br \/>\na p\u00e1link\u00e1b\u00f3l t\u00f6lt\u00f6gett\u00fcnk,<br \/>\nebb\u0151l is abb\u00f3l is egy kupic\u00e1t ittunk,<br \/>\ns m\u00e1r is j\u00f3 lett a kedv\u00fcnk.<br \/>\nM\u00e9g miel\u0151tt \u00fatra kelt\u00fcnk,<br \/>\negy kicsit m\u00e9g t\u00f6lt\u00f6gett\u00fcnk,<br \/>\na s\u00e1ppusztai p\u00e1link\u00e1val, koccintottunk s \u00fcnnepelt\u00fcnk.<\/p>\n<p>S\u00e1ppusztai p\u00e1linka, ez mi a beteg lelket gy\u00f3gy\u00edtja,<br \/>\np\u00e9ntekre vagy szombatra, egy kupica s\u00e1ppusztai p\u00e1linka.<br \/>\nS\u00e1ppusztai p\u00e1linka, orvoss\u00e1g lesz a bajra,<br \/>\na v\u00e9rnyom\u00e1st be\u00e1ll\u00edtja, egy kupica s\u00e1ppusztai p\u00e1linka.<br \/>\n&#8212;Sz\u00f3l\u00f3&#8212;<br \/>\nEg\u00e9sz nap az ig\u00e1t h\u00fazod,<br \/>\nmagadr\u00f3l a b\u0151rt leny\u00fazod,<br \/>\nha ezt a p\u00e1link\u00e1t most leh\u00fazod,<br \/>\njobban indulhat a napod.<br \/>\nA tint\u00e1sb\u00f3l is igy\u00e1l egyet,<br \/>\nazut\u00e1n egy f\u00fcrt\u00f6s meggyet,<br \/>\na barackot a szilv\u00e1t el ne hagyd,<br \/>\na k\u00f6z\u00e9rzeted j\u00f3 lesz majd.<br \/>\nS\u00e1ppusztai p\u00e1linka, ez mi a beteg lelket gy\u00f3gy\u00edtja,<br \/>\np\u00e9ntekre vagy szombatra, egy kupica s\u00e1ppusztai p\u00e1linka.<br \/>\nS\u00e1ppusztai p\u00e1linka, orvoss\u00e1g lesz a bajra,<br \/>\na v\u00e9rnyom\u00e1st be\u00e1ll\u00edtja, egy kupica s\u00e1ppusztai p\u00e1linka.<br \/>\n&#8212;Sz\u00f3l\u00f3&#8212;<br \/>\nS\u00e1ppusztai p\u00e1linka, ez mi a beteg lelket gy\u00f3gy\u00edtja,<br \/>\np\u00e9ntekre vagy szombatra, egy kupica s\u00e1ppusztai p\u00e1linka.<br \/>\nS\u00e1ppusztai p\u00e1linka, orvoss\u00e1g lesz a bajra,<br \/>\na v\u00e9rnyom\u00e1st be\u00e1ll\u00edtja, egy kupica s\u00e1ppusztai p\u00e1linka.<br \/>\nEgy kupica s\u00e1ppusztai p\u00e1linka.<br \/>\n&#8212;V\u00e9ge&#8212;<\/p>\n","protected":false},"featured_media":9011,"template":"","meta":{"site-sidebar-layout":"default","site-content-layout":"default","ast-site-content-layout":"default","site-content-style":"default","site-sidebar-style":"default","ast-global-header-display":"","ast-banner-title-visibility":"","ast-main-header-display":"","ast-hfb-above-header-display":"","ast-hfb-below-header-display":"","ast-hfb-mobile-header-display":"","site-post-title":"","ast-breadcrumbs-content":"","ast-featured-img":"","footer-sml-layout":"","theme-transparent-header-meta":"default","adv-header-id-meta":"","stick-header-meta":"","header-above-stick-meta":"","header-main-stick-meta":"","header-below-stick-meta":"","astra-migrate-meta-layouts":"set","ast-page-background-enabled":"default","ast-page-background-meta":{"desktop":{"background-color":"var(--ast-global-color-4)","background-image":"","background-repeat":"repeat","background-position":"center center","background-size":"auto","background-attachment":"scroll","background-type":"","background-media":"","overlay-type":"","overlay-color":"","overlay-opacity":"","overlay-gradient":""},"tablet":{"background-color":"","background-image":"","background-repeat":"repeat","background-position":"center center","background-size":"auto","background-attachment":"scroll","background-type":"","background-media":"","overlay-type":"","overlay-color":"","overlay-opacity":"","overlay-gradient":""},"mobile":{"background-color":"","background-image":"","background-repeat":"repeat","background-position":"center center","background-size":"auto","background-attachment":"scroll","background-type":"","background-media":"","overlay-type":"","overlay-color":"","overlay-opacity":"","overlay-gradient":""}},"ast-content-background-meta":{"desktop":{"background-color":"var(--ast-global-color-5)","background-image":"","background-repeat":"repeat","background-position":"center center","background-size":"auto","background-attachment":"scroll","background-type":"","background-media":"","overlay-type":"","overlay-color":"","overlay-opacity":"","overlay-gradient":""},"tablet":{"background-color":"var(--ast-global-color-5)","background-image":"","background-repeat":"repeat","background-position":"center center","background-size":"auto","background-attachment":"scroll","background-type":"","background-media":"","overlay-type":"","overlay-color":"","overlay-opacity":"","overlay-gradient":""},"mobile":{"background-color":"var(--ast-global-color-5)","background-image":"","background-repeat":"repeat","background-position":"center center","background-size":"auto","background-attachment":"scroll","background-type":"","background-media":"","overlay-type":"","overlay-color":"","overlay-opacity":"","overlay-gradient":""}}},"product_cat":[46],"product_tag":[],"class_list":["post-5988","product","type-product","status-publish","has-post-thumbnail","hentry","product_cat-eredeti-karaoke-dalok","desktop-align-left","tablet-align-left","mobile-align-left"],"_links":{"self":[{"href":"https:\/\/www.sunkaraoke.hu\/index.php\/wp-json\/wp\/v2\/product\/5988","targetHints":{"allow":["GET"]}}],"collection":[{"href":"https:\/\/www.sunkaraoke.hu\/index.php\/wp-json\/wp\/v2\/product"}],"about":[{"href":"https:\/\/www.sunkaraoke.hu\/index.php\/wp-json\/wp\/v2\/types\/product"}],"wp:featuredmedia":[{"embeddable":true,"href":"https:\/\/www.sunkaraoke.hu\/index.php\/wp-json\/wp\/v2\/media\/9011"}],"wp:attachment":[{"href":"https:\/\/www.sunkaraoke.hu\/index.php\/wp-json\/wp\/v2\/media?parent=5988"}],"wp:term":[{"taxonomy":"product_cat","embeddable":true,"href":"https:\/\/www.sunkaraoke.hu\/index.php\/wp-json\/wp\/v2\/product_cat?post=5988"},{"taxonomy":"product_tag","embeddable":true,"href":"https:\/\/www.sunkaraoke.hu\/index.php\/wp-json\/wp\/v2\/product_tag?post=5988"}],"curies":[{"name":"wp","href":"https:\/\/api.w.org\/{rel}","templated":true}]}}