{"id":5987,"date":"2022-08-08T20:50:15","date_gmt":"2022-08-08T20:50:15","guid":{"rendered":"https:\/\/www.sunkaraoke.hu\/index.php\/termek\/didi-es-gabriella-kamu-mese\/"},"modified":"2025-04-04T20:01:32","modified_gmt":"2025-04-04T20:01:32","slug":"didi-es-gabriella-kamu-mese","status":"publish","type":"product","link":"https:\/\/www.sunkaraoke.hu\/index.php\/termek\/didi-es-gabriella-kamu-mese\/","title":{"rendered":"<div class=\"wcmp-player-container product-5987\"><audio controlslist=\"nodownload\" data-product=\"5987\"  volume=\"1\"  preload=\"none\" data-lazyloading=\"none\" class=\"wcmp-player track mejs-classic\" data-duration=\"0:33\" data-estimated_duration=\"4\"><source src=\"https:\/\/www.sunkaraoke.hu\/wp-content\/uploads\/2022\/08\/Kamu-mese-voc-Didi-.-kdemoo.mp3\" type=\"audio\/mp3\" \/><\/audio><\/div>Didi \u00e9s Gabriella &#8211; Kamu mese (Original)"},"content":{"rendered":"<p><strong>03:13<\/strong> | <strong><img loading=\"lazy\" decoding=\"async\" class=\"alignnone size-full wp-image-466\" src=\"https:\/\/www.sunkaraoke.hu\/wp-content\/uploads\/2022\/07\/choir_1-copy.webp\" alt=\"\" width=\"30\" height=\"30\" \/> <\/strong><\/p>\n","protected":false},"excerpt":{"rendered":"<h6><strong>Bits\u0171r\u0171s\u00e9g: 320<\/strong>kb\/s<strong><br \/>\n<\/strong><strong>Hossz: <\/strong>03:13<strong><br \/>\n<\/strong><strong style=\"font-size: 16px;\">Vok\u00e1lt tartalmaz: <\/strong>Igen <img loading=\"lazy\" decoding=\"async\" class=\"alignnone size-full wp-image-466\" src=\"http:\/\/www.sunkaraoke.hu\/wp-content\/uploads\/2022\/07\/choir_1-copy.png\" alt=\"\" width=\"30\" height=\"30\" \/><strong style=\"font-size: 16px;\"><br \/>\n<\/strong><\/h6>\n<p>Sunkaraoke mp3 st\u00fadi\u00f3 \/ www.sunkaraoke.hu \/ Inf: Tel: 06 20 4275001<\/p>\n<p>&#8212;Intr\u00f3&#8212;<br \/>\nTengerpart, t\u0171zforr\u00f3 ny\u00e1r, egy kis fl\u00f6rt az meg sem \u00e1rt,<br \/>\negy j\u00f3 duma \u00e9s egy kis s\u00e1rm, azt\u00e1n j\u00f6het a cs\u00e1b\u00edt\u00e1s.<br \/>\nTudom a n\u0151 mit v\u00e1r, megj\u00f6n a kir\u00e1ly,feh\u00e9r limuzinnal l\u00e1ba el\u00e9 \u00e1ll.<\/p>\n<p>Kamu mese, \u00e9s egy k\u00e9t csecsebecse,<br \/>\nna cica baba gyere, itt van a kir\u00e1ly.<br \/>\nKamu mese, \u00e9s egy k\u00e9t csecsebecse,<br \/>\n\u00e9s elhiszi az esze hogy, itt van a kir\u00e1ly.<\/p>\n<p>Feh\u00e9r lovak, s p\u00e1maf\u00e1k, simogat a napsug\u00e1r,<br \/>\nsz\u00ednes a t\u00e9r, \u00e9s egy kis t\u00e1nc, nyomjuk a rumb\u00e1t \u00e9s csacsacs\u00e1t.<br \/>\nTudom a n\u0151 mit v\u00e1r, megj\u00f6n a kir\u00e1ly,feh\u00e9r limuzinnal l\u00e1ba el\u00e9 \u00e1ll.<\/p>\n<p>Kamu mese, \u00e9s egy k\u00e9t csecsebecse,<br \/>\nna cica baba gyere, itt van a kir\u00e1ly.<br \/>\nKamu mese, \u00e9s egy k\u00e9t csecsebecse,<br \/>\n\u00e9s elhiszi az esze hogy, itt van a kir\u00e1ly.<br \/>\n&#8212;Sz\u00f3l\u00f3&#8212;<br \/>\nTengerpart, t\u0171zforr\u00f3 ny\u00e1r, egy kis fl\u00f6rt az meg sem \u00e1rt,<br \/>\negy j\u00f3 duma \u00e9s egy kis s\u00e1rm, azt\u00e1n j\u00f6het a cs\u00e1b\u00edt\u00e1s.<br \/>\nTudom a n\u0151 mit v\u00e1r, megj\u00f6n a kir\u00e1ly,feh\u00e9r limuzinnal l\u00e1ba el\u00e9 \u00e1ll.<\/p>\n<p>Kamu mese, \u00e9s egy k\u00e9t csecsebecse,<br \/>\nna cica baba gyere, itt van a kir\u00e1ly.<br \/>\nKamu mese, \u00e9s egy k\u00e9t csecsebecse,<br \/>\n\u00e9s elhiszi az esze hogy, itt van a kir\u00e1ly.<\/p>\n<p>Feh\u00e9r lovak, s p\u00e1lmaf\u00e1k, simogat a napsug\u00e1r,<br \/>\nsz\u00ednes a t\u00e9r, \u00e9s egy kis t\u00e1nc, nyomjuk a rumb\u00e1t \u00e9s csacsacs\u00e1t.<br \/>\nTudom a n\u0151 mit v\u00e1r, megj\u00f6n a kir\u00e1ly,feh\u00e9r limuzinnal l\u00e1ba el\u00e9 \u00e1ll.<\/p>\n<p>Kamu mese, \u00e9s egy k\u00e9t csecsebecse,<br \/>\nna cica baba gyere, itt van a kir\u00e1ly.<br \/>\nKamu mese, \u00e9s egy k\u00e9t csecsebecse,<br \/>\n\u00e9s elhiszi az esze, hogy itt van a kir\u00e1ly.<br \/>\nKamu mese, \u00e9s egy k\u00e9t csecsebecse,<br \/>\nna cica baba gyere, itt van a kir\u00e1ly.<br \/>\nKamu mese, \u00e9s egy k\u00e9t csecsebecse,<br \/>\n\u00e9s elhiszi az esze, hogy itt van a kir\u00e1ly.<br \/>\n&#8212;V\u00e9ge&#8212;<\/p>\n","protected":false},"featured_media":721,"template":"","meta":{"site-sidebar-layout":"default","site-content-layout":"default","ast-site-content-layout":"default","site-content-style":"default","site-sidebar-style":"default","ast-global-header-display":"","ast-banner-title-visibility":"","ast-main-header-display":"","ast-hfb-above-header-display":"","ast-hfb-below-header-display":"","ast-hfb-mobile-header-display":"","site-post-title":"","ast-breadcrumbs-content":"","ast-featured-img":"","footer-sml-layout":"","theme-transparent-header-meta":"default","adv-header-id-meta":"","stick-header-meta":"","header-above-stick-meta":"","header-main-stick-meta":"","header-below-stick-meta":"","astra-migrate-meta-layouts":"set","ast-page-background-enabled":"default","ast-page-background-meta":{"desktop":{"background-color":"var(--ast-global-color-4)","background-image":"","background-repeat":"repeat","background-position":"center center","background-size":"auto","background-attachment":"scroll","background-type":"","background-media":"","overlay-type":"","overlay-color":"","overlay-opacity":"","overlay-gradient":""},"tablet":{"background-color":"","background-image":"","background-repeat":"repeat","background-position":"center center","background-size":"auto","background-attachment":"scroll","background-type":"","background-media":"","overlay-type":"","overlay-color":"","overlay-opacity":"","overlay-gradient":""},"mobile":{"background-color":"","background-image":"","background-repeat":"repeat","background-position":"center center","background-size":"auto","background-attachment":"scroll","background-type":"","background-media":"","overlay-type":"","overlay-color":"","overlay-opacity":"","overlay-gradient":""}},"ast-content-background-meta":{"desktop":{"background-color":"var(--ast-global-color-5)","background-image":"","background-repeat":"repeat","background-position":"center center","background-size":"auto","background-attachment":"scroll","background-type":"","background-media":"","overlay-type":"","overlay-color":"","overlay-opacity":"","overlay-gradient":""},"tablet":{"background-color":"var(--ast-global-color-5)","background-image":"","background-repeat":"repeat","background-position":"center center","background-size":"auto","background-attachment":"scroll","background-type":"","background-media":"","overlay-type":"","overlay-color":"","overlay-opacity":"","overlay-gradient":""},"mobile":{"background-color":"var(--ast-global-color-5)","background-image":"","background-repeat":"repeat","background-position":"center center","background-size":"auto","background-attachment":"scroll","background-type":"","background-media":"","overlay-type":"","overlay-color":"","overlay-opacity":"","overlay-gradient":""}}},"product_cat":[46],"product_tag":[],"class_list":["post-5987","product","type-product","status-publish","has-post-thumbnail","hentry","product_cat-eredeti-karaoke-dalok","desktop-align-left","tablet-align-left","mobile-align-left"],"_links":{"self":[{"href":"https:\/\/www.sunkaraoke.hu\/index.php\/wp-json\/wp\/v2\/product\/5987","targetHints":{"allow":["GET"]}}],"collection":[{"href":"https:\/\/www.sunkaraoke.hu\/index.php\/wp-json\/wp\/v2\/product"}],"about":[{"href":"https:\/\/www.sunkaraoke.hu\/index.php\/wp-json\/wp\/v2\/types\/product"}],"wp:featuredmedia":[{"embeddable":true,"href":"https:\/\/www.sunkaraoke.hu\/index.php\/wp-json\/wp\/v2\/media\/721"}],"wp:attachment":[{"href":"https:\/\/www.sunkaraoke.hu\/index.php\/wp-json\/wp\/v2\/media?parent=5987"}],"wp:term":[{"taxonomy":"product_cat","embeddable":true,"href":"https:\/\/www.sunkaraoke.hu\/index.php\/wp-json\/wp\/v2\/product_cat?post=5987"},{"taxonomy":"product_tag","embeddable":true,"href":"https:\/\/www.sunkaraoke.hu\/index.php\/wp-json\/wp\/v2\/product_tag?post=5987"}],"curies":[{"name":"wp","href":"https:\/\/api.w.org\/{rel}","templated":true}]}}