{"id":5986,"date":"2022-08-08T20:50:15","date_gmt":"2022-08-08T20:50:15","guid":{"rendered":"https:\/\/www.sunkaraoke.hu\/index.php\/termek\/didi-es-gabriella-piros-lada\/"},"modified":"2025-04-04T19:48:21","modified_gmt":"2025-04-04T19:48:21","slug":"didi-es-gabriella-piros-lada","status":"publish","type":"product","link":"https:\/\/www.sunkaraoke.hu\/index.php\/termek\/didi-es-gabriella-piros-lada\/","title":{"rendered":"<div class=\"wcmp-player-container product-5986\"><audio controlslist=\"nodownload\" data-product=\"5986\"  volume=\"1\"  preload=\"none\" data-lazyloading=\"none\" class=\"wcmp-player track mejs-classic\" data-duration=\"0:31\" data-estimated_duration=\"4\"><source src=\"https:\/\/www.sunkaraoke.hu\/wp-content\/uploads\/2022\/08\/Piros-Lada-Didi-.-demooo.mp3\" type=\"audio\/mp3\" \/><\/audio><\/div>Didi \u00e9s Gabriella &#8211; Piros lada (Original)"},"content":{"rendered":"<p><strong>03:00<\/strong> | <strong><img loading=\"lazy\" decoding=\"async\" class=\"alignnone size-full wp-image-467\" src=\"https:\/\/www.sunkaraoke.hu\/wp-content\/uploads\/2022\/07\/choir_2-copy.webp\" alt=\"\" width=\"30\" height=\"30\" \/> <\/strong><\/p>\n","protected":false},"excerpt":{"rendered":"<h6><strong>Bits\u0171r\u0171s\u00e9g: 320<\/strong>kb\/s<strong><br \/>\n<\/strong><strong>Hossz: <\/strong>03:00<strong><br \/>\n<\/strong><strong style=\"font-size: 16px;\">Vok\u00e1lt tartalmaz: <\/strong>Nem <img loading=\"lazy\" decoding=\"async\" class=\"alignnone size-full wp-image-467\" src=\"http:\/\/www.sunkaraoke.hu\/wp-content\/uploads\/2022\/07\/choir_2-copy.png\" alt=\"\" width=\"30\" height=\"30\" \/><strong style=\"font-size: 16px;\"><br \/>\n<\/strong><\/h6>\n<p>Sunkaraoke mp3 st\u00fadi\u00f3 \/ www.sunkaraoke.hu \/ Inf: Tel: 06 20 4275001<\/p>\n<p>&#8212;Intr\u00f3&#8212;<br \/>\nA faluban irigyek a cig\u00e1nyok, hogy \u00e9n piros ezer\u00f6t\u00f6ssel j\u00e1rok,<br \/>\nde kam\u00e1znak a csajok, mert suk\u00e1r gyerek vagyok,<br \/>\nsz\u00e1lljatok be a kocsimba, fullextra.<br \/>\nDe kam\u00e1znak a csajok, mert suk\u00e1r gyerek vagyok,<br \/>\nsz\u00e1lljatok be a kocsimba, fullextra.<br \/>\nNem kell n\u00e9kem, AUDI sem BMW,<br \/>\nzsigulival j\u00e1rok m\u00e9gis d\u0151l a l\u00e9,<br \/>\ncsak sz\u00f3ljon a duda, raj legyen a ruha,<br \/>\nDe\u00e1k pedig kacsingat a zsebemb\u0151l.<br \/>\nCsak sz\u00f3ljon a duda, raj legyen a ruha,<br \/>\nDe\u00e1k pedig kacsingat a zsebemb\u0151l.<br \/>\n\u00d6ssze vissza csavargom a vid\u00e9ket,<br \/>\na faluban felszedem a spin\u00e9ket,<br \/>\n\u00e9n osztom a zsug\u00e1t a csajok a dud\u00e1t,<br \/>\npiros lada gy\u00f6ny\u00f6r\u0171 sz\u00e9p az \u00e9let.<br \/>\n\u00c9n osztom a zsug\u00e1t a csajok a dud\u00e1t,<br \/>\npiros lada gy\u00f6ny\u00f6r\u0171 sz\u00e9p az \u00e9let.<br \/>\n&#8212;Sz\u00f3l\u00f3&#8212;\/\/01:20\/\/<br \/>\nA faluban irigyek a cig\u00e1nyok, hogy \u00e9n piros ezer\u00f6t\u00f6ssel j\u00e1rok,<br \/>\nde kam\u00e1znak a csajok, mert suk\u00e1r gyerek vagyok,<br \/>\nsz\u00e1lljatok be a kocsimba, fullextra.<br \/>\nDe kam\u00e1znak a csajok, mert suk\u00e1r gyerek vagyok,<br \/>\nsz\u00e1lljatok be a kocsimba, fullextra.<br \/>\nNem kell n\u00e9kem, AUDI sem BMW,<br \/>\nzsigulival j\u00e1rok m\u00e9gis d\u0151l a l\u00e9,<br \/>\ncsak sz\u00f3ljon a duda, raj legyen a ruha,<br \/>\nDe\u00e1k pedig kacsingat a zsebemb\u0151l.<br \/>\nCsak sz\u00f3ljon a duda, raj legyen a ruha,<br \/>\nDe\u00e1k pedig kacsingat a zsebemb\u0151l.<br \/>\n\u00d6ssze vissza csavargom a vid\u00e9ket,<br \/>\na faluban felszedem a spin\u00e9ket,<br \/>\n\u00e9n osztom a zsug\u00e1t a csajok a dud\u00e1t,<br \/>\npiros lada gy\u00f6ny\u00f6r\u0171 sz\u00e9p az \u00e9let.<br \/>\n\u00c9n osztom a zsug\u00e1t a csajok a dud\u00e1t,<br \/>\npiros lada gy\u00f6ny\u00f6r\u0171 sz\u00e9p az \u00e9let.<br \/>\n&#8212;Sz\u00f3l\u00f3&#8212;<br \/>\n\u00d6ssze vissza csavargom a vid\u00e9ket,<br \/>\na faluban felszedem a spin\u00e9ket,<br \/>\n\u00e9n osztom a zsug\u00e1t a csajok a dud\u00e1t,<br \/>\npiros lada gy\u00f6ny\u00f6r\u0171 sz\u00e9p az \u00e9let.<br \/>\n\u00c9n osztom a zsug\u00e1t a csajok a dud\u00e1t,<br \/>\npiros lada gy\u00f6ny\u00f6r\u0171 sz\u00e9p az \u00e9let.<br \/>\n\u00c9n osztom a zsug\u00e1t a csajok a dud\u00e1t,<br \/>\npiros lada gy\u00f6ny\u00f6r\u0171 sz\u00e9p az \u00e9let.<br \/>\n\u00c9n osztom a zsug\u00e1t a csajok a dud\u00e1t,<br \/>\npiros lada gy\u00f6ny\u00f6r\u0171 sz\u00e9p az \u00e9let.<br \/>\n&#8212;V\u00e9ge&#8212;<\/p>\n","protected":false},"featured_media":721,"template":"","meta":{"site-sidebar-layout":"default","site-content-layout":"default","ast-site-content-layout":"default","site-content-style":"default","site-sidebar-style":"default","ast-global-header-display":"","ast-banner-title-visibility":"","ast-main-header-display":"","ast-hfb-above-header-display":"","ast-hfb-below-header-display":"","ast-hfb-mobile-header-display":"","site-post-title":"","ast-breadcrumbs-content":"","ast-featured-img":"","footer-sml-layout":"","theme-transparent-header-meta":"default","adv-header-id-meta":"","stick-header-meta":"","header-above-stick-meta":"","header-main-stick-meta":"","header-below-stick-meta":"","astra-migrate-meta-layouts":"set","ast-page-background-enabled":"default","ast-page-background-meta":{"desktop":{"background-color":"var(--ast-global-color-4)","background-image":"","background-repeat":"repeat","background-position":"center center","background-size":"auto","background-attachment":"scroll","background-type":"","background-media":"","overlay-type":"","overlay-color":"","overlay-opacity":"","overlay-gradient":""},"tablet":{"background-color":"","background-image":"","background-repeat":"repeat","background-position":"center center","background-size":"auto","background-attachment":"scroll","background-type":"","background-media":"","overlay-type":"","overlay-color":"","overlay-opacity":"","overlay-gradient":""},"mobile":{"background-color":"","background-image":"","background-repeat":"repeat","background-position":"center center","background-size":"auto","background-attachment":"scroll","background-type":"","background-media":"","overlay-type":"","overlay-color":"","overlay-opacity":"","overlay-gradient":""}},"ast-content-background-meta":{"desktop":{"background-color":"var(--ast-global-color-5)","background-image":"","background-repeat":"repeat","background-position":"center center","background-size":"auto","background-attachment":"scroll","background-type":"","background-media":"","overlay-type":"","overlay-color":"","overlay-opacity":"","overlay-gradient":""},"tablet":{"background-color":"var(--ast-global-color-5)","background-image":"","background-repeat":"repeat","background-position":"center center","background-size":"auto","background-attachment":"scroll","background-type":"","background-media":"","overlay-type":"","overlay-color":"","overlay-opacity":"","overlay-gradient":""},"mobile":{"background-color":"var(--ast-global-color-5)","background-image":"","background-repeat":"repeat","background-position":"center center","background-size":"auto","background-attachment":"scroll","background-type":"","background-media":"","overlay-type":"","overlay-color":"","overlay-opacity":"","overlay-gradient":""}}},"product_cat":[46],"product_tag":[],"class_list":["post-5986","product","type-product","status-publish","has-post-thumbnail","hentry","product_cat-eredeti-karaoke-dalok","desktop-align-left","tablet-align-left","mobile-align-left"],"_links":{"self":[{"href":"https:\/\/www.sunkaraoke.hu\/index.php\/wp-json\/wp\/v2\/product\/5986","targetHints":{"allow":["GET"]}}],"collection":[{"href":"https:\/\/www.sunkaraoke.hu\/index.php\/wp-json\/wp\/v2\/product"}],"about":[{"href":"https:\/\/www.sunkaraoke.hu\/index.php\/wp-json\/wp\/v2\/types\/product"}],"wp:featuredmedia":[{"embeddable":true,"href":"https:\/\/www.sunkaraoke.hu\/index.php\/wp-json\/wp\/v2\/media\/721"}],"wp:attachment":[{"href":"https:\/\/www.sunkaraoke.hu\/index.php\/wp-json\/wp\/v2\/media?parent=5986"}],"wp:term":[{"taxonomy":"product_cat","embeddable":true,"href":"https:\/\/www.sunkaraoke.hu\/index.php\/wp-json\/wp\/v2\/product_cat?post=5986"},{"taxonomy":"product_tag","embeddable":true,"href":"https:\/\/www.sunkaraoke.hu\/index.php\/wp-json\/wp\/v2\/product_tag?post=5986"}],"curies":[{"name":"wp","href":"https:\/\/api.w.org\/{rel}","templated":true}]}}