{"id":5984,"date":"2022-08-08T20:50:15","date_gmt":"2022-08-08T20:50:15","guid":{"rendered":"https:\/\/www.sunkaraoke.hu\/index.php\/termek\/didi-es-gabriella-tancolj-menyasszony\/"},"modified":"2026-03-27T07:08:53","modified_gmt":"2026-03-27T05:08:53","slug":"didi-es-gabriella-tancolj-menyasszony","status":"publish","type":"product","link":"https:\/\/www.sunkaraoke.hu\/index.php\/termek\/didi-es-gabriella-tancolj-menyasszony\/","title":{"rendered":"<div class=\"wcmp-player-container product-5984\"><audio controlslist=\"nodownload\" data-product=\"5984\"  volume=\"1\"  preload=\"none\" data-lazyloading=\"none\" class=\"wcmp-player track mejs-classic\" data-duration=\"0:31\" data-estimated_duration=\"4\"><source src=\"https:\/\/www.sunkaraoke.hu\/wp-content\/uploads\/2022\/08\/Tancolj-menyasszony-Didi.-kdemooo.mp3\" type=\"audio\/mp3\" \/><\/audio><\/div>Didi \u00e9s Gabriella &#8211; T\u00e1ncolj menyasszony (Original)"},"content":{"rendered":"<p><strong>03:38<\/strong> | <strong><img loading=\"lazy\" decoding=\"async\" class=\"alignnone size-full wp-image-467\" src=\"https:\/\/www.sunkaraoke.hu\/wp-content\/uploads\/2022\/07\/choir_2-copy.webp\" alt=\"\" width=\"30\" height=\"30\" \/> <\/strong><\/p>\n","protected":false},"excerpt":{"rendered":"<h6><strong>Bits\u0171r\u0171s\u00e9g: 320<\/strong>kb\/s<strong><br \/>\n<\/strong><strong>Hossz: <\/strong>03:38<strong><br \/>\n<\/strong><strong style=\"font-size: 16px;\">Vok\u00e1lt tartalmaz: <\/strong>Nem <img loading=\"lazy\" decoding=\"async\" class=\"alignnone size-full wp-image-467\" src=\"http:\/\/www.sunkaraoke.hu\/wp-content\/uploads\/2022\/07\/choir_2-copy.png\" alt=\"\" width=\"30\" height=\"30\" \/><strong style=\"font-size: 16px;\"><br \/>\n<\/strong><\/h6>\n<p>Sunkaraoke mp3 st\u00fadi\u00f3 \/ www.sunkaraoke.hu \/ Inf: Tel: 06 20 4275001<\/p>\n<p>&#8212;Intr\u00f3&#8212;<br \/>\nK\u00e9sz\u00fcl\u0151dik m\u00e1r a n\u00e1szn\u00e9p, lakodalom lesz,<br \/>\nfalunak a legszebb l\u00e1nya olt\u00e1r el\u00e9 megy.<br \/>\nH\u00f3feh\u00e9rbe fel\u00f6lt\u00f6zik \u0151 a kir\u00e1lyn\u0151,<br \/>\naz \u00e9desanyja szem\u00e9b\u0151l egy k\u00f6nnycsepp j\u00f6n el\u0151.<\/p>\n<p>T\u00e1ncolj menyasszony, t\u00e1ncolj menyasszony,<br \/>\nt\u00e1ncolj, \u00e9s \u00e9rezd j\u00f3l magad.<br \/>\n\u00d3, \u00f3, \u00f3, t\u00e1ncolj menyasszony, t\u00e1ncolj menyasszony,<br \/>\nt\u00e1ncolj, \u00e9s \u00e9rezd j\u00f3l magad.<\/p>\n<p>Bek\u00f6sz\u00f6nt a v\u0151f\u00e9ly uram, j\u00f3 szerencs\u00e9t hoz,<br \/>\na csal\u00e1dnak a rokonoknak, \u00e1ld\u00e1sokat oszt.<br \/>\nV\u0151leg\u00e9nye a templomba arra esk\u00fct tesz,<br \/>\na menyasszonnyal j\u00f3ban rosszban mindig egy\u00fctt lesz.<\/p>\n<p>T\u00e1ncolj menyasszony, t\u00e1ncolj menyasszony,<br \/>\nt\u00e1ncolj, \u00e9s \u00e9rezd j\u00f3l magad.<br \/>\n\u00d3, \u00f3, \u00f3, t\u00e1ncolj menyasszony, t\u00e1ncolj menyasszony,<br \/>\nt\u00e1ncolj, \u00e9s \u00e9rezd j\u00f3l magad.<br \/>\n&#8212;Sz\u00f3l\u00f3&#8212;<br \/>\n\u00d6r\u00f6map\u00e1k, \u00f6r\u00f6many\u00e1k, dr\u00e1ga rokonok,<br \/>\negybekelt a sz\u00e9p ifj\u00fa p\u00e1r, nagyon boldogok.<br \/>\nA zenekar nekik h\u00faz ma minden dallamot,<br \/>\nelad\u00f3 a menyasszony, h\u00e1t igyunk r\u00e1 nagyot.<\/p>\n<p>T\u00e1ncolj menyasszony, t\u00e1ncolj menyasszony,<br \/>\nt\u00e1ncolj, \u00e9s \u00e9rezd j\u00f3l magad.<br \/>\n\u00d3, \u00f3, \u00f3, t\u00e1ncolj menyasszony, t\u00e1ncolj menyasszony,<br \/>\nt\u00e1ncolj, \u00e9s \u00e9rezd j\u00f3l magad.<br \/>\n\u00d3, \u00f3, \u00f3, t\u00e1ncolj menyasszony, t\u00e1ncolj menyasszony,<br \/>\nt\u00e1ncolj, \u00e9s \u00e9rezd j\u00f3l magad.<br \/>\n\u00d3, \u00f3, \u00f3, t\u00e1ncolj menyasszony, t\u00e1ncolj menyasszony,<br \/>\nt\u00e1ncolj, \u00e9s \u00e9rezd j\u00f3l magad.<br \/>\n\u00d3, \u00f3, \u00f3, t\u00e1ncolj menyasszony, t\u00e1ncolj menyasszony,<br \/>\nt\u00e1ncolj, \u00e9s \u00e9rezd j\u00f3l magad.<br \/>\n\u00d3, \u00f3, \u00f3, t\u00e1ncolj menyasszony, t\u00e1ncolj menyasszony,<br \/>\nt\u00e1ncolj, \u00e9s \u00e9rezd j\u00f3l magad.<br \/>\n&#8212;V\u00e9ge&#8212;<\/p>\n","protected":false},"featured_media":721,"template":"","meta":{"site-sidebar-layout":"default","site-content-layout":"default","ast-site-content-layout":"default","site-content-style":"default","site-sidebar-style":"default","ast-global-header-display":"","ast-banner-title-visibility":"","ast-main-header-display":"","ast-hfb-above-header-display":"","ast-hfb-below-header-display":"","ast-hfb-mobile-header-display":"","site-post-title":"","ast-breadcrumbs-content":"","ast-featured-img":"","footer-sml-layout":"","theme-transparent-header-meta":"default","adv-header-id-meta":"","stick-header-meta":"","header-above-stick-meta":"","header-main-stick-meta":"","header-below-stick-meta":"","astra-migrate-meta-layouts":"set","ast-page-background-enabled":"default","ast-page-background-meta":{"desktop":{"background-color":"var(--ast-global-color-4)","background-image":"","background-repeat":"repeat","background-position":"center center","background-size":"auto","background-attachment":"scroll","background-type":"","background-media":"","overlay-type":"","overlay-color":"","overlay-opacity":"","overlay-gradient":""},"tablet":{"background-color":"","background-image":"","background-repeat":"repeat","background-position":"center center","background-size":"auto","background-attachment":"scroll","background-type":"","background-media":"","overlay-type":"","overlay-color":"","overlay-opacity":"","overlay-gradient":""},"mobile":{"background-color":"","background-image":"","background-repeat":"repeat","background-position":"center center","background-size":"auto","background-attachment":"scroll","background-type":"","background-media":"","overlay-type":"","overlay-color":"","overlay-opacity":"","overlay-gradient":""}},"ast-content-background-meta":{"desktop":{"background-color":"var(--ast-global-color-5)","background-image":"","background-repeat":"repeat","background-position":"center center","background-size":"auto","background-attachment":"scroll","background-type":"","background-media":"","overlay-type":"","overlay-color":"","overlay-opacity":"","overlay-gradient":""},"tablet":{"background-color":"var(--ast-global-color-5)","background-image":"","background-repeat":"repeat","background-position":"center center","background-size":"auto","background-attachment":"scroll","background-type":"","background-media":"","overlay-type":"","overlay-color":"","overlay-opacity":"","overlay-gradient":""},"mobile":{"background-color":"var(--ast-global-color-5)","background-image":"","background-repeat":"repeat","background-position":"center center","background-size":"auto","background-attachment":"scroll","background-type":"","background-media":"","overlay-type":"","overlay-color":"","overlay-opacity":"","overlay-gradient":""}}},"product_cat":[46],"product_tag":[],"class_list":["post-5984","product","type-product","status-publish","has-post-thumbnail","hentry","product_cat-eredeti-karaoke-dalok","desktop-align-left","tablet-align-left","mobile-align-left"],"_links":{"self":[{"href":"https:\/\/www.sunkaraoke.hu\/index.php\/wp-json\/wp\/v2\/product\/5984","targetHints":{"allow":["GET"]}}],"collection":[{"href":"https:\/\/www.sunkaraoke.hu\/index.php\/wp-json\/wp\/v2\/product"}],"about":[{"href":"https:\/\/www.sunkaraoke.hu\/index.php\/wp-json\/wp\/v2\/types\/product"}],"wp:featuredmedia":[{"embeddable":true,"href":"https:\/\/www.sunkaraoke.hu\/index.php\/wp-json\/wp\/v2\/media\/721"}],"wp:attachment":[{"href":"https:\/\/www.sunkaraoke.hu\/index.php\/wp-json\/wp\/v2\/media?parent=5984"}],"wp:term":[{"taxonomy":"product_cat","embeddable":true,"href":"https:\/\/www.sunkaraoke.hu\/index.php\/wp-json\/wp\/v2\/product_cat?post=5984"},{"taxonomy":"product_tag","embeddable":true,"href":"https:\/\/www.sunkaraoke.hu\/index.php\/wp-json\/wp\/v2\/product_tag?post=5984"}],"curies":[{"name":"wp","href":"https:\/\/api.w.org\/{rel}","templated":true}]}}