{"id":5983,"date":"2022-08-08T20:50:15","date_gmt":"2022-08-08T20:50:15","guid":{"rendered":"https:\/\/www.sunkaraoke.hu\/index.php\/termek\/didi-es-gabriella-mit-fozzek-az-uramnak\/"},"modified":"2025-07-06T10:51:58","modified_gmt":"2025-07-06T08:51:58","slug":"didi-es-gabriella-mit-fozzek-az-uramnak","status":"publish","type":"product","link":"https:\/\/www.sunkaraoke.hu\/index.php\/termek\/didi-es-gabriella-mit-fozzek-az-uramnak\/","title":{"rendered":"<div class=\"wcmp-player-container product-5983\"><audio controlslist=\"nodownload\" data-product=\"5983\"  volume=\"1\"  preload=\"none\" data-lazyloading=\"none\" class=\"wcmp-player track mejs-classic\" data-duration=\"0:33\" data-estimated_duration=\"4\"><source src=\"https:\/\/www.sunkaraoke.hu\/wp-content\/uploads\/2022\/08\/Mit-fozzek-az-uramnak-Didi.-kdemooo.mp3\" type=\"audio\/mp3\" \/><\/audio><\/div>Didi \u00e9s Gabriella &#8211; Mit f\u0151zzek az uramnak (Original)"},"content":{"rendered":"<p><strong>03:32<\/strong> | <strong><img loading=\"lazy\" decoding=\"async\" class=\"alignnone size-full wp-image-467\" src=\"https:\/\/www.sunkaraoke.hu\/wp-content\/uploads\/2022\/07\/choir_2-copy.webp\" alt=\"\" width=\"30\" height=\"30\" \/> <\/strong><\/p>\n","protected":false},"excerpt":{"rendered":"<h6><strong>Bits\u0171r\u0171s\u00e9g: 320<\/strong>kb\/s<strong><br \/>\n<\/strong><strong>Hossz: <\/strong>03:32<strong><br \/>\n<\/strong><strong style=\"font-size: 16px;\">Vok\u00e1lt tartalmaz: <\/strong>Nem <img loading=\"lazy\" decoding=\"async\" class=\"alignnone size-full wp-image-467\" src=\"http:\/\/www.sunkaraoke.hu\/wp-content\/uploads\/2022\/07\/choir_2-copy.png\" alt=\"\" width=\"30\" height=\"30\" \/><strong style=\"font-size: 16px;\"><br \/>\n<\/strong><\/h6>\n<p>Sunkaraoke mp3 st\u00fadi\u00f3 \/ www.sunkaraoke.hu \/ Inf: Tel: 06 20 4275001<\/p>\n<p>&#8212;Intr\u00f3&#8212;<br \/>\nMit f\u0151zzek az uramnak, mi az mit\u0151l j\u00f3llakhat,<br \/>\nmegf\u0151z\u00f6m a t\u0171zhelyen, mire felkel k\u00e9sz legyen,<br \/>\nne kajb\u00e1ljon \u00e9nvelem.<br \/>\nMegf\u0151z\u00f6m a t\u0171zhelyen, mire felkel k\u00e9sz legyen,<br \/>\nne kajb\u00e1ljon \u00e9nvelem.<\/p>\n<p>Fakan\u00e1l a kezembe, szerelem a sz\u00edvembe,<br \/>\nf\u0151ztem minden csuda j\u00f3t, tettem n\u00e9ki bele s\u00f3t,<br \/>\nhogy \u00e9des legyen minden cs\u00f3k.<br \/>\nF\u0151ztem minden csuda j\u00f3t, tettem n\u00e9ki bele s\u00f3t,<br \/>\nhogy \u00e9des legyen minden cs\u00f3k.<\/p>\n<p>Az \u00e9n uram j\u00f3 ember, a v\u00e1s\u00e1rba visz engem,<br \/>\nvesz majd n\u00e9kem harisny\u00e1t, aranygy\u0171r\u0171t , karik\u00e1t,<br \/>\noszt meg p\u00f6dri a bajusz\u00e1t.<br \/>\nVesz majd n\u00e9kem harisny\u00e1t, aranygy\u0171r\u0171t, karik\u00e1t,<br \/>\noszt meg p\u00f6dri a bajusz\u00e1t.<\/p>\n<p>Az \u00e9n uram sz\u00e9p ember, p\u00e1rja nincs a vid\u00e9ken,<br \/>\nde j\u00f3 lesz majd est\u00e9re, ha be\u00fcl\u00f6k az \u00f6l\u00e9be,<br \/>\noszt megcsiklandoz kedv\u00e9re.<br \/>\nDe j\u00f3 lesz majd est\u00e9re, ha be\u00fcl\u00f6k az \u00f6l\u00e9be,<br \/>\noszt megcsiklandoz kedv\u00e9re.<br \/>\n&#8212;Sz\u00f3l\u00f3&#8212; Mit f\u0151zzek az uramnak, mi az mit\u0151l j\u00f3llakhat,<br \/>\nmegf\u0151z\u00f6m a t\u0171zhelyen, mire felkel k\u00e9sz legyen,<br \/>\nne kajb\u00e1ljon \u00e9nvelem.<br \/>\nMegf\u0151z\u00f6m a t\u0171zhelyen, mire felkel k\u00e9sz legyen,<br \/>\nne kajb\u00e1ljon \u00e9nvelem.<\/p>\n<p>Fakan\u00e1l a kezembe, szerelem a sz\u00edvembe,<br \/>\nf\u0151ztem minden csuda j\u00f3t, tettem n\u00e9ki bele s\u00f3t,<br \/>\nhogy \u00e9des legyen minden cs\u00f3k.<br \/>\nF\u0151ztem minden csuda j\u00f3t, tettem n\u00e9ki bele s\u00f3t,<br \/>\nhogy \u00e9des legyen minden cs\u00f3k.<\/p>\n<p>Az \u00e9n uram j\u00f3 ember, a v\u00e1s\u00e1rba visz engem,<br \/>\nvesz majd n\u00e9kem harisny\u00e1t, aranygy\u0171r\u0171t , karik\u00e1t,<br \/>\noszt meg p\u00f6dri a bajusz\u00e1t.<br \/>\nVesz majd n\u00e9kem harisny\u00e1t, aranygy\u0171r\u0171t, karik\u00e1t,<br \/>\noszt meg p\u00f6dri a bajusz\u00e1t.<\/p>\n<p>Az \u00e9n uram sz\u00e9p ember, p\u00e1rja nincs a vid\u00e9ken,<br \/>\nde j\u00f3 lesz majd est\u00e9re, ha be\u00fcl\u00f6k az \u00f6l\u00e9be,<br \/>\noszt megcsiklandoz kedv\u00e9re.<br \/>\nDe j\u00f3 lesz majd est\u00e9re, ha be\u00fcl\u00f6k az \u00f6l\u00e9be,<br \/>\noszt megcsiklandoz kedv\u00e9re.<\/p>\n<p>De j\u00f3 lesz majd est\u00e9re, ha be\u00fcl\u00f6k az \u00f6l\u00e9be,<br \/>\noszt megcsiklandoz kedv\u00e9re.<br \/>\n&#8212;V\u00e9ge&#8212;<\/p>\n","protected":false},"featured_media":721,"template":"","meta":{"site-sidebar-layout":"default","site-content-layout":"default","ast-site-content-layout":"default","site-content-style":"default","site-sidebar-style":"default","ast-global-header-display":"","ast-banner-title-visibility":"","ast-main-header-display":"","ast-hfb-above-header-display":"","ast-hfb-below-header-display":"","ast-hfb-mobile-header-display":"","site-post-title":"","ast-breadcrumbs-content":"","ast-featured-img":"","footer-sml-layout":"","theme-transparent-header-meta":"default","adv-header-id-meta":"","stick-header-meta":"","header-above-stick-meta":"","header-main-stick-meta":"","header-below-stick-meta":"","astra-migrate-meta-layouts":"set","ast-page-background-enabled":"default","ast-page-background-meta":{"desktop":{"background-color":"var(--ast-global-color-4)","background-image":"","background-repeat":"repeat","background-position":"center center","background-size":"auto","background-attachment":"scroll","background-type":"","background-media":"","overlay-type":"","overlay-color":"","overlay-opacity":"","overlay-gradient":""},"tablet":{"background-color":"","background-image":"","background-repeat":"repeat","background-position":"center center","background-size":"auto","background-attachment":"scroll","background-type":"","background-media":"","overlay-type":"","overlay-color":"","overlay-opacity":"","overlay-gradient":""},"mobile":{"background-color":"","background-image":"","background-repeat":"repeat","background-position":"center center","background-size":"auto","background-attachment":"scroll","background-type":"","background-media":"","overlay-type":"","overlay-color":"","overlay-opacity":"","overlay-gradient":""}},"ast-content-background-meta":{"desktop":{"background-color":"var(--ast-global-color-5)","background-image":"","background-repeat":"repeat","background-position":"center center","background-size":"auto","background-attachment":"scroll","background-type":"","background-media":"","overlay-type":"","overlay-color":"","overlay-opacity":"","overlay-gradient":""},"tablet":{"background-color":"var(--ast-global-color-5)","background-image":"","background-repeat":"repeat","background-position":"center center","background-size":"auto","background-attachment":"scroll","background-type":"","background-media":"","overlay-type":"","overlay-color":"","overlay-opacity":"","overlay-gradient":""},"mobile":{"background-color":"var(--ast-global-color-5)","background-image":"","background-repeat":"repeat","background-position":"center center","background-size":"auto","background-attachment":"scroll","background-type":"","background-media":"","overlay-type":"","overlay-color":"","overlay-opacity":"","overlay-gradient":""}}},"product_cat":[46],"product_tag":[],"class_list":["post-5983","product","type-product","status-publish","has-post-thumbnail","hentry","product_cat-eredeti-karaoke-dalok","desktop-align-left","tablet-align-left","mobile-align-left"],"_links":{"self":[{"href":"https:\/\/www.sunkaraoke.hu\/index.php\/wp-json\/wp\/v2\/product\/5983","targetHints":{"allow":["GET"]}}],"collection":[{"href":"https:\/\/www.sunkaraoke.hu\/index.php\/wp-json\/wp\/v2\/product"}],"about":[{"href":"https:\/\/www.sunkaraoke.hu\/index.php\/wp-json\/wp\/v2\/types\/product"}],"wp:featuredmedia":[{"embeddable":true,"href":"https:\/\/www.sunkaraoke.hu\/index.php\/wp-json\/wp\/v2\/media\/721"}],"wp:attachment":[{"href":"https:\/\/www.sunkaraoke.hu\/index.php\/wp-json\/wp\/v2\/media?parent=5983"}],"wp:term":[{"taxonomy":"product_cat","embeddable":true,"href":"https:\/\/www.sunkaraoke.hu\/index.php\/wp-json\/wp\/v2\/product_cat?post=5983"},{"taxonomy":"product_tag","embeddable":true,"href":"https:\/\/www.sunkaraoke.hu\/index.php\/wp-json\/wp\/v2\/product_tag?post=5983"}],"curies":[{"name":"wp","href":"https:\/\/api.w.org\/{rel}","templated":true}]}}