{"id":5982,"date":"2022-08-08T20:50:15","date_gmt":"2022-08-08T20:50:15","guid":{"rendered":"https:\/\/www.sunkaraoke.hu\/index.php\/termek\/didi-es-gabriella-minek-az-ilyen-szerelem\/"},"modified":"2026-04-18T07:25:17","modified_gmt":"2026-04-18T05:25:17","slug":"didi-es-gabriella-minek-az-ilyen-szerelem","status":"publish","type":"product","link":"https:\/\/www.sunkaraoke.hu\/index.php\/termek\/didi-es-gabriella-minek-az-ilyen-szerelem\/","title":{"rendered":"<div class=\"wcmp-player-container product-5982\"><audio controlslist=\"nodownload\" data-product=\"5982\"  volume=\"1\"  preload=\"none\" data-lazyloading=\"none\" class=\"wcmp-player track mejs-classic\" data-duration=\"0:33\" data-estimated_duration=\"4\"><source src=\"https:\/\/www.sunkaraoke.hu\/wp-content\/uploads\/2022\/08\/Minek-az-ilyen-szerelem-Didi-demoo.mp3\" type=\"audio\/mp3\" \/><\/audio><\/div>Didi \u00e9s Gabriella &#8211; Minek az ilyen szerelem (Original)"},"content":{"rendered":"<p><strong>03:17<\/strong> | <strong><img loading=\"lazy\" decoding=\"async\" class=\"alignnone size-full wp-image-467\" src=\"https:\/\/www.sunkaraoke.hu\/wp-content\/uploads\/2022\/07\/choir_2-copy.webp\" alt=\"\" width=\"30\" height=\"30\" \/> <\/strong><\/p>\n","protected":false},"excerpt":{"rendered":"<h6><strong>Bits\u0171r\u0171s\u00e9g: 320<\/strong>kb\/s<strong><br \/>\n<\/strong><strong>Hossz: <\/strong>03:17<strong><br \/>\n<\/strong><strong style=\"font-size: 16px;\">Vok\u00e1lt tartalmaz: <\/strong>Nem <img loading=\"lazy\" decoding=\"async\" class=\"alignnone size-full wp-image-467\" src=\"http:\/\/www.sunkaraoke.hu\/wp-content\/uploads\/2022\/07\/choir_2-copy.png\" alt=\"\" width=\"30\" height=\"30\" \/><strong style=\"font-size: 16px;\"><br \/>\n<\/strong><\/h6>\n<p>Sunkaraoke mp3 st\u00fadi\u00f3 \/ www.sunkaraoke.hu \/ Inf: Tel: 06 20 4275001<\/p>\n<p>&#8212;Intr\u00f3&#8212;<br \/>\nVolt egy csajom ki \u00fagy itt hagyott engem,<br \/>\n\u00f3 \u00f6ssze d\u0151lt bennem a nagyvil\u00e1g.<br \/>\nA nagy szerelmet, most m\u00e1r sz\u00f6gre tettem,<br \/>\nh\u00e1t szingli lettem a r\u00e9zangyal\u00e1t.<br \/>\nMinek az ilyen szerelem, t\u00f6bb\u00e9 m\u00e1r nem kell sohasem,<br \/>\nszabad a sz\u00edvem kit\u00e1rom, akinek kell csak azt v\u00e1rom.<br \/>\nMinek az ilyen szerelem, t\u00f6bb\u00e9 m\u00e1r nem kell sohasem,<br \/>\nszabad a sz\u00edvem kit\u00e1rom, az igazit v\u00e1rom<br \/>\nHa elment t\u0151lem semmi baj nem lehet,<br \/>\nj\u00f6n m\u00e9g hozz\u00e1 egy m\u00e1sik haj\u00f3.<br \/>\nEgyik szemem s\u00edr a m\u00e1sik nevet,<br \/>\nhogy minden rosszban van valami j\u00f3.<br \/>\nMinek az ilyen szerelem, t\u00f6bb\u00e9 m\u00e1r nem kell sohasem,<br \/>\nszabad a sz\u00edvem kit\u00e1rom, akinek kell csak azt v\u00e1rom.<br \/>\nMinek az ilyen szerelem, t\u00f6bb\u00e9 m\u00e1r nem kell sohasem,<br \/>\nszabad a sz\u00edvem kit\u00e1rom, az igazit v\u00e1rom.<br \/>\n&#8212;Sz\u00f3l\u00f3&#8212;<br \/>\nMinek az ilyen szerelem, t\u00f6bb\u00e9 m\u00e1r nem kell sohasem,<br \/>\nszabad a sz\u00edvem kit\u00e1rom, akinek kell csak azt v\u00e1rom.<br \/>\nMinek az ilyen szerelem, t\u00f6bb\u00e9 m\u00e1r nem kell sohasem,<br \/>\nszabad a sz\u00edvem kit\u00e1rom, az igazit v\u00e1rom.<br \/>\nT\u00e9pkedtem m\u00e1r sz\u00e1zszor is falevelet,<br \/>\nhogy megtudjam szeret vagy nem szeret.<br \/>\nEcc pecc kimehetsz, de holnap vissza j\u00f6hetsz,<br \/>\nde kef\u00e9lni m\u00e1r csak a cip\u0151met lehet.<br \/>\nMinek az ilyen szerelem, t\u00f6bb\u00e9 m\u00e1r nem kell sohasem,<br \/>\nszabad a sz\u00edvem kit\u00e1rom, akinek kell csak azt v\u00e1rom.<br \/>\nMinek az ilyen szerelem, t\u00f6bb\u00e9 m\u00e1r nem kell sohasem,<br \/>\nszabad a sz\u00edvem kit\u00e1rom, az igazit v\u00e1rom.<br \/>\n&#8212;V\u00e9ge&#8212;<\/p>\n","protected":false},"featured_media":721,"template":"","meta":{"site-sidebar-layout":"default","site-content-layout":"default","ast-site-content-layout":"default","site-content-style":"default","site-sidebar-style":"default","ast-global-header-display":"","ast-banner-title-visibility":"","ast-main-header-display":"","ast-hfb-above-header-display":"","ast-hfb-below-header-display":"","ast-hfb-mobile-header-display":"","site-post-title":"","ast-breadcrumbs-content":"","ast-featured-img":"","footer-sml-layout":"","theme-transparent-header-meta":"default","adv-header-id-meta":"","stick-header-meta":"","header-above-stick-meta":"","header-main-stick-meta":"","header-below-stick-meta":"","astra-migrate-meta-layouts":"set","ast-page-background-enabled":"default","ast-page-background-meta":{"desktop":{"background-color":"var(--ast-global-color-4)","background-image":"","background-repeat":"repeat","background-position":"center center","background-size":"auto","background-attachment":"scroll","background-type":"","background-media":"","overlay-type":"","overlay-color":"","overlay-opacity":"","overlay-gradient":""},"tablet":{"background-color":"","background-image":"","background-repeat":"repeat","background-position":"center center","background-size":"auto","background-attachment":"scroll","background-type":"","background-media":"","overlay-type":"","overlay-color":"","overlay-opacity":"","overlay-gradient":""},"mobile":{"background-color":"","background-image":"","background-repeat":"repeat","background-position":"center center","background-size":"auto","background-attachment":"scroll","background-type":"","background-media":"","overlay-type":"","overlay-color":"","overlay-opacity":"","overlay-gradient":""}},"ast-content-background-meta":{"desktop":{"background-color":"var(--ast-global-color-5)","background-image":"","background-repeat":"repeat","background-position":"center center","background-size":"auto","background-attachment":"scroll","background-type":"","background-media":"","overlay-type":"","overlay-color":"","overlay-opacity":"","overlay-gradient":""},"tablet":{"background-color":"var(--ast-global-color-5)","background-image":"","background-repeat":"repeat","background-position":"center center","background-size":"auto","background-attachment":"scroll","background-type":"","background-media":"","overlay-type":"","overlay-color":"","overlay-opacity":"","overlay-gradient":""},"mobile":{"background-color":"var(--ast-global-color-5)","background-image":"","background-repeat":"repeat","background-position":"center center","background-size":"auto","background-attachment":"scroll","background-type":"","background-media":"","overlay-type":"","overlay-color":"","overlay-opacity":"","overlay-gradient":""}}},"product_cat":[46],"product_tag":[],"class_list":["post-5982","product","type-product","status-publish","has-post-thumbnail","hentry","product_cat-eredeti-karaoke-dalok","desktop-align-left","tablet-align-left","mobile-align-left"],"_links":{"self":[{"href":"https:\/\/www.sunkaraoke.hu\/index.php\/wp-json\/wp\/v2\/product\/5982","targetHints":{"allow":["GET"]}}],"collection":[{"href":"https:\/\/www.sunkaraoke.hu\/index.php\/wp-json\/wp\/v2\/product"}],"about":[{"href":"https:\/\/www.sunkaraoke.hu\/index.php\/wp-json\/wp\/v2\/types\/product"}],"wp:featuredmedia":[{"embeddable":true,"href":"https:\/\/www.sunkaraoke.hu\/index.php\/wp-json\/wp\/v2\/media\/721"}],"wp:attachment":[{"href":"https:\/\/www.sunkaraoke.hu\/index.php\/wp-json\/wp\/v2\/media?parent=5982"}],"wp:term":[{"taxonomy":"product_cat","embeddable":true,"href":"https:\/\/www.sunkaraoke.hu\/index.php\/wp-json\/wp\/v2\/product_cat?post=5982"},{"taxonomy":"product_tag","embeddable":true,"href":"https:\/\/www.sunkaraoke.hu\/index.php\/wp-json\/wp\/v2\/product_tag?post=5982"}],"curies":[{"name":"wp","href":"https:\/\/api.w.org\/{rel}","templated":true}]}}