{"id":5981,"date":"2022-08-08T20:50:14","date_gmt":"2022-08-08T20:50:14","guid":{"rendered":"https:\/\/www.sunkaraoke.hu\/index.php\/termek\/didi-es-gabriella-sargat-viragzik-a-repce\/"},"modified":"2025-04-04T19:45:01","modified_gmt":"2025-04-04T19:45:01","slug":"didi-es-gabriella-sargat-viragzik-a-repce","status":"publish","type":"product","link":"https:\/\/www.sunkaraoke.hu\/index.php\/termek\/didi-es-gabriella-sargat-viragzik-a-repce\/","title":{"rendered":"<div class=\"wcmp-player-container product-5981\"><audio controlslist=\"nodownload\" data-product=\"5981\"  volume=\"1\"  preload=\"none\" data-lazyloading=\"none\" class=\"wcmp-player track mejs-classic\" data-duration=\"0:34\" data-estimated_duration=\"4\"><source src=\"https:\/\/www.sunkaraoke.hu\/wp-content\/uploads\/2022\/08\/Sargat-viragzik-Didi-demooo.mp3\" type=\"audio\/mp3\" \/><\/audio><\/div>Didi \u00e9s Gabriella &#8211; S\u00e1rg\u00e1t vir\u00e1gzik a repce (Original)"},"content":{"rendered":"<p><strong>02:38<\/strong> | <strong><img loading=\"lazy\" decoding=\"async\" class=\"alignnone size-full wp-image-467\" src=\"https:\/\/www.sunkaraoke.hu\/wp-content\/uploads\/2022\/07\/choir_2-copy.webp\" alt=\"\" width=\"30\" height=\"30\" \/> <\/strong><\/p>\n","protected":false},"excerpt":{"rendered":"<h6><strong>Bits\u0171r\u0171s\u00e9g: 320<\/strong>kb\/s<strong><br \/>\n<\/strong><strong>Hossz: <\/strong>02:38<strong><br \/>\n<\/strong><strong style=\"font-size: 16px;\">Vok\u00e1lt tartalmaz: <\/strong>Nem <img loading=\"lazy\" decoding=\"async\" class=\"alignnone size-full wp-image-467\" src=\"http:\/\/www.sunkaraoke.hu\/wp-content\/uploads\/2022\/07\/choir_2-copy.png\" alt=\"\" width=\"30\" height=\"30\" \/><strong style=\"font-size: 16px;\"><br \/>\n<\/strong><\/h6>\n<p>Sunkaraoke mp3 st\u00fadi\u00f3 \/ www.sunkaraoke.hu \/ Inf: Tel: 06 20 4275001<\/p>\n<p>&#8212;Intr\u00f3&#8212;<br \/>\nS\u00e1rg\u00e1t vir\u00e1gzik a repce,<br \/>\nrajtam van a vil\u00e1g nyelve,<br \/>\nsz\u00e1radjon el a repce levele,<br \/>\nhej csak ne legyen, rajtam a vil\u00e1g nyelve.<br \/>\nSz\u00e1radjon el a repce levele,<br \/>\nhej csak ne legyen, rajtam a vil\u00e1g nyelve.<\/p>\n<p>\u0150sszel \u00e9rik meg a szilva,<br \/>\nne j\u00e1rj \u00e9n ut\u00e1nam s\u00edrva,<br \/>\nmert \u00e9n olyan b\u00fcszke le\u00e1ny vagyok,<br \/>\nhej csak a cifra sz\u0171rh\u00f6z val\u00f3 vagyok.<br \/>\nMert \u00e9n olyan b\u00fcszke le\u00e1ny vagyok,<br \/>\nhej csak a cifra sz\u0171rh\u00f6z val\u00f3 vagyok.<br \/>\n&#8212;Sz\u00f3l\u00f3&#8212;<br \/>\nS\u00e1rg\u00e1t vir\u00e1gzik a repce,<br \/>\nrajtam van a vil\u00e1g nyelve,<br \/>\nsz\u00e1radjon el a repce levele,<br \/>\nhej csak ne legyen, rajtam a vil\u00e1g nyelve.<br \/>\nSz\u00e1radjon el a repce levele,<br \/>\nhej csak ne legyen, rajtam a vil\u00e1g nyelve.<\/p>\n<p>\u0150sszel \u00e9rik meg a szilva,<br \/>\nne j\u00e1rj \u00e9n ut\u00e1nam s\u00edrva,<br \/>\nmert \u00e9n olyan b\u00fcszke le\u00e1ny vagyok,<br \/>\nhej csak a cifra sz\u0171rh\u00f6z val\u00f3 vagyok.<br \/>\nMert \u00e9n olyan b\u00fcszke le\u00e1ny vagyok,<br \/>\nhej csak a cifra sz\u0171rh\u00f6z val\u00f3 vagyok.<br \/>\nMert \u00e9n olyan b\u00fcszke le\u00e1ny vagyok,<br \/>\nhej csak a cifra sz\u0171rh\u00f6z val\u00f3 vagyok.<br \/>\n&#8212;V\u00e9ge&#8212;<\/p>\n","protected":false},"featured_media":721,"template":"","meta":{"site-sidebar-layout":"default","site-content-layout":"default","ast-site-content-layout":"default","site-content-style":"default","site-sidebar-style":"default","ast-global-header-display":"","ast-banner-title-visibility":"","ast-main-header-display":"","ast-hfb-above-header-display":"","ast-hfb-below-header-display":"","ast-hfb-mobile-header-display":"","site-post-title":"","ast-breadcrumbs-content":"","ast-featured-img":"","footer-sml-layout":"","theme-transparent-header-meta":"default","adv-header-id-meta":"","stick-header-meta":"","header-above-stick-meta":"","header-main-stick-meta":"","header-below-stick-meta":"","astra-migrate-meta-layouts":"set","ast-page-background-enabled":"default","ast-page-background-meta":{"desktop":{"background-color":"var(--ast-global-color-4)","background-image":"","background-repeat":"repeat","background-position":"center center","background-size":"auto","background-attachment":"scroll","background-type":"","background-media":"","overlay-type":"","overlay-color":"","overlay-opacity":"","overlay-gradient":""},"tablet":{"background-color":"","background-image":"","background-repeat":"repeat","background-position":"center center","background-size":"auto","background-attachment":"scroll","background-type":"","background-media":"","overlay-type":"","overlay-color":"","overlay-opacity":"","overlay-gradient":""},"mobile":{"background-color":"","background-image":"","background-repeat":"repeat","background-position":"center center","background-size":"auto","background-attachment":"scroll","background-type":"","background-media":"","overlay-type":"","overlay-color":"","overlay-opacity":"","overlay-gradient":""}},"ast-content-background-meta":{"desktop":{"background-color":"var(--ast-global-color-5)","background-image":"","background-repeat":"repeat","background-position":"center center","background-size":"auto","background-attachment":"scroll","background-type":"","background-media":"","overlay-type":"","overlay-color":"","overlay-opacity":"","overlay-gradient":""},"tablet":{"background-color":"var(--ast-global-color-5)","background-image":"","background-repeat":"repeat","background-position":"center center","background-size":"auto","background-attachment":"scroll","background-type":"","background-media":"","overlay-type":"","overlay-color":"","overlay-opacity":"","overlay-gradient":""},"mobile":{"background-color":"var(--ast-global-color-5)","background-image":"","background-repeat":"repeat","background-position":"center center","background-size":"auto","background-attachment":"scroll","background-type":"","background-media":"","overlay-type":"","overlay-color":"","overlay-opacity":"","overlay-gradient":""}}},"product_cat":[46],"product_tag":[],"class_list":["post-5981","product","type-product","status-publish","has-post-thumbnail","hentry","product_cat-eredeti-karaoke-dalok","desktop-align-left","tablet-align-left","mobile-align-left"],"_links":{"self":[{"href":"https:\/\/www.sunkaraoke.hu\/index.php\/wp-json\/wp\/v2\/product\/5981","targetHints":{"allow":["GET"]}}],"collection":[{"href":"https:\/\/www.sunkaraoke.hu\/index.php\/wp-json\/wp\/v2\/product"}],"about":[{"href":"https:\/\/www.sunkaraoke.hu\/index.php\/wp-json\/wp\/v2\/types\/product"}],"wp:featuredmedia":[{"embeddable":true,"href":"https:\/\/www.sunkaraoke.hu\/index.php\/wp-json\/wp\/v2\/media\/721"}],"wp:attachment":[{"href":"https:\/\/www.sunkaraoke.hu\/index.php\/wp-json\/wp\/v2\/media?parent=5981"}],"wp:term":[{"taxonomy":"product_cat","embeddable":true,"href":"https:\/\/www.sunkaraoke.hu\/index.php\/wp-json\/wp\/v2\/product_cat?post=5981"},{"taxonomy":"product_tag","embeddable":true,"href":"https:\/\/www.sunkaraoke.hu\/index.php\/wp-json\/wp\/v2\/product_tag?post=5981"}],"curies":[{"name":"wp","href":"https:\/\/api.w.org\/{rel}","templated":true}]}}