{"id":5974,"date":"2022-08-08T20:50:14","date_gmt":"2022-08-08T20:50:14","guid":{"rendered":"https:\/\/www.sunkaraoke.hu\/index.php\/termek\/marta-joco-csibesz-szerelem\/"},"modified":"2025-04-14T04:37:21","modified_gmt":"2025-04-14T04:37:21","slug":"marta-joco-csibesz-szerelem","status":"publish","type":"product","link":"https:\/\/www.sunkaraoke.hu\/index.php\/termek\/marta-joco-csibesz-szerelem\/","title":{"rendered":"<div class=\"wcmp-player-container product-5974\"><audio controlslist=\"nodownload\" data-product=\"5974\"  volume=\"1\"  preload=\"none\" data-lazyloading=\"none\" class=\"wcmp-player track mejs-classic\" data-duration=\"0:34\" data-estimated_duration=\"4\"><source src=\"https:\/\/www.sunkaraoke.hu\/wp-content\/uploads\/2022\/08\/Csibesz-szerelem-Marta.-demoo.mp3\" type=\"audio\/mp3\" \/><\/audio><\/div>M\u00e1rta Joc\u00f3 &#8211; Csib\u00e9sz szerelem (Original)"},"content":{"rendered":"<p><strong>03:27<\/strong> | <strong><img loading=\"lazy\" decoding=\"async\" class=\"alignnone size-full wp-image-467\" src=\"https:\/\/www.sunkaraoke.hu\/wp-content\/uploads\/2022\/07\/choir_2-copy.webp\" alt=\"\" width=\"30\" height=\"30\" \/> <\/strong><\/p>\n","protected":false},"excerpt":{"rendered":"<h6><strong>Bits\u0171r\u0171s\u00e9g: 320<\/strong>kb\/s<strong><br \/>\n<\/strong><strong>Hossz: <\/strong>03:27<strong><br \/>\n<\/strong><strong style=\"font-size: 16px;\">Vok\u00e1lt tartalmaz: <\/strong>Nem <img loading=\"lazy\" decoding=\"async\" class=\"alignnone size-full wp-image-467\" src=\"http:\/\/www.sunkaraoke.hu\/wp-content\/uploads\/2022\/07\/choir_2-copy.png\" alt=\"\" width=\"30\" height=\"30\" \/><strong style=\"font-size: 16px;\"><br \/>\n<\/strong><\/h6>\n<p>Sunkaraoke mp3 st\u00fadi\u00f3 \/ www.sunkaraoke.hu \/ Inf: Tel: 06 20 4275001<\/p>\n<p>&#8212;Intro&#8212;<\/p>\n<p>Csib\u00e9sz gyerek vagyok bab\u00e1m, az \u00e9let megviselt,<br \/>\nb\u00e1r merre j\u00e1rok a sz\u00e9p l\u00e1nyok sz\u00edv\u00e9t lopom el.<br \/>\nNem is olyan egyszer\u0171 az \u00e9letem,<br \/>\nhogy merre j\u00e1rt\u00e1l \u00e9n nem k\u00e9rdezem,<br \/>\ncsak b\u00fajj ide hozz\u00e1m, rep\u00fclj\u00fcnk innen el. \u00c1jjj j\u00e1 j\u00e1 j\u00e1<\/p>\n<p>Ilyen a csib\u00e9sz szerelem \u00e9n nem hazudok,<br \/>\nminden reggel csak elb\u00facs\u00fazom.<br \/>\nHa este k\u00e9s\u0151 \u00e9s nyitva az ajt\u00f3,<br \/>\nn\u00e1lad maradok.<\/p>\n<p>Ilyen a csib\u00e9sz szerelem \u00e9n nem hazudok,<br \/>\nminden \u00e9jjel \u00faton vagyok,<br \/>\nV\u00e1ndor a sz\u00edvem, csib\u00e9sz a lelkem,<br \/>\n\u00e9s \u00edgy boldog vagyok.<\/p>\n<p>Egyed\u00fcl j\u00e1rom az \u00e9jszak\u00e1kat, mindenki a testv\u00e9rem,<br \/>\nbet\u00e9rek n\u00e9ha egy f\u00fcst\u00f6s b\u00e1rba, az italom kik\u00e9rem.<br \/>\nIsmernek engem a csib\u00e9szek,<br \/>\nha mulatok mindenki t\u00f6k r\u00e9szeg,<br \/>\nmajd hajnalba tal\u00e1n, v\u00e9gre haza t\u00e9rek. \u00c1jjj j\u00e1 j\u00e1 j\u00e1<\/p>\n<p>Ilyen a csib\u00e9sz szerelem \u00e9n nem hazudok,<br \/>\nminden reggel csak elb\u00facs\u00fazom.<br \/>\nHa este k\u00e9s\u0151 \u00e9s nyitva az ajt\u00f3,<br \/>\nn\u00e1lad maradok.<\/p>\n<p>Ilyen a csib\u00e9sz szerelem \u00e9n nem hazudok,<br \/>\nminden \u00e9jjel \u00faton vagyok,<br \/>\nV\u00e1ndor a sz\u00edvem, csib\u00e9sz a lelkem,<br \/>\n\u00e9s \u00edgy boldog vagyok<\/p>\n<p>&#8212;Solo&#8212;<\/p>\n<p>Haza t\u00e9rek hajnal fel\u00e9, l\u00e1tom hogy nem alszol.<br \/>\nNe is mondj nekem semmit bab\u00e1m, tudom hogy haragszol.<br \/>\nNem is olyan egyszer\u0171 az \u00e9letem,<br \/>\nhogy merre j\u00e1rt\u00e1l \u00e9n nem k\u00e9rdezem,<br \/>\ncsak b\u00fajj ide hozz\u00e1m, rep\u00fclj\u00fcnk innen el. \u00c1jjj j\u00e1 j\u00e1 j\u00e1<\/p>\n<p>Ilyen a csib\u00e9sz szerelem \u00e9n nem hazudok,<br \/>\nminden reggel csak elb\u00facs\u00fazom.<br \/>\nHa este k\u00e9s\u0151 \u00e9s nyitva az ajt\u00f3,<br \/>\nn\u00e1lad maradok.<\/p>\n<p>Ilyen a csib\u00e9sz szerelem \u00e9n nem hazudok,<br \/>\nminden reggel csak elb\u00facs\u00fazom.<br \/>\nHa este k\u00e9s\u0151 \u00e9s nyitva az ajt\u00f3,<br \/>\nn\u00e1lad maradok.<\/p>\n<p>Ilyen a csib\u00e9sz szerelem \u00e9n nem hazudok,<br \/>\nminden \u00e9jjel \u00faton vagyok,<br \/>\nV\u00e1ndor a sz\u00edvem, csib\u00e9sz a lelkem,<br \/>\n\u00e9s \u00edgy boldog vagyok.<\/p>\n<p>&#8212;V\u00e9ge&#8212;<\/p>\n","protected":false},"featured_media":8752,"template":"","meta":{"site-sidebar-layout":"default","site-content-layout":"default","ast-site-content-layout":"default","site-content-style":"default","site-sidebar-style":"default","ast-global-header-display":"","ast-banner-title-visibility":"","ast-main-header-display":"","ast-hfb-above-header-display":"","ast-hfb-below-header-display":"","ast-hfb-mobile-header-display":"","site-post-title":"","ast-breadcrumbs-content":"","ast-featured-img":"","footer-sml-layout":"","theme-transparent-header-meta":"default","adv-header-id-meta":"","stick-header-meta":"","header-above-stick-meta":"","header-main-stick-meta":"","header-below-stick-meta":"","astra-migrate-meta-layouts":"set","ast-page-background-enabled":"default","ast-page-background-meta":{"desktop":{"background-color":"var(--ast-global-color-4)","background-image":"","background-repeat":"repeat","background-position":"center center","background-size":"auto","background-attachment":"scroll","background-type":"","background-media":"","overlay-type":"","overlay-color":"","overlay-opacity":"","overlay-gradient":""},"tablet":{"background-color":"","background-image":"","background-repeat":"repeat","background-position":"center center","background-size":"auto","background-attachment":"scroll","background-type":"","background-media":"","overlay-type":"","overlay-color":"","overlay-opacity":"","overlay-gradient":""},"mobile":{"background-color":"","background-image":"","background-repeat":"repeat","background-position":"center center","background-size":"auto","background-attachment":"scroll","background-type":"","background-media":"","overlay-type":"","overlay-color":"","overlay-opacity":"","overlay-gradient":""}},"ast-content-background-meta":{"desktop":{"background-color":"var(--ast-global-color-5)","background-image":"","background-repeat":"repeat","background-position":"center center","background-size":"auto","background-attachment":"scroll","background-type":"","background-media":"","overlay-type":"","overlay-color":"","overlay-opacity":"","overlay-gradient":""},"tablet":{"background-color":"var(--ast-global-color-5)","background-image":"","background-repeat":"repeat","background-position":"center center","background-size":"auto","background-attachment":"scroll","background-type":"","background-media":"","overlay-type":"","overlay-color":"","overlay-opacity":"","overlay-gradient":""},"mobile":{"background-color":"var(--ast-global-color-5)","background-image":"","background-repeat":"repeat","background-position":"center center","background-size":"auto","background-attachment":"scroll","background-type":"","background-media":"","overlay-type":"","overlay-color":"","overlay-opacity":"","overlay-gradient":""}}},"product_cat":[46],"product_tag":[],"class_list":["post-5974","product","type-product","status-publish","has-post-thumbnail","hentry","product_cat-eredeti-karaoke-dalok","desktop-align-left","tablet-align-left","mobile-align-left"],"_links":{"self":[{"href":"https:\/\/www.sunkaraoke.hu\/index.php\/wp-json\/wp\/v2\/product\/5974","targetHints":{"allow":["GET"]}}],"collection":[{"href":"https:\/\/www.sunkaraoke.hu\/index.php\/wp-json\/wp\/v2\/product"}],"about":[{"href":"https:\/\/www.sunkaraoke.hu\/index.php\/wp-json\/wp\/v2\/types\/product"}],"wp:featuredmedia":[{"embeddable":true,"href":"https:\/\/www.sunkaraoke.hu\/index.php\/wp-json\/wp\/v2\/media\/8752"}],"wp:attachment":[{"href":"https:\/\/www.sunkaraoke.hu\/index.php\/wp-json\/wp\/v2\/media?parent=5974"}],"wp:term":[{"taxonomy":"product_cat","embeddable":true,"href":"https:\/\/www.sunkaraoke.hu\/index.php\/wp-json\/wp\/v2\/product_cat?post=5974"},{"taxonomy":"product_tag","embeddable":true,"href":"https:\/\/www.sunkaraoke.hu\/index.php\/wp-json\/wp\/v2\/product_tag?post=5974"}],"curies":[{"name":"wp","href":"https:\/\/api.w.org\/{rel}","templated":true}]}}