{"id":5969,"date":"2022-08-08T20:50:12","date_gmt":"2022-08-08T20:50:12","guid":{"rendered":"https:\/\/www.sunkaraoke.hu\/index.php\/termek\/bitto-duo-bitto-uj-bulizos-mix-2022\/"},"modified":"2025-03-30T11:20:15","modified_gmt":"2025-03-30T11:20:15","slug":"bitto-duo-bitto-uj-bulizos-mix-2022","status":"publish","type":"product","link":"https:\/\/www.sunkaraoke.hu\/index.php\/termek\/bitto-duo-bitto-uj-bulizos-mix-2022\/","title":{"rendered":"<div class=\"wcmp-player-container product-5969\"><audio controlslist=\"nodownload\" data-product=\"5969\"  volume=\"1\"  preload=\"none\" data-lazyloading=\"none\" class=\"wcmp-player track mejs-classic\" data-duration=\"0:31\" data-estimated_duration=\"4\"><source src=\"https:\/\/www.sunkaraoke.hu\/wp-content\/uploads\/2022\/08\/Bitto-Uj-Bulizos-mix-2022.-PB.demo_.mp3\" type=\"audio\/mp3\" \/><\/audio><\/div>Bitt\u00f3 du\u00f3 &#8211; Bitt\u00f3 \u00daj Buliz\u00f3s Mix (Original)"},"content":{"rendered":"<p><strong>08:12<\/strong> | <strong><img loading=\"lazy\" decoding=\"async\" class=\"alignnone size-full wp-image-467\" src=\"https:\/\/www.sunkaraoke.hu\/wp-content\/uploads\/2022\/07\/choir_2-copy.webp\" alt=\"\" width=\"30\" height=\"30\" \/> <\/strong><\/p>\n","protected":false},"excerpt":{"rendered":"<h6><strong>Bits\u0171r\u0171s\u00e9g: 320<\/strong>kb\/s<strong><br \/>\n<\/strong><strong>Hossz: <\/strong>08:12<strong><br \/>\n<\/strong><strong style=\"font-size: 16px;\">Vok\u00e1lt tartalmaz: <\/strong>Nem <img loading=\"lazy\" decoding=\"async\" class=\"alignnone size-full wp-image-467\" src=\"http:\/\/www.sunkaraoke.hu\/wp-content\/uploads\/2022\/07\/choir_2-copy.png\" alt=\"\" width=\"30\" height=\"30\" \/><strong style=\"font-size: 16px;\"><br \/>\n<\/strong><\/h6>\n<p>Sunkaraoke mp3 st\u00fadi\u00f3 \/ www.sunkaraoke.hu \/ Inf: Tel: 06 20 4275001<\/p>\n<p>&#8212;Intr\u00f3&#8212;<br \/>\nMegint j\u00f6tt az \u00e9jjel, \u00fajra valaki r\u00e1mtal\u00e1lt,<br \/>\ncsak te hi\u00e1nyozt\u00e1l,hogy boldog legyek,<br \/>\nmes\u00e9ld el n\u00e9kem, h\u00e1tha valaki r\u00e1mtal\u00e1l,<br \/>\nmennyi \u00f3ra teljen el,hogy \u00e9szrevedd tal\u00e1n.<\/p>\n<p>Hogy \u00e9n csak, \u00e1zom \u00e9s f\u00e1zom,\u00e9s \u00e1zom \u00e9s f\u00e1zom r\u00e9g,<br \/>\nj\u00e1rom a v\u00e1rost m\u00e9g,te r\u00e1d mondd hol lelhetn\u00e9k?<br \/>\nHogy \u00e9n csak, \u00e1zom \u00e9s f\u00e1zom,\u00e9s \u00e1zom \u00e9s f\u00e1zom r\u00e9g,<br \/>\nj\u00e1rom a v\u00e1rost m\u00e9g,te r\u00e1d mondd hol lelhetn\u00e9k,<br \/>\ncsak melletted j\u00e1rn\u00e9k.<\/p>\n<p>\u00c1llj meg te sz\u00e9p l\u00e1ny,ne vidd tov\u00e1bb sz\u00edvem,<br \/>\nhov\u00e1 is vinn\u00e9d,hisz nem is kell neked.<br \/>\nMes\u00e9ld el n\u00e9kem,h\u00e1tha valaki r\u00e1tal\u00e1l,<br \/>\ns mennyi \u00f3ra teljen el,hogy \u00e9szrevedd tal\u00e1n.<\/p>\n<p>Hogy \u00e9n csak, \u00e1zom \u00e9s f\u00e1zom,\u00e9s \u00e1zom \u00e9s f\u00e1zom r\u00e9g,<br \/>\nj\u00e1rom a v\u00e1rost m\u00e9g,te r\u00e1d mondd hol lelhetn\u00e9k?<br \/>\nHogy \u00e9n csak, \u00e1zom \u00e9s f\u00e1zom,\u00e9s \u00e1zom \u00e9s f\u00e1zom r\u00e9g,<br \/>\nj\u00e1rom a v\u00e1rost m\u00e9g,te r\u00e1d mondd hol lelhetn\u00e9k,<br \/>\ncsak melletted j\u00e1rn\u00e9k.<br \/>\n&#8212;Sz\u00f3l\u00f3&#8212;<br \/>\nMegint j\u00f6tt az \u00e9jjel, \u00fajra valaki r\u00e1mtal\u00e1lt,<br \/>\ncsak te hi\u00e1nyozt\u00e1l,hogy boldog legyek,<br \/>\nmes\u00e9ld el n\u00e9kem, h\u00e1tha valaki r\u00e1mtal\u00e1l,<br \/>\nmennyi \u00f3ra teljen el,hogy \u00e9szrevedd tal\u00e1n.<\/p>\n<p>Hogy \u00e9n csak, \u00e1zom \u00e9s f\u00e1zom,\u00e9s \u00e1zom \u00e9s f\u00e1zom r\u00e9g,<br \/>\nj\u00e1rom a v\u00e1rost m\u00e9g,te r\u00e1d mondd hol lelhetn\u00e9k?<br \/>\nHogy \u00e9n csak, \u00e1zom \u00e9s f\u00e1zom,\u00e9s \u00e1zom \u00e9s f\u00e1zom r\u00e9g,<br \/>\nj\u00e1rom a v\u00e1rost m\u00e9g,te r\u00e1d mondd hol lelhetn\u00e9k,<br \/>\ncsak melletted j\u00e1rn\u00e9k.<\/p>\n<p>&#8212;Sz\u00f3l\u00f3&#8212;<br \/>\nMeg\u0151rj\u00edt teljesen ez a l\u00e1ny,ez a l\u00e1ny, ez a l\u00e1ny, engem m\u00e1r!<br \/>\nTe vagy az kit a sz\u00edvem r\u00e9g\u00f3ta v\u00e1r!<br \/>\nGyere m\u00e1r mire v\u00e1rsz \u00f6lelj \u00e1t engem m\u00e1r!<br \/>\nMeg\u0151rj\u00edt teljesen ez a l\u00e1ny,ez a l\u00e1ny, ez a l\u00e1ny, engem m\u00e1r!<br \/>\nTe vagy az kit a sz\u00edvem r\u00e9g\u00f3ta v\u00e1r!<br \/>\nGyere m\u00e1r mire v\u00e1rsz, \u00f6lelj \u00e1t engem m\u00e1r!<\/p>\n<p>Most m\u00e1r jobb az \u00e9letem, mert \u0151 mellettem van \u00e9s ez jobb lesz \u00e9n nekem,<br \/>\nboldogs\u00e1god megtal\u00e1l, f\u00e1jdalom nem \u00e9rhet m\u00e1r, mert \u0151 most vigy\u00e1z r\u00e1m.<br \/>\nMost m\u00e1r jobb ez \u00edgy, mert a sz\u00edvem a ti\u00e9d m\u00e1r senki\u00e9,<br \/>\nmost m\u00e1r jobb nekem, ha itt vagy mellettem az \u00e9letben.<\/p>\n<p>Meg\u0151rj\u00edt teljesen, ez a l\u00e1ny,ez a l\u00e1ny, ez a l\u00e1ny, engem m\u00e1r!<br \/>\nTe vagy az kit a sz\u00edvem r\u00e9g\u00f3ta v\u00e1r!<br \/>\nGyere m\u00e1r mire v\u00e1rsz \u00f6lelj \u00e1t, engem m\u00e1r!<br \/>\nMeg\u0151rj\u00edt teljesen, ez a l\u00e1ny,ez a l\u00e1ny, ez a l\u00e1ny, engem m\u00e1r!<br \/>\nTe vagy az kit a sz\u00edvem r\u00e9g\u00f3ta v\u00e1r!<br \/>\nGyere m\u00e1r mire v\u00e1rsz \u00f6lelj \u00e1t, engem m\u00e1r!<\/p>\n<p>&#8212;Sz\u00f3l\u00f3&#8212;<br \/>\nMeg\u0151rj\u00edt teljesen, ez a l\u00e1ny,ez a l\u00e1ny, ez a l\u00e1ny, engem m\u00e1r!<br \/>\nTe vagy az kit a sz\u00edvem r\u00e9g\u00f3ta v\u00e1r!<br \/>\nGyere m\u00e1r mire v\u00e1rsz \u00f6lelj \u00e1t, engem m\u00e1r!<br \/>\nMeg\u0151rj\u00edt teljesen, ez a l\u00e1ny,ez a l\u00e1ny, ez a l\u00e1ny, engem m\u00e1r!<br \/>\nTe vagy az kit a sz\u00edvem r\u00e9g\u00f3ta v\u00e1r!<br \/>\nGyere m\u00e1r mire v\u00e1rsz \u00f6lelj \u00e1t, engem m\u00e1r!<\/p>\n<p>Most m\u00e1r jobb az \u00e9letem, mert \u0151 mellettem van \u00e9s ez jobb lesz \u00e9n nekem,<br \/>\nboldogs\u00e1gom megtal\u00e1l, f\u00e1jdalom nem \u00e9rhet m\u00e1r, mert \u0151 most vigy\u00e1z r\u00e1m.<br \/>\nMost m\u00e1r jobb ez \u00edgy, mert a sz\u00edvem a ti\u00e9d m\u00e1r senki\u00e9,<br \/>\nmost m\u00e1r jobb nekem, ha itt vagy mellettem az \u00e9letben.<\/p>\n<p>Meg\u0151rj\u00edt teljesen, ez a l\u00e1ny,ez a l\u00e1ny, ez a l\u00e1ny, engem m\u00e1r!<br \/>\nTe vagy az kit a sz\u00edvem r\u00e9g\u00f3ta v\u00e1r!<br \/>\nGyere m\u00e1r mire v\u00e1rsz \u00f6lelj \u00e1t, engem m\u00e1r!<br \/>\nMeg\u0151rj\u00edt teljesen, ez a l\u00e1ny,ez a l\u00e1ny, ez a l\u00e1ny, engem m\u00e1r!<br \/>\nTe vagy az kit a sz\u00edvem r\u00e9g\u00f3ta v\u00e1r!<br \/>\nGyere m\u00e1r mire v\u00e1rsz \u00f6lelj \u00e1t, engem m\u00e1r!<br \/>\n&#8212;V\u00e9ge&#8212;<\/p>\n","protected":false},"featured_media":8718,"template":"","meta":{"site-sidebar-layout":"default","site-content-layout":"default","ast-site-content-layout":"default","site-content-style":"default","site-sidebar-style":"default","ast-global-header-display":"","ast-banner-title-visibility":"","ast-main-header-display":"","ast-hfb-above-header-display":"","ast-hfb-below-header-display":"","ast-hfb-mobile-header-display":"","site-post-title":"","ast-breadcrumbs-content":"","ast-featured-img":"","footer-sml-layout":"","theme-transparent-header-meta":"default","adv-header-id-meta":"","stick-header-meta":"","header-above-stick-meta":"","header-main-stick-meta":"","header-below-stick-meta":"","astra-migrate-meta-layouts":"set","ast-page-background-enabled":"default","ast-page-background-meta":{"desktop":{"background-color":"var(--ast-global-color-4)","background-image":"","background-repeat":"repeat","background-position":"center center","background-size":"auto","background-attachment":"scroll","background-type":"","background-media":"","overlay-type":"","overlay-color":"","overlay-opacity":"","overlay-gradient":""},"tablet":{"background-color":"","background-image":"","background-repeat":"repeat","background-position":"center center","background-size":"auto","background-attachment":"scroll","background-type":"","background-media":"","overlay-type":"","overlay-color":"","overlay-opacity":"","overlay-gradient":""},"mobile":{"background-color":"","background-image":"","background-repeat":"repeat","background-position":"center center","background-size":"auto","background-attachment":"scroll","background-type":"","background-media":"","overlay-type":"","overlay-color":"","overlay-opacity":"","overlay-gradient":""}},"ast-content-background-meta":{"desktop":{"background-color":"var(--ast-global-color-5)","background-image":"","background-repeat":"repeat","background-position":"center center","background-size":"auto","background-attachment":"scroll","background-type":"","background-media":"","overlay-type":"","overlay-color":"","overlay-opacity":"","overlay-gradient":""},"tablet":{"background-color":"var(--ast-global-color-5)","background-image":"","background-repeat":"repeat","background-position":"center center","background-size":"auto","background-attachment":"scroll","background-type":"","background-media":"","overlay-type":"","overlay-color":"","overlay-opacity":"","overlay-gradient":""},"mobile":{"background-color":"var(--ast-global-color-5)","background-image":"","background-repeat":"repeat","background-position":"center center","background-size":"auto","background-attachment":"scroll","background-type":"","background-media":"","overlay-type":"","overlay-color":"","overlay-opacity":"","overlay-gradient":""}}},"product_cat":[48],"product_tag":[],"class_list":["post-5969","product","type-product","status-publish","has-post-thumbnail","hentry","product_cat-sunkaraoke-dalok","desktop-align-left","tablet-align-left","mobile-align-left"],"_links":{"self":[{"href":"https:\/\/www.sunkaraoke.hu\/index.php\/wp-json\/wp\/v2\/product\/5969","targetHints":{"allow":["GET"]}}],"collection":[{"href":"https:\/\/www.sunkaraoke.hu\/index.php\/wp-json\/wp\/v2\/product"}],"about":[{"href":"https:\/\/www.sunkaraoke.hu\/index.php\/wp-json\/wp\/v2\/types\/product"}],"wp:featuredmedia":[{"embeddable":true,"href":"https:\/\/www.sunkaraoke.hu\/index.php\/wp-json\/wp\/v2\/media\/8718"}],"wp:attachment":[{"href":"https:\/\/www.sunkaraoke.hu\/index.php\/wp-json\/wp\/v2\/media?parent=5969"}],"wp:term":[{"taxonomy":"product_cat","embeddable":true,"href":"https:\/\/www.sunkaraoke.hu\/index.php\/wp-json\/wp\/v2\/product_cat?post=5969"},{"taxonomy":"product_tag","embeddable":true,"href":"https:\/\/www.sunkaraoke.hu\/index.php\/wp-json\/wp\/v2\/product_tag?post=5969"}],"curies":[{"name":"wp","href":"https:\/\/api.w.org\/{rel}","templated":true}]}}